{"id":22233,"date":"2021-06-23T19:30:33","date_gmt":"2021-06-23T17:30:33","guid":{"rendered":"https:\/\/www.ericfavre.com\/lifestyle\/es\/?page_id=22233"},"modified":"2021-09-17T09:28:51","modified_gmt":"2021-09-17T07:28:51","slug":"las-diferencias-de-entrenamiento-de-los-modelos-normales-y-los-modelos-de-fitness","status":"publish","type":"page","link":"https:\/\/www.ericfavre.com\/lifestyle\/es\/bienvenida\/musculacion\/culturismo-para-quien\/las-diferencias-de-entrenamiento-de-los-modelos-normales-y-los-modelos-de-fitness\/","title":{"rendered":"LAS DIFERENCIAS DE ENTRENAMIENTO DE LOS MODELOS &#8220;NORMALES&#8221; Y LOS MODELOS DE FITNESS"},"content":{"rendered":"\t\t<div data-elementor-type=\"wp-page\" data-elementor-id=\"22233\" class=\"elementor elementor-22233\" data-elementor-settings=\"[]\">\n\t\t\t\t\t\t\t<div class=\"elementor-section-wrap\">\n\t\t\t\t\t\t\t<section class=\"penci-section penci-disSticky penci-structure-10 elementor-section elementor-top-section elementor-element elementor-element-7f284d9 elementor-section-boxed elementor-section-height-default elementor-section-height-default\" data-id=\"7f284d9\" data-element_type=\"section\">\n\t\t\t\t\t\t<div class=\"elementor-container elementor-column-gap-default\">\n\t\t\t\t\t<div class=\"penci-ercol-100 penci-ercol-order-1 penci-sticky-ct  elementor-column elementor-col-100 elementor-top-column elementor-element elementor-element-7cf5c9a\" data-id=\"7cf5c9a\" data-element_type=\"column\">\n\t\t\t<div class=\"elementor-widget-wrap elementor-element-populated\">\n\t\t\t\t\t\t\t\t<div class=\"elementor-element elementor-element-aa0f0ea elementor-widget elementor-widget-image\" data-id=\"aa0f0ea\" data-element_type=\"widget\" data-widget_type=\"image.default\">\n\t\t\t\t<div class=\"elementor-widget-container\">\n\t\t\t\t\t\t\t\t\t\t\t\t\t\t\t<img src=\"https:\/\/www.ericfavre.com\/lifestyle\/es\/wp-content\/uploads\/sites\/8\/2021\/07\/femmes-entrainement.jpg\" title=\"\" alt=\"\" \/>\t\t\t\t\t\t\t\t\t\t\t\t\t\t\t<\/div>\n\t\t\t\t<\/div>\n\t\t\t\t<div class=\"elementor-element elementor-element-6d9ea4d elementor-widget elementor-widget-html\" data-id=\"6d9ea4d\" data-element_type=\"widget\" data-widget_type=\"html.default\">\n\t\t\t\t<div class=\"elementor-widget-container\">\n\t\t\t<p>\r\n      Si se cree lo que se comparte a diario, el cuerpo irreprochable de las \r\n      modelos parece accesible a todos, tanto si se trata de modelos de moda \r\n      como de fitness, hay un v\u00ednculo que los une: el entrenamiento. Pero, \r\n      \u00bfcu\u00e1les son las diferencias entre la formaci\u00f3n de las modelos de moda y \r\n      la de las modelos de fitness? En su \u00e1mbito, es una limitaci\u00f3n para poder \r\n      vender su producto y, por lo tanto, la \u00fanica manera de esculpir este \r\n      hermoso cuerpo es el entrenamiento.\r\n    <\/p>\r\n    <p>\r\n      Los modelos de moda son generalmente personas, llenas de vida, \r\n      tonificadas, bastante musculosas y a trav\u00e9s de ellas, el f\u00edsico ideal \r\n      parece f\u00e1cil de acceder.\r\n    <\/p>\r\n    <p>\r\n      Los modelos de fitness, en cambio, son personas musculosas, m\u00e1s \r\n      completas en su desarrollo en general en la masa muscular de todo el \r\n      cuerpo. Por eso surge la pregunta: \u00bfno es m\u00e1s dura su formaci\u00f3n que la \r\n      sonrisa que muestran durante los rodajes y otras presentaciones? Sin \r\n      duda, detr\u00e1s de este hermoso cuerpo esculpido, hay trabajo por hacer. \r\n      Entonces, \u00bfpara qui\u00e9n es el culturismo?\r\n    <\/p>\r\n    <h2>\r\n      Modo de conducci\u00f3n ficticia\r\n    <\/h2>\r\n    &nbsp;\r\n\r\n    <p>\r\n      Por lo general, los modelos s\u00f3lo realizan algunos ejercicios durante su \r\n      formaci\u00f3n, algunos ejercicios de resistencia y otros de cardio. Adem\u00e1s, \r\n      su f\u00edsico, ya lo tienen en la mayor\u00eda de los casos, s\u00f3lo tienen que \r\n      mantenerlo adecuadamente. Durante su formaci\u00f3n, se detienen en algunas \r\n      partes del cuerpo, las m\u00e1s \u00fatiles y aparentes en su trabajo.\r\n    <\/p>\r\n    <p>\r\n      Para una buena presentaci\u00f3n de un maniqu\u00ed en el entorno de trabajo, hay \r\n      que vigilar constantemente el nivel de grasa, la faja abdominal debe ser \r\n      perfecta, sin bultos ni exceso de grasa, los hombros deben estar rectos \r\n      y bien proporcionados en relaci\u00f3n con el resto del cuerpo. Es imperativo \r\n      que el brazo est\u00e9 bien curvado para el placer de los ojos a fin de \r\n      atraer m\u00e1s la atenci\u00f3n del p\u00fablico en general y, por \u00faltimo, el pecho ya \r\n      sea un modelo masculino o femenino, el pecho debe estar bien curvado.\r\n    <\/p>\r\n    <p>\r\n      Estos pocos puntos suelen ser los m\u00e1s importantes para un modelo de \r\n      moda. No tienen que desarrollar el resto del cuerpo, como las \r\n      pantorrillas, los muslos o una s\u00faper espalda. El f\u00edsico atl\u00e9tico no es \r\n      demasiado buscado en el mundo de la publicidad.\r\n    <\/p>\r\n    <h2>\r\n      \u00bfC\u00f3mo se mantienen secos todo el a\u00f1o?\r\n    <\/h2>\r\n    &nbsp;\r\n\r\n    <p>\r\n      Entonces, \u00bfcu\u00e1l es el secreto de estas modelos para mantener su aspecto \r\n      as\u00ed todo el a\u00f1o? A pesar de su entrenamiento, no ganan tanta masa \r\n      muscular. Es muy sencillo, mantienen su peso porque vigilan lo que \r\n      comen. Prestan atenci\u00f3n a las calor\u00edas que ingieren durante el d\u00eda, \r\n      tienen que mantener su f\u00edsico &quot;fotografiable&quot;, perfecto para las poses \r\n      fotogr\u00e1ficas. As\u00ed que, manteniendo ese cuerpo modelo aparte del \r\n      entrenamiento y la nutrici\u00f3n supervisada.\r\n    <\/p>\r\n    <p>\r\n      En su caso, a pesar de entrenar, las modelos ganan tan poca masa \r\n      muscular porque su dieta aporta tan pocos nutrientes que el cuerpo no \r\n      tendr\u00e1 tiempo de conseguirlos y los gastan en su entrenamiento.\r\n    <\/p>\r\n    <p>\r\n      Para mantener su aspecto as\u00ed, las modelos han adoptado una estrategia \r\n      que, seg\u00fan ellas, funciona de maravilla. \u00bfQu\u00e9 estrategia? S\u00f3lo comen la \r\n      cantidad que necesitan para quemar durante el d\u00eda. Aunque algunas \r\n      modelos se den de vez en cuando alg\u00fan que otro capricho, est\u00e1n obligadas \r\n      a seguir una dieta que, por lo general, les hace perder peso lo antes \r\n      posible antes del rodaje, por si aumentan de peso. El aumento de peso no \r\n      es su objetivo.\r\n    <\/p>\r\n    <p>\r\n      En el modelismo, la buena apariencia atl\u00e9tica es ya una posesi\u00f3n incluso \r\n      al principio de su carrera, para mantener este equilibrio, s\u00f3lo tiene \r\n      que mantenerlo el mayor tiempo posible con pocas sesiones de \r\n      entrenamiento y sin desarrollar demasiada masa muscular.\r\n    <\/p>\r\n    <h2>\r\n      Entrenamiento de modelos de fitness\r\n    <\/h2>\r\n    &nbsp;\r\n\r\n    <p>\r\n      A diferencia de los modelos de moda, los modelos de fitness tienen el \r\n      mismo entrenamiento f\u00edsico que los atletas de alto nivel, como los \r\n      culturistas, pero sin el aumento de peso. Su objetivo es realizar \r\n      portadas de revistas o anuncios en redes, tambi\u00e9n tienen la obligaci\u00f3n \r\n      de mantenerse en forma durante todo el a\u00f1o.\r\n    <\/p>\r\n    <p>\r\n      En su caso, los modelos de fitness pueden permitirse per\u00edodos de aumento \r\n      de peso durante el a\u00f1o. Un periodo en el que adaptan su f\u00edsico seg\u00fan la \r\n      demanda del momento, esto es bastante f\u00e1cil de decir, pero requiere \r\n      mucho trabajo.\r\n    <\/p>\r\n    <p>\r\n      Los modelos de fitness deben esculpir algunas zonas del cuerpo en \r\n      particular como: la grasa, el sobrepeso no es necesario en esta zona. \r\n      Los m\u00fasculos abdominales, ya sean femeninos o masculinos, la plataforma \r\n      abdominal debe estar presente. En cuanto a los brazos, los b\u00edceps de los \r\n      modelos de fitness deben estar bien rellenos, as\u00ed como los trapecios, \r\n      m\u00fasculos que ocupan la regi\u00f3n superior de la espalda y forman un rombo \r\n      con los \u00e1ngulos del cuello. Los modelos de fitness deben tener las \r\n      pantorrillas bien tonificadas para las fotos centradas en la ropa \r\n      deportiva, especialmente los pantalones cortos. Lo mismo ocurre con los \r\n      muslos curvados pero no abultados para las fotos de los tipos de cardio. \r\n      Por \u00faltimo, los pectorales, deben estar bien desarrollados de abajo a \r\n      arriba para dar una buena imagen de fitness.\r\n    <\/p>\r\n    <p>\r\n      Para todo este trabajo, los modelos de fitness realizan un entrenamiento \r\n      global, desde las pantorrillas hasta los trapecios, para ellos, todos \r\n      los m\u00fasculos del cuerpo deben movilizarse durante el entrenamiento. El \r\n      papel de estos modelos es representar la versi\u00f3n &quot;sana y libre de \r\n      dopaje&quot; del desarrollo f\u00edsico. Ser un modelo del fitness puede parecer \r\n      inalcanzable, pero para los que ya nadan en \u00e9l, el entrenamiento no es \r\n      tan malo.\r\n    <\/p>\r\n    <h2>\r\n      \u00bfC\u00f3mo se mantienen en forma estos modelos de fitness durante todo el a\u00f1o?\r\n    <\/h2>\r\n    &nbsp;\r\n\r\n    <p>\r\n      El estilo de vida de estos modelos de fitness est\u00e1 bien equilibrado. No \r\n      se les permite hacer una nota falsa en su dieta, adem\u00e1s, tienen que \r\n      mantener su masa muscular y mantenerla bien porque recuperar el m\u00fasculo \r\n      en poco tiempo no es factible. La p\u00e9rdida de este bello cuerpo puede \r\n      costarles incluso el fin de su contrato.\r\n    <\/p>\r\n    <p>\r\n      Como la mayor\u00eda de las veces est\u00e1n en las salas de entrenamiento, pueden \r\n      permitirse unos d\u00edas de vacaciones para comer y recuperar m\u00fasculo.\r\n    <\/p>\t\t<\/div>\n\t\t\t\t<\/div>\n\t\t\t\t\t<\/div>\n\t\t<\/div>\n\t\t\t\t\t\t\t<\/div>\n\t\t<\/section>\n\t\t\t\t\t\t<\/div>\n\t\t\t\t\t<\/div>\n\t\t","protected":false},"excerpt":{"rendered":"<p>Si se cree lo que se comparte a diario, el cuerpo irreprochable de las modelos&hellip;<\/p>\n","protected":false},"author":71,"featured_media":32509,"parent":22086,"menu_order":0,"comment_status":"closed","ping_status":"closed","template":"template_ES.php","meta":[],"_links":{"self":[{"href":"https:\/\/www.ericfavre.com\/lifestyle\/es\/wp-json\/wp\/v2\/pages\/22233"}],"collection":[{"href":"https:\/\/www.ericfavre.com\/lifestyle\/es\/wp-json\/wp\/v2\/pages"}],"about":[{"href":"https:\/\/www.ericfavre.com\/lifestyle\/es\/wp-json\/wp\/v2\/types\/page"}],"author":[{"embeddable":true,"href":"https:\/\/www.ericfavre.com\/lifestyle\/es\/wp-json\/wp\/v2\/users\/71"}],"replies":[{"embeddable":true,"href":"https:\/\/www.ericfavre.com\/lifestyle\/es\/wp-json\/wp\/v2\/comments?post=22233"}],"version-history":[{"count":10,"href":"https:\/\/www.ericfavre.com\/lifestyle\/es\/wp-json\/wp\/v2\/pages\/22233\/revisions"}],"predecessor-version":[{"id":32516,"href":"https:\/\/www.ericfavre.com\/lifestyle\/es\/wp-json\/wp\/v2\/pages\/22233\/revisions\/32516"}],"up":[{"embeddable":true,"href":"https:\/\/www.ericfavre.com\/lifestyle\/es\/wp-json\/wp\/v2\/pages\/22086"}],"wp:featuredmedia":[{"embeddable":true,"href":"https:\/\/www.ericfavre.com\/lifestyle\/es\/wp-json\/wp\/v2\/media\/32509"}],"wp:attachment":[{"href":"https:\/\/www.ericfavre.com\/lifestyle\/es\/wp-json\/wp\/v2\/media?parent=22233"}],"curies":[{"name":"wp","href":"https:\/\/api.w.org\/{rel}","templated":true}]}}