{"id":22548,"date":"2021-06-23T19:37:17","date_gmt":"2021-06-23T17:37:17","guid":{"rendered":"https:\/\/www.ericfavre.com\/lifestyle\/es\/?page_id=22548"},"modified":"2021-09-30T17:10:25","modified_gmt":"2021-09-30T15:10:25","slug":"por-que-hablamos-de-hormonas-en-el-entrenamiento-con-pesas","status":"publish","type":"page","link":"https:\/\/www.ericfavre.com\/lifestyle\/es\/bienvenida\/musculacion\/por-que-hablamos-de-hormonas-en-el-entrenamiento-con-pesas\/","title":{"rendered":"\u00bfPOR QU\u00c9 HABLAMOS DE HORMONAS EN EL ENTRENAMIENTO CON PESAS?"},"content":{"rendered":"\t\t<div data-elementor-type=\"wp-page\" data-elementor-id=\"22548\" class=\"elementor elementor-22548\" data-elementor-settings=\"[]\">\n\t\t\t\t\t\t\t<div class=\"elementor-section-wrap\">\n\t\t\t\t\t\t\t<section class=\"penci-section penci-disSticky penci-structure-10 elementor-section elementor-top-section elementor-element elementor-element-4b92f2c elementor-section-boxed elementor-section-height-default elementor-section-height-default\" data-id=\"4b92f2c\" data-element_type=\"section\">\n\t\t\t\t\t\t<div class=\"elementor-container elementor-column-gap-default\">\n\t\t\t\t\t<div class=\"penci-ercol-100 penci-ercol-order-1 penci-sticky-ct  elementor-column elementor-col-100 elementor-top-column elementor-element elementor-element-e6fcfc2\" data-id=\"e6fcfc2\" data-element_type=\"column\">\n\t\t\t<div class=\"elementor-widget-wrap elementor-element-populated\">\n\t\t\t\t\t\t\t\t<div class=\"elementor-element elementor-element-3e8dd96 elementor-widget elementor-widget-image\" data-id=\"3e8dd96\" data-element_type=\"widget\" data-widget_type=\"image.default\">\n\t\t\t\t<div class=\"elementor-widget-container\">\n\t\t\t\t\t\t\t\t\t\t\t\t\t\t\t<img src=\"https:\/\/www.ericfavre.com\/lifestyle\/es\/wp-content\/uploads\/sites\/8\/2021\/07\/hormones-1024x768-1.jpg\" title=\"\" alt=\"\" \/>\t\t\t\t\t\t\t\t\t\t\t\t\t\t\t<\/div>\n\t\t\t\t<\/div>\n\t\t\t\t<div class=\"elementor-element elementor-element-0907794 elementor-widget elementor-widget-html\" data-id=\"0907794\" data-element_type=\"widget\" data-widget_type=\"html.default\">\n\t\t\t\t<div class=\"elementor-widget-container\">\n\t\t\t<p>\r\n      Las&nbsp;actividades f\u00edsicas&nbsp;deben ir siempre acompa\u00f1adas de una buena \r\n      nutrici\u00f3n deportiva para garantizar el bienestar f\u00edsico. Esta \r\n      recomendaci\u00f3n es muy popularizada y puesta en pr\u00e1ctica por los adictos \r\n      al deporte, sin embargo, la importancia del buen funcionamiento del \r\n      sistema hormonal sigue mereciendo ser desarrollada porque las hormonas \r\n      contribuyen al \u00e9xito o al fracaso de las sesiones de entrenamiento\r\n    <\/p>\r\n    <h2>\r\n      \u00bfRealmente necesitamos las hormonas?\r\n    <\/h2>\r\n    <p>\r\n      Sin hormonas, el cuerpo no puede funcionar normalmente, en cierto modo, \r\n      las hormonas est\u00e1n implicadas en el control de nuestro cuerpo, desde el \r\n      metabolismo&nbsp;&nbsp;(y por tanto en el aumento y p\u00e9rdida de peso) hasta la \r\n      actividad sexual.\r\n    <\/p>\r\n    <p>\r\n      El sistema nervioso es el centro de todas las \u00f3rdenes, pero las hormonas \r\n      lo acompa\u00f1an como portadoras de estas \u00f3rdenes a los \u00f3rganos receptores \r\n      de nuestro cuerpo. Para que el organismo act\u00fae, las gl\u00e1ndulas segregan \r\n      hormonas que son transportadas por la sangre y acaban en las c\u00e9lulas que \r\n      reciben los mensajes. Estas hormonas estimulan la contracci\u00f3n de los \r\n      m\u00fasculos o la reacci\u00f3n del cuerpo.\r\n    <\/p>\r\n    <p>\r\n      Por eso los deportistas deben conocer el papel de las hormonas que \r\n      condicionan su actividad f\u00edsica.\r\n    <\/p>\r\n    <h2>\r\n      \u00bfD\u00f3nde se forman las hormonas?\r\n    <\/h2>\r\n    <p>\r\n      Las cincuenta hormonas de nuestro cuerpo son producidas por c\u00e9lulas \r\n      endocrinas que provienen de las gl\u00e1ndulas y \u00f3rganos endocrinos de \r\n      nuestro cuerpo. El sistema endocrino est\u00e1 compuesto por diferentes \r\n      gl\u00e1ndulas, cada una de las cuales tiene su propia especificidad.\r\n    <\/p>\r\n    <p>\r\n      Una docena de gl\u00e1ndulas est\u00e1n afiliadas al sistema endocrino.\r\n    <\/p>\r\n    <p>\r\n      En la base del cerebro hay una gl\u00e1ndula motora que es la hip\u00f3fisis. Esta \r\n      gl\u00e1ndula segrega importantes hormonas que permiten a otras gl\u00e1ndulas del \r\n      cuerpo producir diversas hormonas con sus respectivas funciones.\r\n    <\/p>\r\n    <p>\r\n      Por debajo de la laringe se encuentra el tiroides, en su superficie \r\n      dorsal se encuentran otras gl\u00e1ndulas endocrinas, adem\u00e1s, cuatro \r\n      gl\u00e1ndulas paratiroides tambi\u00e9n se encuentran en la tiroides.\r\n    <\/p>\r\n    <p>\r\n      Los ri\u00f1ones tambi\u00e9n son \u00f3rganos vitales de producci\u00f3n de hormonas, ya \r\n      que al final de ambos ri\u00f1ones se encuentran las gl\u00e1ndulas suprarrenales, \r\n      se denominan gl\u00e1ndulas de la m\u00e9dula suprarrenal y de la corteza \r\n      suprarrenal.\r\n    <\/p>\r\n    <p>\r\n      Numerosos \u00f3rganos de nuestro cuerpo son propulsores de hormonas, todas \r\n      ellas imprescindibles para el buen funcionamiento de nuestro organismo a \r\n      contar por el p\u00e1ncreas, el coraz\u00f3n, los ovarios o los test\u00edculos y los \r\n      intestinos.\r\n    <\/p>\r\n    <h2>\r\n      \u00bfPara qu\u00e9 se utilizan las hormonas?\r\n    <\/h2>\r\n    <p>\r\n      Hemos especificado que las hormonas son los vectores de control de \r\n      nuestro organismo.&nbsp;A continuaci\u00f3n, proporcionan una informaci\u00f3n \r\n      indispensable transmitida por las distintas gl\u00e1ndulas secretoras. Las \r\n      reacciones externas reflejan la presencia o la deficiencia de hormonas, \r\n      seg\u00fan el caso, en particular, la regulaci\u00f3n de la temperatura corporal, \r\n      la regulaci\u00f3n del hambre o la sed representan una de las funciones de \r\n      las hormonas.\r\n    <\/p>\r\n    <p>\r\n      El proceso de secreci\u00f3n de hormonas de \u00f3rganos distintos del cerebro \r\n      est\u00e1 controlado por el hipot\u00e1lamo, que interact\u00faa con la hip\u00f3fisis \r\n      liberando hormonas de control.\r\n    <\/p>\r\n    <p>\r\n      Las hormonas son variadas seg\u00fan sus productores, que transmiten \r\n      diferentes mensajes al organismo. Las interacciones de cada hormona con \r\n      el organismo no son todas iguales, existe la que provoca efectos \r\n      inmediatos de corta duraci\u00f3n y la que incita a reacciones m\u00e1s \r\n      prolongadas.\r\n    <\/p>\r\n    <p>\r\n      Hay que tener en cuenta que las acciones esperadas por las hormonas son \r\n      muy precisas y dirigidas. Despu\u00e9s de que las c\u00e9lulas endocrinas las \r\n      segreguen, el sistema sangu\u00edneo se encarga de transportarlas hasta las \r\n      c\u00e9lulas diana que son los receptores qu\u00edmicos. El papel de este \u00faltimo \r\n      es interpretar los mensajes transmitidos.\r\n    <\/p>\r\n    <p>\r\n      Las hormonas transportadas son espec\u00edficamente la hormona esteroidea y \r\n      la hormona proteica que son ambas muy complementarias.&nbsp;&nbsp;La hormona \r\n      esteroidea pasa a trav\u00e9s de la c\u00e9lula objetivo y la hormona proteica \r\n      unida a la membrana de esta c\u00e9lula objetivo ayuda en el proceso de \r\n      recepci\u00f3n del mensaje.\r\n    <\/p>\r\n    <p>\r\n      Existen multitud de hormonas:<b>endorfina<\/b>, la<b>leptina<\/b>, etc\r\n    <\/p>\r\n    <h2>\r\n      Las hormonas y las necesidades del cuerpo\r\n    <\/h2>\r\n    <p>\r\n      Dado que las hormonas de control provienen de las gl\u00e1ndulas endocrinas \r\n      del sistema nervioso, la secreci\u00f3n de hormonas es a petici\u00f3n del cuerpo \r\n      u organismo. Es esencial que un deportista conozca las caracter\u00edsticas \r\n      de las diferentes hormonas para que pueda equilibrar, elegir o limitar \r\n      sus actividades f\u00edsicas en funci\u00f3n de la capacidad y el bienestar del \r\n      organismo.\r\n    <\/p>\r\n    <h2>\r\n      \u00bfCu\u00e1l es la relaci\u00f3n entre las hormonas y el deporte?\r\n    <\/h2>\r\n    <p>\r\n      En general, cualquier esfuerzo f\u00edsico conlleva una p\u00e9rdida de agua y \r\n      sodio, sin embargo, este d\u00e9ficit depende de la intensidad y la duraci\u00f3n \r\n      del ejercicio, as\u00ed como de la condici\u00f3n f\u00edsica de la persona. En \r\n      principio, estas p\u00e9rdidas estimulan la secreci\u00f3n de aldosterona y de la \r\n      hormona antidiur\u00e9tica, que favorecen la retenci\u00f3n de agua y sodio.\r\n    <\/p>\r\n    <p>\r\n      Al comienzo del entrenamiento f\u00edsico, se estimulan las hormonas \r\n      tiroideas y paratiroideas. El aumento de estas sustancias conduce al \r\n      metabolismo basal que sigue a la alteraci\u00f3n del sue\u00f1o y a la \r\n      persistencia de la fatiga. La frecuencia y la prolongaci\u00f3n de los \r\n      entrenamientos no hacen sino aumentar la concentraci\u00f3n de estas \r\n      hormonas, que s\u00f3lo disminuyen al cabo de varios d\u00edas, el control de la \r\n      variaci\u00f3n de estas hormonas depende del ejercicio f\u00edsico moderado.\r\n    <\/p>\r\n    <p>\r\n      A lo largo del entrenamiento, la adrenalina y la noradrenalina se \r\n      segregan de forma gradual y continua. El aumento de la concentraci\u00f3n de \r\n      este \u00faltimo proporciona beneficios al sistema cardiovascular, ya que \r\n      permite la liberaci\u00f3n de energ\u00eda.\r\n    <\/p>\r\n    <p>\r\n      La duraci\u00f3n e intensidad del entrenamiento define la concentraci\u00f3n de \r\n      los niveles de hormonas sexuales que son los andr\u00f3genos y&nbsp;los \r\n      estr\u00f3genos, adem\u00e1s la testosterona&nbsp;tambi\u00e9n ser\u00e1 estimulada y promueve el \r\n      anabolismo proteico. Esto es una ventaja para los aficionados al \r\n      culturismo, porque ayuda a reafirmar los m\u00fasculos.\r\n    <\/p>\r\n    <p>\r\n      El mantenimiento de las hormonas de crecimiento&nbsp;es interdependiente con \r\n      la intensidad del esfuerzo f\u00edsico. Los niveles hormonales pueden \r\n      aumentar hasta 35 veces el nivel normal en funci\u00f3n de la perseverancia \r\n      en el entrenamiento, este crecimiento tambi\u00e9n se refleja&nbsp;en el aumento \r\n      de la masa muscular.\r\n    <\/p>\r\n    <p>\r\n      La hormona que tiene una concentraci\u00f3n muy variable durante el \r\n      entrenamiento es el cortisol, es segregado por las gl\u00e1ndulas \r\n      suprarrenales, su alta concentraci\u00f3n conduce a un efecto neoglucog\u00e9nico \r\n      que permite al cuerpo proporcionar energ\u00eda distinta de la glucosa.\r\n    <\/p>\r\n    <p>\r\n      Durante el entrenamiento tambi\u00e9n se produce la variaci\u00f3n de insulina&nbsp;y \r\n      glucag\u00f3n, en particular, la concentraci\u00f3n de estas hormonas se \r\n      sustituye, es decir, si la insulina aumenta, el glucag\u00f3n disminuye y \r\n      viceversa. Como especificidad, el glucag\u00f3n libera \u00e1cidos grasos en los \r\n      tejidos grasos y en el h\u00edgado en contraste con la insulina.\r\n    <\/p>\t\t<\/div>\n\t\t\t\t<\/div>\n\t\t\t\t\t<\/div>\n\t\t<\/div>\n\t\t\t\t\t\t\t<\/div>\n\t\t<\/section>\n\t\t\t\t\t\t<\/div>\n\t\t\t\t\t<\/div>\n\t\t","protected":false},"excerpt":{"rendered":"<p>Las&nbsp;actividades f\u00edsicas&nbsp;deben ir siempre acompa\u00f1adas de una buena nutrici\u00f3n deportiva para garantizar el bienestar f\u00edsico.&hellip;<\/p>\n","protected":false},"author":71,"featured_media":32572,"parent":18005,"menu_order":0,"comment_status":"closed","ping_status":"closed","template":"template_ES.php","meta":[],"_links":{"self":[{"href":"https:\/\/www.ericfavre.com\/lifestyle\/es\/wp-json\/wp\/v2\/pages\/22548"}],"collection":[{"href":"https:\/\/www.ericfavre.com\/lifestyle\/es\/wp-json\/wp\/v2\/pages"}],"about":[{"href":"https:\/\/www.ericfavre.com\/lifestyle\/es\/wp-json\/wp\/v2\/types\/page"}],"author":[{"embeddable":true,"href":"https:\/\/www.ericfavre.com\/lifestyle\/es\/wp-json\/wp\/v2\/users\/71"}],"replies":[{"embeddable":true,"href":"https:\/\/www.ericfavre.com\/lifestyle\/es\/wp-json\/wp\/v2\/comments?post=22548"}],"version-history":[{"count":11,"href":"https:\/\/www.ericfavre.com\/lifestyle\/es\/wp-json\/wp\/v2\/pages\/22548\/revisions"}],"predecessor-version":[{"id":35685,"href":"https:\/\/www.ericfavre.com\/lifestyle\/es\/wp-json\/wp\/v2\/pages\/22548\/revisions\/35685"}],"up":[{"embeddable":true,"href":"https:\/\/www.ericfavre.com\/lifestyle\/es\/wp-json\/wp\/v2\/pages\/18005"}],"wp:featuredmedia":[{"embeddable":true,"href":"https:\/\/www.ericfavre.com\/lifestyle\/es\/wp-json\/wp\/v2\/media\/32572"}],"wp:attachment":[{"href":"https:\/\/www.ericfavre.com\/lifestyle\/es\/wp-json\/wp\/v2\/media?parent=22548"}],"curies":[{"name":"wp","href":"https:\/\/api.w.org\/{rel}","templated":true}]}}