{"id":24137,"date":"2021-06-24T19:08:44","date_gmt":"2021-06-24T17:08:44","guid":{"rendered":"https:\/\/www.ericfavre.com\/lifestyle\/es\/?page_id=24137"},"modified":"2021-09-15T15:28:52","modified_gmt":"2021-09-15T13:28:52","slug":"el-quintriceps","status":"publish","type":"page","link":"https:\/\/www.ericfavre.com\/lifestyle\/es\/bienvenida\/musculacion\/anatomia-metodos-y-ejercicios-de-musculacion\/la-anatomia-en-el-culturismo\/piernas\/el-quintriceps\/","title":{"rendered":"EL QUINTR\u00cdCEPS"},"content":{"rendered":"\t\t<div data-elementor-type=\"wp-page\" data-elementor-id=\"24137\" class=\"elementor elementor-24137\" data-elementor-settings=\"[]\">\n\t\t\t\t\t\t\t<div class=\"elementor-section-wrap\">\n\t\t\t\t\t\t\t<section class=\"penci-section penci-disSticky penci-structure-10 elementor-section elementor-top-section elementor-element elementor-element-a4a32e3 elementor-section-boxed elementor-section-height-default elementor-section-height-default\" data-id=\"a4a32e3\" data-element_type=\"section\">\n\t\t\t\t\t\t<div class=\"elementor-container elementor-column-gap-default\">\n\t\t\t\t\t<div class=\"penci-ercol-100 penci-ercol-order-1 penci-sticky-ct  elementor-column elementor-col-100 elementor-top-column elementor-element elementor-element-5d35660\" data-id=\"5d35660\" data-element_type=\"column\">\n\t\t\t<div class=\"elementor-widget-wrap elementor-element-populated\">\n\t\t\t\t\t\t\t\t<div class=\"elementor-element elementor-element-ef9d7c2 elementor-widget elementor-widget-html\" data-id=\"ef9d7c2\" data-element_type=\"widget\" data-widget_type=\"html.default\">\n\t\t\t\t<div class=\"elementor-widget-container\">\n\t\t\t<p>\r\n      El cu\u00e1driceps, el m\u00fasculo de la cara interna del muslo (piernas), es el \r\n      mayor m\u00fasculo del cuerpo humano. Permite el movimiento y soporta la \r\n      mayor parte del peso del cuerpo. En 1880, las investigaciones de Krause \r\n      sobre el aparato locomotor del cu\u00e1driceps permitieron desarrollar \r\n      conocimientos sobre este haz muscular que se expusieron en los \r\n      escenarios de las competiciones de culturismo. Los continuos estudios de \r\n      la anatom\u00eda humana proporcionan nueva informaci\u00f3n sobre el cu\u00e1driceps y \r\n      sus funciones biomec\u00e1nicas. Desde 2016, un grupo de investigadores, \r\n      entre los que se encuentra el cirujano Grob K, ha vuelto a trabajar en \r\n      la cuesti\u00f3n de un nuevo m\u00fasculo que forma parte del cu\u00e1driceps: el \r\n      Tensor Vastus Intermedius o TVI.<br>Tal y como se describe en los libros \r\n      de texto de anatom\u00eda, el cu\u00e1driceps est\u00e1 compuesto por un tracto \r\n      ilio-tibial, as\u00ed como por 3 vastos (interno, intermedio y externo), sin \r\n      embargo, los investigadores han descubierto un nuevo m\u00fasculo de tipo \r\n      tensor entre el vasto lateral y el vasto intermedio. Se denomin\u00f3 TVI y \r\n      es, por tanto, el quinto m\u00fasculo del cu\u00e1driceps, por este motivo, los \r\n      investigadores lo denominan quintriceps. El objetivo inicial de la \r\n      investigaci\u00f3n era aclarar si este tensor era una variaci\u00f3n del vasto \r\n      lateral o del vasto intermedio, o si estaba separado del aparato \r\n      extensor.\r\n    <\/p>\r\n    <h2>\r\n      Propiedades del Tensor Vastus Intermedius007\r\n    <\/h2>\r\n    <p>\r\n      El elemento principal que ha demostrado la integridad del TVI en s\u00ed ha \r\n      sido el estudio de las placas motoras, su inervaci\u00f3n y su fuente de \r\n      alimentaci\u00f3n. Se encontr\u00f3 que era completamente independiente, inervado \r\n      por el nervio femoral y nutrido por la arteria circunfleja femoral \r\n      lateral. Distalmente, el TVI se une con una aponeurosis que se fusiona \r\n      por separado con el tend\u00f3n del cu\u00e1driceps, y se inserta en la cara \r\n      medial de la r\u00f3tula, esto confirma su propia integridad muscular.\r\n    <\/p>\r\n    <p>\r\n      Este m\u00fasculo se llama tensor porque tiene la misma funci\u00f3n que el tensor \r\n      de la fascia lata, cuyo papel principal es estabilizar el complejo de la \r\n      rodilla. Durante estos estudios, se descubrieron no menos de 4 l\u00edderes \r\n      diferentes que definen las propiedades de este m\u00fasculo :\r\n    <\/p>\r\n    <ul>\r\n      <li>\r\n        Tipo independiente\r\n      <\/li>\r\n      <li>\r\n        Tipo grande intermedio\r\n      <\/li>\r\n      <li>\r\n        Tipo lateral grande\r\n      <\/li>\r\n      <li>\r\n        Tipo com\u00fan\r\n      <\/li>\r\n    <\/ul>\t\t<\/div>\n\t\t\t\t<\/div>\n\t\t\t\t\t<\/div>\n\t\t<\/div>\n\t\t\t\t\t\t\t<\/div>\n\t\t<\/section>\n\t\t\t\t\t\t<\/div>\n\t\t\t\t\t<\/div>\n\t\t","protected":false},"excerpt":{"rendered":"<p>El cu\u00e1driceps, el m\u00fasculo de la cara interna del muslo (piernas), es el mayor m\u00fasculo&hellip;<\/p>\n","protected":false},"author":71,"featured_media":31424,"parent":23388,"menu_order":0,"comment_status":"closed","ping_status":"closed","template":"template_ES.php","meta":[],"_links":{"self":[{"href":"https:\/\/www.ericfavre.com\/lifestyle\/es\/wp-json\/wp\/v2\/pages\/24137"}],"collection":[{"href":"https:\/\/www.ericfavre.com\/lifestyle\/es\/wp-json\/wp\/v2\/pages"}],"about":[{"href":"https:\/\/www.ericfavre.com\/lifestyle\/es\/wp-json\/wp\/v2\/types\/page"}],"author":[{"embeddable":true,"href":"https:\/\/www.ericfavre.com\/lifestyle\/es\/wp-json\/wp\/v2\/users\/71"}],"replies":[{"embeddable":true,"href":"https:\/\/www.ericfavre.com\/lifestyle\/es\/wp-json\/wp\/v2\/comments?post=24137"}],"version-history":[{"count":9,"href":"https:\/\/www.ericfavre.com\/lifestyle\/es\/wp-json\/wp\/v2\/pages\/24137\/revisions"}],"predecessor-version":[{"id":24194,"href":"https:\/\/www.ericfavre.com\/lifestyle\/es\/wp-json\/wp\/v2\/pages\/24137\/revisions\/24194"}],"up":[{"embeddable":true,"href":"https:\/\/www.ericfavre.com\/lifestyle\/es\/wp-json\/wp\/v2\/pages\/23388"}],"wp:featuredmedia":[{"embeddable":true,"href":"https:\/\/www.ericfavre.com\/lifestyle\/es\/wp-json\/wp\/v2\/media\/31424"}],"wp:attachment":[{"href":"https:\/\/www.ericfavre.com\/lifestyle\/es\/wp-json\/wp\/v2\/media?parent=24137"}],"curies":[{"name":"wp","href":"https:\/\/api.w.org\/{rel}","templated":true}]}}