{"id":2437,"date":"2021-06-03T19:55:28","date_gmt":"2021-06-03T17:55:28","guid":{"rendered":"https:\/\/www.ericfavre.com\/lifestyle\/es\/?page_id=2437"},"modified":"2021-12-28T16:06:36","modified_gmt":"2021-12-28T15:06:36","slug":"taurina","status":"publish","type":"page","link":"https:\/\/www.ericfavre.com\/lifestyle\/es\/bienvenida\/nutricion-deportiva\/complementos-alimenticios\/complementos-alimenticios-segun-sus-objetivos-deportivos\/los-diferentes-tipos-de-aminoacidos\/taurina\/","title":{"rendered":"TAURINA"},"content":{"rendered":"\t\t<div data-elementor-type=\"wp-page\" data-elementor-id=\"2437\" class=\"elementor elementor-2437\" data-elementor-settings=\"[]\">\n\t\t\t\t\t\t\t<div class=\"elementor-section-wrap\">\n\t\t\t\t\t\t\t<section class=\"penci-section penci-disSticky penci-structure-10 elementor-section elementor-top-section elementor-element elementor-element-6825168 elementor-section-boxed elementor-section-height-default elementor-section-height-default\" data-id=\"6825168\" data-element_type=\"section\">\n\t\t\t\t\t\t<div class=\"elementor-container elementor-column-gap-default\">\n\t\t\t\t\t<div class=\"penci-ercol-100 penci-ercol-order-1 penci-sticky-ct  elementor-column elementor-col-100 elementor-top-column elementor-element elementor-element-9cea825\" data-id=\"9cea825\" data-element_type=\"column\">\n\t\t\t<div class=\"elementor-widget-wrap elementor-element-populated\">\n\t\t\t\t\t\t\t\t<div class=\"elementor-element elementor-element-a18a5ea elementor-widget elementor-widget-html\" data-id=\"a18a5ea\" data-element_type=\"widget\" data-widget_type=\"html.default\">\n\t\t\t\t<div class=\"elementor-widget-container\">\n\t\t\t<b>LA TAURINA, UN EXCELENTE SUPLEMENTO NUTRICIONAL PARA LOS CULTURISTAS<\/b>\r\n\r\n    <p>\r\n      Considerada como un suplemento diet\u00e9tico, la taurina es muy \u00fatil para \r\n      todos, sin embargo, algunas personas desconocen su utilidad y, sobre \r\n      todo, los beneficios que puede aportar al organismo, as\u00ed que, para \r\n      descubrir un poco m\u00e1s sobre este suplemento que es un derivado del<b>amino\u00e1cido<\/b>, \r\n      aqu\u00ed hay alguna informaci\u00f3n interesante.\r\n    <\/p>\r\n    <h2>\r\n      \u00bfQu\u00e9 es exactamente la taurina?\r\n    <\/h2>\r\n    <p>\r\n      Para una definici\u00f3n sencilla, la taurina es un suplemento diet\u00e9tico \r\n      indispensable para los practicantes de culturismo. Se utiliza con el \r\n      objetivo de hacer que los m\u00fasculos sean a\u00fan m\u00e1s eficientes. La taurina \r\n      contiene un \u00e1cido 2-aminoetanosulf\u00f3nico de f\u00f3rmula qu\u00edmica que es un \r\n      derivado del amino\u00e1cido ciste\u00edna, refuerza la contractilidad muscular.\r\n    <\/p>\r\n    <p>\r\n      La taurina se encuentra en la carne roja y en otros tipos de plantas \r\n      como las setas y las algas, adem\u00e1s, se utiliza para curar ciertas \r\n      enfermedades y para complementar la alimentaci\u00f3n de los beb\u00e9s \r\n      prematuros, por lo tanto, no hay que preocuparse si hay algo en la \r\n      etiqueta de la leche para beb\u00e9s.\r\n    <\/p>\r\n    <h2>\r\n      Beneficios de tomar taurina\r\n    <\/h2>\r\n    <p>\r\n      La taurina es beneficiosa para fortalecer los m\u00fasculos, tambi\u00e9n \r\n      desempe\u00f1a una funci\u00f3n antioxidante, adem\u00e1s, este tipo de suplemento \r\n      diet\u00e9tico previene enfermedades como la degeneraci\u00f3n muscular y otras \r\n      enfermedades oculares graves, tambi\u00e9n minimiza la presi\u00f3n arterial y el \r\n      colesterol, ayudando as\u00ed a prevenir la arteriosclerosis.\r\n    <\/p>\r\n    <p>\r\n      La taurina es un suplemento diet\u00e9tico muy beneficioso adem\u00e1s de \r\n      fortalecer la masa muscular, gracias a su ingesta, se reforzar\u00e1 la \r\n      desintoxicaci\u00f3n del h\u00edgado. Dado que este amino\u00e1cido refuerza el m\u00fasculo \r\n      card\u00edaco, estabiliza efectivamente la funci\u00f3n del coraz\u00f3n, tambi\u00e9n \r\n      durante su ingesta, se reducir\u00e1 la acumulaci\u00f3n de \u00e1cido l\u00e1ctico, no hay \r\n      riesgo de rayos ultravioleta da\u00f1inos gracias a la capacidad de la \r\n      taurina de proteger las c\u00e9lulas de la c\u00f3rnea, adem\u00e1s de la capacidad de \r\n      aumentar la cantidad de gluc\u00f3geno muscular, la taurina tambi\u00e9n ayuda a \r\n      reforzar la motilidad del esperma.\r\n    <\/p>\r\n    <h2>\r\n      \u00bfQu\u00e9 alimentos contienen taurina?\r\n    <\/h2>\r\n    <p>\r\n      Como la taurina est\u00e1 formada por prote\u00ednas, es obvio que est\u00e9 presente \r\n      en los alimentos ricos en prote\u00ednas. El pescado y el marisco, como el \r\n      cangrejo cocido y la caballa entera, contienen sustancias proteicas. La \r\n      carne, especialmente la de vacuno sin hueso, y las aves de corral, como \r\n      el h\u00edgado de pollo, tambi\u00e9n son ricas en prote\u00ednas.\r\n    <\/p>\r\n    <p>\r\n      Para las mujeres que amamantan, es importante saber que la leche materna \r\n      contiene naturalmente una alta concentraci\u00f3n de taurina, se trata, m\u00e1s \r\n      concretamente, del calostro. Esto reemplazar\u00e1 la incapacidad del reci\u00e9n \r\n      nacido de alcanzar la taurina a trav\u00e9s de la ciste\u00edna.\r\n    <\/p>\r\n    <p>\r\n      Aparte de esto, la taurina se sigue encontrando en las algas y en \r\n      plantas como las jud\u00edas, la remolacha y los frutos secos. S\u00f3lo hay que \r\n      comerlos en peque\u00f1as cantidades.\r\n    <\/p>\r\n    <h2>\r\n      La taurina y la posibilidad de combinarla con otros suplementos\r\n    <\/h2>\r\n    <p>\r\n      Es posible combinar la taurina con otros minerales, vitaminas o plantas, \r\n      para combatir la ansiedad, se puede mezclar con magnesio y vitamina B6, \r\n      y para contrarrestar la fatiga, lo mejor es combinarlo con vitamina C. \r\n      Esta asociaci\u00f3n tendr\u00e1 un efecto antifatiga en el individuo en \r\n      cuesti\u00f3n.La acerola, por ejemplo, es una planta interesante por su alto \r\n      contenido en vitamina C natural, para los entusiastas del deporte, la \r\n      taurina tambi\u00e9n puede mezclarse con espirulina, hierba de trigo y \r\n      guaran\u00e1.\r\n    <\/p>\r\n    <h2>\r\n      \u00bfCu\u00e1les son sus beneficios para la masa muscular?\r\n    <\/h2>\r\n    <p>\r\n      Con respecto al fortalecimiento del coraz\u00f3n y las contracciones, la \r\n      taurina tambi\u00e9n aumenta el flujo de sangre a las c\u00e9lulas musculares. \r\n      Este beneficio va acompa\u00f1ado de una mayor multiplicaci\u00f3n del \u00f3xido \r\n      n\u00edtrico.\r\n    <\/p>\r\n    <p>\r\n      Dado el caso entonces, las masas musculares reciben muchos nutrientes \r\n      para desarrollarse y fortalecerse, de hecho, tanto la formaci\u00f3n como el \r\n      rendimiento general mejorar\u00e1n, tambi\u00e9n tiene la entrada de creatina en \r\n      las c\u00e9lulas para hacer que el agua entre de manera similar, as\u00ed, la \r\n      s\u00edntesis de sustancias proteicas ser\u00e1 f\u00e1cil en el organismo.\r\n    <\/p>\r\n    <h2>\r\n      \u00bfLa taurina tiene efectos nocivos para el organismo?\r\n    <\/h2>\r\n    <p>\r\n      Este tipo de suplemento diet\u00e9tico no causa efectos adversos, s\u00f3lo debe \r\n      seguirse la dosis recomendada por un profesional de la salud, en otras \r\n      palabras, se recomienda consultar a un m\u00e9dico especialista antes de \r\n      comprar y tomar taurina. En esta posici\u00f3n, el sujeto se beneficiar\u00e1 sin \r\n      duda de los buenos resultados y tambi\u00e9n estar\u00e1 seguro.Seg\u00fan los consejos \r\n      de los profesionales de la salud, la dosis prescrita es de 1000 mg a \r\n      2000 mg al d\u00eda, debe tomarse media hora antes y despu\u00e9s de la sesi\u00f3n \r\n      deportiva.\r\n    <\/p>\r\n    <p>\r\n      No se recomienda tomar este suplemento en forma de bebida energ\u00e9tica. \r\n      Las bebidas energ\u00e9ticas contienen mucho az\u00facar y cafe\u00edna. Para \r\n      aprovechar estas ventajas, conviene tener en cuenta la dosificaci\u00f3n.\r\n    <\/p>\r\n    <h3>\r\n      Contraindicaciones necesarias a conocer antes de tomar taurina\r\n    <\/h3>\r\n    <p>\r\n      Como se ha confirmado anteriormente, se recomienda consultar a un \r\n      experto en salud antes de iniciar el tratamiento con taurina, de hecho, \r\n      si se trata de un suplemento diet\u00e9tico de taurina, est\u00e1 prohibido para \r\n      los peque\u00f1os, as\u00ed como para las mujeres embarazadas y lactantes .Por su \r\n      efecto hipotensor, la taurina tampoco se recomienda a las personas con \r\n      hipotensi\u00f3n, por lo tanto, las personas con problemas de circulaci\u00f3n \r\n      sangu\u00ednea no deben tomarla. Tomar taurina es beneficioso, pero es \r\n      fundamental consultar a un m\u00e9dico antes de tomarla. Las personas con \r\n      epilepsia, problemas de tiroides y de coraz\u00f3n tampoco deben utilizarlo.\r\n    <\/p>\t\t<\/div>\n\t\t\t\t<\/div>\n\t\t\t\t\t<\/div>\n\t\t<\/div>\n\t\t\t\t\t\t\t<\/div>\n\t\t<\/section>\n\t\t\t\t\t\t<\/div>\n\t\t\t\t\t<\/div>\n\t\t","protected":false},"excerpt":{"rendered":"<p>LA TAURINA, UN EXCELENTE SUPLEMENTO NUTRICIONAL PARA LOS CULTURISTAS Considerada como un suplemento diet\u00e9tico, la&hellip;<\/p>\n","protected":false},"author":71,"featured_media":33797,"parent":2192,"menu_order":0,"comment_status":"closed","ping_status":"closed","template":"template_ES.php","meta":[],"_links":{"self":[{"href":"https:\/\/www.ericfavre.com\/lifestyle\/es\/wp-json\/wp\/v2\/pages\/2437"}],"collection":[{"href":"https:\/\/www.ericfavre.com\/lifestyle\/es\/wp-json\/wp\/v2\/pages"}],"about":[{"href":"https:\/\/www.ericfavre.com\/lifestyle\/es\/wp-json\/wp\/v2\/types\/page"}],"author":[{"embeddable":true,"href":"https:\/\/www.ericfavre.com\/lifestyle\/es\/wp-json\/wp\/v2\/users\/71"}],"replies":[{"embeddable":true,"href":"https:\/\/www.ericfavre.com\/lifestyle\/es\/wp-json\/wp\/v2\/comments?post=2437"}],"version-history":[{"count":6,"href":"https:\/\/www.ericfavre.com\/lifestyle\/es\/wp-json\/wp\/v2\/pages\/2437\/revisions"}],"predecessor-version":[{"id":2479,"href":"https:\/\/www.ericfavre.com\/lifestyle\/es\/wp-json\/wp\/v2\/pages\/2437\/revisions\/2479"}],"up":[{"embeddable":true,"href":"https:\/\/www.ericfavre.com\/lifestyle\/es\/wp-json\/wp\/v2\/pages\/2192"}],"wp:featuredmedia":[{"embeddable":true,"href":"https:\/\/www.ericfavre.com\/lifestyle\/es\/wp-json\/wp\/v2\/media\/33797"}],"wp:attachment":[{"href":"https:\/\/www.ericfavre.com\/lifestyle\/es\/wp-json\/wp\/v2\/media?parent=2437"}],"curies":[{"name":"wp","href":"https:\/\/api.w.org\/{rel}","templated":true}]}}