{"id":24523,"date":"2021-06-24T19:15:34","date_gmt":"2021-06-24T17:15:34","guid":{"rendered":"https:\/\/www.ericfavre.com\/lifestyle\/es\/?page_id=24523"},"modified":"2021-09-15T15:37:57","modified_gmt":"2021-09-15T13:37:57","slug":"dips-con-la-barras-paralelas","status":"publish","type":"page","link":"https:\/\/www.ericfavre.com\/lifestyle\/es\/bienvenida\/musculacion\/anatomia-metodos-y-ejercicios-de-musculacion\/la-anatomia-en-el-culturismo\/brazos\/dips-con-la-barras-paralelas\/","title":{"rendered":"DIPS CON LA BARRAS PARALELAS"},"content":{"rendered":"\t\t<div data-elementor-type=\"wp-page\" data-elementor-id=\"24523\" class=\"elementor elementor-24523\" data-elementor-settings=\"[]\">\n\t\t\t\t\t\t\t<div class=\"elementor-section-wrap\">\n\t\t\t\t\t\t\t<section class=\"penci-section penci-disSticky penci-structure-10 elementor-section elementor-top-section elementor-element elementor-element-598760a elementor-section-boxed elementor-section-height-default elementor-section-height-default\" data-id=\"598760a\" data-element_type=\"section\">\n\t\t\t\t\t\t<div class=\"elementor-container elementor-column-gap-default\">\n\t\t\t\t\t<div class=\"penci-ercol-100 penci-ercol-order-1 penci-sticky-ct  elementor-column elementor-col-100 elementor-top-column elementor-element elementor-element-c20bf91\" data-id=\"c20bf91\" data-element_type=\"column\">\n\t\t\t<div class=\"elementor-widget-wrap elementor-element-populated\">\n\t\t\t\t\t\t\t\t<div class=\"elementor-element elementor-element-7f5b9bc elementor-widget elementor-widget-html\" data-id=\"7f5b9bc\" data-element_type=\"widget\" data-widget_type=\"html.default\">\n\t\t\t\t<div class=\"elementor-widget-container\">\n\t\t\t<p>\r\n      La pr\u00e1ctica del fitness juega un papel muy importante en el desarrollo \r\n      de los m\u00fasculos del cuerpo humano. Los ejercicios y movimientos a \r\n      realizar dependen del m\u00fasculo en cuesti\u00f3n. Entre los ejercicios de \r\n      musculaci\u00f3n que consisten en dar forma a los tr\u00edceps (parte del<b>brazo<\/b>) \r\n      se pueden mencionar los &quot;dips&quot;.Centrarse en la pr\u00e1ctica de los &quot;dips&quot;.\r\n    <\/p>\r\n    <h2>\r\n      \u00bfQu\u00e9 son los dips?\r\n    <\/h2>\r\n    &nbsp;\r\n\r\n    <p>\r\n      Es una pr\u00e1ctica deportiva que consiste en aumentar el volumen del \r\n      m\u00fasculo de los brazos llamado &quot;tr\u00edceps&quot; y optimizar su aspecto. Este \r\n      ejercicio puede realizarse en casa si la persona dispone del equipo \r\n      necesario. Si no, puede apuntarse a un gimnasio o centro de fitness. Es \r\n      importante tener en cuenta que los dips deben realizarse adem\u00e1s de otros \r\n      ejercicios que sirvan para mejorar la condici\u00f3n de los tr\u00edceps, por lo \r\n      tanto, debe integrarse en la pr\u00e1ctica habitual. La pr\u00e1ctica de \r\n      ejercicios de musculaci\u00f3n no debe descuidarse en ning\u00fan caso. Todos los \r\n      practicantes de &quot;dips&quot; deben respetar las reglas, ya sean principiantes \r\n      o practicantes de culturismo. De hecho, los &quot;dips&quot; designan al mismo \r\n      tiempo las dos barras paralelas sobre las que se practican los \r\n      movimientos, as\u00ed como los movimientos practicados sobre ellas. En pocas \r\n      palabras, los &quot;dips&quot; son ejercicios de &quot;flexi\u00f3n-extensi\u00f3n&quot; muy eficaces \r\n      para los tr\u00edceps. Simplemente con este ejercicio, los tr\u00edceps se hinchan \r\n      y se vuelven mucho m\u00e1s compactos.\r\n    <\/p>\r\n    <h2>\r\n      \u00bfC\u00f3mo practicar los saltos?\r\n    <\/h2>\r\n    &nbsp;\r\n\r\n    <p>\r\n      En primer lugar, es imprescindible saber que los &quot;dips&quot; se ejercen entre \r\n      barras paralelas. Para realizarlas, los brazos deben estar extendidos, \r\n      asegur\u00e1ndose de empujar las palmas de las manos, a continuaci\u00f3n, es \r\n      necesario mantener la caja tor\u00e1cica abierta y fijar la mirada \r\n      ligeramente hacia delante, luego s\u00f3lo queda doblar los codos y \r\n      desplegarlos. Es importante respetar las posiciones para no hacer \r\n      movimientos en falso, al doblar los codos, el busto debe bajar a un \r\n      nivel bastante bajo, casi paralelo al suelo, ajusta los movimientos \r\n      seg\u00fan el nivel de flexibilidad del practicante, para volver a la \r\n      posici\u00f3n inicial, es imprescindible contraer el tr\u00edceps con mucha \r\n      fuerza, as\u00ed es como estos m\u00fasculos consiguen adoptar una bonita forma. \r\n      El movimiento debe repetirse tantas veces como sea posible hasta que se \r\n      agote la energ\u00eda.\r\n    <\/p>\r\n    <h2>\r\n      Algunos consejos \u00fatiles sobre las inmersiones y algunas reglas a seguir\r\n    <\/h2>\r\n    &nbsp;\r\n\r\n    <p>\r\n      A la hora de practicar este ejercicio, hay que seguir algunas reglas \r\n      para perfeccionar la pr\u00e1ctica y obtener resultados satisfactorios. Y \r\n      esto, en un periodo de tiempo razonable. Es importante saber que no \r\n      seguir las reglas de la pr\u00e1ctica puede causar lesiones.\r\n    <\/p>\r\n    <p>\r\n      Inicialmente, es necesario evitar bajar demasiado al doblar los codos en \r\n      caso de que el practicante carezca de fuerza o flexibilidad. El \r\n      ejercicio de este movimiento requiere mucha energ\u00eda, as\u00ed como un m\u00ednimo \r\n      de flexibilidad. Por lo tanto, no se recomienda practicar los &quot;dips&quot; si \r\n      la persona est\u00e1 cansada, simplemente ser\u00e1 in\u00fatil.<br>En segundo lugar, es \r\n      importante evitar a toda costa a\u00f1adir peso adicional en el caso de que \r\n      el movimiento a\u00fan no est\u00e9 bien adquirido. Esta precauci\u00f3n protege al \r\n      tr\u00edceps de todo tipo de da\u00f1os, como los desgarros, por ejemplo. Sin \r\n      olvidar, por supuesto, que una mala pr\u00e1ctica puede da\u00f1ar los m\u00fasculos y \r\n      los huesos. La pr\u00e1ctica de los &quot;dips&quot; es bastante delicada, ya que \r\n      implica varias partes del busto. Es imperativo respetar las reglas para \r\n      preservar el estado del cuerpo: carne, m\u00fasculos y huesos.\r\n    <\/p>\r\n    <p>\r\n      Por otro lado, si la persona est\u00e1 segura de tener un perfecto control de \r\n      los dips, nada le impide a\u00f1adir pesos adicionales seg\u00fan lo considere \r\n      oportuno, adem\u00e1s, si el practicante se siente lo suficientemente fuerte \r\n      como para pesarse a s\u00ed mismo, puede considerar la posibilidad de \r\n      terminar los dips con una serie decreciente. Esto te permitir\u00e1 aumentar \r\n      la dificultad del ejercicio, de este modo, se agiliza la obtenci\u00f3n de \r\n      resultados visibles. Como alternativa, existe otra forma m\u00e1s eficaz de \r\n      aumentar la intensidad sin tener que a\u00f1adir pesos adicionales, para \r\n      ello, el practicante de dips tiene la posibilidad de detener el \r\n      movimiento descendente durante cinco segundos. Este es el principio de \r\n      la variaci\u00f3n del tempo.\r\n    <\/p>\r\n    <p>\r\n      B\u00e1sicamente, los &quot;dips&quot; son muy \u00fatiles para remodelar los tr\u00edceps. Este \r\n      ejercicio f\u00edsico ayuda a desarrollar los tr\u00edceps de ambos brazos, \r\n      haci\u00e9ndolos m\u00e1s macizos y m\u00e1s bonitos de ver.\r\n    <\/p>\t\t<\/div>\n\t\t\t\t<\/div>\n\t\t\t\t\t<\/div>\n\t\t<\/div>\n\t\t\t\t\t\t\t<\/div>\n\t\t<\/section>\n\t\t\t\t\t\t<\/div>\n\t\t\t\t\t<\/div>\n\t\t","protected":false},"excerpt":{"rendered":"<p>La pr\u00e1ctica del fitness juega un papel muy importante en el desarrollo de los m\u00fasculos&hellip;<\/p>\n","protected":false},"author":71,"featured_media":31480,"parent":24200,"menu_order":0,"comment_status":"closed","ping_status":"closed","template":"template_ES.php","meta":[],"_links":{"self":[{"href":"https:\/\/www.ericfavre.com\/lifestyle\/es\/wp-json\/wp\/v2\/pages\/24523"}],"collection":[{"href":"https:\/\/www.ericfavre.com\/lifestyle\/es\/wp-json\/wp\/v2\/pages"}],"about":[{"href":"https:\/\/www.ericfavre.com\/lifestyle\/es\/wp-json\/wp\/v2\/types\/page"}],"author":[{"embeddable":true,"href":"https:\/\/www.ericfavre.com\/lifestyle\/es\/wp-json\/wp\/v2\/users\/71"}],"replies":[{"embeddable":true,"href":"https:\/\/www.ericfavre.com\/lifestyle\/es\/wp-json\/wp\/v2\/comments?post=24523"}],"version-history":[{"count":6,"href":"https:\/\/www.ericfavre.com\/lifestyle\/es\/wp-json\/wp\/v2\/pages\/24523\/revisions"}],"predecessor-version":[{"id":24558,"href":"https:\/\/www.ericfavre.com\/lifestyle\/es\/wp-json\/wp\/v2\/pages\/24523\/revisions\/24558"}],"up":[{"embeddable":true,"href":"https:\/\/www.ericfavre.com\/lifestyle\/es\/wp-json\/wp\/v2\/pages\/24200"}],"wp:featuredmedia":[{"embeddable":true,"href":"https:\/\/www.ericfavre.com\/lifestyle\/es\/wp-json\/wp\/v2\/media\/31480"}],"wp:attachment":[{"href":"https:\/\/www.ericfavre.com\/lifestyle\/es\/wp-json\/wp\/v2\/media?parent=24523"}],"curies":[{"name":"wp","href":"https:\/\/api.w.org\/{rel}","templated":true}]}}