{"id":24613,"date":"2021-06-24T19:18:01","date_gmt":"2021-06-24T17:18:01","guid":{"rendered":"https:\/\/www.ericfavre.com\/lifestyle\/es\/?page_id=24613"},"modified":"2021-09-15T15:39:46","modified_gmt":"2021-09-15T13:39:46","slug":"elevaciones-laterales-con-mancuernas","status":"publish","type":"page","link":"https:\/\/www.ericfavre.com\/lifestyle\/es\/bienvenida\/musculacion\/anatomia-metodos-y-ejercicios-de-musculacion\/la-anatomia-en-el-culturismo\/hombros\/elevaciones-laterales-con-mancuernas\/","title":{"rendered":"ELEVACIONES LATERALES CON MANCUERNAS"},"content":{"rendered":"\t\t<div data-elementor-type=\"wp-page\" data-elementor-id=\"24613\" class=\"elementor elementor-24613\" data-elementor-settings=\"[]\">\n\t\t\t\t\t\t\t<div class=\"elementor-section-wrap\">\n\t\t\t\t\t\t\t<section class=\"penci-section penci-disSticky penci-structure-10 elementor-section elementor-top-section elementor-element elementor-element-32a149f elementor-section-boxed elementor-section-height-default elementor-section-height-default\" data-id=\"32a149f\" data-element_type=\"section\">\n\t\t\t\t\t\t<div class=\"elementor-container elementor-column-gap-default\">\n\t\t\t\t\t<div class=\"penci-ercol-100 penci-ercol-order-1 penci-sticky-ct  elementor-column elementor-col-100 elementor-top-column elementor-element elementor-element-5250145\" data-id=\"5250145\" data-element_type=\"column\">\n\t\t\t<div class=\"elementor-widget-wrap elementor-element-populated\">\n\t\t\t\t\t\t\t\t<div class=\"elementor-element elementor-element-2849489 elementor-widget elementor-widget-html\" data-id=\"2849489\" data-element_type=\"widget\" data-widget_type=\"html.default\">\n\t\t\t\t<div class=\"elementor-widget-container\">\n\t\t\t<p>\r\n      Para los atletas principiantes, concentrarse en la realizaci\u00f3n de un \r\n      movimiento suele ser dif\u00edcil. A veces est\u00e1 mal ejecutado, sin embargo, \r\n      cuando se hace bien, cada movimiento aporta un desarrollo muscular \r\n      eficaz y r\u00e1pido. Entre estos movimientos est\u00e1n las elevaciones laterales \r\n      de pie con mancuernas, que se utilizan para desarrollar la anchura de \r\n      los hombros.\r\n    <\/p>\r\n    <h2>\r\n      Elevaciones laterales de pie con mancuernas\r\n    <\/h2>\r\n    &nbsp;\r\n\r\n    <p>\r\n      Las elevaciones laterales de pie con mancuernas dan una gran redondez a \r\n      los hombros, lo que conlleva un aumento de la estatura. Esto acentuar\u00e1 \r\n      la &quot;V&quot;, especialmente si el per\u00edmetro de la cintura se afina \r\n      simult\u00e1neamente.\r\n    <\/p>\r\n    <p>\r\n      En t\u00e9rminos de fortalecimiento muscular, al dirigirse al supraespinoso, \r\n      las elevaciones laterales hacen que el hombro sea mucho m\u00e1s resistente a \r\n      la vez que protegen la articulaci\u00f3n, manteniendo la cabeza del h\u00famero \r\n      firmemente en su sitio y minimizando as\u00ed el riesgo de luxaci\u00f3n.\r\n    <\/p>\r\n    <p>\r\n      Las elevaciones laterales ofrecen una amplia gama de movimientos y \r\n      pueden ser adecuadas para la mayor\u00eda de los deportistas, siempre que se \r\n      sigan algunas pautas b\u00e1sicas, de hecho, su eficacia depende en gran \r\n      medida de la calidad de su ejecuci\u00f3n.\r\n    <\/p>\r\n    <p>\r\n      En primer lugar, es importante evitar una ejecuci\u00f3n perfecta (al menos \r\n      &quot;correcta&quot;), ya que, como todos los dem\u00e1s ejercicios con pesas, este \r\n      movimiento requiere una determinada t\u00e9cnica de ejecuci\u00f3n: entre otras \r\n      cosas, el pecho recto o doblado hacia delante, los brazos rectos o \r\n      doblados, el agarre neutro y lateral contra las caderas, todas ellas \r\n      t\u00e9cnicas que requieren un cierto dominio.\r\n    <\/p>\r\n    <p>\r\n      Tambi\u00e9n es necesario saber qu\u00e9 m\u00fasculos y articulaciones est\u00e1n \r\n      directamente implicados en este movimiento.\r\n    <\/p>\r\n    <h2>\r\n      M\u00fasculos implicados\r\n    <\/h2>\r\n    &nbsp;\r\n\r\n    <p>\r\n      Las elevaciones laterales forman parte de lo que se denomina &quot;movimiento \r\n      de abducci\u00f3n&quot;, es decir, alejan los miembros del eje del cuerpo (a \r\n      diferencia del movimiento de aducci\u00f3n que acerca los miembros al eje del \r\n      cuerpo).\r\n    <\/p>\r\n    <p>\r\n      Este es un movimiento b\u00e1sico en el entrenamiento con pesas. Al elevar \r\n      los brazos a la horizontal, el haz lateral (externo) del m\u00fasculo \r\n      deltoides, el trapecio superior y el supraespinoso se comprometen con \r\n      mucha fuerza.\r\n    <\/p>\r\n    <h2>\r\n      C\u00f3mo realizar elevaciones laterales con mancuernas ?\r\n    <\/h2>\r\n    &nbsp;\r\n\r\n    <p>\r\n      Para realizar las elevaciones laterales con mancuernas, es importante \r\n      sobre todo estar de pie con los pies ligeramente separados, para \r\n      estabilizar el cuerpo, los brazos &quot;estirados&quot; pero con los codos \r\n      ligeramente flexionados (codos no bloqueados), una mancuerna en cada \r\n      mano, agarre neutro, ya sea por delante del cuerpo contra el muslo o \r\n      lateralmente contra la cadera.\r\n    <\/p>\r\n    <p>\r\n      Los brazos deben elevarse lateralmente a la altura de los hombros (en \r\n      posici\u00f3n horizontal o ligeramente superior).\r\n    <\/p>\r\n    <p>\r\n      Hay que destacar que el busto debe permanecer lo m\u00e1s recto posible, pero \r\n      con una ligera inclinaci\u00f3n hacia delante. Para ello, debes permanecer \r\n      enfundado, con el vientre metido y el pecho fuera, es absolutamente \r\n      necesario controlar la carga durante todo el movimiento inspirando \r\n      durante la elevaci\u00f3n, tambi\u00e9n debe inspirar mientras baja la carga a la \r\n      posici\u00f3n inicial.\r\n    <\/p>\r\n    <p>\r\n      Algunos consejos a tener en cuenta\r\n    <\/p>\r\n    <p>\r\n      \r\n    <\/p>\r\n    <p>\r\n      Para realizar las elevaciones laterales con mancuernas, el primer \r\n      consejo a tener en cuenta es no poner cargas demasiado ligeras y menos \r\n      a\u00fan demasiado pesadas.\r\n    <\/p>\r\n    <ul>\r\n      <li>\r\n        No extender completamente los brazos\r\n      <\/li>\r\n      <li>\r\n        Por el contrario, no hay que doblar demasiado los codos (en \u00e1ngulo \r\n        recto) porque el voladizo ser\u00e1 menor y la tensi\u00f3n impuesta a los \r\n        deltoides ser\u00e1 menor.\r\n      <\/li>\r\n      <li>\r\n        No sobrepase la horizontal al final del movimiento, a menos que quiera \r\n        aumentar la carga en los trapecios superiores.\r\n      <\/li>\r\n      <li>\r\n        Levantar el codo un poco m\u00e1s alto que la mu\u00f1eca. Para ello, hay que \r\n        elegir la carga adecuada para crear cierta dificultad sin alterar la \r\n        forma estricta de ejecuci\u00f3n. Se aconseja utilizar la t\u00e9cnica del \r\n        &quot;jarro de agua&quot;: iniciar el movimiento con las palmas de las manos \r\n        enfrentadas frente a los muslos y durante toda la elevaci\u00f3n lateral, a \r\n        continuaci\u00f3n, realiza un movimiento de rotaci\u00f3n interna de las mu\u00f1ecas \r\n        como si quisieras servir una jarra de agua una vez que el brazo haya \r\n        alcanzado la posici\u00f3n horizontal, casi completamente extendido, con la \r\n        palma de la mano vuelta hacia el suelo (Atenci\u00f3n: al final del \r\n        movimiento, el dedo me\u00f1ique debe estar m\u00e1s alto que el pulgar)\r\n      <\/li>\r\n    <\/ul>\r\n    <h2>\r\n      Las 4 variantes de las elevaciones laterales con mancuernas\r\n    <\/h2>\r\n    &nbsp;\r\n\r\n    <p>\r\n      Existen 4 variantes de las elevaciones laterales con mancuernas:\r\n    <\/p>\r\n    &nbsp;\r\n\r\n    <li>\r\n      La variante sentada para evitar cualquier movimiento de balanceo y \r\n      maximizar el aislamiento del m\u00fasculo objetivo\r\n    <\/li>\r\n    <li>\r\n      La variante de manera unilateral (un brazo despu\u00e9s del otro) para tener \r\n      una concentraci\u00f3n mucho mejor para obtener una conexi\u00f3n muscular \r\n      exacerbada y una contracci\u00f3n muscular\r\n    <\/li>\r\n    <li>\r\n      Levantamientos laterales con mancuernas en la polea opuesta para \r\n      trabajar &quot;en tensi\u00f3n continua&quot;, variar los \u00e1ngulos de trabajo y las \r\n      t\u00e9cnicas de intensidad utilizadas, para experimentar diferentes \r\n      sensaciones y practicar el m\u00e9todo de las &quot;confusiones musculares&quot;\r\n    <\/li>\r\n    <li>\r\n      Elevaciones laterales con mancuernas apoyadas en un banco a la manera de \r\n      &quot;Arnold Schwarzenegger&quot; o &quot;Serge Nubret&quot; (en el suelo). La salida es \r\n      mucho m\u00e1s dura y no es posible hacer trampas.\r\n    <\/li>\r\n    &nbsp;\r\n\r\n    <p>\r\n      Para desarrollar m\u00e1s r\u00e1pidamente los hombros, hay que pensar en variar \r\n      ligeramente la posici\u00f3n del cuerpo y de la mu\u00f1eca para encontrar la \r\n      posici\u00f3n m\u00e1s c\u00f3moda y la que d\u00e9 m\u00e1s sensaci\u00f3n muscular.\r\n    <\/p>\t\t<\/div>\n\t\t\t\t<\/div>\n\t\t\t\t\t<\/div>\n\t\t<\/div>\n\t\t\t\t\t\t\t<\/div>\n\t\t<\/section>\n\t\t\t\t\t\t<\/div>\n\t\t\t\t\t<\/div>\n\t\t","protected":false},"excerpt":{"rendered":"<p>Para los atletas principiantes, concentrarse en la realizaci\u00f3n de un movimiento suele ser dif\u00edcil. A&hellip;<\/p>\n","protected":false},"author":71,"featured_media":31494,"parent":24564,"menu_order":0,"comment_status":"closed","ping_status":"closed","template":"template_ES.php","meta":[],"_links":{"self":[{"href":"https:\/\/www.ericfavre.com\/lifestyle\/es\/wp-json\/wp\/v2\/pages\/24613"}],"collection":[{"href":"https:\/\/www.ericfavre.com\/lifestyle\/es\/wp-json\/wp\/v2\/pages"}],"about":[{"href":"https:\/\/www.ericfavre.com\/lifestyle\/es\/wp-json\/wp\/v2\/types\/page"}],"author":[{"embeddable":true,"href":"https:\/\/www.ericfavre.com\/lifestyle\/es\/wp-json\/wp\/v2\/users\/71"}],"replies":[{"embeddable":true,"href":"https:\/\/www.ericfavre.com\/lifestyle\/es\/wp-json\/wp\/v2\/comments?post=24613"}],"version-history":[{"count":6,"href":"https:\/\/www.ericfavre.com\/lifestyle\/es\/wp-json\/wp\/v2\/pages\/24613\/revisions"}],"predecessor-version":[{"id":24642,"href":"https:\/\/www.ericfavre.com\/lifestyle\/es\/wp-json\/wp\/v2\/pages\/24613\/revisions\/24642"}],"up":[{"embeddable":true,"href":"https:\/\/www.ericfavre.com\/lifestyle\/es\/wp-json\/wp\/v2\/pages\/24564"}],"wp:featuredmedia":[{"embeddable":true,"href":"https:\/\/www.ericfavre.com\/lifestyle\/es\/wp-json\/wp\/v2\/media\/31494"}],"wp:attachment":[{"href":"https:\/\/www.ericfavre.com\/lifestyle\/es\/wp-json\/wp\/v2\/media?parent=24613"}],"curies":[{"name":"wp","href":"https:\/\/api.w.org\/{rel}","templated":true}]}}