{"id":24852,"date":"2021-06-24T19:22:19","date_gmt":"2021-06-24T17:22:19","guid":{"rendered":"https:\/\/www.ericfavre.com\/lifestyle\/es\/?page_id=24852"},"modified":"2021-09-16T10:34:17","modified_gmt":"2021-09-16T08:34:17","slug":"como-tener-los-mejores-abdominales","status":"publish","type":"page","link":"https:\/\/www.ericfavre.com\/lifestyle\/es\/bienvenida\/musculacion\/anatomia-metodos-y-ejercicios-de-musculacion\/la-anatomia-en-el-culturismo\/abdominales\/como-tener-los-mejores-abdominales\/","title":{"rendered":"C\u00d3MO TENER LOS MEJORES ABDOMINALES"},"content":{"rendered":"\t\t<div data-elementor-type=\"wp-page\" data-elementor-id=\"24852\" class=\"elementor elementor-24852\" data-elementor-settings=\"[]\">\n\t\t\t\t\t\t\t<div class=\"elementor-section-wrap\">\n\t\t\t\t\t\t\t<section class=\"penci-section penci-disSticky penci-structure-10 elementor-section elementor-top-section elementor-element elementor-element-97914a7 elementor-section-boxed elementor-section-height-default elementor-section-height-default\" data-id=\"97914a7\" data-element_type=\"section\">\n\t\t\t\t\t\t<div class=\"elementor-container elementor-column-gap-default\">\n\t\t\t\t\t<div class=\"penci-ercol-100 penci-ercol-order-1 penci-sticky-ct  elementor-column elementor-col-100 elementor-top-column elementor-element elementor-element-7a5499b\" data-id=\"7a5499b\" data-element_type=\"column\">\n\t\t\t<div class=\"elementor-widget-wrap elementor-element-populated\">\n\t\t\t\t\t\t\t\t<div class=\"elementor-element elementor-element-71afc33 elementor-widget elementor-widget-html\" data-id=\"71afc33\" data-element_type=\"widget\" data-widget_type=\"html.default\">\n\t\t\t\t<div class=\"elementor-widget-container\">\n\t\t\t<p>\r\n      Para fortalecer los m\u00fasculos abdominales o la cintura, es necesario \r\n      seguir y respetar una especie de regla. Tanto las sesiones deportivas \r\n      como los materiales a utilizar, lo m\u00e1s importante es encontrar el mejor \r\n      programa para conseguir los objetivos. Mediante la pr\u00e1ctica de diversos \r\n      deportes que requieren el cintur\u00f3n de seguridad, es posible desarrollar \r\n      la musculatura de forma armoniosa. Ya sea en la temporada de invierno o \r\n      de verano, todo el mundo puede marcarse unos abdominales concretos, \r\n      muchos deportes pueden estimular la faja abdominal.\r\n    <\/p>\r\n    <h2>\r\n      Abdo en concreto, por qu\u00e9 hacer ?\r\n    <\/h2>\r\n    <p>\r\n      En primer lugar, el entrenamiento abdominal no s\u00f3lo fortalece la masa \r\n      muscular, tambi\u00e9n previene el dolor de espalda, en otras palabras, el \r\n      ejercicio abdominal es una forma saludable de hacer ejercicio. Es \r\n      importante mantener la faja abdominal en buen estado, ya que contribuye \r\n      a la estabilidad del cuerpo y lo mantiene en buena forma.\r\n    <\/p>\r\n    <h2>\r\n      Materiales que se pueden utilizar durante una sesi\u00f3n de abdo de hormig\u00f3n\r\n    <\/h2>\r\n    <p>\r\n      Ya sea en solitario o en centro deportivos, el seguimiento de una sesi\u00f3n \r\n      concreta de abdo siempre requiere de materiales para el usuario. Para \r\n      aquellos que no puedan continuar con unas sesiones cl\u00e1sicas de \r\n      abdominales y gl\u00fateos, siguen existiendo otros tipos de \r\n      m\u00e1quinas.&nbsp;Gracias a sus prestaciones, \u00e9stas ofrecer\u00e1n un programa de \r\n      abdo est\u00e1ndar sin riesgo de fatiga, todos los presupuestos permiten un \r\n      buen soporte para los abdominales, ya que siempre hay m\u00e1quinas \r\n      disponibles a mejor precio. El cintur\u00f3n vibratorio, por ejemplo, ayudar\u00e1 \r\n      a muscular el cuerpo sin hacer mucho esfuerzo, este es tambi\u00e9n el caso \r\n      de los equipos de competici\u00f3n en centro deportivos. Para las personas a \r\n      las que les gusta hacer deporte en casa, el dispositivo con \r\n      reposacabezas y asa tambi\u00e9n es ideal para los m\u00fasculos abdominales, es \r\n      un dispositivo asequible y adecuado para los principiantes, los \r\n      movimientos son f\u00e1ciles de realizar gracias a su completo soporte, \r\n      incluso proporciona un buen soporte para la espalda y las v\u00e9rtebras \r\n      cervicales. Pero si se dispone de medios econ\u00f3micos suficientes, tambi\u00e9n \r\n      es factible realizar una suscripci\u00f3n en un gimnasio, de este modo, todos \r\n      los usuarios tendr\u00e1n acceso a una amplia gama de equipos, as\u00ed, los \r\n      m\u00fasculos abdominales estar\u00e1n bien trabajados y bajo el control de un \r\n      entrenador.\r\n    <\/p>\r\n    <h2>\r\n      M\u00e9todos utilizados para obtener abs\r\n    <\/h2>\r\n    <p>\r\n      Para conseguir unos abdominales concretos, lo primero que hay que hacer \r\n      es entrenar todos los m\u00fasculos del cuerpo, adem\u00e1s, los m\u00fasculos son los \r\n      primeros quemadores de grasa, para contraerse, simplemente se necesita \r\n      energ\u00eda. Por eso es crucial quemar calor\u00edas durante el ejercicio. No es \r\n      aconsejable empezar a entrenar abdominales para lograr una buena \r\n      postura, es fundamental hacer este tipo de movimientos f\u00edsicos, tambi\u00e9n \r\n      hay que tener en cuenta que no es bueno empezar la sesi\u00f3n con esto. Es \r\n      importante comenzar con los cl\u00e1sicos ejercicios abdominales para que los \r\n      m\u00fasculos est\u00e9n bien trabajados, el cl\u00e1sico movimiento abdominal dobla o \r\n      enrolla la columna vertebral. A continuaci\u00f3n, debes centrarte en los \r\n      ejercicios de envoltura para que los m\u00fasculos trabajen mucho m\u00e1s, \r\n      incluso ayudan a fortalecer la pelvis y los m\u00fasculos lumbares, la sesi\u00f3n \r\n      de enfundado estabiliza la columna vertebral y la lleva a una alineaci\u00f3n \r\n      natural. Hay un mont\u00f3n de ejercicios fuera de la tabla horizontal y \r\n      lateral y las flexiones. S\u00f3lo hay que se\u00f1alar que no es necesario pasar \r\n      horas practicando el revestimiento, unos pocos minutos de enfundado al \r\n      d\u00eda ser\u00e1n suficientes para perfeccionar los abdominales, este ritmo har\u00e1 \r\n      que los m\u00fasculos se calienten y sean m\u00e1s operativos para las siguientes \r\n      sesiones.\r\n    <\/p>\r\n    <p>\r\n      El control perfecto del tablero tambi\u00e9n es esencial. Este tipo de \r\n      ejercicio es ideal para la contracci\u00f3n de los m\u00fasculos de la columna \r\n      vertebral, es una t\u00e9cnica \u00fatil dado que hace que el tronco sea r\u00edgido, \r\n      s\u00f3lo tienes que pedirle a un compa\u00f1ero que te eche una mano para ponerte \r\n      en posici\u00f3n de tabla, y no olvides mantener tu cuerpo en movimiento \r\n      todos los d\u00edas. Los entrenadores siguen ofreciendo a sus clientes un \r\n      buen entrenamiento en funci\u00f3n de su accesibilidad. Como se ha mencionado \r\n      en la informaci\u00f3n anterior, el culturismo cl\u00e1sico es un entrenamiento \r\n      prioritario, no lo hagas solo haz un ejercicio que implique los mismos \r\n      m\u00fasculos.\r\n    <\/p>\r\n    <h2>\r\n      Semana de entrenamiento t\u00edpica, un programa deportivo ideal para \r\n      conseguir abs\r\n    <\/h2>\r\n    <p>\r\n      Aparte de los diferentes m\u00e9todos para conseguir abdominales concretos, \r\n      tambi\u00e9n es posible seguir una semana t\u00edpica de entrenamiento. Los que \r\n      consigan continuar con este programa durante un mes tendr\u00e1n sin duda un \r\n      vientre plano y por supuesto un abdo concreto. El lunes, es \r\n      imprescindible dedicar una sesi\u00f3n al gran derecho con la medici\u00f3n del \r\n      busto, debes seguir la elevaci\u00f3n de la pelvis y el enfundado frontal. El \r\n      martes, debes cambiar a la aspiraci\u00f3n, la sesi\u00f3n debe utilizarse para \r\n      los oblicuos con la rotaci\u00f3n de elevaci\u00f3n del busto y la elevaci\u00f3n \r\n      lateral de las piernas. Esta sesi\u00f3n tendr\u00e1 lugar el mi\u00e9rcoles y \r\n      terminar\u00e1 con el revestimiento lateral. Al llegar el jueves, todav\u00eda se \r\n      recomienda realizar el vac\u00edo. Y el viernes, es decir, la tercera sesi\u00f3n, \r\n      debes hacer las lumbares con extensi\u00f3n de busto y una elevaci\u00f3n lateral \r\n      de piernas. La recuperaci\u00f3n es esencial despu\u00e9s de todas estas sesiones \r\n      y antes de volver a la primera sesi\u00f3n del domingo. Para m\u00e1s informaci\u00f3n \r\n      sobre este programa deportivo, es posible pedir consejo a un entrenador \r\n      personal, es la \u00fanica persona que podr\u00e1 ofrecer consejos y tambi\u00e9n \r\n      coaching.\r\n    <\/p>\r\n    <br>\t\t<\/div>\n\t\t\t\t<\/div>\n\t\t\t\t\t<\/div>\n\t\t<\/div>\n\t\t\t\t\t\t\t<\/div>\n\t\t<\/section>\n\t\t\t\t\t\t<\/div>\n\t\t\t\t\t<\/div>\n\t\t","protected":false},"excerpt":{"rendered":"<p>Para fortalecer los m\u00fasculos abdominales o la cintura, es necesario seguir y respetar una especie&hellip;<\/p>\n","protected":false},"author":71,"featured_media":31543,"parent":24683,"menu_order":0,"comment_status":"closed","ping_status":"closed","template":"template_ES.php","meta":[],"_links":{"self":[{"href":"https:\/\/www.ericfavre.com\/lifestyle\/es\/wp-json\/wp\/v2\/pages\/24852"}],"collection":[{"href":"https:\/\/www.ericfavre.com\/lifestyle\/es\/wp-json\/wp\/v2\/pages"}],"about":[{"href":"https:\/\/www.ericfavre.com\/lifestyle\/es\/wp-json\/wp\/v2\/types\/page"}],"author":[{"embeddable":true,"href":"https:\/\/www.ericfavre.com\/lifestyle\/es\/wp-json\/wp\/v2\/users\/71"}],"replies":[{"embeddable":true,"href":"https:\/\/www.ericfavre.com\/lifestyle\/es\/wp-json\/wp\/v2\/comments?post=24852"}],"version-history":[{"count":6,"href":"https:\/\/www.ericfavre.com\/lifestyle\/es\/wp-json\/wp\/v2\/pages\/24852\/revisions"}],"predecessor-version":[{"id":24893,"href":"https:\/\/www.ericfavre.com\/lifestyle\/es\/wp-json\/wp\/v2\/pages\/24852\/revisions\/24893"}],"up":[{"embeddable":true,"href":"https:\/\/www.ericfavre.com\/lifestyle\/es\/wp-json\/wp\/v2\/pages\/24683"}],"wp:featuredmedia":[{"embeddable":true,"href":"https:\/\/www.ericfavre.com\/lifestyle\/es\/wp-json\/wp\/v2\/media\/31543"}],"wp:attachment":[{"href":"https:\/\/www.ericfavre.com\/lifestyle\/es\/wp-json\/wp\/v2\/media?parent=24852"}],"curies":[{"name":"wp","href":"https:\/\/api.w.org\/{rel}","templated":true}]}}