{"id":2486,"date":"2021-06-03T19:58:46","date_gmt":"2021-06-03T17:58:46","guid":{"rendered":"https:\/\/www.ericfavre.com\/lifestyle\/es\/?page_id=2486"},"modified":"2021-12-28T16:06:56","modified_gmt":"2021-12-28T15:06:56","slug":"arginina","status":"publish","type":"page","link":"https:\/\/www.ericfavre.com\/lifestyle\/es\/bienvenida\/nutricion-deportiva\/complementos-alimenticios\/complementos-alimenticios-segun-sus-objetivos-deportivos\/los-diferentes-tipos-de-aminoacidos\/arginina\/","title":{"rendered":"ARGININA"},"content":{"rendered":"\t\t<div data-elementor-type=\"wp-page\" data-elementor-id=\"2486\" class=\"elementor elementor-2486\" data-elementor-settings=\"[]\">\n\t\t\t\t\t\t\t<div class=\"elementor-section-wrap\">\n\t\t\t\t\t\t\t<section class=\"penci-section penci-disSticky penci-structure-10 elementor-section elementor-top-section elementor-element elementor-element-3bc4106 elementor-section-boxed elementor-section-height-default elementor-section-height-default\" data-id=\"3bc4106\" data-element_type=\"section\">\n\t\t\t\t\t\t<div class=\"elementor-container elementor-column-gap-default\">\n\t\t\t\t\t<div class=\"penci-ercol-100 penci-ercol-order-1 penci-sticky-ct  elementor-column elementor-col-100 elementor-top-column elementor-element elementor-element-53b8dd2\" data-id=\"53b8dd2\" data-element_type=\"column\">\n\t\t\t<div class=\"elementor-widget-wrap elementor-element-populated\">\n\t\t\t\t\t\t\t\t<div class=\"elementor-element elementor-element-68e6680 elementor-widget elementor-widget-html\" data-id=\"68e6680\" data-element_type=\"widget\" data-widget_type=\"html.default\">\n\t\t\t\t<div class=\"elementor-widget-container\">\n\t\t\t<p>\r\n      La arginina es un amino\u00e1cido semiesencial que se encuentra en muchos \r\n      complementos&nbsp;&nbsp;dedicados al culturismo.\r\n    <\/p>\r\n    <p>\r\n      \u00bfPero para qu\u00e9 sirve la arginina?\r\n    <\/p>\r\n    <h2>\r\n      La arginina es un amino\u00e1cido b\u00e1sico semi-esencial*.\r\n    <\/h2>\r\n    <p>\r\n      Esto significa que un organismo adulto puede sintetizarlo normalmente \r\n      seg\u00fan sus necesidades, pero que puede ser necesario un aporte externo \r\n      debido a ciertas carencias o tras un traumatismo importante. Este \r\n      amino\u00e1cido representa alrededor del 7% de los amino\u00e1cidos de las \r\n      prote\u00ednas de nuestro cuerpo, es el precursor del fosfato de creatina y \r\n      participa en el metabolismo del ciclo de la urea.\r\n    <\/p>\r\n    <p>\r\n      El mon\u00f3xido de nitr\u00f3geno u \u00f3xido n\u00edtrico (NO) es sintetizado \r\n      naturalmente por el organismo a partir de arginina y ox\u00edgeno por las \r\n      enzimas NOS (\u00f3xido n\u00edtrico sintetasas). Este \u00f3xido n\u00edtrico relaja los \r\n      vasos sangu\u00edneos y regula su flexibilidad, lo que mejora la circulaci\u00f3n \r\n      y reduce la presi\u00f3n arterial.\r\n    <\/p>\r\n    <p>\r\n      Como han puesto de relieve los descubrimientos del Dr.L.Ignarro, Premio \r\n      Nobel de Medicina (1998), la arginina, en combinaci\u00f3n con el \u00e1cido \r\n      f\u00f3lico, proporciona una protecci\u00f3n eficaz contra las enfermedades del \r\n      coraz\u00f3n. Se puede asociar su acci\u00f3n sobre el crecimiento del cabello. El \r\n      \u00f3xido n\u00edtrico, potente vasodilatador, al abrir los canales de potasio \r\n      (en la c\u00e9lula) estimular\u00e1 la irrigaci\u00f3n de sus ra\u00edces, por lo tanto, la \r\n      arginina tiene muchos beneficios.\r\n    <\/p>\r\n    <h2>\r\n      La arginina reduce la resistencia a la insulina y aumenta la tolerancia \r\n      a la glucosa.\r\n    <\/h2>\r\n    <p>\r\n      Estimula la formaci\u00f3n de col\u00e1geno y el crecimiento de los osteoblastos \r\n      que est\u00e1n en el origen del desarrollo de la masa \u00f3sea (lo que puede ser \r\n      una ventaja en la lucha contra la osteoporosis), asociado a la ornitina \r\n      y a la glutamina, por su acci\u00f3n com\u00fan de desintoxicaci\u00f3n, favorecer\u00e1 el \r\n      sue\u00f1o. Por \u00faltimo, como precursor biol\u00f3gico del \u00f3xido n\u00edtrico, la \r\n      arginina reduce los niveles de colesterol. Estas son algunas razones \r\n      para tomar arginina.\r\n    <\/p>\r\n    <p>\r\n      <em>*Los amino\u00e1cidos b\u00e1sicos son la arginina, la lisina y la histidina a \r\n      los que se puede asociar la ornitina.<\/em>\r\n    <\/p>\r\n    <h2>\r\n      Fuentes alimentarias de arginina\r\n    <\/h2>\r\n    <p>\r\n      Carne roja, Aves de corral, Pescado, Legumbres, Avena, Arroz integral, \r\n      Productos l\u00e1cteos, Frutos secos, Avellanas.\r\n    <\/p>\r\n    <h2>\r\n      HIST\u00d3RICO\r\n    <\/h2>\r\n    <p>\r\n      1886 : Se a\u00edsla por primera vez.\r\n    <\/p>\r\n    <p>\r\n      1932 : Demuestra su papel en el metabolismo de la urea.\r\n    <\/p>\r\n    <p>\r\n      1939 : Descubrimiento de su participaci\u00f3n en la s\u00edntesis de la creatina.\r\n    <\/p>\r\n    <p>\r\n      1998 : El Dr.Louis Ignarro recibe el Premio Nobel de Medicina (junto con \r\n      los doctores R.Fuchgott y F.Murad) por descubrir la acci\u00f3n del \u00f3xido \r\n      n\u00edtrico en la prevenci\u00f3n de las enfermedades del coraz\u00f3n.\r\n    <\/p>\t\t<\/div>\n\t\t\t\t<\/div>\n\t\t\t\t\t<\/div>\n\t\t<\/div>\n\t\t\t\t\t\t\t<\/div>\n\t\t<\/section>\n\t\t\t\t\t\t<\/div>\n\t\t\t\t\t<\/div>\n\t\t","protected":false},"excerpt":{"rendered":"<p>La arginina es un amino\u00e1cido semiesencial que se encuentra en muchos complementos&nbsp;&nbsp;dedicados al culturismo. \u00bfPero&hellip;<\/p>\n","protected":false},"author":71,"featured_media":33804,"parent":2192,"menu_order":0,"comment_status":"closed","ping_status":"closed","template":"template_ES.php","meta":[],"_links":{"self":[{"href":"https:\/\/www.ericfavre.com\/lifestyle\/es\/wp-json\/wp\/v2\/pages\/2486"}],"collection":[{"href":"https:\/\/www.ericfavre.com\/lifestyle\/es\/wp-json\/wp\/v2\/pages"}],"about":[{"href":"https:\/\/www.ericfavre.com\/lifestyle\/es\/wp-json\/wp\/v2\/types\/page"}],"author":[{"embeddable":true,"href":"https:\/\/www.ericfavre.com\/lifestyle\/es\/wp-json\/wp\/v2\/users\/71"}],"replies":[{"embeddable":true,"href":"https:\/\/www.ericfavre.com\/lifestyle\/es\/wp-json\/wp\/v2\/comments?post=2486"}],"version-history":[{"count":7,"href":"https:\/\/www.ericfavre.com\/lifestyle\/es\/wp-json\/wp\/v2\/pages\/2486\/revisions"}],"predecessor-version":[{"id":35609,"href":"https:\/\/www.ericfavre.com\/lifestyle\/es\/wp-json\/wp\/v2\/pages\/2486\/revisions\/35609"}],"up":[{"embeddable":true,"href":"https:\/\/www.ericfavre.com\/lifestyle\/es\/wp-json\/wp\/v2\/pages\/2192"}],"wp:featuredmedia":[{"embeddable":true,"href":"https:\/\/www.ericfavre.com\/lifestyle\/es\/wp-json\/wp\/v2\/media\/33804"}],"wp:attachment":[{"href":"https:\/\/www.ericfavre.com\/lifestyle\/es\/wp-json\/wp\/v2\/media?parent=2486"}],"curies":[{"name":"wp","href":"https:\/\/api.w.org\/{rel}","templated":true}]}}