{"id":25012,"date":"2021-06-24T19:24:57","date_gmt":"2021-06-24T17:24:57","guid":{"rendered":"https:\/\/www.ericfavre.com\/lifestyle\/es\/?page_id=25012"},"modified":"2021-09-16T10:39:48","modified_gmt":"2021-09-16T08:39:48","slug":"fortalecimiento-de-los-abdominales","status":"publish","type":"page","link":"https:\/\/www.ericfavre.com\/lifestyle\/es\/bienvenida\/musculacion\/anatomia-metodos-y-ejercicios-de-musculacion\/la-anatomia-en-el-culturismo\/abdominales\/fortalecimiento-de-los-abdominales\/","title":{"rendered":"FORTALECIMIENTO DE LOS  ABDOMINALES"},"content":{"rendered":"\t\t<div data-elementor-type=\"wp-page\" data-elementor-id=\"25012\" class=\"elementor elementor-25012\" data-elementor-settings=\"[]\">\n\t\t\t\t\t\t\t<div class=\"elementor-section-wrap\">\n\t\t\t\t\t\t\t<section class=\"penci-section penci-disSticky penci-structure-10 elementor-section elementor-top-section elementor-element elementor-element-fea3097 elementor-section-boxed elementor-section-height-default elementor-section-height-default\" data-id=\"fea3097\" data-element_type=\"section\">\n\t\t\t\t\t\t<div class=\"elementor-container elementor-column-gap-default\">\n\t\t\t\t\t<div class=\"penci-ercol-100 penci-ercol-order-1 penci-sticky-ct  elementor-column elementor-col-100 elementor-top-column elementor-element elementor-element-d3f3e76\" data-id=\"d3f3e76\" data-element_type=\"column\">\n\t\t\t<div class=\"elementor-widget-wrap elementor-element-populated\">\n\t\t\t\t\t\t\t\t<div class=\"elementor-element elementor-element-fe7e0da elementor-widget elementor-widget-html\" data-id=\"fe7e0da\" data-element_type=\"widget\" data-widget_type=\"html.default\">\n\t\t\t\t<div class=\"elementor-widget-container\">\n\t\t\t<p>\r\n      Uno de los entrenamientos reconocidos para trabajar los m\u00fasculos es el \r\n      enfundado. Este es un ejercicio f\u00e1cil y no requiere el uso de equipo, \r\n      para trabajar bien los m\u00fasculos abdominales, es la mejor soluci\u00f3n. \r\n      Utilizado de forma isom\u00e9trica, cualquiera puede practicarlo, ya sea un \r\n      principiante o un experto, para recuperar la forma y ganar equilibrio, \r\n      es esencial consolidar profundamente los m\u00fasculos. En un momento en el \r\n      que se recomiendan estrictamente los abdominales hipopresivos, el \r\n      soporte abdominal juega un papel importante.\r\n    <\/p>\r\n    <h2>\r\n      Entrenamiento abdominal, un entrenamiento seguro para desarrollar los \r\n      m\u00fasculos abdominales\r\n    <\/h2>\r\n    <p>\r\n      Practicada a menudo en el \u00e1mbito deportivo, la envoltura abdominal es, \r\n      una vez m\u00e1s, un ejercicio adecuado para los m\u00fasculos abdominales. Para \r\n      una preparaci\u00f3n f\u00edsica o una sesi\u00f3n de fitness, es imprescindible optar \r\n      por la funda ventral, esto es ideal para el entrenamiento de fuerza y \r\n      para el ejercicio de rehabilitaci\u00f3n. Con sus opciones de entrenamiento y \r\n      la relaci\u00f3n calidad\/eficacia\/seguridad, esta combinaci\u00f3n vertical es el \r\n      deporte perfecto.\r\n    <\/p>\r\n    <p>\r\n      Desde hace varios a\u00f1os, se ha confirmado que el movimiento abdominal \r\n      cl\u00e1sico, como el crunch, tiene efectos indeseables, especialmente en el \r\n      suelo p\u00e9lvico. Seg\u00fan el consejo de un profesional de la salud, este tipo \r\n      de ejercicio deportivo puede acelerar las erupciones de los \u00f3rganos, los \r\n      individuos que deseen fortalecer sus abdominales, tendr\u00e1n que implicarse \r\n      mucho m\u00e1s en los entrenamientos hipopresivos durante las sesiones.\r\n    <\/p>\r\n    <p>\r\n      Mediante la isometr\u00eda, el enfundado es un ejercicio seguro y con poco \r\n      riesgo de lesi\u00f3n, adem\u00e1s, es posible hacerlo dondequiera, ya sea sin \r\n      equipo o con \u00e9l, se adapta a todos los niveles, incluso despu\u00e9s de la \r\n      primera sesi\u00f3n, es posible obtener beneficios.\r\n    <\/p>\r\n    <h2>\r\n      \u00bfQu\u00e9 m\u00fasculos se necesitan durante este entrenamiento?\r\n    <\/h2>\r\n    <p>\r\n      El enfundado es un movimiento deportivo que reafirma los m\u00fasculos \r\n      abdominales. Requiere no s\u00f3lo el transverso y los oblicuos del abdomen, \r\n      tambi\u00e9n el recto abdominal, debido a las partes del abdomen que est\u00e1n \r\n      bajo tensi\u00f3n, te permite tener un abdomen plano, al estar en apoyo sobre \r\n      los brazos, se desarrollan m\u00fasculos como los deltoides, tr\u00edceps y \r\n      b\u00edceps, por \u00faltimo, la aprehensi\u00f3n, as\u00ed como el mantenimiento de la \r\n      estabilidad, permiten recuperar tanto los dorsales como los gl\u00fateos. Los \r\n      isquiotibiales y los cu\u00e1driceps son algunos de los m\u00fasculos a los que se \r\n      recurre tras realizar este ejercicio.\r\n    <\/p>\r\n    <h2>\r\n      \u00bfPor qu\u00e9 hacer una faja abdominal?\r\n    <\/h2>\r\n    <p>\r\n      Este entrenamiento de envoltura abdominal no s\u00f3lo proporciona una \r\n      ganancia de masa muscular en la zona abdominal, el objetivo principal es \r\n      fortalecer los m\u00fasculos r\u00e1pidamente, adem\u00e1s, la plancha aporta nuevas \r\n      transmisiones de fuerzas tanto en la parte superior como en la inferior \r\n      del cuerpo, esta transmisi\u00f3n de resistencias tambi\u00e9n se observa durante \r\n      el trabajo de equilibrio seg\u00fan las variantes realizadas. Hay que tener \r\n      en cuenta que el enfundado abdominal no es un deporte que permita perder \r\n      la barriga. Es posible que su funci\u00f3n sobre los abdominales pueda \r\n      aportar algunos cent\u00edmetros de circunferencia de la cintura, aparte de \r\n      eso, todav\u00eda no ayuda a eliminar la grasa abdominal.\r\n    <\/p>\r\n    <h2>\r\n      \u00bfC\u00f3mo practicar correctamente este ejercicio?\r\n    <\/h2>\r\n    <p>\r\n      Para realizar una plancha correctamente, es imprescindible seguir \r\n      ciertos consejos. Para fortalecer los m\u00fasculos, es necesario realizar \r\n      algunos ejercicios militares, incluso se recomienda continuar con los \r\n      siguientes pasos de fortalecimiento muscular:\r\n    <\/p>\r\n    <p>\r\n      - mantener las curvas sin pulsarlas\r\n    <\/p>\r\n    <p>\r\n      - hacer un movimiento de autocrecimiento, es decir, tirar de la parte \r\n      superior del cr\u00e1neo hacia delante\r\n    <\/p>\r\n    <p>\r\n      - solidificar despu\u00e9s de los hombros\r\n    <\/p>\r\n    <p>\r\n      - bloqueo de abdominales y gl\u00fateos\r\n    <\/p>\r\n    <p>\r\n      - fijar el pozo al suelo\r\n    <\/p>\r\n    <p>\r\n      Al contrario que en este caso, si el objetivo es desarrollar la \r\n      capacidad de cerrar las correas, es fundamental seguir unos pasos:\r\n    <\/p>\r\n    <p>\r\n      - aprieta los gl\u00fateos as\u00ed como los abdominales\r\n    <\/p>\r\n    <p>\r\n      - invierte la pelvis, lo que significa doblar la parte inferior de la \r\n      espalda\r\n    <\/p>\r\n    <p>\r\n      - empujar los hombros y los codos hacia el suelo\r\n    <\/p>\r\n    <p>\r\n      - reintegraci\u00f3n del chin\r\n    <\/p>\r\n    <h2>\r\n      Descubrir algunas variaciones de la envoltura abdominal\r\n    <\/h2>\r\n    <p>\r\n      Para obtener resultados eficaces, lo mejor es conocer algunos tipos de \r\n      plancha, por lo general, lo mejor es empezar con b\u00e1sicos, despu\u00e9s, \r\n      deber\u00edas pasar a ejercicios m\u00e1s avanzados.\r\n    <\/p>\r\n    <p>\r\n      La plancha b\u00e1siao se llama simplemente plancha frontal. Este ejercicio \r\n      b\u00e1sico permite que los m\u00fasculos se desarrollen de forma progresiva y \r\n      sostenida, en caso de que este entrenamiento se realice de forma poco \r\n      definida, seguro que provocar\u00e1 dolores de espalda, especialmente en la \r\n      regi\u00f3n lumbar, adem\u00e1s, no se puede trabajar bien la faja abdominal.\r\n    <\/p>\r\n    <p>\r\n      Tambi\u00e9n existe plancha mas avanzada. Despu\u00e9s de hacer esta versi\u00f3n \r\n      cl\u00e1sica, puede resultar demasiado simple incluso con un poco de \r\n      pr\u00e1ctica, aunque estos pocos minutos sean suficientes, es el momento de \r\n      tener una evoluci\u00f3n en la faja abdominal. S\u00f3lo que es imprescindible \r\n      utilizar un banco, esto te permitir\u00e1 aumentar los puntos de apoyo \r\n      manteniendo el mismo tecnicismo b\u00e1sico. Para trabajar los m\u00fasculos \r\n      estabilizadores, por ejemplo, hay que levantar la pierna.\r\n    <\/p>\r\n    <p>\r\n      Con la envoltura lateral o ventral, la musculatura se vuelve m\u00e1s \r\n      armoniosa y m\u00e1s desarrollada, la cadena muscular se vuelve m\u00e1s enlazada. \r\n      Para hacer este ejercicio m\u00e1s complejo, hay que levantar la pierna o el \r\n      brazo del cuerpo para que la posici\u00f3n sea un poco vulnerable, por \r\n      \u00faltimo, el respaldo sigue siendo un entrenamiento basado en los m\u00fasculos \r\n      espinales y paravertebrales, tambi\u00e9n se centra en los isquiones de las \r\n      piernas, los gl\u00fateos y, por supuesto, los m\u00fasculos abdominales. El \r\n      cambio de la vaina ventral y lateral trae una cadena posterior m\u00e1s \r\n      estresada. La inestabilidad es una buena t\u00e9cnica para combinar esta \r\n      envoltura abdominal mientras se levanta el pie o se utiliza una pelota \r\n      suiza.\r\n    <\/p>\t\t<\/div>\n\t\t\t\t<\/div>\n\t\t\t\t\t<\/div>\n\t\t<\/div>\n\t\t\t\t\t\t\t<\/div>\n\t\t<\/section>\n\t\t\t\t\t\t<\/div>\n\t\t\t\t\t<\/div>\n\t\t","protected":false},"excerpt":{"rendered":"<p>Uno de los entrenamientos reconocidos para trabajar los m\u00fasculos es el enfundado. Este es un&hellip;<\/p>\n","protected":false},"author":71,"featured_media":31522,"parent":24683,"menu_order":0,"comment_status":"closed","ping_status":"closed","template":"template_ES.php","meta":[],"_links":{"self":[{"href":"https:\/\/www.ericfavre.com\/lifestyle\/es\/wp-json\/wp\/v2\/pages\/25012"}],"collection":[{"href":"https:\/\/www.ericfavre.com\/lifestyle\/es\/wp-json\/wp\/v2\/pages"}],"about":[{"href":"https:\/\/www.ericfavre.com\/lifestyle\/es\/wp-json\/wp\/v2\/types\/page"}],"author":[{"embeddable":true,"href":"https:\/\/www.ericfavre.com\/lifestyle\/es\/wp-json\/wp\/v2\/users\/71"}],"replies":[{"embeddable":true,"href":"https:\/\/www.ericfavre.com\/lifestyle\/es\/wp-json\/wp\/v2\/comments?post=25012"}],"version-history":[{"count":6,"href":"https:\/\/www.ericfavre.com\/lifestyle\/es\/wp-json\/wp\/v2\/pages\/25012\/revisions"}],"predecessor-version":[{"id":25048,"href":"https:\/\/www.ericfavre.com\/lifestyle\/es\/wp-json\/wp\/v2\/pages\/25012\/revisions\/25048"}],"up":[{"embeddable":true,"href":"https:\/\/www.ericfavre.com\/lifestyle\/es\/wp-json\/wp\/v2\/pages\/24683"}],"wp:featuredmedia":[{"embeddable":true,"href":"https:\/\/www.ericfavre.com\/lifestyle\/es\/wp-json\/wp\/v2\/media\/31522"}],"wp:attachment":[{"href":"https:\/\/www.ericfavre.com\/lifestyle\/es\/wp-json\/wp\/v2\/media?parent=25012"}],"curies":[{"name":"wp","href":"https:\/\/api.w.org\/{rel}","templated":true}]}}