{"id":25579,"date":"2021-06-24T19:34:48","date_gmt":"2021-06-24T17:34:48","guid":{"rendered":"https:\/\/www.ericfavre.com\/lifestyle\/es\/?page_id=25579"},"modified":"2021-09-30T17:14:34","modified_gmt":"2021-09-30T15:14:34","slug":"pectorales","status":"publish","type":"page","link":"https:\/\/www.ericfavre.com\/lifestyle\/es\/bienvenida\/musculacion\/anatomia-metodos-y-ejercicios-de-musculacion\/la-anatomia-en-el-culturismo\/pectorales\/","title":{"rendered":"PECTORALES"},"content":{"rendered":"\t\t<div data-elementor-type=\"wp-page\" data-elementor-id=\"25579\" class=\"elementor elementor-25579\" data-elementor-settings=\"[]\">\n\t\t\t\t\t\t\t<div class=\"elementor-section-wrap\">\n\t\t\t\t\t\t\t<section class=\"penci-section penci-disSticky penci-structure-10 elementor-section elementor-top-section elementor-element elementor-element-94852f1 elementor-section-boxed elementor-section-height-default elementor-section-height-default\" data-id=\"94852f1\" data-element_type=\"section\">\n\t\t\t\t\t\t<div class=\"elementor-container elementor-column-gap-default\">\n\t\t\t\t\t<div class=\"penci-ercol-100 penci-ercol-order-1 penci-sticky-ct  elementor-column elementor-col-100 elementor-top-column elementor-element elementor-element-4162ee0\" data-id=\"4162ee0\" data-element_type=\"column\">\n\t\t\t<div class=\"elementor-widget-wrap elementor-element-populated\">\n\t\t\t\t\t\t\t\t<div class=\"elementor-element elementor-element-dd261a1 elementor-widget elementor-widget-html\" data-id=\"dd261a1\" data-element_type=\"widget\" data-widget_type=\"html.default\">\n\t\t\t\t<div class=\"elementor-widget-container\">\n\t\t\t<p>\r\n      2 grupos musculares&nbsp;componen los pectorales :\r\n    <\/p>\r\n    <p>\r\n      - el gran pectoral,\r\n    <\/p>\r\n    <p>\r\n      - el peque\u00f1o pectoral.\r\n    <\/p>\r\n    <h2>\r\n      El gran pectoral\r\n    <\/h2>\r\n    <p>\r\n      Como un abanico, el gran pectoral presenta 4 puntos de partida. Son :\r\n    <\/p>\r\n    <p>\r\n      - la clav\u00edcula,\r\n    <\/p>\r\n    <p>\r\n      - el estern\u00f3n,\r\n    <\/p>\r\n    <p>\r\n      - la sexta y s\u00e9ptima costillas,\r\n    <\/p>\r\n    <p>\r\n      - el h\u00famero.\r\n    <\/p>\r\n    <p>\r\n      Las fibras m\u00e1s altas son paralelas al deltoides anterior. Forman la \r\n      porci\u00f3n clavicular o la parte superior del pectoral mayor.\r\n    <\/p>\r\n    <p>\r\n      Las fibras que est\u00e1n unidas al estern\u00f3n son horizontales. Forman la \r\n      porci\u00f3n esternal del pectoral mayor.\r\n    <\/p>\r\n    <p>\r\n      Las fibras inferiores est\u00e1n unidas a las costillas sexta y s\u00e9ptima. \r\n      Est\u00e1n en la misma l\u00ednea que el gran oblicuo del abdomen.\r\n    <\/p>\r\n    <p>\r\n      Todas las fibras del gran oblicuo, por su parte, terminan en un tend\u00f3n, \r\n      este tend\u00f3n tiene unos 8 cm de ancho. Gira 180\u00b0 antes de fijarse al \r\n      brazo superior, este movimiento hace que las fibras superiores del \r\n      pectoral mayor se fijen m\u00e1s abajo que las inferiores.\r\n    <\/p>\r\n    <p>\r\n      Esta caracter\u00edstica favorece las siguientes acciones musculares :\r\n    <\/p>\r\n    <p>\r\n      - la extensi\u00f3n: es la acci\u00f3n que permite, partiendo de una posici\u00f3n por \r\n      encima de la cabeza, llevar el brazo hacia abajo y hacia delante ;\r\n    <\/p>\r\n    <p>\r\n      - rotaci\u00f3n interna: su brazo realiza una rotaci\u00f3n interna ;\r\n    <\/p>\r\n    <p>\r\n      - aducci\u00f3n: es la acci\u00f3n que permite llevar el brazo hacia abajo y hacia \r\n      el lado desde una posici\u00f3n elevada ;\r\n    <\/p>\r\n    <p>\r\n      - Suministro horizontal: se lleva el brazo hacia el eje central del \r\n      cuerpo ;\r\n    <\/p>\r\n    <p>\r\n      - flexi\u00f3n (en menor grado): se levanta el brazo directamente delante de \r\n      uno.\r\n    <\/p>\r\n    <h2>\r\n      El peque\u00f1o pectoral\r\n    <\/h2>\r\n    <p>\r\n      El pectoral peque\u00f1o est\u00e1 en la parte inferior del pectoral grande. Su \r\n      contribuci\u00f3n a la formaci\u00f3n de la masa muscular pectoral es m\u00ednima, por \r\n      otro lado, participa en el movimiento de descenso y rotaci\u00f3n hacia \r\n      abajo, tambi\u00e9n confiere cierta estabilidad a la esc\u00e1pula, sin embargo, \r\n      no interfiere en los movimientos de los brazos, aunque los m\u00fasculos \r\n      pectorales grandes y peque\u00f1os trabajan coordinadamente.\r\n    <\/p>\r\n    <p>\r\n      Principalmente, cuando levantas el brazo por delante, el peque\u00f1o \r\n      pectoral lleva la esc\u00e1pula hacia fuera, al bajar el brazo desde una \r\n      posici\u00f3n por encima de la cabeza, el peque\u00f1o pectoral permitir\u00e1 que la \r\n      esc\u00e1pula rote hacia abajo.\r\n    <\/p>\r\n    <h2>\r\n      Algunos ejercicios para desarrollar los pectorales\r\n    <\/h2>\r\n    <ul>\r\n      <li>\r\n        Desarrollado recubierto\r\n      <\/li>\r\n      <li>\r\n        9 consejos para llevar a cabo el desarrollo revestido\r\n      <\/li>\r\n      <li>\r\n        Las variantes del desarrollo revestido\r\n      <\/li>\r\n      <li>\r\n        Los mejores ejercicios para los pectorales\r\n      <\/li>\r\n    <\/ul>\t\t<\/div>\n\t\t\t\t<\/div>\n\t\t\t\t\t<\/div>\n\t\t<\/div>\n\t\t\t\t\t\t\t<\/div>\n\t\t<\/section>\n\t\t\t\t\t\t<\/div>\n\t\t\t\t\t<\/div>\n\t\t","protected":false},"excerpt":{"rendered":"<p>2 grupos musculares&nbsp;componen los pectorales : &#8211; el gran pectoral, &#8211; el peque\u00f1o pectoral. El&hellip;<\/p>\n","protected":false},"author":71,"featured_media":31669,"parent":23353,"menu_order":0,"comment_status":"closed","ping_status":"closed","template":"template_ES.php","meta":[],"_links":{"self":[{"href":"https:\/\/www.ericfavre.com\/lifestyle\/es\/wp-json\/wp\/v2\/pages\/25579"}],"collection":[{"href":"https:\/\/www.ericfavre.com\/lifestyle\/es\/wp-json\/wp\/v2\/pages"}],"about":[{"href":"https:\/\/www.ericfavre.com\/lifestyle\/es\/wp-json\/wp\/v2\/types\/page"}],"author":[{"embeddable":true,"href":"https:\/\/www.ericfavre.com\/lifestyle\/es\/wp-json\/wp\/v2\/users\/71"}],"replies":[{"embeddable":true,"href":"https:\/\/www.ericfavre.com\/lifestyle\/es\/wp-json\/wp\/v2\/comments?post=25579"}],"version-history":[{"count":5,"href":"https:\/\/www.ericfavre.com\/lifestyle\/es\/wp-json\/wp\/v2\/pages\/25579\/revisions"}],"predecessor-version":[{"id":35697,"href":"https:\/\/www.ericfavre.com\/lifestyle\/es\/wp-json\/wp\/v2\/pages\/25579\/revisions\/35697"}],"up":[{"embeddable":true,"href":"https:\/\/www.ericfavre.com\/lifestyle\/es\/wp-json\/wp\/v2\/pages\/23353"}],"wp:featuredmedia":[{"embeddable":true,"href":"https:\/\/www.ericfavre.com\/lifestyle\/es\/wp-json\/wp\/v2\/media\/31669"}],"wp:attachment":[{"href":"https:\/\/www.ericfavre.com\/lifestyle\/es\/wp-json\/wp\/v2\/media?parent=25579"}],"curies":[{"name":"wp","href":"https:\/\/api.w.org\/{rel}","templated":true}]}}