{"id":25594,"date":"2021-06-24T19:35:28","date_gmt":"2021-06-24T17:35:28","guid":{"rendered":"https:\/\/www.ericfavre.com\/lifestyle\/es\/?page_id=25594"},"modified":"2021-09-16T10:54:35","modified_gmt":"2021-09-16T08:54:35","slug":"la-pressa-banca","status":"publish","type":"page","link":"https:\/\/www.ericfavre.com\/lifestyle\/es\/bienvenida\/musculacion\/anatomia-metodos-y-ejercicios-de-musculacion\/la-anatomia-en-el-culturismo\/pectorales\/la-pressa-banca\/","title":{"rendered":"LA PRESSA BANCA"},"content":{"rendered":"\t\t<div data-elementor-type=\"wp-page\" data-elementor-id=\"25594\" class=\"elementor elementor-25594\" data-elementor-settings=\"[]\">\n\t\t\t\t\t\t\t<div class=\"elementor-section-wrap\">\n\t\t\t\t\t\t\t<section class=\"penci-section penci-disSticky penci-structure-10 elementor-section elementor-top-section elementor-element elementor-element-eff53c6 elementor-section-boxed elementor-section-height-default elementor-section-height-default\" data-id=\"eff53c6\" data-element_type=\"section\">\n\t\t\t\t\t\t<div class=\"elementor-container elementor-column-gap-default\">\n\t\t\t\t\t<div class=\"penci-ercol-100 penci-ercol-order-1 penci-sticky-ct  elementor-column elementor-col-100 elementor-top-column elementor-element elementor-element-5c8dbc3\" data-id=\"5c8dbc3\" data-element_type=\"column\">\n\t\t\t<div class=\"elementor-widget-wrap elementor-element-populated\">\n\t\t\t\t\t\t\t\t<div class=\"elementor-element elementor-element-cdba66f elementor-widget elementor-widget-html\" data-id=\"cdba66f\" data-element_type=\"widget\" data-widget_type=\"html.default\">\n\t\t\t\t<div class=\"elementor-widget-container\">\n\t\t\t<p>\r\n      El press de banca, tambi\u00e9n conocido como &quot;bench press&quot; es el movimiento \r\n      esencial en el culturismo, desde el principiante hasta el profesional.\r\n    <\/p>\r\n    <h2>\r\n      LA PRESSA BANCA&nbsp;\r\n    <\/h2>\r\n    <p>\r\n      El press de banca es un ejercicio de fuerza y musculaci\u00f3n poliarticular, \r\n      conocido como un movimiento complejo es, sin embargo, considerado como \r\n      uno de los movimientos &quot;Rey&quot;.\r\n    <\/p>\r\n    <p>\r\n      Cualquier atleta y deportista que desee desarrollar un bonito pecho no \r\n      escatimar\u00e1 en este ejercicio, que aporta muchos beneficios para los \r\n      pectorales, tambi\u00e9n para los hombros y los tr\u00edceps.\r\n    <\/p>\r\n    <h2>\r\n      M\u00fasculos objetivo\r\n    <\/h2>\r\n    <p>\r\n      Desde el punto de vista anat\u00f3mico, la musculatura desarrollada en \r\n      dec\u00fabito hace hincapi\u00e9 principalmente en los pectorales, los deltoides \r\n      anteriores y los tr\u00edceps. En el segundo plano, encontramos el \r\n      coraco-braquial, el b\u00edceps, el subescapular, el gran dentado y el \r\n      peque\u00f1o pectoral que intervienen en sinergia con los pectorales, los \r\n      deltoides anteriores y el tr\u00edceps.\r\n    <\/p>\r\n    <p>\r\n      Tambi\u00e9n se solicitan el gran dorsal, el gran redondo, la porci\u00f3n larga \r\n      del tr\u00edceps y los romboides, estos \u00faltimos se ven sometidos a una \r\n      tensi\u00f3n m\u00e1s intensa en el especialista en desarrollo de revestimientos.\r\n    <\/p>\r\n    <p>\r\n      El desarrollador tumbado se utiliza en particular para desarrollar los \r\n      pectorales y, m\u00e1s concretamente, los haces mediales, esto permite dar \r\n      forma al pectoral y abultar el torso!\r\n    <\/p>\r\n    <p>\r\n      Es importante resaltar la importancia de hacer hincapi\u00e9 en los m\u00fasculos \r\n      antagonistas, es decir, los que realizan el movimiento contrario, para \r\n      conseguir un f\u00edsico est\u00e9tico y equilibrado, esto tambi\u00e9n evita posibles \r\n      patolog\u00edas del hombro, es decir, el deltoides posterior, el redondo \r\n      menor, el subespinoso, los romboides y el trapecio medio e inferior.\r\n    <\/p>\r\n    <p>\r\n      Dado que el desarrollo en dec\u00fabito supino es un movimiento de repulsi\u00f3n, \r\n      los m\u00fasculos antagonistas son, en efecto, los que realizan los \r\n      movimientos de tracci\u00f3n, como la tracci\u00f3n horizontal o vertical en \r\n      polea, la tracci\u00f3n o el remo.\r\n    <\/p>\r\n    <h2>\r\n      El desarrollo del reclinado: una forma de ponerse a prueba, desafiar y \r\n      compararse\r\n    <\/h2>\r\n    <p>\r\n      El desarrollo del reclinado es uno de los movimientos que permiten a \r\n      todo deportista poner a prueba sus l\u00edmites, desafiarse y compararse, en \r\n      primer lugar, consigo mismo y tambi\u00e9n con los dem\u00e1s. \u00a1Eso es! \u00bfQu\u00e9 \r\n      deportista no sue\u00f1a con ser el m\u00e1s fuerte de su habitaci\u00f3n en este \r\n      movimiento, con levantar m\u00e1s peso que los dem\u00e1s?\r\n    <\/p>\r\n    <p>\r\n      El press de banca es el movimiento por excelencia para medir la fuerza \r\n      de los miembros superiores, tambi\u00e9n hay que tener en cuenta que este \r\n      ejercicio se practica en la competici\u00f3n de Powerlifting (o Fuerza \r\n      Atl\u00e9tica). El r\u00e9cord mundial en press de banca prono crudo (sin equipo \r\n      de asistencia) es de 335kg.\r\n    <\/p>\r\n    .\r\n\r\n    <p>\r\n      Hay que tener cuidado de no sobreexplotar. Un individuo de 100 kg puede \r\n      hacer una repetici\u00f3n de 110 kg, pero no un individuo de 70 kg. Siempre \r\n      es importante encontrar el equilibrio entre el cuerpo y la carga que \r\n      lleva, por ejemplo, si un individuo pesa 60 kg, una repetici\u00f3n a 75 kg \r\n      es la mejor en la relaci\u00f3n fuerza\/peso del cuerpo (l.l vs.l.2)\r\n    <\/p>\r\n    <p>\r\n      La siguiente tabla te permite calibrar el ejercicio y compararte con tus \r\n      amigos y compa\u00f1eros de entrenamiento :\r\n    <\/p>\r\n    <p>\r\n      Ejemplo: Un individuo pesa 80kg, puede levantar un m\u00e1ximo de 110 kg en \r\n      una repetici\u00f3n. Para calcularlo: divide 110 entre 80 y obtendr\u00e1s 1,3. Su \r\n      nivel es &quot;avanzado&quot;.\r\n    <\/p>\r\n    <h2>\r\n      Las diferentes variantes de pressa banca\r\n    <\/h2>\r\n    <p>\r\n      La pressa banca tiene la ventaja de tener muchas variantes, es imposible \r\n      cansarse de este movimiento. He aqu\u00ed algunas variantes con su inter\u00e9s \r\n      explicado :\r\n    <\/p>\r\n    <ul>\r\n      <li>\r\n        &nbsp;En el suelo\r\n      <\/li>\r\n    <\/ul>\r\n    <p>\r\n      Su ventaja: mayor estabilidad con el punto de apoyo en el suelo.\r\n    <\/p>\r\n    <p>\r\n      Este posicionamiento es el que se debe utilizar para levantar barras \r\n      pesadas (de 1 a 8 repeticiones como m\u00e1ximo)\r\n    <\/p>\r\n    <ul>\r\n      <li>\r\n        Tumbado con los pies en alto\r\n      <\/li>\r\n    <\/ul>\r\n    <p>\r\n      Su inter\u00e9s: trabajo m\u00e1s muscular y localizado de los pectorales, \r\n      interesante en series largas (de 10 a 15 repeticiones m\u00e1ximas)\r\n    <\/p>\r\n    <ul>\r\n      <li>\r\n        Mancuernas tumbadas\r\n      <\/li>\r\n    <\/ul>\r\n    <p>\r\n      Su inter\u00e9s: aumento del estiramiento del gran pectoral, este movimiento \r\n      provoca un est\u00edmulo diferente para un completo fortalecimiento y \r\n      desarrollo del m\u00fasculo. Las mancuernas tambi\u00e9n son menos estables que la \r\n      barra, lo que permite un buen reclutamiento de los m\u00fasculos profundos y \r\n      estabilizadores.\r\n    <\/p>\r\n    <ul>\r\n      <li>\r\n        &nbsp;En posici\u00f3n vertical\r\n      <\/li>\r\n    <\/ul>\r\n    <p>\r\n      Su inter\u00e9s: mayor uso del tr\u00edceps\r\n    <\/p>\r\n    <ul>\r\n      <li>\r\n        &nbsp;Declinada\r\n      <\/li>\r\n    <\/ul>\r\n    <p>\r\n      Su inter\u00e9s: aumento de la tensi\u00f3n en la parte inferior de los pectorales\r\n    <\/p>\r\n    <ul>\r\n      <li>\r\n        Inclinada\r\n      <\/li>\r\n    <\/ul>\r\n    <p>\r\n      Su inter\u00e9s: aumento de la tensi\u00f3n en la parte superior de los pectorales \r\n      y deltoides anteriores\r\n    <\/p>\r\n    <ul>\r\n      <li>\r\n        Press de banca unilateral con mancuerna (con 1 brazo)\r\n      <\/li>\r\n    <\/ul>\r\n    <p>\r\n      Su inter\u00e9s: el aumento de la tensi\u00f3n en el tronco y la zona de la pelvis\r\n    <\/p>\r\n    <br>\t\t<\/div>\n\t\t\t\t<\/div>\n\t\t\t\t\t<\/div>\n\t\t<\/div>\n\t\t\t\t\t\t\t<\/div>\n\t\t<\/section>\n\t\t\t\t\t\t<\/div>\n\t\t\t\t\t<\/div>\n\t\t","protected":false},"excerpt":{"rendered":"<p>El press de banca, tambi\u00e9n conocido como &#8220;bench press&#8221; es el movimiento esencial en el&hellip;<\/p>\n","protected":false},"author":71,"featured_media":31676,"parent":25579,"menu_order":0,"comment_status":"closed","ping_status":"closed","template":"template_ES.php","meta":[],"_links":{"self":[{"href":"https:\/\/www.ericfavre.com\/lifestyle\/es\/wp-json\/wp\/v2\/pages\/25594"}],"collection":[{"href":"https:\/\/www.ericfavre.com\/lifestyle\/es\/wp-json\/wp\/v2\/pages"}],"about":[{"href":"https:\/\/www.ericfavre.com\/lifestyle\/es\/wp-json\/wp\/v2\/types\/page"}],"author":[{"embeddable":true,"href":"https:\/\/www.ericfavre.com\/lifestyle\/es\/wp-json\/wp\/v2\/users\/71"}],"replies":[{"embeddable":true,"href":"https:\/\/www.ericfavre.com\/lifestyle\/es\/wp-json\/wp\/v2\/comments?post=25594"}],"version-history":[{"count":6,"href":"https:\/\/www.ericfavre.com\/lifestyle\/es\/wp-json\/wp\/v2\/pages\/25594\/revisions"}],"predecessor-version":[{"id":25628,"href":"https:\/\/www.ericfavre.com\/lifestyle\/es\/wp-json\/wp\/v2\/pages\/25594\/revisions\/25628"}],"up":[{"embeddable":true,"href":"https:\/\/www.ericfavre.com\/lifestyle\/es\/wp-json\/wp\/v2\/pages\/25579"}],"wp:featuredmedia":[{"embeddable":true,"href":"https:\/\/www.ericfavre.com\/lifestyle\/es\/wp-json\/wp\/v2\/media\/31676"}],"wp:attachment":[{"href":"https:\/\/www.ericfavre.com\/lifestyle\/es\/wp-json\/wp\/v2\/media?parent=25594"}],"curies":[{"name":"wp","href":"https:\/\/api.w.org\/{rel}","templated":true}]}}