{"id":25944,"date":"2021-06-24T19:43:00","date_gmt":"2021-06-24T17:43:00","guid":{"rendered":"https:\/\/www.ericfavre.com\/lifestyle\/es\/?page_id=25944"},"modified":"2021-09-16T11:02:25","modified_gmt":"2021-09-16T09:02:25","slug":"peso-muerto-o-deadlift","status":"publish","type":"page","link":"https:\/\/www.ericfavre.com\/lifestyle\/es\/bienvenida\/musculacion\/anatomia-metodos-y-ejercicios-de-musculacion\/la-anatomia-en-el-culturismo\/ejercicios-poliarticulares\/peso-muerto-o-deadlift\/","title":{"rendered":"PESO MUERTO O DEADLIFT"},"content":{"rendered":"\t\t<div data-elementor-type=\"wp-page\" data-elementor-id=\"25944\" class=\"elementor elementor-25944\" data-elementor-settings=\"[]\">\n\t\t\t\t\t\t\t<div class=\"elementor-section-wrap\">\n\t\t\t\t\t\t\t<section class=\"penci-section penci-disSticky penci-structure-10 elementor-section elementor-top-section elementor-element elementor-element-b151997 elementor-section-boxed elementor-section-height-default elementor-section-height-default\" data-id=\"b151997\" data-element_type=\"section\">\n\t\t\t\t\t\t<div class=\"elementor-container elementor-column-gap-default\">\n\t\t\t\t\t<div class=\"penci-ercol-100 penci-ercol-order-1 penci-sticky-ct  elementor-column elementor-col-100 elementor-top-column elementor-element elementor-element-a706477\" data-id=\"a706477\" data-element_type=\"column\">\n\t\t\t<div class=\"elementor-widget-wrap elementor-element-populated\">\n\t\t\t\t\t\t\t\t<div class=\"elementor-element elementor-element-2f27787 elementor-widget elementor-widget-html\" data-id=\"2f27787\" data-element_type=\"widget\" data-widget_type=\"html.default\">\n\t\t\t\t<div class=\"elementor-widget-container\">\n\t\t\t<p>\r\n      Ya sea un principiante, un aficionado experimentado o un profesional, \r\n      puede elegir entre una amplia selecci\u00f3n de ejercicios de musculaci\u00f3n. \r\n      Entre los m\u00e1s populares est\u00e1 el deadlift, com\u00fanmente conocido como peso \r\n      muerto. \u00bfQu\u00e9 es un deadlift? \u00bfCu\u00e1les son sus ventajas y c\u00f3mo realizar \r\n      correctamente este tipo de ejercicio? Las respuestas est\u00e1n en este \r\n      art\u00edculo.\r\n    <\/p>\r\n    <h2>\r\n      Peso Muerto, qu\u00e9 es ?\r\n    <\/h2>\r\n    <p>\r\n      \u00bfTe gustar\u00eda trabajar y fortalecer los grandes grupos musculares de tu \r\n      cuerpo? Entonces el peso muerto es el entrenamiento ideal para ti. \r\n      Traducido como &quot; peso muerto&quot;, es un ejercicio de potencia o de fuerza \r\n      atl\u00e9tica.\r\n    <\/p>\r\n    <p>\r\n      Muy popular entre los entusiastas del crossfit, el peso muerto consiste \r\n      esencialmente en extender la cadera y los m\u00fasculos que la rodean, \r\n      tambi\u00e9n incluye todos los ejercicios de musculaci\u00f3n que requieren una \r\n      cierta estabilidad del torso, esto incluye levantar una carga desde el \r\n      suelo o desde la rodilla.\r\n    <\/p>\r\n    <h2>\r\n      3 buenas razones de hacer peso muerto\r\n    <\/h2>\r\n    <p>\r\n      La raz\u00f3n por la que el peso muerto es tan popular, es porque tiene \r\n      beneficios probados. Estos son algunos de ellos.\r\n    <\/p>\r\n    <h3>\r\n      Deadlift, el accionamiento funcional por excelencia\r\n    <\/h3>\r\n    <p>\r\n      El peso muerto se basa en un principio extremadamente sencillo: la \r\n      movilizaci\u00f3n eficaz y segura de la columna vertebral.\r\n    <\/p>\r\n    <p>\r\n      Debido a las caracter\u00edsticas de estos movimientos, el peso muerto entra \r\n      naturalmente en la categor\u00eda de los ejercicios llamados &quot;funcionales&quot;, \r\n      en otras palabras, puedes aplicar los movimientos y ejercicios \r\n      propuestos en tus gestos cotidianos. Esto ocurre especialmente cuando te \r\n      agachas para coger un objeto o cuando levantas un objeto del suelo.\r\n    <\/p>\r\n    <p>\r\n      Mucha gente tiende a creer que levantar objetos supone un riesgo para \r\n      las personas con problemas de espalda. \u00a1No es cierto! Al contrario, este \r\n      tipo de formaci\u00f3n puede protegerlos de dicha patolog\u00eda.\r\n    <\/p>\r\n    <h3>\r\n      El entrenamiento ideal para trabajar todos los m\u00fasculos del cuerpo\r\n    <\/h3>\r\n    <p>\r\n      Si realmente quieres trabajar todos los m\u00fasculos de tu cuerpo, el \r\n      levantamiento es un ejercicio que debes descubrir. Cualquier entrenador \r\n      deportivo digno de ese nombre le dir\u00e1 esto.\r\n    <\/p>\r\n    <p>\r\n      Por m\u00fasculos de todo el cuerpo se entiende:\r\n    <\/p>\r\n    <p>\r\n      - nalgas,\r\n    <\/p>\r\n    <p>\r\n      - isquiotibiales,\r\n    <\/p>\r\n    <p>\r\n      - los dorsales,\r\n    <\/p>\r\n    <p>\r\n      - los m\u00fasculos trapecios de la espalda,\r\n    <\/p>\r\n    <p>\r\n      - los m\u00fasculos estabilizadores profundos de la columna vertebral,\r\n    <\/p>\r\n    <p>\r\n      - deltoides,\r\n    <\/p>\r\n    <p>\r\n      - m\u00fasculos romboides,\r\n    <\/p>\r\n    <p>\r\n      - m\u00fasculos posteriores, es decir, situados en la parte posterior del \r\n      cuerpo,\r\n    <\/p>\r\n    <p>\r\n      - m\u00fasculos anteriores.\r\n    <\/p>\r\n    <p>\r\n      Ten en cuenta que cuanto m\u00e1s levantes el torso, m\u00e1s se solicitar\u00e1n los \r\n      m\u00fasculos del cuerpo, pero en diferentes grados. He aqu\u00ed algunos ejemplos \r\n      concretos :\r\n    <\/p>\r\n    <p>\r\n      - para mantener la columna vertebral, los m\u00fasculos de la espalda deben \r\n      estar contra\u00eddos desde el principio hasta el final del ejercicio;\r\n    <\/p>\r\n    <p>\r\n      - un movimiento ascendente del torso provoca una fuerte contracci\u00f3n del \r\n      gl\u00fateo mayor ;\r\n    <\/p>\r\n    <p>\r\n      - cuando se levanta el torso, el b\u00edceps femoral, el semitendinoso y el \r\n      semimembranoso est\u00e1n doblemente estresados.\r\n    <\/p>\r\n    <h3>\r\n      Buena formaci\u00f3n para corregir la postura\r\n    <\/h3>\r\n    <p>\r\n      La elevaci\u00f3n de la tierra tambi\u00e9n es eficaz para corregir la postura. \r\n      Este ejercicio se recomienda para superar los est\u00edmulos negativos \r\n      causados por estar sentado durante mucho tiempo. Estimula el aparato \r\n      motor, desde las caderas hasta los hombros, permiti\u00e9ndote recuperar una \r\n      buena postura.\r\n    <\/p>\r\n    <p>\r\n      \u00bfCu\u00e1l es la raz\u00f3n de una mala postura? La explicaci\u00f3n es sencilla: la \r\n      mayor parte del tiempo, nuestras caderas est\u00e1n en una posici\u00f3n doblada. \r\n      La raz\u00f3n es que pasamos muchas horas sentados, a largo plazo, esto \r\n      provoca una curvatura de la columna vertebral y un efecto de ca\u00edda de \r\n      los hombros. La espalda encorvada, en particular, es la causa de muchos \r\n      problemas de salud (dolor de espalda, de cabeza, de cuello, de \r\n      rodilla...).\r\n    <\/p>\r\n    <p>\r\n      \u00a1Pero ten cuidado! Para conseguir el resultado deseado, los ejercicios \r\n      de elevaci\u00f3n deben estar correctamente enlazados.\r\n    <\/p>\r\n    <h2>\r\n      Deadlift : los pasos que no hay que perderse\r\n    <\/h2>\r\n    <p>\r\n      Conocer todos los pasos y aplicarlos al pie de la letra es mejor. Para \r\n      realizar una sesi\u00f3n de deadlift, hay que seguir los siguientes gestos :\r\n    <\/p>\r\n    <p>\r\n      1- Ponte de pie con los pies separados a la altura de los hombros.\r\n    <\/p>\r\n    <p>\r\n      2- Toma una barra con ambas manos en pronaci\u00f3n\r\n    <\/p>\r\n    <p>\r\n      3- Respira profundamente.\r\n    <\/p>\r\n    <p>\r\n      4- Aguanta la barra mientras te inclinas ligeramente hacia adelante (en \r\n      la cadera) y empujas hacia atr\u00e1s. Empuja hacia abajo los talones.\r\n    <\/p>\r\n    <p>\r\n      5- Incl\u00ednate ligeramente hacia delante y aseg\u00farate de que tu torso est\u00e1 \r\n      paralelo al suelo.\r\n    <\/p>\r\n    <p>\r\n      6- Mant\u00e9n una ligera curvatura en la regi\u00f3n lumbar mientras miras hacia \r\n      adelante, ten cuidado de no redondear la espalda completamente.\r\n    <\/p>\r\n    <p>\r\n      7- Desliza la barra sobre los muslos, aproximadamente a la mitad de las \r\n      espinillas.\r\n    <\/p>\r\n    <p>\r\n      8- Levanta el torso y empuja las caderas hacia delante mientras \r\n      contienes la respiraci\u00f3n y mantienes la curvatura a nivel de la columna \r\n      vertebral.\r\n    <\/p>\r\n    <p>\r\n      9- De pie, hombros atr\u00e1s.\r\n    <\/p>\r\n    <p>\r\n      10- Exhala cuando hayas alcanzado el ascenso del movimiento.\r\n    <\/p>\r\n    <h2>\r\n      Consejos de expertos para un impulso \u00f3ptimo del deadlift\r\n    <\/h2>\r\n    <p>\r\n      \u00bfQuieres fortalecer tus gl\u00fateos grandes o los m\u00fasculos isqui\u00e1ticos? \r\n      Cuando realices una elevaci\u00f3n, extiende las piernas (sin bloquear las \r\n      rodillas) mientras mantienes esta posici\u00f3n durante unos segundos, lo \r\n      mismo para la columna vertebral. Los dos m\u00fasculos mencionados \r\n      anteriormente son los preferidos porque forman parte de los m\u00fasculos \r\n      extensores de la columna vertebral. Esta posici\u00f3n tambi\u00e9n reduce la \r\n      carga sobre los ligamentos de la columna vertebral.\r\n    <\/p>\r\n    <p>\r\n      Si deseas fortalecer los m\u00fasculos del pecho, recuerde mantener una buena \r\n      respiraci\u00f3n durante todo el ejercicio, en cambio, para aliviar el \r\n      intrator\u00e1cico, basta con exhalar de una sola vez al llegar a la barra.\r\n    <\/p>\r\n    <p>\r\n      \u00bfTu objetivo es inmovilizar la columna vertebral? Todo lo que tienes que \r\n      hacer es contraer los m\u00fasculos de la parte inferior de la espalda tanto \r\n      como sea posible. Si quieres hacer un movimiento de tracci\u00f3n, utiliza \r\n      las caderas en lugar de los brazos o las manos.\r\n    <\/p>\r\n    <p>\r\n      Para trabajar eficazmente todos los m\u00fasculos de la espalda, puedes \r\n      combinar el ejercicio de peso muerto con un tir\u00f3n horizontal alto, \r\n      extensiones lumbares en el suelo o un remo en la barra en T.\r\n    <\/p>\r\n    <h2>\r\n      Deadlift: errores que hay que evitar a toda costa\r\n    <\/h2>\r\n    <p>\r\n      Estos puntos ya han sido discutidos anteriormente, no obstante, son \r\n      necesarias algunas aclaraciones. Cuando se realiza un deadlift, y se \r\n      quiere trabajar m\u00e1s los gl\u00fateos y los isquiones, nunca se debe doblar o \r\n      redondear la espalda completamente.\r\n    <\/p>\r\n    <p>\r\n      Para evitar la tensi\u00f3n en la espalda, balancear la barra tambi\u00e9n es un \r\n      gesto que debe evitarse.\r\n    <\/p>\t\t<\/div>\n\t\t\t\t<\/div>\n\t\t\t\t\t<\/div>\n\t\t<\/div>\n\t\t\t\t\t\t\t<\/div>\n\t\t<\/section>\n\t\t\t\t\t\t<\/div>\n\t\t\t\t\t<\/div>\n\t\t","protected":false},"excerpt":{"rendered":"<p>Ya sea un principiante, un aficionado experimentado o un profesional, puede elegir entre una amplia&hellip;<\/p>\n","protected":false},"author":71,"featured_media":31739,"parent":25908,"menu_order":0,"comment_status":"closed","ping_status":"closed","template":"template_ES.php","meta":[],"_links":{"self":[{"href":"https:\/\/www.ericfavre.com\/lifestyle\/es\/wp-json\/wp\/v2\/pages\/25944"}],"collection":[{"href":"https:\/\/www.ericfavre.com\/lifestyle\/es\/wp-json\/wp\/v2\/pages"}],"about":[{"href":"https:\/\/www.ericfavre.com\/lifestyle\/es\/wp-json\/wp\/v2\/types\/page"}],"author":[{"embeddable":true,"href":"https:\/\/www.ericfavre.com\/lifestyle\/es\/wp-json\/wp\/v2\/users\/71"}],"replies":[{"embeddable":true,"href":"https:\/\/www.ericfavre.com\/lifestyle\/es\/wp-json\/wp\/v2\/comments?post=25944"}],"version-history":[{"count":6,"href":"https:\/\/www.ericfavre.com\/lifestyle\/es\/wp-json\/wp\/v2\/pages\/25944\/revisions"}],"predecessor-version":[{"id":25979,"href":"https:\/\/www.ericfavre.com\/lifestyle\/es\/wp-json\/wp\/v2\/pages\/25944\/revisions\/25979"}],"up":[{"embeddable":true,"href":"https:\/\/www.ericfavre.com\/lifestyle\/es\/wp-json\/wp\/v2\/pages\/25908"}],"wp:featuredmedia":[{"embeddable":true,"href":"https:\/\/www.ericfavre.com\/lifestyle\/es\/wp-json\/wp\/v2\/media\/31739"}],"wp:attachment":[{"href":"https:\/\/www.ericfavre.com\/lifestyle\/es\/wp-json\/wp\/v2\/media?parent=25944"}],"curies":[{"name":"wp","href":"https:\/\/api.w.org\/{rel}","templated":true}]}}