{"id":26112,"date":"2021-06-24T19:49:22","date_gmt":"2021-06-24T17:49:22","guid":{"rendered":"https:\/\/www.ericfavre.com\/lifestyle\/es\/?page_id=26112"},"modified":"2021-09-17T10:15:57","modified_gmt":"2021-09-17T08:15:57","slug":"eje-de-empuje","status":"publish","type":"page","link":"https:\/\/www.ericfavre.com\/lifestyle\/es\/bienvenida\/musculacion\/bases-del-entrenamiento\/eje-de-empuje\/","title":{"rendered":"EJE DE EMPUJE"},"content":{"rendered":"\t\t<div data-elementor-type=\"wp-page\" data-elementor-id=\"26112\" class=\"elementor elementor-26112\" data-elementor-settings=\"[]\">\n\t\t\t\t\t\t\t<div class=\"elementor-section-wrap\">\n\t\t\t\t\t\t\t<section class=\"penci-section penci-disSticky penci-structure-10 elementor-section elementor-top-section elementor-element elementor-element-51f6ce0 elementor-section-boxed elementor-section-height-default elementor-section-height-default\" data-id=\"51f6ce0\" data-element_type=\"section\">\n\t\t\t\t\t\t<div class=\"elementor-container elementor-column-gap-default\">\n\t\t\t\t\t<div class=\"penci-ercol-100 penci-ercol-order-1 penci-sticky-ct  elementor-column elementor-col-100 elementor-top-column elementor-element elementor-element-97f81dd\" data-id=\"97f81dd\" data-element_type=\"column\">\n\t\t\t<div class=\"elementor-widget-wrap elementor-element-populated\">\n\t\t\t\t\t\t\t\t<div class=\"elementor-element elementor-element-e0b5458 elementor-widget elementor-widget-image\" data-id=\"e0b5458\" data-element_type=\"widget\" data-widget_type=\"image.default\">\n\t\t\t\t<div class=\"elementor-widget-container\">\n\t\t\t\t\t\t\t\t\t\t\t\t\t\t\t<img src=\"https:\/\/www.ericfavre.com\/lifestyle\/es\/wp-content\/uploads\/sites\/8\/2021\/07\/axe-poussee.jpg\" title=\"\" alt=\"\" \/>\t\t\t\t\t\t\t\t\t\t\t\t\t\t\t<\/div>\n\t\t\t\t<\/div>\n\t\t\t\t<div class=\"elementor-element elementor-element-4c26f71 elementor-widget elementor-widget-html\" data-id=\"4c26f71\" data-element_type=\"widget\" data-widget_type=\"html.default\">\n\t\t\t\t<div class=\"elementor-widget-container\">\n\t\t\t<p>\r\n      Los empujes son uno de los ejercicios b\u00e1sicos m\u00e1s utilizados en el \r\n      entrenamiento con pesas. Desarrolla los m\u00fasculos del brazo, el \r\n      antebrazo, ciertos m\u00fasculos y grupos musculares del hombro y la espalda. \r\n      Para que sea eficaz y consigas hacer trabajar a los m\u00fasculos objetivo, \r\n      el empuje requiere el dominio de ciertas t\u00e9cnicas por parte del \r\n      deportista. Un error en la ejecuci\u00f3n del gesto de empujar puede causar \r\n      lesiones o traumatismos graves, es importante conocer las t\u00e9cnicas de \r\n      empuje para mejorar el rendimiento y obtener resultados concretos.\r\n    <\/p>\r\n    <h2>\r\n      \u00bfQu\u00e9 son los movimientos de empuje\/empuje en el entrenamiento con pesas?\r\n    <\/h2>\r\n    <p>\r\n      Los movimientos de empuje implican ejercicios en los que el deportista \r\n      debe empujar un objeto lejos de \u00e9l o su cuerpo lejos de un accesorio. \r\n      Estos movimientos musculares te permitir\u00e1n desarrollar los m\u00fasculos del \r\n      brazo, el antebrazo, los hombros, los pectorales, los deltoides \r\n      anteriores, los tr\u00edceps, as\u00ed como los grupos de m\u00fasculos del tronco.\r\n    <\/p>\r\n    <h2>\r\n      Variedades de empuje en el culturismo\r\n    <\/h2>\r\n    <p>\r\n      El movimiento de empuje puede practicarse en dos m\u00e9todos: empuje \r\n      horizontal y empuje vertical.\r\n    <\/p>\r\n    <p>\r\n      El empuje horizontal consiste en empujar un objeto delante del \r\n      deportista, este debe estar sentado o de pie para realizar el \r\n      movimiento. El empuje horizontal es particularmente \u00fatil para enfatizar \r\n      los pectorales.\r\n    <\/p>\r\n    <p>\r\n      Empuje vertical: es cuando se mueve un objeto por encima de la cabeza \r\n      del deportista. La posici\u00f3n de partida es similar a la del promotor \r\n      militar, el deportista debe tumbarse en un banco para tomar apoyo, para \r\n      desarrollar los hombros y los m\u00fasculos del brazo y del antebrazo el \r\n      empuje vertical es el ejercicio ideal.\r\n    <\/p>\r\n    <h2>\r\n      La t\u00e9cnica correcta para realizar empujes\r\n    <\/h2>\r\n    <p>\r\n      En el \u00e1mbito de la musculaci\u00f3n, hay ciertos puntos que deben tenerse en \r\n      cuenta cada vez que el deportista realiza un ejercicio: los vectores de \r\n      fuerza, los ejes, las trayectorias y las palancas. Estos tres vectores \r\n      deben respetarse para optimizar los resultados y evitar lesiones. En la \r\n      zona de empuje, estos tres vectores est\u00e1n determinados por la posici\u00f3n \r\n      del codo y la mano del practicante frente a la barra.\r\n    <\/p>\r\n    <p>\r\n      Para realizar con \u00e9xito los movimientos de empuje, los codos del \r\n      deportista deben estar alineados bajo la mu\u00f1eca, si los codos est\u00e1n \r\n      demasiado adelantados o demasiado atrasados, los m\u00fasculos a los que se \r\n      dirigen no se ver\u00e1n totalmente afectados, tambi\u00e9n hay que asegurarse de \r\n      que los brazos est\u00e9n ligeramente en la l\u00ednea de los hombros, con los \r\n      hombros totalmente fijados, tanto para el empuje horizontal como para el \r\n      vertical, el torso debe estar siempre curvado para apoyarse. Si el torso \r\n      est\u00e1 fl\u00e1cido, los soportes est\u00e1n inactivos y los m\u00fasculos no trabajan, \r\n      por lo que no hay un resultado concreto.\r\n    <\/p>\r\n    <br>\t\t<\/div>\n\t\t\t\t<\/div>\n\t\t\t\t\t<\/div>\n\t\t<\/div>\n\t\t\t\t\t\t\t<\/div>\n\t\t<\/section>\n\t\t\t\t\t\t<\/div>\n\t\t\t\t\t<\/div>\n\t\t","protected":false},"excerpt":{"rendered":"<p>Los empujes son uno de los ejercicios b\u00e1sicos m\u00e1s utilizados en el entrenamiento con pesas.&hellip;<\/p>\n","protected":false},"author":71,"featured_media":32824,"parent":26069,"menu_order":0,"comment_status":"closed","ping_status":"closed","template":"template_ES.php","meta":[],"_links":{"self":[{"href":"https:\/\/www.ericfavre.com\/lifestyle\/es\/wp-json\/wp\/v2\/pages\/26112"}],"collection":[{"href":"https:\/\/www.ericfavre.com\/lifestyle\/es\/wp-json\/wp\/v2\/pages"}],"about":[{"href":"https:\/\/www.ericfavre.com\/lifestyle\/es\/wp-json\/wp\/v2\/types\/page"}],"author":[{"embeddable":true,"href":"https:\/\/www.ericfavre.com\/lifestyle\/es\/wp-json\/wp\/v2\/users\/71"}],"replies":[{"embeddable":true,"href":"https:\/\/www.ericfavre.com\/lifestyle\/es\/wp-json\/wp\/v2\/comments?post=26112"}],"version-history":[{"count":10,"href":"https:\/\/www.ericfavre.com\/lifestyle\/es\/wp-json\/wp\/v2\/pages\/26112\/revisions"}],"predecessor-version":[{"id":32831,"href":"https:\/\/www.ericfavre.com\/lifestyle\/es\/wp-json\/wp\/v2\/pages\/26112\/revisions\/32831"}],"up":[{"embeddable":true,"href":"https:\/\/www.ericfavre.com\/lifestyle\/es\/wp-json\/wp\/v2\/pages\/26069"}],"wp:featuredmedia":[{"embeddable":true,"href":"https:\/\/www.ericfavre.com\/lifestyle\/es\/wp-json\/wp\/v2\/media\/32824"}],"wp:attachment":[{"href":"https:\/\/www.ericfavre.com\/lifestyle\/es\/wp-json\/wp\/v2\/media?parent=26112"}],"curies":[{"name":"wp","href":"https:\/\/api.w.org\/{rel}","templated":true}]}}