{"id":26350,"date":"2021-06-24T19:53:58","date_gmt":"2021-06-24T17:53:58","guid":{"rendered":"https:\/\/www.ericfavre.com\/lifestyle\/es\/?page_id=26350"},"modified":"2021-09-17T10:24:59","modified_gmt":"2021-09-17T08:24:59","slug":"entrenamiento-muscular","status":"publish","type":"page","link":"https:\/\/www.ericfavre.com\/lifestyle\/es\/bienvenida\/musculacion\/bases-del-entrenamiento\/entrenamiento-muscular\/","title":{"rendered":"ENTRENAMIENTO MUSCULAR"},"content":{"rendered":"\t\t<div data-elementor-type=\"wp-page\" data-elementor-id=\"26350\" class=\"elementor elementor-26350\" data-elementor-settings=\"[]\">\n\t\t\t\t\t\t\t<div class=\"elementor-section-wrap\">\n\t\t\t\t\t\t\t<section class=\"penci-section penci-disSticky penci-structure-10 elementor-section elementor-top-section elementor-element elementor-element-e322431 elementor-section-boxed elementor-section-height-default elementor-section-height-default\" data-id=\"e322431\" data-element_type=\"section\">\n\t\t\t\t\t\t<div class=\"elementor-container elementor-column-gap-default\">\n\t\t\t\t\t<div class=\"penci-ercol-100 penci-ercol-order-1 penci-sticky-ct  elementor-column elementor-col-100 elementor-top-column elementor-element elementor-element-4473f93\" data-id=\"4473f93\" data-element_type=\"column\">\n\t\t\t<div class=\"elementor-widget-wrap elementor-element-populated\">\n\t\t\t\t\t\t\t\t<div class=\"elementor-element elementor-element-7a3b26a elementor-widget elementor-widget-image\" data-id=\"7a3b26a\" data-element_type=\"widget\" data-widget_type=\"image.default\">\n\t\t\t\t<div class=\"elementor-widget-container\">\n\t\t\t\t\t\t\t\t\t\t\t\t\t\t\t<img src=\"https:\/\/www.ericfavre.com\/lifestyle\/es\/wp-content\/uploads\/sites\/8\/2021\/07\/entrainement-musculaire.jpg\" title=\"\" alt=\"\" \/>\t\t\t\t\t\t\t\t\t\t\t\t\t\t\t<\/div>\n\t\t\t\t<\/div>\n\t\t\t\t<div class=\"elementor-element elementor-element-0c8beb5 elementor-widget elementor-widget-html\" data-id=\"0c8beb5\" data-element_type=\"widget\" data-widget_type=\"html.default\">\n\t\t\t\t<div class=\"elementor-widget-container\">\n\t\t\t<p>\r\n      El entrenamiento tipo fitness es un conjunto de ejercicios dise\u00f1ados \r\n      para desarrollar los m\u00fasculos del esqueleto y estimular los m\u00fasculos. El \r\n      objetivo de hacer ejercicio es, en primer lugar, sentirse bien con el \r\n      cuerpo, estar sano y ganar la m\u00e1xima fuerza y resistencia. S\u00f3lo entonces \r\n      llega la cuesti\u00f3n de la est\u00e9tica y la competencia. Si cada vez son m\u00e1s \r\n      los hombres y mujeres que realizan entrenamientos de fuerza, es porque \r\n      son muchos los beneficios que se obtienen con los ejercicios de \r\n      entrenamiento de fuerza. Se puede practicar de varias formas, con \r\n      diferentes materiales, seg\u00fan las necesidades de cada deportista.\r\n    <\/p>\r\n    <h2>\r\n      B\u00e1sicos del entrenamiento de fuerza\r\n    <\/h2>\r\n    &nbsp;\r\n\r\n    <p>\r\n      El entrenamiento muscular se basa en tres pilares: sesiones de \r\n      entrenamiento, descanso y una dieta adaptada.\r\n    <\/p>\r\n    <p>\r\n      - Las sesiones de entrenamiento son todas las actividades deportivas en \r\n      interior o exterior que el deportista ejerce para desarrollar su \r\n      musculatura. Para optimizar los resultados, deben ser regulares, \r\n      intensos e implicar a todos los m\u00fasculos del cuerpo (m\u00fasculos grandes y \r\n      peque\u00f1os). Para evitar la falta de aire, las sesiones de entrenamiento \r\n      deben ir precedidas de un periodo de calentamiento y seguidas de una \r\n      fase de recuperaci\u00f3n. El calentamiento prepara al cuerpo para pasar de \r\n      un estado de reposo a un estado atl\u00e9tico. El objetivo es aumentar la \r\n      temperatura corporal para optimizar el rendimiento.\r\n    <\/p>\r\n    <p>\r\n      Luego vienen las sesiones de formaci\u00f3n propiamente dichas. Se trata de \r\n      una secuencia de ejercicios precisos realizados en m\u00e1quinas o de forma \r\n      libre, seg\u00fan las necesidades del deportista. El objetivo de la sesi\u00f3n de \r\n      entrenamiento de fuerza es trabajar un m\u00fasculo o un grupo de m\u00fasculos \r\n      durante cada sesi\u00f3n. Esto acelerar\u00e1 y optimizar\u00e1 el desarrollo de la \r\n      musculatura. Durante el ejercicio, cada gesto es bien controlado por el \r\n      atleta, y la tensi\u00f3n que pasa por los m\u00fasculos se siente al m\u00e1ximo. \r\n      Gracias a los movimientos repetitivos e intensos, los m\u00fasculos se \r\n      desgarran y vuelven a formarse. Este es el fen\u00f3meno de la hipertrofia. \r\n      Por eso hay que aumentar la intensidad de la sesi\u00f3n para no estancarse.\r\n    <\/p>\r\n    <p>\r\n      - Se recomienda encarecidamente descansar durante el entrenamiento de \r\n      fuerza. Ya entre cada serie de ejercicios, el atleta debe permitirse un \r\n      descanso para evitar la falta de aliento, adem\u00e1s, un m\u00fasculo o un grupo \r\n      de m\u00fasculos que ha trabajado hoy debe descansar, al menos durante una \r\n      semana para dejar que se recupere. El periodo de recuperaci\u00f3n ayuda a \r\n      prevenir lesiones y da tiempo a que el m\u00fasculo se reconstruya y se \r\n      fortalezca.\r\n    <\/p>\r\n    <p>\r\n      Para mejorar el rendimiento, el deportista debe tener un sue\u00f1o de buena \r\n      calidad. Es especialmente durante la noche cuando el m\u00fasculo se repara y \r\n      se acumula.\r\n    <\/p>\r\n    <p>\r\n      - Sean cuales sean los objetivos del deportista, el entrenamiento \r\n      muscular debe ir siempre acompa\u00f1ado de una dieta equilibrada. La dieta \r\n      debe adaptarse a los objetivos fijados. Para ganar volumen, es necesaria \r\n      una dieta estricta con un alto contenido cal\u00f3rico. Los platos que \r\n      consuma el practicante deben ser muy ricos en prote\u00ednas e hidratos de \r\n      carbono, sin embargo, tambi\u00e9n deben contener una dosis equilibrada de \r\n      l\u00edpidos, prote\u00ednas e hidratos de carbono para aportar al organismo todos \r\n      los elementos esenciales para su bienestar. Una dieta de adelgazamiento, \r\n      o hipocal\u00f3rica, se basa en alimentos bajos en calor\u00edas y carbohidratos.\r\n    <\/p>\r\n    <h2>\r\n      \u00bfQu\u00e9 m\u00fasculos se utilizan y qu\u00e9 ejercicios deben realizarse durante el \r\n      entrenamiento de fuerza?\r\n    <\/h2>\r\n    &nbsp;\r\n\r\n    <p>\r\n      El entrenamiento muscular permite trabajar varios m\u00fasculos o grupos \r\n      musculares. Abdominales, abductores, aductores, b\u00edceps, tr\u00edceps, \r\n      dorsales, trapecios, pectorales, hombros, extensores de los brazos, \r\n      gl\u00fateos, fijadores de los om\u00f3platos, extensores de las mu\u00f1ecas, piernas, \r\n      lumbares, pantorrillas, cu\u00e1driceps...son, en general, las partes m\u00e1s \r\n      afectadas por las sesiones de musculaci\u00f3n. Si algunos m\u00fasculos pueden \r\n      trabajarse al mismo tiempo, otros pueden trabajarse por separado.\r\n    <\/p>\r\n    <p>\r\n      Para trabajar los m\u00fasculos de los gl\u00fateos, por ejemplo, hay varios \r\n      ejercicios como la sentadilla, la extensi\u00f3n de la cadera, la elevaci\u00f3n \r\n      de la pelvis o la elevaci\u00f3n del suelo...Los m\u00fasculos abdominales se \r\n      trabajan a trav\u00e9s del crunch, la sentadilla, la elevaci\u00f3n de las \r\n      piernas, la elevaci\u00f3n del busto...Para trabajar los pectorales, Realiza \r\n      press de banca inclinado, press de banca prono inclinado, press de banca \r\n      prono o simplemente flexiones...Si quieres desarrollar la musculatura de \r\n      la espalda, los tiros de barra alta, tiros de estern\u00f3n, tiros de brazo, \r\n      tiros de pecho deben ser tu prioridad durante las sesiones de \r\n      entrenamiento...\r\n    <\/p>\t\t<\/div>\n\t\t\t\t<\/div>\n\t\t\t\t\t<\/div>\n\t\t<\/div>\n\t\t\t\t\t\t\t<\/div>\n\t\t<\/section>\n\t\t\t\t\t\t<\/div>\n\t\t\t\t\t<\/div>\n\t\t","protected":false},"excerpt":{"rendered":"<p>El entrenamiento tipo fitness es un conjunto de ejercicios dise\u00f1ados para desarrollar los m\u00fasculos del&hellip;<\/p>\n","protected":false},"author":71,"featured_media":32908,"parent":26069,"menu_order":0,"comment_status":"closed","ping_status":"closed","template":"template_ES.php","meta":[],"_links":{"self":[{"href":"https:\/\/www.ericfavre.com\/lifestyle\/es\/wp-json\/wp\/v2\/pages\/26350"}],"collection":[{"href":"https:\/\/www.ericfavre.com\/lifestyle\/es\/wp-json\/wp\/v2\/pages"}],"about":[{"href":"https:\/\/www.ericfavre.com\/lifestyle\/es\/wp-json\/wp\/v2\/types\/page"}],"author":[{"embeddable":true,"href":"https:\/\/www.ericfavre.com\/lifestyle\/es\/wp-json\/wp\/v2\/users\/71"}],"replies":[{"embeddable":true,"href":"https:\/\/www.ericfavre.com\/lifestyle\/es\/wp-json\/wp\/v2\/comments?post=26350"}],"version-history":[{"count":10,"href":"https:\/\/www.ericfavre.com\/lifestyle\/es\/wp-json\/wp\/v2\/pages\/26350\/revisions"}],"predecessor-version":[{"id":32915,"href":"https:\/\/www.ericfavre.com\/lifestyle\/es\/wp-json\/wp\/v2\/pages\/26350\/revisions\/32915"}],"up":[{"embeddable":true,"href":"https:\/\/www.ericfavre.com\/lifestyle\/es\/wp-json\/wp\/v2\/pages\/26069"}],"wp:featuredmedia":[{"embeddable":true,"href":"https:\/\/www.ericfavre.com\/lifestyle\/es\/wp-json\/wp\/v2\/media\/32908"}],"wp:attachment":[{"href":"https:\/\/www.ericfavre.com\/lifestyle\/es\/wp-json\/wp\/v2\/media?parent=26350"}],"curies":[{"name":"wp","href":"https:\/\/api.w.org\/{rel}","templated":true}]}}