{"id":27028,"date":"2021-06-24T20:08:16","date_gmt":"2021-06-24T18:08:16","guid":{"rendered":"https:\/\/www.ericfavre.com\/lifestyle\/es\/?page_id=27028"},"modified":"2021-09-17T10:42:33","modified_gmt":"2021-09-17T08:42:33","slug":"cuales-son-los-diferentes-tipos-de-morfologias","status":"publish","type":"page","link":"https:\/\/www.ericfavre.com\/lifestyle\/es\/bienvenida\/musculacion\/ciencias-y-culturismo\/cuales-son-los-diferentes-tipos-de-morfologias\/","title":{"rendered":"\u00bfCu\u00e1les son los diferentes tipos de morfolog\u00edas?"},"content":{"rendered":"\t\t<div data-elementor-type=\"wp-page\" data-elementor-id=\"27028\" class=\"elementor elementor-27028\" data-elementor-settings=\"[]\">\n\t\t\t\t\t\t\t<div class=\"elementor-section-wrap\">\n\t\t\t\t\t\t\t<section class=\"penci-section penci-disSticky penci-structure-10 elementor-section elementor-top-section elementor-element elementor-element-44c5f8a elementor-section-boxed elementor-section-height-default elementor-section-height-default\" data-id=\"44c5f8a\" data-element_type=\"section\">\n\t\t\t\t\t\t<div class=\"elementor-container elementor-column-gap-default\">\n\t\t\t\t\t<div class=\"penci-ercol-100 penci-ercol-order-1 penci-sticky-ct  elementor-column elementor-col-100 elementor-top-column elementor-element elementor-element-6c37a37\" data-id=\"6c37a37\" data-element_type=\"column\">\n\t\t\t<div class=\"elementor-widget-wrap elementor-element-populated\">\n\t\t\t\t\t\t\t\t<div class=\"elementor-element elementor-element-00bb24a elementor-widget elementor-widget-image\" data-id=\"00bb24a\" data-element_type=\"widget\" data-widget_type=\"image.default\">\n\t\t\t\t<div class=\"elementor-widget-container\">\n\t\t\t\t\t\t\t\t\t\t\t\t\t\t\t<img src=\"https:\/\/www.ericfavre.com\/lifestyle\/es\/wp-content\/uploads\/sites\/8\/2021\/07\/morphologie.jpg\" title=\"\" alt=\"\" \/>\t\t\t\t\t\t\t\t\t\t\t\t\t\t\t<\/div>\n\t\t\t\t<\/div>\n\t\t\t\t<div class=\"elementor-element elementor-element-66f80e9 elementor-widget elementor-widget-html\" data-id=\"66f80e9\" data-element_type=\"widget\" data-widget_type=\"html.default\">\n\t\t\t\t<div class=\"elementor-widget-container\">\n\t\t\t<p>\r\n      Tanto para los hombres como para las mujeres, la forma del cuerpo&nbsp;es \r\n      diferente entre s\u00ed. En general, es la morfolog\u00eda de una persona la que \r\n      condiciona las prendas que le pueden sentar bien. En el culturismo, la \r\n      morfolog\u00eda tambi\u00e9n condiciona el tipo de ejercicios y la nutrici\u00f3n \r\n      adecuados para un deportista. Es necesario conocer los diferentes tipos \r\n      de morfolog\u00eda que existen, as\u00ed como los ejercicios adecuados para cada \r\n      tipo con el fin de desarrollar la masa muscular lo mejor posible.\r\n    <\/p>\r\n    <h2>\r\n      \u00bfCu\u00e1les son los diferentes tipos de morfolog\u00edas?\r\n    <\/h2>\r\n    <p>\r\n      Es el morfotipo que define la morfolog\u00eda de una persona. El morfotipo es \r\n      un tipo de caracter\u00edstica f\u00edsica y gen\u00e9tica de un individuo. Su aspecto \r\n      f\u00edsico, su car\u00e1cter, su metabolismo est\u00e1n incluidos en este t\u00e9rmino, \r\n      seg\u00fan el morfotipo de cada individuo, se pueden distinguir tres \r\n      categor\u00edas principales de morfolog\u00eda: morfolog\u00eda ectomorfa, morfolog\u00eda \r\n      endomorfa y morfolog\u00eda mesomorfa.\r\n    <\/p>\r\n    <h2>\r\n      Ectomorphic morphology\r\n    <\/h2>\r\n    <p>\r\n      Ectomorfo es un t\u00e9rmino utilizado para describir a una persona que tiene \r\n      un morfotipo naturalmente delgado y alto. Una persona ectomorfa tiene \r\n      brazos y piernas largos, su torso es bastante corto y sus hombros son \r\n      bastante estrechos, a primera vista, tiene una forma bastante cuadrada.\r\n    <\/p>\r\n    <p>\r\n      En el mundo del culturismo y del entrenamiento con pesas, a las personas \r\n      ectom\u00f3rficas se les llama hard gainers, tienen un muy buen metabolismo y \r\n      su cuerpo no almacena tanta grasa como un endomorfo o un mesomorfo. \r\n      Cuando se tiene una morfolog\u00eda ectomorfa, se puede comer lo que se \r\n      quiera sin miedo a coger kilos de m\u00e1s, todos los tipos de alimentos \r\n      est\u00e1n permitidos para los ectomorfos, estas personas siempre mantienen \r\n      una cintura s\u00faper refinada y aunque hayan ganado algunos kilos, no \r\n      tendr\u00e1n ning\u00fan problema para adelgazar, ya que todos los ejercicios de \r\n      musculaci\u00f3n y fitness pueden ser adecuados para ellos.\r\n    <\/p>\r\n    <p>\r\n      La desventaja de la morfolog\u00eda ectomorfa y el entrenamiento con pesas es \r\n      que es dif\u00edcil desarrollar los m\u00fasculos. Mientras que algunos lo \r\n      consiguen con ejercicios bien adaptados a su metabolismo, otros no \r\n      encuentran resultados palpables., los m\u00fasculos se endurecen pero no se \r\n      desarrollan. Desde el punto de vista de la resistencia y la forma \r\n      f\u00edsica, los ectomorfos son bastante fr\u00e1giles y tardan mucho en \r\n      recuperarse despu\u00e9s de un entrenamiento intenso.\r\n    <\/p>\r\n    <p>\r\n      Aunque no siempre es f\u00e1cil para un ectomorfo desarrollar masa muscular, \r\n      hay algunos ejercicios que pueden ser m\u00e1s beneficiosos que otros. Se \r\n      trata de sesiones de fortalecimiento muscular, con pesos bastante \r\n      elevados, con tantas series y repeticiones como el cuerpo permita. Una \r\n      persona ectomorfa tambi\u00e9n puede realizar ejercicios b\u00e1sicos y de \r\n      aislamiento para trabajar los m\u00fasculos y los tejidos de forma intensiva. \r\n      Es importante dar un gran valor al tiempo de descanso y recuperaci\u00f3n \r\n      para no da\u00f1ar los m\u00fasculos y los tejidos.\r\n    <\/p>\r\n    <h2>\r\n      Morfolog\u00eda endom\u00f3rfica\r\n    <\/h2>\r\n    <p>\r\n      Cuando se tiene un morfotipo endomorfo, significa que se tiene una forma \r\n      de naturaleza bastante generosa. En la industria de la moda y la moda, \r\n      se habla de una persona que tiene una forma m\u00e1s bien cuadrada. Una \r\n      persona con una morfolog\u00eda endomorfa tiene brazos y piernas bastante \r\n      cortos. Los hombros y las caderas son bastante voluminosos, los pechos \r\n      son bastante grandes.\r\n    <\/p>\r\n    <p>\r\n      Con un cuerpo voluminoso, una persona endomorfa puede aprovechar su \r\n      morfolog\u00eda en el campo del culturismo. Les resulta m\u00e1s f\u00e1cil desarrollar \r\n      su masa muscular, cada ejercicio que realiza puede desarrollar sus \r\n      m\u00fasculos muy r\u00e1pidamente, adem\u00e1s, m\u00e1s resistente, una persona endomorfa \r\n      se beneficia de una capacidad de recuperaci\u00f3n inigualable. En otros \r\n      campos como las artes marciales o la lucha libre, las personas \r\n      endom\u00f3rficas tambi\u00e9n se benefician enormemente, sus cuerpos voluminosos \r\n      y su peso son puntos fuertes importantes para ellos.\r\n    <\/p>\r\n    <p>\r\n      Cuando se tiene un cuerpo grande, es bastante pesado, y el metabolismo \r\n      es lento y es muy f\u00e1cil que el cuerpo almacene grasa porque el cuerpo \r\n      quema poca grasa durante el esfuerzo f\u00edsico. Cuando se tiene una \r\n      morfolog\u00eda endom\u00f3rfica, hay que tener cuidado con lo que se come. A \r\n      menudo nos limitamos, especialmente en el consumo de alimentos grasos, \r\n      como el cuerpo ya es voluminoso, es m\u00e1s dif\u00edcil tener una musculatura \r\n      bien definida, sobre todo en la zona del vientre y la cadera.\r\n    <\/p>\r\n    <p>\r\n      El tipo de ejercicio m\u00e1s adecuado para las personas con morfolog\u00eda \r\n      endom\u00f3rfica es el HIIT. Es un m\u00e9todo de entrenamiento que consiste en \r\n      alternar periodos de esfuerzo intenso con periodos de esfuerzo m\u00e1s \r\n      moderado, con el fin de quemar la mayor cantidad de grasa posible. Las \r\n      personas con morfolog\u00eda endom\u00f3rfica tambi\u00e9n deber\u00edan realizar \r\n      actividades de resistencia como el ciclismo y la nataci\u00f3n para mejorar \r\n      su metabolismo.\r\n    <\/p>\r\n    <h2>\r\n      La morfolog\u00eda mesom\u00f3rfica\r\n    <\/h2>\r\n    <p>\r\n      Tenemos una morfolog\u00eda mesom\u00f3rfica cuando la parte superior del cuerpo \r\n      es m\u00e1s larga y ancha. Una persona con una morfolog\u00eda mesom\u00f3rfica tiene \r\n      un aspecto muy din\u00e1mico y atl\u00e9tico, tienen una masa muscular muy grande \r\n      que puede desarrollarse muy r\u00e1pida y f\u00e1cilmente., con forma de V, \r\n      considerada como el morfotipo ideal.\r\n    <\/p>\r\n    <p>\r\n      Una persona con una morfolog\u00eda mesomorfa pierde f\u00e1cilmente en masa \r\n      grasa, y su grasa se transforma muy r\u00e1pidamente en m\u00fasculo, con \r\n      ejercicios bien adaptados, es m\u00e1s f\u00e1cil que se recupere, por mucho que \r\n      haya trabajado. Cuando se tiene una morfolog\u00eda mesom\u00f3rfica, no se tienen \r\n      privaciones para mantener la figura, ya que el cuerpo no almacena tanta \r\n      grasa, se puede comer todo tipo de alimentos, con moderaci\u00f3n.\r\n    <\/p>\r\n    <p>\r\n      Cuando se tiene una morfolog\u00eda mesom\u00f3rfica, todo tipo de ejercicios de \r\n      musculaci\u00f3n parecen muy f\u00e1ciles. Esto puede ser una gran ventaja, pero \r\n      tambi\u00e9n una fuente de desmotivaci\u00f3n para estas personas.\r\n    <\/p>\r\n    <p>\r\n      Ejercicios adaptados, cuando se tiene una morfolog\u00eda mesom\u00f3rfica est\u00e1n \r\n      muy diversificados, pero los m\u00e1s efectivos para desarrollar la masa \r\n      muscular son, por ejemplo, los ejercicios b\u00e1sicos, de aislamiento, con \r\n      series y repeticiones m\u00e1s importantes.\r\n    <\/p>\t\t<\/div>\n\t\t\t\t<\/div>\n\t\t\t\t\t<\/div>\n\t\t<\/div>\n\t\t\t\t\t\t\t<\/div>\n\t\t<\/section>\n\t\t\t\t\t\t<\/div>\n\t\t\t\t\t<\/div>\n\t\t","protected":false},"excerpt":{"rendered":"<p>Tanto para los hombres como para las mujeres, la forma del cuerpo&nbsp;es diferente entre s\u00ed.&hellip;<\/p>\n","protected":false},"author":71,"featured_media":33160,"parent":26749,"menu_order":0,"comment_status":"closed","ping_status":"closed","template":"template_ES.php","meta":[],"_links":{"self":[{"href":"https:\/\/www.ericfavre.com\/lifestyle\/es\/wp-json\/wp\/v2\/pages\/27028"}],"collection":[{"href":"https:\/\/www.ericfavre.com\/lifestyle\/es\/wp-json\/wp\/v2\/pages"}],"about":[{"href":"https:\/\/www.ericfavre.com\/lifestyle\/es\/wp-json\/wp\/v2\/types\/page"}],"author":[{"embeddable":true,"href":"https:\/\/www.ericfavre.com\/lifestyle\/es\/wp-json\/wp\/v2\/users\/71"}],"replies":[{"embeddable":true,"href":"https:\/\/www.ericfavre.com\/lifestyle\/es\/wp-json\/wp\/v2\/comments?post=27028"}],"version-history":[{"count":13,"href":"https:\/\/www.ericfavre.com\/lifestyle\/es\/wp-json\/wp\/v2\/pages\/27028\/revisions"}],"predecessor-version":[{"id":33167,"href":"https:\/\/www.ericfavre.com\/lifestyle\/es\/wp-json\/wp\/v2\/pages\/27028\/revisions\/33167"}],"up":[{"embeddable":true,"href":"https:\/\/www.ericfavre.com\/lifestyle\/es\/wp-json\/wp\/v2\/pages\/26749"}],"wp:featuredmedia":[{"embeddable":true,"href":"https:\/\/www.ericfavre.com\/lifestyle\/es\/wp-json\/wp\/v2\/media\/33160"}],"wp:attachment":[{"href":"https:\/\/www.ericfavre.com\/lifestyle\/es\/wp-json\/wp\/v2\/media?parent=27028"}],"curies":[{"name":"wp","href":"https:\/\/api.w.org\/{rel}","templated":true}]}}