{"id":27245,"date":"2021-06-25T18:16:36","date_gmt":"2021-06-25T16:16:36","guid":{"rendered":"https:\/\/www.ericfavre.com\/lifestyle\/es\/?page_id=27245"},"modified":"2021-09-30T17:22:29","modified_gmt":"2021-09-30T15:22:29","slug":"como-ganar-masa-rapidamente","status":"publish","type":"page","link":"https:\/\/www.ericfavre.com\/lifestyle\/es\/bienvenida\/musculacion\/objetivos\/como-ganar-masa-rapidamente\/","title":{"rendered":"COMO GANAR MASA RAPIDAMENTE"},"content":{"rendered":"\t\t<div data-elementor-type=\"wp-page\" data-elementor-id=\"27245\" class=\"elementor elementor-27245\" data-elementor-settings=\"[]\">\n\t\t\t\t\t\t\t<div class=\"elementor-section-wrap\">\n\t\t\t\t\t\t\t<section class=\"penci-section penci-disSticky penci-structure-10 elementor-section elementor-top-section elementor-element elementor-element-6bd08ed elementor-section-boxed elementor-section-height-default elementor-section-height-default\" data-id=\"6bd08ed\" data-element_type=\"section\">\n\t\t\t\t\t\t<div class=\"elementor-container elementor-column-gap-default\">\n\t\t\t\t\t<div class=\"penci-ercol-100 penci-ercol-order-1 penci-sticky-ct  elementor-column elementor-col-100 elementor-top-column elementor-element elementor-element-29568b9\" data-id=\"29568b9\" data-element_type=\"column\">\n\t\t\t<div class=\"elementor-widget-wrap elementor-element-populated\">\n\t\t\t\t\t\t\t\t<div class=\"elementor-element elementor-element-0b82e36 elementor-widget elementor-widget-image\" data-id=\"0b82e36\" data-element_type=\"widget\" data-widget_type=\"image.default\">\n\t\t\t\t<div class=\"elementor-widget-container\">\n\t\t\t\t\t\t\t\t\t\t\t\t\t\t\t<img src=\"https:\/\/www.ericfavre.com\/lifestyle\/es\/wp-content\/uploads\/sites\/8\/2021\/07\/prise-masse.jpg\" title=\"\" alt=\"\" \/>\t\t\t\t\t\t\t\t\t\t\t\t\t\t\t<\/div>\n\t\t\t\t<\/div>\n\t\t\t\t<div class=\"elementor-element elementor-element-ca3ab71 elementor-widget elementor-widget-html\" data-id=\"ca3ab71\" data-element_type=\"widget\" data-widget_type=\"html.default\">\n\t\t\t\t<div class=\"elementor-widget-container\">\n\t\t\t<p>\r\n      El sue\u00f1o de todos los practicantes de culturismo suele ser el <b>objetivo<\/b>&nbsp;&nbsp;de<b>tomar \r\n      masa<\/b>&nbsp;r\u00e1pidamente. R\u00e1pidamente s\u00ed, pero no es suficiente. Tiene que \r\n      ser eficaz. \u00bfCu\u00e1les son los secretos para ganar masa y ser m\u00e1s masivo? \r\n      Le diremos m\u00e1s! .\r\n    <\/p>\r\n    <p>\r\n      En el entrenamiento de fuerza, el aumento de peso es un objetivo para \r\n      casi todos los atletas. Para conseguirlo, hay que dominar ejercicios y \r\n      movimientos rigurosos. Muchos deportistas creen que la construcci\u00f3n de \r\n      masa se consigue con un entrenamiento intensivo. Se equivocan. El \r\n      aumento de peso no se limita a la ejecuci\u00f3n de varios ejercicios. Los \r\n      m\u00fasculos deben utilizarse de forma inteligente y eficaz.\r\n    <\/p>\r\n    <h2>\r\n      \u00bfCu\u00e1l es la diferencia entre aumento de peso y m\u00fasculo seco?\r\n    <\/h2>\r\n    &nbsp;\r\n\r\n    <p>\r\n      En el culturismo, a menudo se habla del aumento de peso y de la \r\n      sequedad. Vocabularios que no son nuevos para los profesionales de esta \r\n      materia. Sin embargo, muchos confunden ambas cosas y desconocen el \r\n      verdadero significado de estas dos palabras. Son dos cosas absolutamente \r\n      diferentes. Para alcanzar sus objetivos de entrenamiento con pesas, es \r\n      importante conocer la diferencia.\r\n    <\/p>\r\n    <p>\r\n      En pocas palabras, el proceso de secado consiste en perder masa grasa al \r\n      mismo tiempo que se mejora y fortalece la musculatura, con el fin de \r\n      tener una mejor definici\u00f3n muscular.\r\n    <\/p>\r\n    <p>\r\n      La conexi\u00f3n a tierra es lo contrario. Consiste en ganar peso y volumen \r\n      muscular de forma duradera. Para tener \u00e9xito en el aumento de peso, debe \r\n      ir acompa\u00f1ado de un programa diet\u00e9tico adecuado.\r\n    <\/p>\r\n    <h2>\r\n      Principios b\u00e1sicos para el \u00e9xito de la toma de tierra\r\n    <\/h2>\r\n    &nbsp;\r\n\r\n    <p>\r\n      El aumento de peso implica un <b>aumento de peso<\/b>&nbsp;y un aumento del \r\n      volumen muscular. Por lo tanto, no se trata s\u00f3lo de desarrollar los \r\n      m\u00fasculos, sino que tambi\u00e9n hay que ganar peso. La combinaci\u00f3n de \r\n      ganancia de grasa y ganancia de m\u00fasculo debe estar bien equilibrada para \r\n      que su objetivo se cumpla. Por lo tanto, ser\u00e1 muy importante combinar la \r\n      dieta con el entrenamiento. En efecto, es posible aumentar su masa sin \r\n      ganar m\u00fasculo, pero es imposible ganar m\u00fasculo sin ganar grasa.\r\n    <\/p>\r\n    <p>\r\n      Aumentar la masa muscular no es tan sencillo. Hay varios elementos que \r\n      desempe\u00f1an un papel importante en este proceso: como las \r\n      predisposiciones gen\u00e9ticas y el estado general de salud de la persona. \r\n      Sin embargo, esto no significa que no puedas tomar todo el m\u00fasculo que \r\n      puedas debido a sus par\u00e1metros. Aunque es cierto que los resultados \r\n      nunca son iguales, todo el mundo puede alcanzar los objetivos que se \r\n      propone. El secreto es dotarse de los medios necesarios, mantenerse \r\n      motivado y estar bien acompa\u00f1ado.\r\n    <\/p>\r\n    <h2>\r\n      \u00bfQu\u00e9 alimentos se deben preferir para construir m\u00fasculo?\r\n    <\/h2>\r\n    &nbsp;\r\n\r\n    <p>\r\n      Cuando se encuentre en un periodo de aumento de peso, opte por alimentos \r\n      ricos en calor\u00edas. Su dieta debe ser rica en nutrientes como los \r\n      carbohidratos y las prote\u00ednas.\r\n    <\/p>\r\n    <p>\r\n      La ingesta de prote\u00ednas y carbohidratos proporciona a tu cuerpo todos \r\n      los elementos que necesita para la construcci\u00f3n de m\u00fasculo. El exceso de \r\n      comida le permitir\u00e1 adaptar el per\u00edodo de aumento de peso, para que \r\n      pueda entrenar sus m\u00fasculos con m\u00e1s intensidad de lo habitual.\r\n    <\/p>\r\n    <p>\r\n      Durante el per\u00edodo de masaje, puede, por ejemplo, seguir un ritmo de 3 \r\n      comidas al d\u00eda + 3 meriendas al d\u00eda (es decir, cada 3 horas).Durante \r\n      este periodo, los complementos alimenticios no son necesarios, pero \r\n      pueden ayudarle.\r\n    <\/p>\r\n    <h2>\r\n      \u00bfQu\u00e9 impulso para el aumento de peso efectivo?\r\n    <\/h2>\r\n    &nbsp;\r\n\r\n    <h2>\r\n      Apuesta por ejercicios poliarticulares\r\n    <\/h2>\r\n    &nbsp;\r\n\r\n    <p>\r\n      Tu <b>entrenamiento<\/b>&nbsp;debe adaptarse a tu objetivo: esta es la base en \r\n      el entrenamiento con pesas. Para el desarrollo muscular, se recomienda \r\n      trabajar con cargas pesadas. As\u00ed que las barras y las mancuernas son tus \r\n      mejores aliadas durante este periodo. Del mismo modo, d\u00e9 prioridad a los \r\n      ejercicios con el peso del cuerpo.\r\n    <\/p>\r\n    <p>\r\n      Adem\u00e1s, c\u00e9ntrate en <b>ejercicios<\/b>que trabajen mucho los grandes grupos \r\n      musculares. Esto se debe a que estos ejercicios implican a varias \r\n      articulaciones, lo que facilita la consecuci\u00f3n de su objetivo. Por \r\n      ejemplo, ejercicios como las sentadillas, las elevaciones en el suelo, \r\n      el remo, las dominadas, el press de banca y los fondos son perfectos. \r\n      Los movimientos de estos ejercicios proporcionan m\u00e1s ganancias \r\n      musculares que los ejercicios de una sola articulaci\u00f3n. Cuantos m\u00e1s \r\n      m\u00fasculos se involucren, m\u00e1s potente ser\u00e1 la respuesta anab\u00f3lica, y as\u00ed \r\n      se ganar\u00e1 a\u00fan m\u00e1s m\u00fasculo.\r\n    <\/p>\r\n    <p>\r\n      Deben evitarse ciertos ejercicios, como los de aislamiento que aplican \r\n      una sola articulaci\u00f3n, ya que no favorecen el aumento de peso.\r\n    <\/p>\r\n    <p>\r\n      A menudo los <b>ejercicios hasta el fallo<\/b>&nbsp;son uno de los par\u00e1metros de \r\n      la <b>hipertrofia<\/b>, as\u00ed como la <b>velocidad de ejecuci\u00f3n<\/b>&nbsp;de los \r\n      movimientos o los<b>intervalos de descanso<\/b>.\r\n    <\/p>\r\n    <h2>\r\n      L\u00edmite de tiempo de entrenamiento\r\n    <\/h2>\r\n    &nbsp;\r\n\r\n    <p>\r\n      Es necesario limitar los tiempos de entrenamiento para ahorrar energ\u00eda \r\n      para la recuperaci\u00f3n. De hecho, es durante esta recuperaci\u00f3n que su \r\n      f\u00edsico desarrolla los m\u00fasculos. Es err\u00f3neo pensar que cuanto m\u00e1s tiempo \r\n      se entrena, m\u00e1s m\u00fasculos se desarrollan. Tus entrenamientos no deber\u00edan \r\n      durar m\u00e1s de 2 horas, calentamiento y ejercicio combinados.\r\n    <\/p>\r\n    <p>\r\n      Prefiero sesiones cortas pero intensas. Dar\u00e1n mejores resultados que las \r\n      sesiones largas que pueden provocar catabolismo muscular y fatiga del \r\n      sistema nervioso\r\n    <\/p>\r\n    <h2>\r\n      La recuperaci\u00f3n durante la toma de tierra: un elemento indispensable\r\n    <\/h2>\r\n    &nbsp;\r\n\r\n    <p>\r\n      Los periodos de descanso no deben descuidarse nunca durante la toma de \r\n      tierra. La conexi\u00f3n a tierra tiene lugar durante la recuperaci\u00f3n. Los \r\n      m\u00fasculos necesitan relajarse fuera del entrenamiento para poder \r\n      tonificarse y desarrollarse. En caso de una recuperaci\u00f3n ineficaz, los \r\n      m\u00fasculos se debilitar\u00e1n y no podr\u00e1n fortalecerse. Una buena recuperaci\u00f3n \r\n      previene las lesiones, los desgarros y otros da\u00f1os que no favorecen el \r\n      aumento de peso.\r\n    <\/p>\r\n    <p>\r\n      La mejor manera de conseguir un buen ritmo es alternar un d\u00eda de \r\n      entrenamiento y otro de recuperaci\u00f3n. Sobre todo, no se recomienda \r\n      alternar d\u00edas de entrenamiento intensivo. Tambi\u00e9n es importante dormir \r\n      bien por la noche para que el cuerpo tenga tiempo de recuperarse.\r\n    <\/p>\r\n    <p>\r\n      Si practicas otro deporte y quieres aumentar la masa muscular, sigue \r\n      nuestros consejos al respecto.&nbsp;O incluso<b>&nbsp;nuestros consejos de \r\n      cardio para aumentar la masa muscular.<\/b>\r\n    <\/p>\r\n    <p>\r\n      \r\n    <\/p>\r\n    <p>\r\n      As\u00ed, <b>el \u00e9xito de un aumento de peso efectivo<\/b>&nbsp;depende de una buena \r\n      nutrici\u00f3n, de ejercicios adaptados y de una buena recuperaci\u00f3n.\r\n    <\/p>\r\n    <br>\t\t<\/div>\n\t\t\t\t<\/div>\n\t\t\t\t\t<\/div>\n\t\t<\/div>\n\t\t\t\t\t\t\t<\/div>\n\t\t<\/section>\n\t\t\t\t\t\t<\/div>\n\t\t\t\t\t<\/div>\n\t\t","protected":false},"excerpt":{"rendered":"<p>El sue\u00f1o de todos los practicantes de culturismo suele ser el objetivo&nbsp;&nbsp;detomar masa&nbsp;r\u00e1pidamente. R\u00e1pidamente s\u00ed,&hellip;<\/p>\n","protected":false},"author":71,"featured_media":32061,"parent":27098,"menu_order":0,"comment_status":"closed","ping_status":"closed","template":"template_ES.php","meta":[],"_links":{"self":[{"href":"https:\/\/www.ericfavre.com\/lifestyle\/es\/wp-json\/wp\/v2\/pages\/27245"}],"collection":[{"href":"https:\/\/www.ericfavre.com\/lifestyle\/es\/wp-json\/wp\/v2\/pages"}],"about":[{"href":"https:\/\/www.ericfavre.com\/lifestyle\/es\/wp-json\/wp\/v2\/types\/page"}],"author":[{"embeddable":true,"href":"https:\/\/www.ericfavre.com\/lifestyle\/es\/wp-json\/wp\/v2\/users\/71"}],"replies":[{"embeddable":true,"href":"https:\/\/www.ericfavre.com\/lifestyle\/es\/wp-json\/wp\/v2\/comments?post=27245"}],"version-history":[{"count":11,"href":"https:\/\/www.ericfavre.com\/lifestyle\/es\/wp-json\/wp\/v2\/pages\/27245\/revisions"}],"predecessor-version":[{"id":35718,"href":"https:\/\/www.ericfavre.com\/lifestyle\/es\/wp-json\/wp\/v2\/pages\/27245\/revisions\/35718"}],"up":[{"embeddable":true,"href":"https:\/\/www.ericfavre.com\/lifestyle\/es\/wp-json\/wp\/v2\/pages\/27098"}],"wp:featuredmedia":[{"embeddable":true,"href":"https:\/\/www.ericfavre.com\/lifestyle\/es\/wp-json\/wp\/v2\/media\/32061"}],"wp:attachment":[{"href":"https:\/\/www.ericfavre.com\/lifestyle\/es\/wp-json\/wp\/v2\/media?parent=27245"}],"curies":[{"name":"wp","href":"https:\/\/api.w.org\/{rel}","templated":true}]}}