{"id":27463,"date":"2021-06-25T18:22:32","date_gmt":"2021-06-25T16:22:32","guid":{"rendered":"https:\/\/www.ericfavre.com\/lifestyle\/es\/?page_id=27463"},"modified":"2021-09-17T09:02:52","modified_gmt":"2021-09-17T07:02:52","slug":"hipertrofia-intervalos-de-descanso","status":"publish","type":"page","link":"https:\/\/www.ericfavre.com\/lifestyle\/es\/bienvenida\/musculacion\/objetivos\/como-ganar-masa-rapidamente\/hipertrofia-intervalos-de-descanso\/","title":{"rendered":"HIPERTROFIA : INTERVALOS DE DESCANSO"},"content":{"rendered":"\t\t<div data-elementor-type=\"wp-page\" data-elementor-id=\"27463\" class=\"elementor elementor-27463\" data-elementor-settings=\"[]\">\n\t\t\t\t\t\t\t<div class=\"elementor-section-wrap\">\n\t\t\t\t\t\t\t<section class=\"penci-section penci-disSticky penci-structure-10 elementor-section elementor-top-section elementor-element elementor-element-b4c6c0d elementor-section-boxed elementor-section-height-default elementor-section-height-default\" data-id=\"b4c6c0d\" data-element_type=\"section\">\n\t\t\t\t\t\t<div class=\"elementor-container elementor-column-gap-default\">\n\t\t\t\t\t<div class=\"penci-ercol-100 penci-ercol-order-1 penci-sticky-ct  elementor-column elementor-col-100 elementor-top-column elementor-element elementor-element-ae68098\" data-id=\"ae68098\" data-element_type=\"column\">\n\t\t\t<div class=\"elementor-widget-wrap elementor-element-populated\">\n\t\t\t\t\t\t\t\t<div class=\"elementor-element elementor-element-ba2d218 elementor-widget elementor-widget-image\" data-id=\"ba2d218\" data-element_type=\"widget\" data-widget_type=\"image.default\">\n\t\t\t\t<div class=\"elementor-widget-container\">\n\t\t\t\t\t\t\t\t\t\t\t\t\t\t\t<img src=\"https:\/\/www.ericfavre.com\/lifestyle\/es\/wp-content\/uploads\/sites\/8\/2021\/07\/hypertrophie-repos.jpg\" title=\"\" alt=\"\" \/>\t\t\t\t\t\t\t\t\t\t\t\t\t\t\t<\/div>\n\t\t\t\t<\/div>\n\t\t\t\t<div class=\"elementor-element elementor-element-dc56378 elementor-widget elementor-widget-html\" data-id=\"dc56378\" data-element_type=\"widget\" data-widget_type=\"html.default\">\n\t\t\t\t<div class=\"elementor-widget-container\">\n\t\t\t<p>\r\n      Los intervalos de descanso, que representan el tiempo de recuperaci\u00f3n \r\n      permitido entre series, se dividen generalmente en tres categor\u00edas: \r\n      cortos (30 segundos o menos); moderados (60-90 segundos) y largos (3 \r\n      minutos o m\u00e1s). Dependiendo de la duraci\u00f3n de estos intervalos, el \r\n      impacto en las cualidades f\u00edsicas (fuerza, resistencia, potencia y \r\n      velocidad), as\u00ed como en la producci\u00f3n de metabolitos, ser\u00e1 diferente. \r\n      Parece evidente que su elecci\u00f3n puede tener una importancia estrat\u00e9gica \r\n      no despreciable en la<b>hipertrofia muscular<\/b>(1).\r\n    <\/p>\r\n    <h2>\r\n      Hipertrofia: elegir los intervalos de descanso adecuados\r\n    <\/h2>\r\n    <p>\r\n      Teniendo en cuenta la respuesta hipertr\u00f3fica, los intervalos cortos \r\n      producen un alto estr\u00e9s metab\u00f3lico (2), pero el limitado tiempo de \r\n      recuperaci\u00f3n provocar\u00e1 una ca\u00edda de la capacidad de fuerza durante las \r\n      siguientes series; la ventaja de un alto estr\u00e9s metab\u00f3lico se ver\u00e1 por \r\n      tanto fuertemente mitigada por una limitaci\u00f3n de la fuerza muscular (3). \r\n      Por otro lado, los intervalos largos que conducen a una recuperaci\u00f3n \r\n      completa (o casi completa) facilitan la reproducci\u00f3n de esfuerzos \r\n      id\u00e9nticos, pero aunque la tensi\u00f3n mec\u00e1nica es m\u00e1s fuerte (gracias a una \r\n      mejor conservaci\u00f3n de la capacidad de fuerza), esta ventaja tambi\u00e9n se \r\n      ve atenuada por un estr\u00e9s metab\u00f3lico mucho menor.<br>En ambos casos, \r\n      intervalos cortos o largos, las ventajas se ven fuertemente alteradas \r\n      por las desventajas y, por lo tanto, los intervalos de descanso \r\n      moderados son los que parecen proporcionar una soluci\u00f3n de compromiso \r\n      bastante satisfactoria, al menos en lo que respecta a la hipertrofia \r\n      muscular. Los diversos estudios sobre el tema demuestran, adem\u00e1s, que es \r\n      en el primer minuto de recuperaci\u00f3n cuando se recupera la mayor parte de \r\n      la fuerza (4). Las principales ventajas son crear las condiciones \r\n      necesarias de hipoxia que favorecer\u00e1n una mayor producci\u00f3n de \r\n      metabolitos susceptibles de estimular la hipertrofia.<br>Pero todos los \r\n      beneficios, como muestra un estudio que compara las diferencias entre \r\n      los tiempos de recuperaci\u00f3n de 1 minuto y 2 minutos 30 (5) se diluyen \r\n      con el tiempo, de hecho, como cab\u00eda suponer, son los tiempos m\u00e1s cortos \r\n      (1 minuto) los que provocan un aumento mucho mayor de los niveles de GH, \r\n      pero este aumento disminuye bruscamente al final de la quinta semana y \r\n      se vuelve pr\u00e1cticamente nulo despu\u00e9s de 10 semanas. Esto indica \r\n      claramente que la planificaci\u00f3n del entrenamiento, es decir, la \r\n      variaci\u00f3n de los diferentes par\u00e1metros (incluidos los tiempos de \r\n      recuperaci\u00f3n) durante la secuencia de ciclos, es la \u00fanica soluci\u00f3n para \r\n      aquellos que quieren realizar un progreso constante y \u00f3ptimo.\r\n    <\/p>\t\t<\/div>\n\t\t\t\t<\/div>\n\t\t\t\t\t<\/div>\n\t\t<\/div>\n\t\t\t\t\t\t\t<\/div>\n\t\t<\/section>\n\t\t\t\t\t\t<\/div>\n\t\t\t\t\t<\/div>\n\t\t","protected":false},"excerpt":{"rendered":"<p>Los intervalos de descanso, que representan el tiempo de recuperaci\u00f3n permitido entre series, se dividen&hellip;<\/p>\n","protected":false},"author":71,"featured_media":32131,"parent":27245,"menu_order":0,"comment_status":"closed","ping_status":"closed","template":"template_ES.php","meta":[],"_links":{"self":[{"href":"https:\/\/www.ericfavre.com\/lifestyle\/es\/wp-json\/wp\/v2\/pages\/27463"}],"collection":[{"href":"https:\/\/www.ericfavre.com\/lifestyle\/es\/wp-json\/wp\/v2\/pages"}],"about":[{"href":"https:\/\/www.ericfavre.com\/lifestyle\/es\/wp-json\/wp\/v2\/types\/page"}],"author":[{"embeddable":true,"href":"https:\/\/www.ericfavre.com\/lifestyle\/es\/wp-json\/wp\/v2\/users\/71"}],"replies":[{"embeddable":true,"href":"https:\/\/www.ericfavre.com\/lifestyle\/es\/wp-json\/wp\/v2\/comments?post=27463"}],"version-history":[{"count":10,"href":"https:\/\/www.ericfavre.com\/lifestyle\/es\/wp-json\/wp\/v2\/pages\/27463\/revisions"}],"predecessor-version":[{"id":32138,"href":"https:\/\/www.ericfavre.com\/lifestyle\/es\/wp-json\/wp\/v2\/pages\/27463\/revisions\/32138"}],"up":[{"embeddable":true,"href":"https:\/\/www.ericfavre.com\/lifestyle\/es\/wp-json\/wp\/v2\/pages\/27245"}],"wp:featuredmedia":[{"embeddable":true,"href":"https:\/\/www.ericfavre.com\/lifestyle\/es\/wp-json\/wp\/v2\/media\/32131"}],"wp:attachment":[{"href":"https:\/\/www.ericfavre.com\/lifestyle\/es\/wp-json\/wp\/v2\/media?parent=27463"}],"curies":[{"name":"wp","href":"https:\/\/api.w.org\/{rel}","templated":true}]}}