{"id":27659,"date":"2021-06-25T18:26:35","date_gmt":"2021-06-25T16:26:35","guid":{"rendered":"https:\/\/www.ericfavre.com\/lifestyle\/es\/?page_id=27659"},"modified":"2021-09-30T17:23:13","modified_gmt":"2021-09-30T15:23:13","slug":"perder-grasa","status":"publish","type":"page","link":"https:\/\/www.ericfavre.com\/lifestyle\/es\/bienvenida\/musculacion\/objetivos\/perder-grasa\/","title":{"rendered":"PERDER  GRASA"},"content":{"rendered":"\t\t<div data-elementor-type=\"wp-page\" data-elementor-id=\"27659\" class=\"elementor elementor-27659\" data-elementor-settings=\"[]\">\n\t\t\t\t\t\t\t<div class=\"elementor-section-wrap\">\n\t\t\t\t\t\t\t<section class=\"penci-section penci-disSticky penci-structure-10 elementor-section elementor-top-section elementor-element elementor-element-ce6b3d9 elementor-section-boxed elementor-section-height-default elementor-section-height-default\" data-id=\"ce6b3d9\" data-element_type=\"section\">\n\t\t\t\t\t\t<div class=\"elementor-container elementor-column-gap-default\">\n\t\t\t\t\t<div class=\"penci-ercol-100 penci-ercol-order-1 penci-sticky-ct  elementor-column elementor-col-100 elementor-top-column elementor-element elementor-element-a93f98d\" data-id=\"a93f98d\" data-element_type=\"column\">\n\t\t\t<div class=\"elementor-widget-wrap elementor-element-populated\">\n\t\t\t\t\t\t\t\t<div class=\"elementor-element elementor-element-b17f79d elementor-widget elementor-widget-image\" data-id=\"b17f79d\" data-element_type=\"widget\" data-widget_type=\"image.default\">\n\t\t\t\t<div class=\"elementor-widget-container\">\n\t\t\t\t\t\t\t\t\t\t\t\t\t\t\t<img src=\"https:\/\/www.ericfavre.com\/lifestyle\/es\/wp-content\/uploads\/sites\/8\/2021\/07\/perte-masse.jpg\" title=\"\" alt=\"\" \/>\t\t\t\t\t\t\t\t\t\t\t\t\t\t\t<\/div>\n\t\t\t\t<\/div>\n\t\t\t\t<div class=\"elementor-element elementor-element-683f921 elementor-widget elementor-widget-html\" data-id=\"683f921\" data-element_type=\"widget\" data-widget_type=\"html.default\">\n\t\t\t\t<div class=\"elementor-widget-container\">\n\t\t\t<b>LAS 5 MEJORES MANERAS DE PERDER&nbsp;&nbsp;GRASA &nbsp;&nbsp;&nbsp;&nbsp;<\/b>\r\n\r\n    <p>\r\n      Muchas personas tienen el objetivo de perder peso, algunos de ellos ya \r\n      se encuentran en acci\u00f3n seca. Este art\u00edculo hablar\u00e1 de las 5 mejores \r\n      formas de hacerlo, ya que funcionan en sinergia. El resultado ser\u00e1 \r\n      \u00f3ptimo porque adem\u00e1s de perder peso, no hay riesgo de volver a engordar.\r\n    <\/p>\r\n    <p>\r\n      As\u00ed que aqu\u00ed est\u00e1n los 5 factores esenciales a seguir :\r\n    <\/p>\r\n    <h2>\r\n      Aumento del metabolismo\r\n    <\/h2>\r\n    &nbsp;\r\n\r\n    <p>\r\n      En primer lugar hay que se\u00f1alar que si el consumo es abundante, el \r\n      riesgo de ganar masa grasa ser\u00e1 m\u00ednimo. Esto significa, por ejemplo, que \r\n      si una persona consume 2000 Kcal al d\u00eda y gasta despu\u00e9s 2200, tendr\u00e1 una \r\n      carencia de 200 Kcal. Esto se tomar\u00e1 de las existencias. 1 g de grasa \r\n      corresponde a 9 kcal, lo que significa que una persona eliminar\u00e1 22,20 g \r\n      de grasa en un d\u00eda de 24 horas.\r\n    <\/p>\r\n    <p>\r\n      \u00bfQu\u00e9 significa &quot;elevar&quot; el metabolismo? Es a trav\u00e9s del metabolismo que \r\n      el cuerpo humano puede realizar actividades f\u00edsicas y tambi\u00e9n \r\n      intelectuales porque es la fuente de las reacciones del cuerpo que \r\n      mantienen las funciones vitales. Durante un per\u00edodo de 24 horas el \r\n      metabolismo se mide en Kcal en t\u00e9rminos de la cantidad de energ\u00eda \r\n      quemada.\r\n    <\/p>\r\n    <p>\r\n      Aunque este sistema parece ser una ventaja para los seres humanos para \r\n      sobrevivir, sin embargo, el cuerpo tendr\u00e1 una tendencia a disminuir el \r\n      metabolismo para mantener el ritmo de este d\u00e9ficit, por lo tanto, no \r\n      debes comenzar una dieta con un metabolismo demasiado bajo, \u00a1de lo \r\n      contrario no perder\u00e1s grasa! Su metabolismo entrar\u00e1 en modo de \r\n      supervivencia.\r\n    <\/p>\r\n    <p>\r\n      Ahora la pregunta es: \u00bfc\u00f3mo mantener una p\u00e9rdida de peso \u00f3ptima durante \r\n      varias semanas?\r\n    <\/p>\r\n    <h2>\r\n      Potenciaci\u00f3n del metabolismo\r\n    <\/h2>\r\n    &nbsp;\r\n\r\n    <p>\r\n      La primera clave es realizar una actividad deportiva regular que obligue \r\n      al cuerpo a quemar calor\u00edas y tambi\u00e9n a mantener o aumentar la masa \r\n      muscular. Cuando el m\u00fasculo realiza un esfuerzo o incluso cuando est\u00e1 en \r\n      reposo, consume mucha energ\u00eda, por lo tanto, el aumento de peso es una \r\n      forma eficaz de mantener el metabolismo alto.\r\n    <\/p>\r\n    <p>\r\n      A continuaci\u00f3n, debes consumir alimentos ricos en prote\u00ednas que \r\n      requieren m\u00e1s energ\u00eda para ser digeridos y que tambi\u00e9n ayudan a \r\n      fortalecer el m\u00fasculo. Por lo tanto, recuerde dar preferencia a todos \r\n      los alimentos ricos en prote\u00ednas (consuma hasta 2 o 2,5 g por kilo de \r\n      peso corporal).\r\n    <\/p>\r\n    <p>\r\n      Y lo \u00faltimo pero no menos importante es potenciar la \u00faltima y m\u00e1s \r\n      dif\u00edcil fase durante la p\u00e9rdida de masa con mol\u00e9culas quemadoras de \r\n      grasa. Hay muchos nutrientes que pueden ayudar a quemar grasa como el t\u00e9 \r\n      verde, especias que contienen capsaicina, ciertos \u00e1cidos de frutas, \r\n      \u00e1cidos grasos esenciales (como EPA, DHA, CLA, ...) y vitaminas (como la \r\n      niacina), estos calentar\u00e1n el cuerpo y elevar\u00e1n su temperatura en unas \r\n      d\u00e9cimas de grado.\r\n    <\/p>\r\n    <p>\r\n      Los l\u00edpidos son las fuentes de regulaci\u00f3n de la temperatura corporal. Si \r\n      los alimentos consumidos no son ricos en grasas e hidratos de carbono, \r\n      el aumento de la temperatura ser\u00e1 causado por las grasas del caldo. Este \r\n      fen\u00f3meno se llama termog\u00e9nesis, permitir\u00e1, por tanto, quemar m\u00e1s grasa \r\n      almacenada en el cuerpo.\r\n    <\/p>\r\n    <h2>\r\n      Estabilizaci\u00f3n de los niveles de glucosa en sangre\r\n    <\/h2>\r\n    &nbsp;\r\n\r\n    <p>\r\n      La insulina almacena la glucosa\r\n    <\/p>\r\n    <p>\r\n      Cuando el cuerpo absorbe carbohidratos, el cuerpo produce insulina para \r\n      estabilizar los niveles de az\u00facar en la sangre a niveles normales. Esta \r\n      sustancia extrae la glucosa de la sangre y la almacena en el tejido \r\n      muscular y en el h\u00edgado, pero si el suministro est\u00e1 demasiado lleno, la \r\n      insulina deposita el exceso en el tejido graso.\r\n    <\/p>\r\n    <p>\r\n      Para evitar este fen\u00f3meno, es necesario tomar nutrientes que favorezcan \r\n      la recepci\u00f3n de insulina por parte del m\u00fasculo para potenciar el \r\n      almacenamiento de los hidratos de carbono que presenta el gluc\u00f3geno, \r\n      esto ayudar\u00e1 a evitar el almacenamiento de grasas. Nutrientes como el \r\n      cromo, el \u00e1cido alfa-lipoico y la canela ayudar\u00e1n a quemar grasa.\r\n    <\/p>\r\n    <h2>\r\n      Evitar la retenci\u00f3n de l\u00edquido\r\n    <\/h2>\r\n    &nbsp;\r\n\r\n    <p>\r\n      El agua representa el 60% del volumen del peso de las c\u00e9lulas grasas, \r\n      por tanto, est\u00e1 muy presente en este tejido. La presencia abundante de \r\n      agua en el tejido adiposo provoca as\u00ed la celulitis o, en otras palabras, \r\n      causa una inflamaci\u00f3n del tejido graso cuando hay demasiada presi\u00f3n \r\n      causada por el agua. Las plantas diur\u00e9ticas ayudan a aumentar la \r\n      eliminaci\u00f3n de l\u00edquido y, al mismo tiempo, ayudan a la c\u00e9lula grasa a \r\n      evacuar el agua que almacena. Tras el uso de estas plantas, los tejidos \r\n      se desinflaman y evacuan las toxinas. Esto significa que las plantas \r\n      diur\u00e9ticas deben formar parte de los elementos utilizados para quemar \r\n      grasa, adem\u00e1s, estas hierbas tambi\u00e9n se utilizan como desintoxicantes \r\n      para los ri\u00f1ones.\r\n    <\/p>\r\n    <h2>\r\n      Drenaje para eliminar la celulitis\r\n    <\/h2>\r\n    &nbsp;\r\n\r\n    <p>\r\n      Eliminar las toxinas del h\u00edgado\r\n    <\/p>\r\n    <p>\r\n      El h\u00edgado desempe\u00f1a un papel importante en el organismo. Sirve de filtro \r\n      y es tambi\u00e9n el \u00f3rgano que procesa la absorci\u00f3n de nutrientes. \r\n      Interviene en el metabolismo de las grasas, los hidratos de carbono y \r\n      las prote\u00ednas. Con el tiempo, el h\u00edgado puede obstruirse o desgastarse \r\n      debido al consumo de alimentos poco saludables o demasiado grasos, etc. \r\n      Como resultado, ya no cumple sus funciones normales, por lo que las \r\n      toxinas se almacenan en el cuerpo y permanecen en el tejido graso. Para \r\n      evitar todo esto, hay que desintoxicar el h\u00edgado para garantizar su buen \r\n      funcionamiento. Cuando el h\u00edgado funciona bien, las grasas se utilizan \r\n      como fuente de energ\u00eda, lo que evitar\u00e1 que se almacenen en los tejidos.\r\n    <\/p>\r\n    <p>\r\n      Es necesario limpiar el h\u00edgado de 1 a 3 veces al a\u00f1o seg\u00fan el estado de \r\n      cada uno, utilizando plantas desintoxicantes como la sillymarine, la \r\n      alcachofa o el desmodium, si es posible, esto deber\u00eda hacerse durante 4 \r\n      a 6 semanas. La desintoxicaci\u00f3n ayuda a eliminar las grasas malas.\r\n    <\/p>\r\n    <p>\r\n      En resumen, para conseguir <b>perder peso<\/b>&nbsp;y tener un resultado \u00f3ptimo, \r\n      hay que favorecer una alimentaci\u00f3n sana y equilibrada, tambi\u00e9n es \r\n      necesario realizar actividades deportivas con regularidad y, sobre todo, \r\n      aplicar todas las estrategias mencionadas anteriormente. <b>La p\u00e9rdida de \r\n      masa grasa<\/b>&nbsp;estar\u00e1 asegurada en este caso y no habr\u00e1 riesgo de efecto \r\n      yoyo.\r\n    <\/p>\r\n    <p>\r\n      Vea tambi\u00e9n <b>nuestros consejos para perder grasa abdominal.<\/b>\r\n    <\/p>\t\t<\/div>\n\t\t\t\t<\/div>\n\t\t\t\t\t<\/div>\n\t\t<\/div>\n\t\t\t\t\t\t\t<\/div>\n\t\t<\/section>\n\t\t\t\t\t\t<\/div>\n\t\t\t\t\t<\/div>\n\t\t","protected":false},"excerpt":{"rendered":"<p>LAS 5 MEJORES MANERAS DE PERDER&nbsp;&nbsp;GRASA &nbsp;&nbsp;&nbsp;&nbsp; Muchas personas tienen el objetivo de perder peso,&hellip;<\/p>\n","protected":false},"author":71,"featured_media":32208,"parent":27098,"menu_order":0,"comment_status":"closed","ping_status":"closed","template":"template_ES.php","meta":[],"_links":{"self":[{"href":"https:\/\/www.ericfavre.com\/lifestyle\/es\/wp-json\/wp\/v2\/pages\/27659"}],"collection":[{"href":"https:\/\/www.ericfavre.com\/lifestyle\/es\/wp-json\/wp\/v2\/pages"}],"about":[{"href":"https:\/\/www.ericfavre.com\/lifestyle\/es\/wp-json\/wp\/v2\/types\/page"}],"author":[{"embeddable":true,"href":"https:\/\/www.ericfavre.com\/lifestyle\/es\/wp-json\/wp\/v2\/users\/71"}],"replies":[{"embeddable":true,"href":"https:\/\/www.ericfavre.com\/lifestyle\/es\/wp-json\/wp\/v2\/comments?post=27659"}],"version-history":[{"count":11,"href":"https:\/\/www.ericfavre.com\/lifestyle\/es\/wp-json\/wp\/v2\/pages\/27659\/revisions"}],"predecessor-version":[{"id":35722,"href":"https:\/\/www.ericfavre.com\/lifestyle\/es\/wp-json\/wp\/v2\/pages\/27659\/revisions\/35722"}],"up":[{"embeddable":true,"href":"https:\/\/www.ericfavre.com\/lifestyle\/es\/wp-json\/wp\/v2\/pages\/27098"}],"wp:featuredmedia":[{"embeddable":true,"href":"https:\/\/www.ericfavre.com\/lifestyle\/es\/wp-json\/wp\/v2\/media\/32208"}],"wp:attachment":[{"href":"https:\/\/www.ericfavre.com\/lifestyle\/es\/wp-json\/wp\/v2\/media?parent=27659"}],"curies":[{"name":"wp","href":"https:\/\/api.w.org\/{rel}","templated":true}]}}