{"id":27736,"date":"2021-06-25T18:28:38","date_gmt":"2021-06-25T16:28:38","guid":{"rendered":"https:\/\/www.ericfavre.com\/lifestyle\/es\/?page_id=27736"},"modified":"2021-09-17T09:10:26","modified_gmt":"2021-09-17T07:10:26","slug":"los-mejores-metodos-de-perdida-de-grasa","status":"publish","type":"page","link":"https:\/\/www.ericfavre.com\/lifestyle\/es\/bienvenida\/musculacion\/objetivos\/perder-grasa\/los-mejores-metodos-de-perdida-de-grasa\/","title":{"rendered":"LOS MEJORES M\u00c9TODOS DE P\u00c9RDIDA DE GRASA"},"content":{"rendered":"\t\t<div data-elementor-type=\"wp-page\" data-elementor-id=\"27736\" class=\"elementor elementor-27736\" data-elementor-settings=\"[]\">\n\t\t\t\t\t\t\t<div class=\"elementor-section-wrap\">\n\t\t\t\t\t\t\t<section class=\"penci-section penci-disSticky penci-structure-10 elementor-section elementor-top-section elementor-element elementor-element-0a65017 elementor-section-boxed elementor-section-height-default elementor-section-height-default\" data-id=\"0a65017\" data-element_type=\"section\">\n\t\t\t\t\t\t<div class=\"elementor-container elementor-column-gap-default\">\n\t\t\t\t\t<div class=\"penci-ercol-100 penci-ercol-order-1 penci-sticky-ct  elementor-column elementor-col-100 elementor-top-column elementor-element elementor-element-ee3e690\" data-id=\"ee3e690\" data-element_type=\"column\">\n\t\t\t<div class=\"elementor-widget-wrap elementor-element-populated\">\n\t\t\t\t\t\t\t\t<div class=\"elementor-element elementor-element-5c0f1c7 elementor-widget elementor-widget-image\" data-id=\"5c0f1c7\" data-element_type=\"widget\" data-widget_type=\"image.default\">\n\t\t\t\t<div class=\"elementor-widget-container\">\n\t\t\t\t\t\t\t\t\t\t\t\t\t\t\t<img src=\"https:\/\/www.ericfavre.com\/lifestyle\/es\/wp-content\/uploads\/sites\/8\/2021\/07\/cardio-perte-gras.jpg\" title=\"\" alt=\"\" \/>\t\t\t\t\t\t\t\t\t\t\t\t\t\t\t<\/div>\n\t\t\t\t<\/div>\n\t\t\t\t<div class=\"elementor-element elementor-element-cd1ae45 elementor-widget elementor-widget-html\" data-id=\"cd1ae45\" data-element_type=\"widget\" data-widget_type=\"html.default\">\n\t\t\t\t<div class=\"elementor-widget-container\">\n\t\t\t<p>\r\n      \u00bfEs eficaz el cardio para perder grasa?\r\n    <\/p>\r\n    <p>\r\n      Algunos profesionales creen que el ejercicio f\u00edsico como el cardio es \r\n      una forma ideal en el <b>objetivo de perder peso<\/b>. Esta actividad es \r\n      conveniente para aumentar el gasto energ\u00e9tico, sin embargo, otras \r\n      personas piensan que es m\u00e1s eficaz combinar una buena dieta con el \r\n      entrenamiento con pesas para secarse m\u00e1s r\u00e1pidamente.\r\n    <\/p>\r\n    <h2>\r\n      Relaci\u00f3n entre el entrenamiento con pesas, la nutrici\u00f3n y el cardio para \r\n      secarse\r\n    <\/h2>\r\n    <p>\r\n      La p\u00e9rdida de grasa se produce de forma natural cuando una persona \r\n      reduce la cantidad de calor\u00edas que consume en relaci\u00f3n con lo que gasta, \r\n      en este caso, el cardio no es realmente necesario si una dieta baja en \r\n      calor\u00edas ya est\u00e1 en acci\u00f3n. S\u00f3lo ser\u00e1 necesario normalizar la ingesta \r\n      cal\u00f3rica y seguir un entrenamiento con pesas sin defecto, sin embargo, \r\n      hay que tener en cuenta que cuando se interrumpe el entrenamiento con \r\n      pesas, es necesario reducir a\u00fan m\u00e1s las calor\u00edas consumidas.\r\n    <\/p>\r\n    <p>\r\n      La asociaci\u00f3n de cardio con estas actividades es lo que llamamos la \r\n      estrategia gourmet, es decir, al practicar el cardio al mismo tiempo que \r\n      los otros m\u00e9todos, la dieta cal\u00f3rica es menos estricta que en el primer \r\n      caso. En esta etapa, el cardio se utiliza simplemente para asegurar el \r\n      aumento de las calor\u00edas gastadas en relaci\u00f3n con las consumidas, pero no \r\n      para acelerar la p\u00e9rdida de grasa, por lo tanto, seguir un ayuno \r\n      cal\u00f3rico ligeramente superior al del caso anterior con entrenamiento de \r\n      pesas y cardio dar\u00e1 los mismos resultados globales.\r\n    <\/p>\r\n    <h2>\r\n      \u00bfCu\u00e1les son los otros beneficios del secado cardiovascular?\r\n    <\/h2>\r\n    <p>\r\n      Para las personas con problemas de retenci\u00f3n de agua, el cardio puede \r\n      ser muy eficaz para transferir el exceso de agua a su cuerpo a trav\u00e9s de \r\n      la transpiraci\u00f3n. El entrenamiento con pesas ya tiene este efecto, pero \r\n      el m\u00e9todo de cardio es a\u00fan m\u00e1s favorable, adem\u00e1s, hay cinturones de \r\n      sudoraci\u00f3n que son adecuados para aumentar la transpiraci\u00f3n de una parte \r\n      espec\u00edfica del cuerpo como los abdominales y la espalda baja, por \r\n      ejemplo.\r\n    <\/p>\r\n    <p>\r\n      El cardio tambi\u00e9n es la soluci\u00f3n perfecta para las personas que ya han \r\n      hecho un simulacro y han llegado a la fase en la que no comen casi nada \r\n      pero a\u00fan no han alcanzado el peso deseado. En algunos casos, es posible \r\n      bajar a 1500 calor\u00edas o incluso menos y sin perder nada de peso, si se \r\n      opta por estos m\u00e9todos, normalmente ya no se plantea este problema. El \r\n      ajuste regular de los rebotes de calor\u00edas e hidratos de carbono \r\n      garantiza un buen resultado. Para otros, se puede considerar un \r\n      complemento de cardio para regular la diferencia entre la ingesta y el \r\n      gasto de calor\u00edas. Es \u00fatil para perder m\u00e1s grasa.Existen otros medios \r\n      m\u00e1s estrechos si en general la sequedad sigue decayendo con estos \r\n      m\u00e9todos.\r\n    <\/p>\t\t<\/div>\n\t\t\t\t<\/div>\n\t\t\t\t\t<\/div>\n\t\t<\/div>\n\t\t\t\t\t\t\t<\/div>\n\t\t<\/section>\n\t\t\t\t\t\t<\/div>\n\t\t\t\t\t<\/div>\n\t\t","protected":false},"excerpt":{"rendered":"<p>\u00bfEs eficaz el cardio para perder grasa? Algunos profesionales creen que el ejercicio f\u00edsico como&hellip;<\/p>\n","protected":false},"author":71,"featured_media":32236,"parent":27659,"menu_order":0,"comment_status":"closed","ping_status":"closed","template":"template_ES.php","meta":[],"_links":{"self":[{"href":"https:\/\/www.ericfavre.com\/lifestyle\/es\/wp-json\/wp\/v2\/pages\/27736"}],"collection":[{"href":"https:\/\/www.ericfavre.com\/lifestyle\/es\/wp-json\/wp\/v2\/pages"}],"about":[{"href":"https:\/\/www.ericfavre.com\/lifestyle\/es\/wp-json\/wp\/v2\/types\/page"}],"author":[{"embeddable":true,"href":"https:\/\/www.ericfavre.com\/lifestyle\/es\/wp-json\/wp\/v2\/users\/71"}],"replies":[{"embeddable":true,"href":"https:\/\/www.ericfavre.com\/lifestyle\/es\/wp-json\/wp\/v2\/comments?post=27736"}],"version-history":[{"count":10,"href":"https:\/\/www.ericfavre.com\/lifestyle\/es\/wp-json\/wp\/v2\/pages\/27736\/revisions"}],"predecessor-version":[{"id":32243,"href":"https:\/\/www.ericfavre.com\/lifestyle\/es\/wp-json\/wp\/v2\/pages\/27736\/revisions\/32243"}],"up":[{"embeddable":true,"href":"https:\/\/www.ericfavre.com\/lifestyle\/es\/wp-json\/wp\/v2\/pages\/27659"}],"wp:featuredmedia":[{"embeddable":true,"href":"https:\/\/www.ericfavre.com\/lifestyle\/es\/wp-json\/wp\/v2\/media\/32236"}],"wp:attachment":[{"href":"https:\/\/www.ericfavre.com\/lifestyle\/es\/wp-json\/wp\/v2\/media?parent=27736"}],"curies":[{"name":"wp","href":"https:\/\/api.w.org\/{rel}","templated":true}]}}