{"id":2892,"date":"2021-06-03T20:10:26","date_gmt":"2021-06-03T18:10:26","guid":{"rendered":"https:\/\/www.ericfavre.com\/lifestyle\/es\/?page_id=2892"},"modified":"2021-12-28T16:09:15","modified_gmt":"2021-12-28T15:09:15","slug":"la-coenzina-q10","status":"publish","type":"page","link":"https:\/\/www.ericfavre.com\/lifestyle\/es\/bienvenida\/nutricion-deportiva\/complementos-alimenticios\/complementos-alimenticios-segun-sus-objetivos-deportivos\/antioxidantes\/la-coenzina-q10\/","title":{"rendered":"LA COENZINA Q10"},"content":{"rendered":"\t\t<div data-elementor-type=\"wp-page\" data-elementor-id=\"2892\" class=\"elementor elementor-2892\" data-elementor-settings=\"[]\">\n\t\t\t\t\t\t\t<div class=\"elementor-section-wrap\">\n\t\t\t\t\t\t\t<section class=\"penci-section penci-disSticky penci-structure-10 elementor-section elementor-top-section elementor-element elementor-element-71a3813 elementor-section-boxed elementor-section-height-default elementor-section-height-default\" data-id=\"71a3813\" data-element_type=\"section\">\n\t\t\t\t\t\t<div class=\"elementor-container elementor-column-gap-default\">\n\t\t\t\t\t<div class=\"penci-ercol-100 penci-ercol-order-1 penci-sticky-ct  elementor-column elementor-col-100 elementor-top-column elementor-element elementor-element-34b7f37\" data-id=\"34b7f37\" data-element_type=\"column\">\n\t\t\t<div class=\"elementor-widget-wrap elementor-element-populated\">\n\t\t\t\t\t\t\t\t<div class=\"elementor-element elementor-element-9b5e03b elementor-widget elementor-widget-html\" data-id=\"9b5e03b\" data-element_type=\"widget\" data-widget_type=\"html.default\">\n\t\t\t\t<div class=\"elementor-widget-container\">\n\t\t\t<p>\r\n      Para poder realizar sus m\u00faltiples tareas en el organismo, la mayor\u00eda de \r\n      las enzimas necesitan imperativamente una mol\u00e9cula adicional llamada \r\n      &quot;COENZIMA&quot;. Entre ellos se encuentra la COENZIMA Q10 (CoQ10), <b>con \r\n      propiedades antioxidantes<\/b>.\r\n    <\/p>\r\n    <h2>\r\n      COENZIMA Q10 o Ubiquinona\r\n    <\/h2>\r\n    <p>\r\n      Tambi\u00e9n llamada Ubiquinona, la Coenzima Q10 es una sustancia esencial \r\n      para el funcionamiento del cuerpo humano, del mismo modo que una \r\n      vitamina, Pero a diferencia de \u00e9sta, es sintetizada en parte por el \r\n      organismo. Su funci\u00f3n principal es permitir la producci\u00f3n de energ\u00eda \r\n      participando en la respiraci\u00f3n celular dentro de las mitocondrias.\r\n    <\/p>\r\n    <p>\r\n      Esta propiedad tambi\u00e9n le confiere propiedades antioxidantes.\r\n    <\/p>\r\n    <p>\r\n      El 95% de nuestras necesidades energ\u00e9ticas se producen con la coenzima \r\n      Q10, por eso este elemento es ubicuo, es decir, est\u00e1 presente en todo el \r\n      cuerpo, aunque los \u00f3rganos que m\u00e1s energ\u00eda requieren para funcionar, \r\n      como el coraz\u00f3n, los pulmones, el h\u00edgado y los m\u00fasculos, son los que \r\n      concentran los niveles m\u00e1s altos. La actividad f\u00edsica requiere mucha \r\n      energ\u00eda, por lo que es importante el consumo de carbohidratos. Pero los \r\n      hidratos de carbono son &quot;s\u00f3lo un consumible&quot; y para que funcione la \r\n      &quot;f\u00e1brica de energ\u00eda&quot; de nuestras c\u00e9lulas, que permite la transformaci\u00f3n \r\n      de los hidratos de carbono en energ\u00eda utilizable por el organismo (ATP), \r\n      es imprescindible tener un nivel adecuado de CoQ10.\r\n    <\/p>\r\n    <p>\r\n      La actividad f\u00edsica intensa tambi\u00e9n conduce a un alto estr\u00e9s oxidativo, \r\n      que los investigadores han podido medir observando los niveles de \r\n      ciertos mediadores de la inflamaci\u00f3n (TNF-alfa, IL-6 o 8-oHdG), lo que \r\n      significa la presencia de da\u00f1o celular.\r\n    <\/p>\r\n    <p>\r\n      Los estudios han demostrado una disminuci\u00f3n del 63% de estos mediadores \r\n      inflamatorios y una reducci\u00f3n significativa de los niveles de creatinina \r\n      en la orina, lo que indica una disminuci\u00f3n del catabolismo muscular. Una \r\n      forma de mantener la integridad f\u00edsica en condiciones extremas y mejorar \r\n      el rendimiento a largo plazo.\r\n    <\/p>\r\n    <p>\r\n      Para utilizar la coenzima Q10 (ubiquinona) el organismo la convierte en \r\n      una forma reducida: el ubiquinol. Un estudio cl\u00ednico publicado en abril \r\n      de 2013 demostr\u00f3 que un suplemento de ubiquinol de 6 semanas en atletas \r\n      aument\u00f3 significativamente su rendimiento f\u00edsico durante el ejercicio.\r\n    <\/p>\r\n    <p>\r\n      Las reservas corporales de coenzima Q10 son de unos 2g. El h\u00edgado y \r\n      otros tejidos corporales pueden sintetizar la coenzima Q10. Sin embargo, \r\n      la capacidad del cuerpo para producir esta importante sustancia \r\n      disminuye con los a\u00f1os (a partir de los 20 a\u00f1os), por ello, es frecuente \r\n      que los deportistas tengan una deficiencia de coenzima Q10. Se calcula \r\n      que la dieta aporta entre 3 y 10 mg de CoQ10.\r\n    <\/p>\r\n    diarios.\r\n\r\n    <p>\r\n      En el contexto de una pr\u00e1ctica f\u00edsica intensa, las dosis diarias \r\n      habitualmente recomendadas se sit\u00faan entre 30 y 150 mg. En esta \r\n      situaci\u00f3n, la dieta s\u00f3lo puede compensar una parte de este d\u00e9ficit, lo \r\n      que justifica el uso de suplementos.\r\n    <\/p>\r\n    <h2>\r\n      \u00bfSAB\u00cdAS ESO?\r\n    <\/h2>\r\n    <p>\r\n      Las mitocondrias se originan en la endosinbiosis de un microorganismo \r\n      hace unos 2.000 millones de a\u00f1os. Es una especie de bacteria antigua que \r\n      vive en simbiosis en nuestras c\u00e9lulas a cambio de la energ\u00eda que nos \r\n      proporciona.\r\n    <\/p>\t\t<\/div>\n\t\t\t\t<\/div>\n\t\t\t\t\t<\/div>\n\t\t<\/div>\n\t\t\t\t\t\t\t<\/div>\n\t\t<\/section>\n\t\t\t\t\t\t<\/div>\n\t\t\t\t\t<\/div>\n\t\t","protected":false},"excerpt":{"rendered":"<p>Para poder realizar sus m\u00faltiples tareas en el organismo, la mayor\u00eda de las enzimas necesitan&hellip;<\/p>\n","protected":false},"author":71,"featured_media":33853,"parent":2843,"menu_order":0,"comment_status":"closed","ping_status":"closed","template":"template_ES.php","meta":[],"_links":{"self":[{"href":"https:\/\/www.ericfavre.com\/lifestyle\/es\/wp-json\/wp\/v2\/pages\/2892"}],"collection":[{"href":"https:\/\/www.ericfavre.com\/lifestyle\/es\/wp-json\/wp\/v2\/pages"}],"about":[{"href":"https:\/\/www.ericfavre.com\/lifestyle\/es\/wp-json\/wp\/v2\/types\/page"}],"author":[{"embeddable":true,"href":"https:\/\/www.ericfavre.com\/lifestyle\/es\/wp-json\/wp\/v2\/users\/71"}],"replies":[{"embeddable":true,"href":"https:\/\/www.ericfavre.com\/lifestyle\/es\/wp-json\/wp\/v2\/comments?post=2892"}],"version-history":[{"count":6,"href":"https:\/\/www.ericfavre.com\/lifestyle\/es\/wp-json\/wp\/v2\/pages\/2892\/revisions"}],"predecessor-version":[{"id":2934,"href":"https:\/\/www.ericfavre.com\/lifestyle\/es\/wp-json\/wp\/v2\/pages\/2892\/revisions\/2934"}],"up":[{"embeddable":true,"href":"https:\/\/www.ericfavre.com\/lifestyle\/es\/wp-json\/wp\/v2\/pages\/2843"}],"wp:featuredmedia":[{"embeddable":true,"href":"https:\/\/www.ericfavre.com\/lifestyle\/es\/wp-json\/wp\/v2\/media\/33853"}],"wp:attachment":[{"href":"https:\/\/www.ericfavre.com\/lifestyle\/es\/wp-json\/wp\/v2\/media?parent=2892"}],"curies":[{"name":"wp","href":"https:\/\/api.w.org\/{rel}","templated":true}]}}