{"id":2990,"date":"2021-06-03T20:13:26","date_gmt":"2021-06-03T18:13:26","guid":{"rendered":"https:\/\/www.ericfavre.com\/lifestyle\/es\/?page_id=2990"},"modified":"2021-12-28T16:10:03","modified_gmt":"2021-12-28T15:10:03","slug":"la-ficocianina","status":"publish","type":"page","link":"https:\/\/www.ericfavre.com\/lifestyle\/es\/bienvenida\/nutricion-deportiva\/complementos-alimenticios\/complementos-alimenticios-segun-sus-objetivos-deportivos\/antioxidantes\/la-ficocianina\/","title":{"rendered":"LA FICOCIANINA"},"content":{"rendered":"\t\t<div data-elementor-type=\"wp-page\" data-elementor-id=\"2990\" class=\"elementor elementor-2990\" data-elementor-settings=\"[]\">\n\t\t\t\t\t\t\t<div class=\"elementor-section-wrap\">\n\t\t\t\t\t\t\t<section class=\"penci-section penci-disSticky penci-structure-10 elementor-section elementor-top-section elementor-element elementor-element-66de6b3 elementor-section-boxed elementor-section-height-default elementor-section-height-default\" data-id=\"66de6b3\" data-element_type=\"section\">\n\t\t\t\t\t\t<div class=\"elementor-container elementor-column-gap-default\">\n\t\t\t\t\t<div class=\"penci-ercol-100 penci-ercol-order-1 penci-sticky-ct  elementor-column elementor-col-100 elementor-top-column elementor-element elementor-element-18923cb\" data-id=\"18923cb\" data-element_type=\"column\">\n\t\t\t<div class=\"elementor-widget-wrap elementor-element-populated\">\n\t\t\t\t\t\t\t\t<div class=\"elementor-element elementor-element-cebd496 elementor-widget elementor-widget-html\" data-id=\"cebd496\" data-element_type=\"widget\" data-widget_type=\"html.default\">\n\t\t\t\t<div class=\"elementor-widget-container\">\n\t\t\t<p>\r\n      \r\n    <\/p>\r\n    <ul>\r\n      <li>\r\n        7000 veces m\u00e1s activo que la espirulina\r\n      <\/li>\r\n      <li>\r\n        20 veces m\u00e1s potente que la vitamina C\r\n      <\/li>\r\n      <li>\r\n        16 veces m\u00e1s eficaz que la vitamina E\r\n      <\/li>\r\n      <li>\r\n        70 veces mayor que la SOD <em>(Super \u00d3xido Dismutasa)<\/em>\r\n      <\/li>\r\n      <li>\r\n        Propiedades antioxidantes interesantes\r\n      <\/li>\r\n    <\/ul>\r\n    <h2>\r\n      \u00bfQu\u00e9 es la ficocianina?\r\n    <\/h2>\r\n    &nbsp;\r\n\r\n    <p>\r\n      fiocianina <em>(del griego phyco que significa &quot;algas &quot; y cianina que \r\n      proviene del color cyan que se deriva del griego kyanos &quot;verde azul &quot;)<\/em>&nbsp;&nbsp;es \r\n      la asociaci\u00f3n de prote\u00ednas de la familia de las ficobiliprote\u00ednas y \r\n      pigmentos solubles en agua de la fotos\u00edntesis.\r\n    <\/p>\r\n    &nbsp;\r\n\r\n    <p>\r\n      la ficocianina es un compuesto activo de la espirulina. Es importante \r\n      que la espirulina sea org\u00e1nica porque tiene la capacidad de captar la \r\n      energ\u00eda de la luz, pero tambi\u00e9n todas las sustancias que podr\u00edan ser \r\n      indeseables y que se encuentran en la naturaleza contaminada.\r\n    <\/p>\r\n    &nbsp;&nbsp;Los estudios han demostrado que la ficocianina ha facilitado la \r\n    diferenciaci\u00f3n de las c\u00e9lulas madre dentro de la m\u00e9dula \u00f3sea, estimula la \r\n    secreci\u00f3n de la hormona eritropoyetina (EPO) favorece la producci\u00f3n de \r\n    gl\u00f3bulos rojos, gl\u00f3bulos blancos y plaquetasproducir gl\u00f3bulos rojos, \r\n    gl\u00f3bulos blancos y plaquetas.\r\n\r\n    <p>\r\n      Es un estimulante y regulador del sistema inmunitario recomendado en \r\n      infecciones recurrentes, rinitis al\u00e9rgica y enfermedades degenerativas.\r\n    <\/p>\r\n    &nbsp;\r\n\r\n    <p>\r\n      Sus funciones&nbsp;&nbsp;antioxidantes y&nbsp;&nbsp;antirradicales&nbsp;son 70 veces m\u00e1s \r\n      importantes que la SOD <em>(Super \u00d3xido Dismutasa)<\/em>, 16 veces m\u00e1s eficaz \r\n      que la Vitamina\r\n    <\/p>\r\n    <p>\r\n      E y 20 veces m\u00e1s potente que la vitamina C.\r\n    <\/p>\r\n    &nbsp;\r\n\r\n    <p>\r\n      Tiene un papel muy importante en la funci\u00f3n hep\u00e1tica. Disminuye la \r\n      hepatotoxicidad causada por productos qu\u00edmicos hasta tal punto que se \r\n      aconseja sistem\u00e1ticamente en caso de quimioterapia, es capaz de unirse a \r\n      los \u00e1cidos biliares es una biliprote\u00edna como la bilirrubina. Aumenta la \r\n      excreci\u00f3n fecal de colesterol y \u00e1cidos biliares.\r\n    <\/p>\r\n    <h2>\r\n      ALGUNAS INDICACIONES IMPORTANTES\r\n    <\/h2>\r\n    &nbsp;\r\n\r\n    <p>\r\n      Anemia - fatiga - recuperaci\u00f3n despu\u00e9s de un esfuerzo f\u00edsico intenso\r\n    <\/p>\r\n    <ul>\r\n      <li>\r\n        Fatiga en la vejez.\r\n      <\/li>\r\n      <li>\r\n        la prevenci\u00f3n del envejecimiento,\r\n      <\/li>\r\n      <li>\r\n        la prevenci\u00f3n de enfermedades degenerativas,\r\n      <\/li>\r\n      <li>\r\n        trastornos hep\u00e1ticos, incrustaci\u00f3n de metales pesados, \r\n        hipercolesterolemia.\r\n      <\/li>\r\n    <\/ul>\r\n    <p>\r\n      Tiene muchas otras funciones y virtudes a nivel general y sigue siendo \r\n      hoy en d\u00eda uno de los productos vegetales m\u00e1s eficaces que podemos \r\n      encontrar.\r\n    <\/p>\t\t<\/div>\n\t\t\t\t<\/div>\n\t\t\t\t\t<\/div>\n\t\t<\/div>\n\t\t\t\t\t\t\t<\/div>\n\t\t<\/section>\n\t\t\t\t\t\t<\/div>\n\t\t\t\t\t<\/div>\n\t\t","protected":false},"excerpt":{"rendered":"<p>7000 veces m\u00e1s activo que la espirulina 20 veces m\u00e1s potente que la vitamina C&hellip;<\/p>\n","protected":false},"author":71,"featured_media":33867,"parent":2843,"menu_order":0,"comment_status":"closed","ping_status":"closed","template":"template_ES.php","meta":[],"_links":{"self":[{"href":"https:\/\/www.ericfavre.com\/lifestyle\/es\/wp-json\/wp\/v2\/pages\/2990"}],"collection":[{"href":"https:\/\/www.ericfavre.com\/lifestyle\/es\/wp-json\/wp\/v2\/pages"}],"about":[{"href":"https:\/\/www.ericfavre.com\/lifestyle\/es\/wp-json\/wp\/v2\/types\/page"}],"author":[{"embeddable":true,"href":"https:\/\/www.ericfavre.com\/lifestyle\/es\/wp-json\/wp\/v2\/users\/71"}],"replies":[{"embeddable":true,"href":"https:\/\/www.ericfavre.com\/lifestyle\/es\/wp-json\/wp\/v2\/comments?post=2990"}],"version-history":[{"count":6,"href":"https:\/\/www.ericfavre.com\/lifestyle\/es\/wp-json\/wp\/v2\/pages\/2990\/revisions"}],"predecessor-version":[{"id":3032,"href":"https:\/\/www.ericfavre.com\/lifestyle\/es\/wp-json\/wp\/v2\/pages\/2990\/revisions\/3032"}],"up":[{"embeddable":true,"href":"https:\/\/www.ericfavre.com\/lifestyle\/es\/wp-json\/wp\/v2\/pages\/2843"}],"wp:featuredmedia":[{"embeddable":true,"href":"https:\/\/www.ericfavre.com\/lifestyle\/es\/wp-json\/wp\/v2\/media\/33867"}],"wp:attachment":[{"href":"https:\/\/www.ericfavre.com\/lifestyle\/es\/wp-json\/wp\/v2\/media?parent=2990"}],"curies":[{"name":"wp","href":"https:\/\/api.w.org\/{rel}","templated":true}]}}