{"id":35579,"date":"2021-09-28T16:45:55","date_gmt":"2021-09-28T14:45:55","guid":{"rendered":"https:\/\/www.ericfavre.com\/lifestyle\/es\/?page_id=35579"},"modified":"2021-10-21T15:00:25","modified_gmt":"2021-10-21T13:00:25","slug":"bienvenida","status":"publish","type":"page","link":"https:\/\/www.ericfavre.com\/lifestyle\/es\/","title":{"rendered":"Tus gu\u00edas de musculaci\u00f3n, nutrici\u00f3n, detox y recuperaci\u00f3n"},"content":{"rendered":"\t\t<div data-elementor-type=\"wp-page\" data-elementor-id=\"35579\" class=\"elementor elementor-35579\" data-elementor-settings=\"[]\">\n\t\t\t\t\t\t\t<div class=\"elementor-section-wrap\">\n\t\t\t\t\t\t\t<section class=\"penci-section penci-disSticky penci-structure-10 elementor-section elementor-top-section elementor-element elementor-element-1496ba6 elementor-section-boxed elementor-section-height-default elementor-section-height-default\" data-id=\"1496ba6\" data-element_type=\"section\">\n\t\t\t\t\t\t<div class=\"elementor-container elementor-column-gap-default\">\n\t\t\t\t\t<div class=\"penci-ercol-100 penci-ercol-order-1 penci-sticky-ct  elementor-column elementor-col-100 elementor-top-column elementor-element elementor-element-656722f\" data-id=\"656722f\" data-element_type=\"column\">\n\t\t\t<div class=\"elementor-widget-wrap elementor-element-populated\">\n\t\t\t\t\t\t\t\t<div class=\"elementor-element elementor-element-3517388 elementor-widget elementor-widget-text-editor\" data-id=\"3517388\" data-element_type=\"widget\" data-widget_type=\"text-editor.default\">\n\t\t\t\t<div class=\"elementor-widget-container\">\n\t\t\t\t\t\t\t\t<p>La nutrici\u00f3n para el culturismo y el fitness es la clave del \u00e9xito. Una dieta adecuada proporciona a tu cuerpo los nutrientes apropiados que necesita para el crecimiento muscular, los objetivos de p\u00e9rdida de peso o la salud en general.<\/p>\n<p>Encontrar\u00e1s gu\u00edas completas que desglosar\u00e1n por qu\u00e9 esto es importante tanto para los hombres como para las mujeres que buscan perder peso r\u00e1pidamente o construir el f\u00edsico de sus sue\u00f1os.<\/p>\n<p>Tambi\u00e9n te daremos algunos consejos sobre c\u00f3mo puedes lograr tus objetivos r\u00e1pidamente mediante una combinaci\u00f3n de dietas y entrenamientos que funcionen mejor para tu objetivo. Y, por \u00faltimo, te diremos qu\u00e9 hace el descanso en relaci\u00f3n con el culturismo para que puedas obtener toda la informaci\u00f3n necesaria sobre este importante tema.<\/p>\n<p>\u00a0<\/p>\n<h2>La importancia de la nutrici\u00f3n en el culturismo y el fitness es algo que no se puede descuidar.<\/h2>\n<p>Estamos seguros de que la mayor\u00eda de nosotros hemos visto a este tipo de personas al menos una vez en nuestra vida&#8230; suelen ser tipos delgados que comen todo lo que ven sin preocuparse por las calor\u00edas ni los nutrientes&#8230; hasta que un d\u00eda se levantan gordos porque su cuerpo carece de prote\u00ednas lo que lleva a un aumento del apetito.<\/p>\n<p>Seguramente siguen pensando que hacer ejercicio todo el d\u00eda puede compensar los malos h\u00e1bitos de alimentaci\u00f3n pero desgraciadamente nada m\u00e1s lejos de la realidad .<\/p>\n<p>Lo primero de lo que quiero hablar es de por qu\u00e9 la nutrici\u00f3n es tan importante para aquellos interesados en construir m\u00fasculos o alcanzar otros objetivos relacionados con el fitness como la p\u00e9rdida de peso o el entrenamiento de resistencia (como los corredores de marat\u00f3n).<\/p>\n<p>La gente tiende a pensar que puede comer comida basura durante todo el d\u00eda mientras se ejercita cada d\u00eda sin ganar grasa ni tener problemas de salud&#8230; y puede ser cierto durante un tiempo. Sin embargo, las consecuencias de comer comida basura pueden ser m\u00e1s graves de lo que crees y tarde o temprano tu cuerpo mostrar\u00e1 se\u00f1ales de que algo no va bien con \u00e9l&#8230; \u00bfy entonces qu\u00e9?<\/p>\n<p>\u00a0<\/p>\n<h2>Culturismo y Fitness C\u00f3mo practicar correctamente<\/h2>\n<p>Si quieres practicar la musculaci\u00f3n correctamente, puede que necesites algo de ayuda. En este sitio web encontrar\u00e1s muchos art\u00edculos sobre culturismo y fitness. Si te resulta dif\u00edcil practicar tu deporte, es importante que consultes a un m\u00e9dico o a un entrenador deportivo, que podr\u00e1 darte algunos consejos para una correcta pr\u00e1ctica de la musculaci\u00f3n.<\/p>\n<p>\u00a1Ya no tendr\u00e1s problemas para levantarte temprano por la ma\u00f1ana! Adem\u00e1s, si quieres recomendaciones m\u00e1s personalizadas en funci\u00f3n de tu objetivo (perder peso, ganar m\u00fasculo, etc.) contacta con nosotros a trav\u00e9s del correo electr\u00f3nico.<\/p>\n<p>\u00a1Estamos aqu\u00ed para ayudarte a cuidarte! \u00a1Adem\u00e1s, de vez en cuando hay algunas promociones en nuestra p\u00e1gina web as\u00ed que no te olvides de consultarlas!<\/p>\n<p>Para rendir en la musculaci\u00f3n necesitas una buena alimentaci\u00f3n.<\/p>\n<p>As\u00ed como es importante que no te excedas en las cosas si quiero mejorar la calidad de vida sin causar problemas con la salud o el rendimiento . Tambi\u00e9n es necesario que la persona tenga en cuenta qu\u00e9 tipo de deporte quiere practicar porque las diferentes t\u00e9cnicas de entrenamiento son adecuadas para diferentes tipos de deporte. Por ejemplo, hay personas que prefieren la halterofilia mientras que otras corren maratones cada fin de semana pero ambos grupos deben alimentarse de forma diferente.<\/p>\n<p>\u00a0<\/p>\n<h2>Importancia de la detoxificaci\u00f3n<\/h2>\n<p>La detoxificaci\u00f3n es muy importante sobre todo si se quiere estar en forma y saludable. La detoxificaci\u00f3n del cuerpo se puede lograr de muchas maneras, pero hay algunos que definitivamente debe considerar porque realmente funcionan.<\/p>\n<p>Por ejemplo, resulta que el t\u00e9 verde, el lim\u00f3n o el jengibre ayudan a detoxificar el h\u00edgado y no se sentir\u00e1 m\u00e1s cansado despu\u00e9s de la pr\u00e1ctica. Tambi\u00e9n resulta que diferentes tipos de masajes ayudan a deshacerse de las toxinas de los m\u00fasculos, as\u00ed que no te olvides de esta opci\u00f3n tambi\u00e9n al planear c\u00f3mo ponerse en forma r\u00e1pidamente.<\/p>\n<p>Y, por \u00faltimo, no te olvides de beber mucha agua todos los d\u00edas (al menos un vaso) para el buen funcionamiento de todos los \u00f3rganos de nuestro cuerpo. Y lo m\u00e1s importante, consultar con el m\u00e9dico antes de someterse a cualquier tipo de tratamiento por si acaso tienes alg\u00fan problema de salud subyacente.<\/p>\n<p>En Ericfavre.com encontrar\u00e1s muchos consejos si quieres conseguir tu objetivo de fitness o de p\u00e9rdida de peso r\u00e1pidamente. Tambi\u00e9n tenemos algunas ofertas en nuestro sitio web, as\u00ed que no te olvides de consultarlas.<\/p>\n<p>\u00a0<\/p>\n<h2>La importancia del descanso en la musculaci\u00f3n<\/h2>\n<p>El descanso es tan importante como el entrenamiento y la nutrici\u00f3n. Si se practica deporte, es muy f\u00e1cil olvidarse del descanso, pero si queremos obtener grandes resultados de nuestros entrenamientos, es necesario que prestemos m\u00e1s atenci\u00f3n a la forma en que nos recuperamos.<\/p>\n<p>Est\u00e1 demostrado por muchos estudios que los que duermen mejor tienden a ser m\u00e1s delgados y m\u00e1s fuertes . Y por \u00faltimo, el descanso entre series tambi\u00e9n es crucial para ganar masa muscular: no te apresures con tu siguiente serie porque esto s\u00f3lo conducir\u00e1 a un sobreentrenamiento que puede causar algunos problemas de salud graves como enfermedades cardiovasculares o incluso un ataque al coraz\u00f3n. Por lo tanto, intente tomarse al menos un d\u00eda de descanso durante la semana para poder disfrutar realmente de todos los beneficios de la musculaci\u00f3n.<\/p>\n<p>La regla n\u00famero uno para cualquier entrenador serio: nunca te presiones m\u00e1s all\u00e1 del agotamiento porque esto puede conducir a una lesi\u00f3n o al s\u00edndrome de sobreentrenamiento (OTS).<\/p>\n<p>Si sientes cansancio, t\u00f3mate un d\u00eda libre de actividad f\u00edsica antes de seguir entrenando. No hay que estar agotado todos los d\u00edas, porque eso tampoco es bueno. La idea es dejar siempre tiempo para la recuperaci\u00f3n despu\u00e9s de cada sesi\u00f3n de entrenamiento.\u00a0<\/p>\t\t\t\t\t\t<\/div>\n\t\t\t\t<\/div>\n\t\t\t\t\t<\/div>\n\t\t<\/div>\n\t\t\t\t\t\t\t<\/div>\n\t\t<\/section>\n\t\t\t\t\t\t<\/div>\n\t\t\t\t\t<\/div>\n\t\t","protected":false},"excerpt":{"rendered":"<p>La nutrici\u00f3n para el culturismo y el fitness es la clave del \u00e9xito. Una dieta&hellip;<\/p>\n","protected":false},"author":8,"featured_media":0,"parent":0,"menu_order":0,"comment_status":"closed","ping_status":"closed","template":"template_ES.php","meta":[],"_links":{"self":[{"href":"https:\/\/www.ericfavre.com\/lifestyle\/es\/wp-json\/wp\/v2\/pages\/35579"}],"collection":[{"href":"https:\/\/www.ericfavre.com\/lifestyle\/es\/wp-json\/wp\/v2\/pages"}],"about":[{"href":"https:\/\/www.ericfavre.com\/lifestyle\/es\/wp-json\/wp\/v2\/types\/page"}],"author":[{"embeddable":true,"href":"https:\/\/www.ericfavre.com\/lifestyle\/es\/wp-json\/wp\/v2\/users\/8"}],"replies":[{"embeddable":true,"href":"https:\/\/www.ericfavre.com\/lifestyle\/es\/wp-json\/wp\/v2\/comments?post=35579"}],"version-history":[{"count":12,"href":"https:\/\/www.ericfavre.com\/lifestyle\/es\/wp-json\/wp\/v2\/pages\/35579\/revisions"}],"predecessor-version":[{"id":35796,"href":"https:\/\/www.ericfavre.com\/lifestyle\/es\/wp-json\/wp\/v2\/pages\/35579\/revisions\/35796"}],"wp:attachment":[{"href":"https:\/\/www.ericfavre.com\/lifestyle\/es\/wp-json\/wp\/v2\/media?parent=35579"}],"curies":[{"name":"wp","href":"https:\/\/api.w.org\/{rel}","templated":true}]}}