{"id":3627,"date":"2021-06-07T11:58:51","date_gmt":"2021-06-07T09:58:51","guid":{"rendered":"https:\/\/www.ericfavre.com\/lifestyle\/es\/?page_id=3627"},"modified":"2021-09-21T10:24:55","modified_gmt":"2021-09-21T08:24:55","slug":"te-verde-la-bebida-sagrada","status":"publish","type":"page","link":"https:\/\/www.ericfavre.com\/lifestyle\/es\/bienvenida\/nutricion-deportiva\/todo-sobre-la-alimentacion-sana\/los-superalimentos\/te-verde-la-bebida-sagrada\/","title":{"rendered":"T\u00c9 VERDE, LA BEBIDA SAGRADA"},"content":{"rendered":"\t\t<div data-elementor-type=\"wp-page\" data-elementor-id=\"3627\" class=\"elementor elementor-3627\" data-elementor-settings=\"[]\">\n\t\t\t\t\t\t\t<div class=\"elementor-section-wrap\">\n\t\t\t\t\t\t\t<section class=\"penci-section penci-disSticky penci-structure-10 elementor-section elementor-top-section elementor-element elementor-element-876785c elementor-section-boxed elementor-section-height-default elementor-section-height-default\" data-id=\"876785c\" data-element_type=\"section\">\n\t\t\t\t\t\t<div class=\"elementor-container elementor-column-gap-default\">\n\t\t\t\t\t<div class=\"penci-ercol-100 penci-ercol-order-1 penci-sticky-ct  elementor-column elementor-col-100 elementor-top-column elementor-element elementor-element-f6b8de1\" data-id=\"f6b8de1\" data-element_type=\"column\">\n\t\t\t<div class=\"elementor-widget-wrap elementor-element-populated\">\n\t\t\t\t\t\t\t\t<div class=\"elementor-element elementor-element-2eb148b elementor-widget elementor-widget-html\" data-id=\"2eb148b\" data-element_type=\"widget\" data-widget_type=\"html.default\">\n\t\t\t\t<div class=\"elementor-widget-container\">\n\t\t\t<p>\r\n      Asistir a la ceremonia del t\u00e9 es un momento intenso, un ritual. Es una \r\n      prueba del profundo respeto del anfitri\u00f3n por sus invitados, y del \r\n      profundo respeto de todos por la naturaleza. La mesa de preparaci\u00f3n, \r\n      casi puedo decir que el altar, es una obra de arte en s\u00ed misma. La \r\n      mayor\u00eda de las veces tallada en un \u00e1rbol centenario.\r\n    <\/p>\r\n    <p>\r\n      En el aspecto cient\u00edfico, obviamente encontramos todas las razones de \r\n      este ritual. La cafe\u00edna, la teobromina y la teofilina son alcaloides que \r\n      se extraen idealmente a 60\u00b0C.\r\n    <\/p>\r\n    <p>\r\n      Se sabe que son responsables del efecto acelerador del metabolismo del \r\n      t\u00e9 verde. Su consumo aumenta ligeramente la temperatura corporal, activa \r\n      todas las funciones fisiol\u00f3gicas, ayuda a quemar m\u00e1s energ\u00eda, por lo \r\n      tanto, a la reducci\u00f3n de las reservas de grasa, tambi\u00e9n a una mejor \r\n      oxigenaci\u00f3n global del organismo. Es como si aument\u00e1ramos nuestro motor \r\n      corporal.\r\n    <\/p>\r\n    <p>\r\n      El t\u00e9 verde se considera a menudo un<b>superalimento.<\/b>&nbsp;Tambi\u00e9n contiene \r\n      taninos, polifenoles, que tienen efectos antioxidantes beneficiosos. Son \r\n      carro\u00f1eros de los radicales libres y participan en su eliminaci\u00f3n.<br>Por \r\n      \u00faltimo, el t\u00e9 verde aporta pigmentos, clorofila y carotenoides. Son para \r\n      el organismo una valiosa ayuda para la respiraci\u00f3n celular y la \r\n      flexibilidad de los microvasos sangu\u00edneos.\r\n    <\/p>\t\t<\/div>\n\t\t\t\t<\/div>\n\t\t\t\t\t<\/div>\n\t\t<\/div>\n\t\t\t\t\t\t\t<\/div>\n\t\t<\/section>\n\t\t\t\t\t\t<\/div>\n\t\t\t\t\t<\/div>\n\t\t","protected":false},"excerpt":{"rendered":"<p>Asistir a la ceremonia del t\u00e9 es un momento intenso, un ritual. Es una prueba&hellip;<\/p>\n","protected":false},"author":71,"featured_media":33944,"parent":3480,"menu_order":0,"comment_status":"closed","ping_status":"closed","template":"template_ES.php","meta":[],"_links":{"self":[{"href":"https:\/\/www.ericfavre.com\/lifestyle\/es\/wp-json\/wp\/v2\/pages\/3627"}],"collection":[{"href":"https:\/\/www.ericfavre.com\/lifestyle\/es\/wp-json\/wp\/v2\/pages"}],"about":[{"href":"https:\/\/www.ericfavre.com\/lifestyle\/es\/wp-json\/wp\/v2\/types\/page"}],"author":[{"embeddable":true,"href":"https:\/\/www.ericfavre.com\/lifestyle\/es\/wp-json\/wp\/v2\/users\/71"}],"replies":[{"embeddable":true,"href":"https:\/\/www.ericfavre.com\/lifestyle\/es\/wp-json\/wp\/v2\/comments?post=3627"}],"version-history":[{"count":6,"href":"https:\/\/www.ericfavre.com\/lifestyle\/es\/wp-json\/wp\/v2\/pages\/3627\/revisions"}],"predecessor-version":[{"id":3669,"href":"https:\/\/www.ericfavre.com\/lifestyle\/es\/wp-json\/wp\/v2\/pages\/3627\/revisions\/3669"}],"up":[{"embeddable":true,"href":"https:\/\/www.ericfavre.com\/lifestyle\/es\/wp-json\/wp\/v2\/pages\/3480"}],"wp:featuredmedia":[{"embeddable":true,"href":"https:\/\/www.ericfavre.com\/lifestyle\/es\/wp-json\/wp\/v2\/media\/33944"}],"wp:attachment":[{"href":"https:\/\/www.ericfavre.com\/lifestyle\/es\/wp-json\/wp\/v2\/media?parent=3627"}],"curies":[{"name":"wp","href":"https:\/\/api.w.org\/{rel}","templated":true}]}}