{"id":4068,"date":"2021-06-07T12:08:26","date_gmt":"2021-06-07T10:08:26","guid":{"rendered":"https:\/\/www.ericfavre.com\/lifestyle\/es\/?page_id=4068"},"modified":"2021-09-21T10:34:25","modified_gmt":"2021-09-21T08:34:25","slug":"extractos-de-semilla-de-pomelo","status":"publish","type":"page","link":"https:\/\/www.ericfavre.com\/lifestyle\/es\/bienvenida\/nutricion-deportiva\/todo-sobre-la-alimentacion-sana\/los-superalimentos\/extractos-de-semilla-de-pomelo\/","title":{"rendered":"EXTRACTOS DE SEMILLA DE POMELO"},"content":{"rendered":"\t\t<div data-elementor-type=\"wp-page\" data-elementor-id=\"4068\" class=\"elementor elementor-4068\" data-elementor-settings=\"[]\">\n\t\t\t\t\t\t\t<div class=\"elementor-section-wrap\">\n\t\t\t\t\t\t\t<section class=\"penci-section penci-disSticky penci-structure-10 elementor-section elementor-top-section elementor-element elementor-element-c6061ea elementor-section-boxed elementor-section-height-default elementor-section-height-default\" data-id=\"c6061ea\" data-element_type=\"section\">\n\t\t\t\t\t\t<div class=\"elementor-container elementor-column-gap-default\">\n\t\t\t\t\t<div class=\"penci-ercol-100 penci-ercol-order-1 penci-sticky-ct  elementor-column elementor-col-100 elementor-top-column elementor-element elementor-element-e6e232d\" data-id=\"e6e232d\" data-element_type=\"column\">\n\t\t\t<div class=\"elementor-widget-wrap elementor-element-populated\">\n\t\t\t\t\t\t\t\t<div class=\"elementor-element elementor-element-7bec66b elementor-widget elementor-widget-html\" data-id=\"7bec66b\" data-element_type=\"widget\" data-widget_type=\"html.default\">\n\t\t\t\t<div class=\"elementor-widget-container\">\n\t\t\t<p>\r\n      La semilla de pomelo: la farmacia m\u00e1s peque\u00f1a del mundo! \u00c9ste es \r\n      reconocido como un <b>superalimento<\/b>&nbsp;por sus diversas virtudes.\r\n    <\/p>\r\n    <h2>\r\n      Extracto de semilla, un antibi\u00f3tico natural ?\r\n    <\/h2>\r\n    &nbsp;\r\n\r\n    <p>\r\n      El extracto de semilla de pomelo (o E.P.P.) es rico en bioflavonoides, \r\n      una sustancia natural desinfectante, antimic\u00f3tica, antiparasitaria, \r\n      antimicrobiana y antibacteriana.\r\n    <\/p>\r\n    <p>\r\n      El antibi\u00f3tico ideal debe tener un amplio espectro de acci\u00f3n porque en \r\n      muchas enfermedades los pat\u00f3genos rara vez se conocen con precisi\u00f3n. \r\n      Este es el caso del extracto de semilla de pomelo, que tiene una acci\u00f3n \r\n      sobre unas 800 cepas de bacterias y virus, unas 100 cepas de hongos y un \r\n      gran n\u00famero de par\u00e1sitos.\r\n    <\/p>\r\n    <p>\r\n      Real &quot;Farmacia de bolsillo&quot;, el E.P.P. puede utilizarse tanto por v\u00eda \r\n      interna, para la prevenci\u00f3n o el tratamiento de numerosas dolencias \r\n      (resfriados, gripe, anginas, cistitis, disfunciones intestinales, \r\n      etc...), como por v\u00eda externa, en particular contra las micosis y las \r\n      verrugas (muy frecuentes en los pabellones deportivos), pero tambi\u00e9n en \r\n      casos de herpes, eczema, psoriasis, caspa, acn\u00e9, picaduras de insectos, \r\n      etc...\r\n    <\/p>\r\n    <p>\r\n      A diferencia de los antibi\u00f3ticos &quot;cl\u00e1sicos&quot;, la P.P.E. no ataca a las \r\n      bacterias buenas (lactobacilos y bifidobacterias) del intestino, sino \r\n      que, por el contrario, mejora la flora intestinal, lo que contribuye a \r\n      reforzar las defensas naturales del organismo.\r\n    <\/p>\r\n    <p>\r\n      Para una buena eficacia se aconseja utilizar un extracto nativo de \r\n      E.P.P. que contiene un alto contenido de bioflavonoides (alrededor de \r\n      1200 mg por 100ml) y que se obtiene por triple extracci\u00f3n para \r\n      garantizar una calidad \u00f3ptima.\r\n    <\/p>\r\n    <h2>\r\n      \u00bfSAB\u00cdAS ESO?\r\n    <\/h2>\r\n    &nbsp;\r\n\r\n    <p>\r\n      En 1980, un m\u00e9dico-f\u00edsico, que tambi\u00e9n era jardinero aficionado, \r\n      descubri\u00f3 con asombro que las semillas de pomelo arrojadas al compost no \r\n      se descomponen.\r\n    <\/p>\r\n    <p>\r\n      M\u00e1s tarde descubri\u00f3 que el material contenido en las semillas de pomelo \r\n      era m\u00e1s eficaz que todos los antibi\u00f3ticos conocidos en aquella \u00e9poca y, \r\n      sobre todo, sin efectos secundarios.\r\n    <\/p>\t\t<\/div>\n\t\t\t\t<\/div>\n\t\t\t\t\t<\/div>\n\t\t<\/div>\n\t\t\t\t\t\t\t<\/div>\n\t\t<\/section>\n\t\t\t\t\t\t<\/div>\n\t\t\t\t\t<\/div>\n\t\t","protected":false},"excerpt":{"rendered":"<p>La semilla de pomelo: la farmacia m\u00e1s peque\u00f1a del mundo! \u00c9ste es reconocido como un&hellip;<\/p>\n","protected":false},"author":71,"featured_media":34007,"parent":3480,"menu_order":0,"comment_status":"closed","ping_status":"closed","template":"template_ES.php","meta":[],"_links":{"self":[{"href":"https:\/\/www.ericfavre.com\/lifestyle\/es\/wp-json\/wp\/v2\/pages\/4068"}],"collection":[{"href":"https:\/\/www.ericfavre.com\/lifestyle\/es\/wp-json\/wp\/v2\/pages"}],"about":[{"href":"https:\/\/www.ericfavre.com\/lifestyle\/es\/wp-json\/wp\/v2\/types\/page"}],"author":[{"embeddable":true,"href":"https:\/\/www.ericfavre.com\/lifestyle\/es\/wp-json\/wp\/v2\/users\/71"}],"replies":[{"embeddable":true,"href":"https:\/\/www.ericfavre.com\/lifestyle\/es\/wp-json\/wp\/v2\/comments?post=4068"}],"version-history":[{"count":6,"href":"https:\/\/www.ericfavre.com\/lifestyle\/es\/wp-json\/wp\/v2\/pages\/4068\/revisions"}],"predecessor-version":[{"id":4110,"href":"https:\/\/www.ericfavre.com\/lifestyle\/es\/wp-json\/wp\/v2\/pages\/4068\/revisions\/4110"}],"up":[{"embeddable":true,"href":"https:\/\/www.ericfavre.com\/lifestyle\/es\/wp-json\/wp\/v2\/pages\/3480"}],"wp:featuredmedia":[{"embeddable":true,"href":"https:\/\/www.ericfavre.com\/lifestyle\/es\/wp-json\/wp\/v2\/media\/34007"}],"wp:attachment":[{"href":"https:\/\/www.ericfavre.com\/lifestyle\/es\/wp-json\/wp\/v2\/media?parent=4068"}],"curies":[{"name":"wp","href":"https:\/\/api.w.org\/{rel}","templated":true}]}}