{"id":4313,"date":"2021-06-07T12:14:20","date_gmt":"2021-06-07T10:14:20","guid":{"rendered":"https:\/\/www.ericfavre.com\/lifestyle\/es\/?page_id=4313"},"modified":"2021-09-21T10:37:04","modified_gmt":"2021-09-21T08:37:04","slug":"alimentos-antioxidantes","status":"publish","type":"page","link":"https:\/\/www.ericfavre.com\/lifestyle\/es\/bienvenida\/nutricion-deportiva\/todo-sobre-la-alimentacion-sana\/alimentos-antioxidantes\/","title":{"rendered":"ALIMENTOS ANTIOXIDANTES"},"content":{"rendered":"\t\t<div data-elementor-type=\"wp-page\" data-elementor-id=\"4313\" class=\"elementor elementor-4313\" data-elementor-settings=\"[]\">\n\t\t\t\t\t\t\t<div class=\"elementor-section-wrap\">\n\t\t\t\t\t\t\t<section class=\"penci-section penci-disSticky penci-structure-10 elementor-section elementor-top-section elementor-element elementor-element-b90598a elementor-section-boxed elementor-section-height-default elementor-section-height-default\" data-id=\"b90598a\" data-element_type=\"section\">\n\t\t\t\t\t\t<div class=\"elementor-container elementor-column-gap-default\">\n\t\t\t\t\t<div class=\"penci-ercol-100 penci-ercol-order-1 penci-sticky-ct  elementor-column elementor-col-100 elementor-top-column elementor-element elementor-element-7d7f24e\" data-id=\"7d7f24e\" data-element_type=\"column\">\n\t\t\t<div class=\"elementor-widget-wrap elementor-element-populated\">\n\t\t\t\t\t\t\t\t<div class=\"elementor-element elementor-element-1571d5a elementor-widget elementor-widget-html\" data-id=\"1571d5a\" data-element_type=\"widget\" data-widget_type=\"html.default\">\n\t\t\t\t<div class=\"elementor-widget-container\">\n\t\t\t<p>\r\n      El invierno y el fr\u00edo est\u00e1n aqu\u00ed y su sistema inmunol\u00f3gico se debilita \r\n      dejando el cuerpo m\u00e1s vulnerable a los virus y las bacterias. Descubre \r\n      c\u00f3mo reforzar su sistema inmunitario a trav\u00e9s de la alimentaci\u00f3n.\r\n    <\/p>\r\n    <h2>\r\n      C\u00d3MO REFORZAR SU SISTEMA INMUNOL\u00d3GICO\r\n    <\/h2>\r\n    <p>\r\n      Para empezar, con el fin de promover un buen nivel del sistema \r\n      inmunol\u00f3gico del cuerpo, se deben aplicar diariamente actos sencillos \r\n      como:\r\n    <\/p>\r\n    <ul>\r\n      <li>\r\n        Tener una dieta equilibrada\r\n      <\/li>\r\n      <li>\r\n        Disminuci\u00f3n del consumo de tabaco\r\n      <\/li>\r\n      <li>\r\n        Dormir bien\r\n      <\/li>\r\n      <li>\r\n        Actividad f\u00edsica regular\r\n      <\/li>\r\n      <li>\r\n        Gesti\u00f3n de los niveles de estr\u00e9s\r\n      <\/li>\r\n    <\/ul>\r\n    <p>\r\n      <em>Todos ellos influyen en la calidad de la respuesta inmunitaria de \r\n      nuestro organismo<\/em>\r\n    <\/p>\r\n    <p>\r\n      Para reforzar el sistema inmunitario de forma natural, piensa en los \r\n      antioxidantes, que por definici\u00f3n se oponen a los oxidantes, tambi\u00e9n \r\n      conocidos como radicales libres, que son mol\u00e9culas que alteran el \r\n      funcionamiento de nuestras c\u00e9lulas, debilitan la inmunidad y aceleran el \r\n      envejecimiento celular.\r\n    <\/p>\r\n    <h2>\r\n      \u00bfEN QU\u00c9 SE ENCUENTRAN LOS ANTIOXIDANTES?\r\n    <\/h2>\r\n    <ul>\r\n      <li>\r\n        Los antioxidantes se encuentran en muchos alimentos que se consumen a \r\n        diario<br>Vitaminas (A,C,E,K) presentes en el at\u00fan, las gambas, el \r\n        cebollino, la mantequilla, el queso, los aceites vegetales, los \r\n        aguacates, los c\u00edtricos, ...\r\n      <\/li>\r\n      <li>\r\n        Minerales (selenio, zinc) en frutos secos, carne roja, aves de corral, \r\n        queso\r\n      <\/li>\r\n      <li>\r\n        Carotenoides (licopeno, beta-caroteno, lute\u00edna) presentes en ciertas \r\n        frutas y verduras )\r\n      <\/li>\r\n      <li>\r\n        Amino\u00e1cidos (glutati\u00f3n, glutamina...)&gt; Polifenoles (\u00e1cidos fen\u00f3licos, \r\n        flavonoides, taninos) presentes en ciertas frutas y verduras, t\u00e9, \r\n        caf\u00e9, chocolate...)\r\n      <\/li>\r\n    <\/ul>\r\n    <h2>\r\n      Pasar un invierno con un sistema inmunol\u00f3gico en a tope\r\n    <\/h2>\r\n    <p>\r\n      \u00a1Cuidado! Date un tiempo para relajarte...<br>Var\u00eda tu dieta y favorece \r\n      los alimentos mencionados anteriormente<br>Un poco de ejercicio regular, \r\n      tomar aire fresco los fines de semana. Y pasar\u00e1s un invierno &quot;en plena \r\n      forma&quot; !\r\n    <\/p>\r\n    <br>\t\t<\/div>\n\t\t\t\t<\/div>\n\t\t\t\t\t<\/div>\n\t\t<\/div>\n\t\t\t\t\t\t\t<\/div>\n\t\t<\/section>\n\t\t\t\t\t\t<\/div>\n\t\t\t\t\t<\/div>\n\t\t","protected":false},"excerpt":{"rendered":"<p>El invierno y el fr\u00edo est\u00e1n aqu\u00ed y su sistema inmunol\u00f3gico se debilita dejando el&hellip;<\/p>\n","protected":false},"author":71,"featured_media":34042,"parent":3431,"menu_order":0,"comment_status":"closed","ping_status":"closed","template":"template_ES.php","meta":[],"_links":{"self":[{"href":"https:\/\/www.ericfavre.com\/lifestyle\/es\/wp-json\/wp\/v2\/pages\/4313"}],"collection":[{"href":"https:\/\/www.ericfavre.com\/lifestyle\/es\/wp-json\/wp\/v2\/pages"}],"about":[{"href":"https:\/\/www.ericfavre.com\/lifestyle\/es\/wp-json\/wp\/v2\/types\/page"}],"author":[{"embeddable":true,"href":"https:\/\/www.ericfavre.com\/lifestyle\/es\/wp-json\/wp\/v2\/users\/71"}],"replies":[{"embeddable":true,"href":"https:\/\/www.ericfavre.com\/lifestyle\/es\/wp-json\/wp\/v2\/comments?post=4313"}],"version-history":[{"count":9,"href":"https:\/\/www.ericfavre.com\/lifestyle\/es\/wp-json\/wp\/v2\/pages\/4313\/revisions"}],"predecessor-version":[{"id":4376,"href":"https:\/\/www.ericfavre.com\/lifestyle\/es\/wp-json\/wp\/v2\/pages\/4313\/revisions\/4376"}],"up":[{"embeddable":true,"href":"https:\/\/www.ericfavre.com\/lifestyle\/es\/wp-json\/wp\/v2\/pages\/3431"}],"wp:featuredmedia":[{"embeddable":true,"href":"https:\/\/www.ericfavre.com\/lifestyle\/es\/wp-json\/wp\/v2\/media\/34042"}],"wp:attachment":[{"href":"https:\/\/www.ericfavre.com\/lifestyle\/es\/wp-json\/wp\/v2\/media?parent=4313"}],"curies":[{"name":"wp","href":"https:\/\/api.w.org\/{rel}","templated":true}]}}