{"id":4432,"date":"2021-06-07T12:16:02","date_gmt":"2021-06-07T10:16:02","guid":{"rendered":"https:\/\/www.ericfavre.com\/lifestyle\/es\/?page_id=4432"},"modified":"2021-09-29T12:42:13","modified_gmt":"2021-09-29T10:42:13","slug":"los-mejores-alimentos-para-los-practicantes-del-culturismo","status":"publish","type":"page","link":"https:\/\/www.ericfavre.com\/lifestyle\/es\/bienvenida\/nutricion-deportiva\/todo-sobre-la-alimentacion-sana\/los-mejores-alimentos-para-los-practicantes-del-culturismo\/","title":{"rendered":"LOS MEJORES ALIMENTOS PARA LOS PRACTICANTES DEL CULTURISMO"},"content":{"rendered":"\t\t<div data-elementor-type=\"wp-page\" data-elementor-id=\"4432\" class=\"elementor elementor-4432\" data-elementor-settings=\"[]\">\n\t\t\t\t\t\t\t<div class=\"elementor-section-wrap\">\n\t\t\t\t\t\t\t<section class=\"penci-section penci-disSticky penci-structure-10 elementor-section elementor-top-section elementor-element elementor-element-a8790b4 elementor-section-boxed elementor-section-height-default elementor-section-height-default\" data-id=\"a8790b4\" data-element_type=\"section\">\n\t\t\t\t\t\t<div class=\"elementor-container elementor-column-gap-default\">\n\t\t\t\t\t<div class=\"penci-ercol-100 penci-ercol-order-1 penci-sticky-ct  elementor-column elementor-col-100 elementor-top-column elementor-element elementor-element-9804a25\" data-id=\"9804a25\" data-element_type=\"column\">\n\t\t\t<div class=\"elementor-widget-wrap elementor-element-populated\">\n\t\t\t\t\t\t\t\t<div class=\"elementor-element elementor-element-422c18e elementor-widget elementor-widget-html\" data-id=\"422c18e\" data-element_type=\"widget\" data-widget_type=\"html.default\">\n\t\t\t\t<div class=\"elementor-widget-container\">\n\t\t\t<p>\r\n      Ganar peso o entrenar con pesas y comer son dos cosas que van juntas. \r\n      Por lo tanto, es fundamental elegir los correctos y mejores<b>alimentos<\/b>&nbsp;&nbsp;para \r\n      poder obtener un resultado esperado y satisfactorio con mayor facilidad. \r\n      Entonces, \u00bfcu\u00e1les son los alimentos que hay que preferir en la \r\n      musculaci\u00f3n? A continuaci\u00f3n, mostramos una lista de los mejores \r\n      alimentos que hay que consumir para desarrollar los m\u00fasculos.\r\n    <\/p>\r\n    <h2>\r\n      Los mejores alimentos para la musculaci\u00f3n\r\n    <\/h2>\r\n    <p>\r\n      Seguir una buena dieta de adelgazamiento significa consumir la cantidad \r\n      adecuada de macronutrientes y optar por una buena fuente de los mismos \r\n      (00010mejores hidratos de carbono00011, 00010mejores l\u00edpidos00011, \r\n      00010mejores prote\u00ednas00011), dando preferencia a los alimentos no \r\n      procesados, entre ellos las 00010frutas y verduras00011bio. Coma en \r\n      buenas cantidades y, a veces, opte por los aperitivos saludables \r\n      00010healthy00011para lograr sus objetivos deportivos.\r\n    <\/p>\r\n    <ul>\r\n      <li>\r\n        <b><u>Hojuelas de avena<\/u><\/b>\r\n      <\/li>\r\n    <\/ul>\r\n    <p>\r\n      Los copos de avena son una buena fuente de nutrientes, vitaminas y \r\n      minerales. Son ideales para los deportistas que desean tener una dieta \r\n      buena y equilibrada. Son uno de los cereales esenciales.\r\n    <\/p>\r\n    <ul>\r\n      <li>\r\n        <b><u>Espirulina<\/u><\/b>\r\n      <\/li>\r\n    <\/ul>\r\n    <p>\r\n      La espirulina es el alga comestible que contiene m\u00e1s prote\u00ednas \r\n      vegetales, es decir, 65g por cada 100g de espirulina. Tambi\u00e9n es muy \r\n      rica en vitaminas, betacaroteno y hierro.\r\n    <\/p>\r\n    <ul>\r\n      <li>\r\n        <b><u>Dulce de mesa<\/u><\/b>\r\n      <\/li>\r\n    <\/ul>\r\n    <p>\r\n      La batata es un tub\u00e9rculo que tiene propiedades \u00fatiles para el aumento \r\n      de peso. Su contenido de az\u00facar en sangre es bajo. Por lo tanto, no hay \r\n      ning\u00fan inconveniente en su consumo durante el periodo de musculaci\u00f3n y \r\n      tambi\u00e9n durante el periodo seco. Los hidratos de carbono que contiene \r\n      proporcionan energ\u00eda.\r\n    <\/p>\r\n    <ul>\r\n      <li>\r\n        <u><b>Huevos<\/b><\/u>\r\n      <\/li>\r\n    <\/ul>\r\n    <p>\r\n      Los huevos tambi\u00e9n son indispensables en las dietas de aumento de peso. \r\n      Contienen muchas prote\u00ednas y BCAA. Las claras y las yemas de huevo \r\n      contienen elementos \u00fatiles para la construcci\u00f3n de los \r\n      m\u00fasculos.&nbsp;&nbsp;Adem\u00e1s, son ricos en l\u00edpidos, que tambi\u00e9n son buenos para la \r\n      formaci\u00f3n de m\u00fasculos.\r\n    <\/p>\r\n    <ul>\r\n      <li>\r\n        <b><u>Mantequilla de cacahuete<\/u><\/b>\r\n      <\/li>\r\n    <\/ul>\r\n    <p>\r\n      La mantequilla de cacahuete es uno de los superalimentos imprescindibles \r\n      para los culturistas. Contiene muchas prote\u00ednas y grasas buenas. Por lo \r\n      tanto, es ideal para desarrollar los m\u00fasculos, especialmente para los \r\n      culturistas que est\u00e1n muy atentos a esto.\r\n    <\/p>\r\n    <ul>\r\n      <li>\r\n        <b><u>Quinoa<\/u><\/b>\r\n      <\/li>\r\n    <\/ul>\r\n    <p>\r\n      La quinoa contiene prote\u00ednas, minerales, vitaminas y fibra.&nbsp;&nbsp;Esto lo \r\n      convierte en un alimento completo. Por lo tanto, puede formar parte de \r\n      los alimentos que se consumen durante el aumento de peso.\r\n    <\/p>\r\n    <ul>\r\n      <li>\r\n        <b><u>C\u00farcuma<\/u><\/b>\r\n      <\/li>\r\n    <\/ul>\r\n    <p>\r\n      La c\u00farcuma tiene muchas virtudes. Aporta varios beneficios tanto para la \r\n      salud como para los deportistas. Tiene un efecto antioxidante y \r\n      antiinflamatorio. La curcumina que contiene alivia el dolor muscular \r\n      despu\u00e9s del entrenamiento. Tambi\u00e9n aumenta el proceso de recuperaci\u00f3n \r\n      muscular. Adem\u00e1s ayuda a prevenir los riesgos de enfermedades \r\n      cerebrales. Y puede utilizarse para tratar la artritis que tambi\u00e9n \r\n      estabiliza el colesterol y la diabetes.\r\n    <\/p>\r\n    <ul>\r\n      <li>\r\n        <b><u>Arroz<\/u><\/b>\r\n      <\/li>\r\n    <\/ul>\r\n    <p>\r\n      El arroz es uno de los superalimentos. No tiene muchas calor\u00edas y adem\u00e1s \r\n      contiene fibra y varios nutrientes. Tambi\u00e9n es una buena fuente de \r\n      energ\u00eda para los m\u00fasculos. No es dif\u00edcil de digerir. Es, por tanto, uno \r\n      de los alimentos energ\u00e9ticos que no deben dejar de consumir los \r\n      deportistas.\r\n    <\/p>\r\n    <ul>\r\n      <li>\r\n        <b><u>Lentes<\/u><\/b>\r\n      <\/li>\r\n    <\/ul>\r\n    <p>\r\n      Las lentejas son legumbres ricas en prote\u00ednas, fibra y que reducen los \r\n      niveles de az\u00facar en sangre. Estos oligoelementos son esenciales para la \r\n      buena salud y el desarrollo muscular.\r\n    <\/p>\r\n    <ul>\r\n      <li>\r\n        <b><u>Semillas oleaginosas<\/u><\/b>\r\n      <\/li>\r\n    <\/ul>\r\n    <p>\r\n      Las frutas oleaginosas son una buena fuente de minerales y vitaminas \r\n      esenciales para el buen funcionamiento del organismo. Tambi\u00e9n contienen \r\n      una buena cantidad de l\u00edpidos. Estas frutas tienen varios beneficios \r\n      impresionantes para la salud.\r\n    <\/p>\r\n    <ul>\r\n      <li>\r\n        <b><u>Aceite de pescado<\/u><\/b>\r\n      <\/li>\r\n    <\/ul>\r\n    <p>\r\n      El aceite de pescado contiene omega 3 que proporciona beneficios para la \r\n      salud. El pescado aporta grasas esenciales que son excelentes para los \r\n      m\u00fasculos.\r\n    <\/p>\r\n    <ul>\r\n      <li>\r\n        <b><u>Aceites vegetales<\/u><\/b>\r\n      <\/li>\r\n    <\/ul>\r\n    <p>\r\n      Los aceites vegetales son esenciales para el buen funcionamiento del \r\n      sistema nervioso. Tambi\u00e9n es importante para la salud del coraz\u00f3n, el \r\n      sistema inmunitario y el resto del organismo.\r\n    <\/p>\r\n    <ul>\r\n      <li>\r\n        <b><u>Abogado<\/u><\/b>\r\n      <\/li>\r\n    <\/ul>\r\n    <p>\r\n      Los aguacates contienen grasas buenas que son excelentes para la salud. \r\n      Son ricos en l\u00edpidos, minerales y vitaminas. El aliado perfecto para un \r\n      buen desarrollo muscular y una buena salud.\r\n    <\/p>\r\n    <ul>\r\n      <li>\r\n        <b><u>Le kefir<\/u><\/b>\r\n      <\/li>\r\n    <\/ul>\r\n    <p>\r\n      El k\u00e9fir forma parte de los productos l\u00e1cteos que no contienen lactosa. \r\n      Se extrae tras la fermentaci\u00f3n de la leche. Tiene muchos beneficios para \r\n      la salud, especialmente para el sistema digestivo. Posee propiedades \r\n      antibacterianas y antiinflamatorias. Tambi\u00e9n est\u00e1 catalogado como un \r\n      superalimento debido a la presencia de probi\u00f3ticos, vitaminas, calcios y \r\n      prote\u00ednas que contiene. Es un verdadero complemento alimenticio natural.\r\n    <\/p>\r\n    <ul>\r\n      <li>\r\n        <b><u>Vinagre de sidra<\/u><\/b>\r\n      <\/li>\r\n    <\/ul>\r\n    <p>\r\n      El vinagre de sidra es el aliado perfecto para mantenerse en forma. \r\n      Tiene virtudes y propiedades utilizadas a menudo en los remedios de la \r\n      abuela. Ayuda a prevenir las enfermedades del coraz\u00f3n. Tambi\u00e9n ayuda a \r\n      reducir el nivel de az\u00facar en sangre y, por tanto, a prevenir el aumento \r\n      de peso.\r\n    <\/p>\r\n    <ul>\r\n      <li>\r\n        <b><u>Pomelo<\/u><\/b>\r\n      <\/li>\r\n    <\/ul>\r\n    <p>\r\n      El pomelo es un c\u00edtrico bueno para la musculaci\u00f3n. Contiene vitamina C \r\n      que es eficaz para quemar las grasas malas. Tambi\u00e9n ayuda al sistema \r\n      metab\u00f3lico. Ademas seg\u00fan las investigaciones cient\u00edficas, se ha \r\n      demostrado que los componentes del pomelo ayudan a reducir los niveles \r\n      de insulina. Como resultado, la energ\u00eda producida por el cuerpo aumenta.\r\n    <\/p>\r\n    <ul>\r\n      <li>\r\n        <b><u>Germen de trigo<\/u><\/b>\r\n      <\/li>\r\n    <\/ul>\r\n    <p>\r\n      Los g\u00e9rmenes del trigo son ricos en cromo. Gracias a ello, favorecen la \r\n      absorci\u00f3n de los hidratos de carbono por los m\u00fasculos. Es una buena \r\n      fuente de energ\u00eda que garantiza una buena forma durante los ejercicios \r\n      de entrenamiento. Gracias tambi\u00e9n a la presencia de arginina en el \r\n      germen de trigo, aumenta la circulaci\u00f3n sangu\u00ednea en los m\u00fasculos.\r\n    <\/p>\r\n    <ul>\r\n      <li>\r\n        <b><u>Soja<\/u><\/b>\r\n      <\/li>\r\n    <\/ul>\r\n    <p>\r\n      La soja es una buena fuente de cantidades abundantes de prote\u00ednas \r\n      vegetales. Tambi\u00e9n contiene isoflavonas. Es bajo en grasa y muy rico en \r\n      amino\u00e1cidos esenciales para el desarrollo muscular. Por lo tanto, no \r\n      debe faltar durante el entrenamiento con pesas.\r\n    <\/p>\r\n    <ul>\r\n      <li>\r\n        <b><u>Remolacha<\/u><\/b>\r\n      <\/li>\r\n    <\/ul>\r\n    <p>\r\n      La remolacha es uno de los alimentos ideales para ganar peso. Es una \r\n      buena fuente de beta\u00edna, el amino\u00e1cido que previene los dolores \r\n      articulares y los problemas hep\u00e1ticos. La remolacha tambi\u00e9n ayuda a \r\n      promover la producci\u00f3n de \u00f3xido n\u00edtrico, que es una fuente de energ\u00eda y \r\n      permite una buena recuperaci\u00f3n.\r\n    <\/p>\r\n    <ul>\r\n      <li>\r\n        <b><u>El kiwi<\/u><\/b>\r\n      <\/li>\r\n    <\/ul>\r\n    <p>\r\n      El kiwi contiene vitamina C, que interviene en la formaci\u00f3n de col\u00e1geno. \r\n      Ayuda a mantener las articulaciones y los m\u00fasculos sanos y tambi\u00e9n los \r\n      fortalece.\r\n    <\/p>\t\t<\/div>\n\t\t\t\t<\/div>\n\t\t\t\t\t<\/div>\n\t\t<\/div>\n\t\t\t\t\t\t\t<\/div>\n\t\t<\/section>\n\t\t\t\t\t\t<\/div>\n\t\t\t\t\t<\/div>\n\t\t","protected":false},"excerpt":{"rendered":"<p>Ganar peso o entrenar con pesas y comer son dos cosas que van juntas. Por&hellip;<\/p>\n","protected":false},"author":71,"featured_media":34056,"parent":3431,"menu_order":0,"comment_status":"closed","ping_status":"closed","template":"template_ES.php","meta":[],"_links":{"self":[{"href":"https:\/\/www.ericfavre.com\/lifestyle\/es\/wp-json\/wp\/v2\/pages\/4432"}],"collection":[{"href":"https:\/\/www.ericfavre.com\/lifestyle\/es\/wp-json\/wp\/v2\/pages"}],"about":[{"href":"https:\/\/www.ericfavre.com\/lifestyle\/es\/wp-json\/wp\/v2\/types\/page"}],"author":[{"embeddable":true,"href":"https:\/\/www.ericfavre.com\/lifestyle\/es\/wp-json\/wp\/v2\/users\/71"}],"replies":[{"embeddable":true,"href":"https:\/\/www.ericfavre.com\/lifestyle\/es\/wp-json\/wp\/v2\/comments?post=4432"}],"version-history":[{"count":7,"href":"https:\/\/www.ericfavre.com\/lifestyle\/es\/wp-json\/wp\/v2\/pages\/4432\/revisions"}],"predecessor-version":[{"id":35671,"href":"https:\/\/www.ericfavre.com\/lifestyle\/es\/wp-json\/wp\/v2\/pages\/4432\/revisions\/35671"}],"up":[{"embeddable":true,"href":"https:\/\/www.ericfavre.com\/lifestyle\/es\/wp-json\/wp\/v2\/pages\/3431"}],"wp:featuredmedia":[{"embeddable":true,"href":"https:\/\/www.ericfavre.com\/lifestyle\/es\/wp-json\/wp\/v2\/media\/34056"}],"wp:attachment":[{"href":"https:\/\/www.ericfavre.com\/lifestyle\/es\/wp-json\/wp\/v2\/media?parent=4432"}],"curies":[{"name":"wp","href":"https:\/\/api.w.org\/{rel}","templated":true}]}}