{"id":5363,"date":"2021-06-07T12:41:55","date_gmt":"2021-06-07T10:41:55","guid":{"rendered":"https:\/\/www.ericfavre.com\/lifestyle\/es\/?page_id=5363"},"modified":"2021-09-29T12:42:08","modified_gmt":"2021-09-29T10:42:08","slug":"lista-de-alimentos-para-adelgazar","status":"publish","type":"page","link":"https:\/\/www.ericfavre.com\/lifestyle\/es\/bienvenida\/nutricion-deportiva\/todo-sobre-la-alimentacion-sana\/lista-de-alimentos-para-adelgazar\/","title":{"rendered":"LISTA DE ALIMENTOS PARA ADELGAZAR"},"content":{"rendered":"\t\t<div data-elementor-type=\"wp-page\" data-elementor-id=\"5363\" class=\"elementor elementor-5363\" data-elementor-settings=\"[]\">\n\t\t\t\t\t\t\t<div class=\"elementor-section-wrap\">\n\t\t\t\t\t\t\t<section class=\"penci-section penci-disSticky penci-structure-10 elementor-section elementor-top-section elementor-element elementor-element-ac4dab3 elementor-section-boxed elementor-section-height-default elementor-section-height-default\" data-id=\"ac4dab3\" data-element_type=\"section\">\n\t\t\t\t\t\t<div class=\"elementor-container elementor-column-gap-default\">\n\t\t\t\t\t<div class=\"penci-ercol-100 penci-ercol-order-1 penci-sticky-ct  elementor-column elementor-col-100 elementor-top-column elementor-element elementor-element-ad42bde\" data-id=\"ad42bde\" data-element_type=\"column\">\n\t\t\t<div class=\"elementor-widget-wrap elementor-element-populated\">\n\t\t\t\t\t\t\t\t<div class=\"elementor-element elementor-element-366e9e6 elementor-widget elementor-widget-html\" data-id=\"366e9e6\" data-element_type=\"widget\" data-widget_type=\"html.default\">\n\t\t\t\t<div class=\"elementor-widget-container\">\n\t\t\t<p>\r\n      Muchas personas se interesan por los <b>alimentos<\/b>&nbsp;adelgazantes o \r\n      recomendados para perder peso, como el <b>konjac<\/b>&nbsp;por ejemplo, \r\n      Especialmente los que m\u00e1s ayudan a conseguir un resultado r\u00e1pido, \r\n      efectivo y notable.\r\n    <\/p>\r\n    <p>\r\n      He aqu\u00ed una lista de los mejores alimentos para adelgazar que deben \r\n      preferirse en las comidas, con un consumo sin moderaci\u00f3n.\r\n    <\/p>\r\n    <h2>\r\n      VERDURAS Y FRUTAS:\r\n    <\/h2>\r\n    <p>\r\n      Son alimentos imprescindibles de consumir para tener una dieta sana y \r\n      equilibrada con un resultado satisfactorio para una dieta de \r\n      adelgazamiento.\r\n    <\/p>\r\n    <ul>\r\n      <li>\r\n        <b>Apio<\/b>\r\n      <\/li>\r\n    <\/ul>\r\n    <p>\r\n      El apio no tiene muchas calor\u00edas. Dos tallos de apio tienen menos de 10 \r\n      calor\u00edas. El 95% de su peso es la cantidad de agua que contienen. \r\n      Masticar apio ayuda mucho a perder peso.\r\n    <\/p>\r\n    <ul>\r\n      <li>\r\n        <b>Calabac\u00edn<\/b>\r\n      <\/li>\r\n    <\/ul>\r\n    <p>\r\n      Los calabacines son ricos en fibra y bajos en calor\u00edas. Permite una \r\n      buena digesti\u00f3n. Desempe\u00f1a un papel diur\u00e9tico y tambi\u00e9n evita la \r\n      retenci\u00f3n de l\u00edquido.\r\n    <\/p>\r\n    <ul>\r\n      <li>\r\n        <b>Pepino<\/b>\r\n      <\/li>\r\n    <\/ul>\r\n    <p>\r\n      El pepino es la verdura con menos calor\u00edas, 100g de pepino representan \r\n      12 calor\u00edas. Contiene mucha agua y es ideal para acompa\u00f1ar comidas \r\n      ligeras.\r\n    <\/p>\r\n    <ul>\r\n      <li>\r\n        <b>El hongo<\/b>\r\n      <\/li>\r\n    <\/ul>\r\n    <p>\r\n      Tambi\u00e9n es una de las verduras m\u00e1s bajas en calor\u00edas. No contiene grasa \r\n      y es una fuente de fibra diet\u00e9tica, potasio, selenio, riboflavina, \r\n      tiamina, \u00e1cido f\u00f3lico, vitamina B6 y zinc.\r\n    <\/p>\r\n    <ul>\r\n      <li>\r\n        <b>Pimienta<\/b>\r\n      <\/li>\r\n    <\/ul>\r\n    <p>\r\n      Los pimientos no tienen muchas calor\u00edas. Tiene un efecto diur\u00e9tico y \r\n      elimina las grasas y los az\u00facares.\r\n    <\/p>\r\n    <ul>\r\n      <li>\r\n        <b>Puerro<\/b>\r\n      <\/li>\r\n    <\/ul>\r\n    <p>\r\n      El puerro es una de las verduras con mayor efecto diur\u00e9tico, tambi\u00e9n \r\n      evita la retenci\u00f3n de l\u00edquidos y asegura una buena digesti\u00f3n.\r\n    <\/p>\r\n    <ul>\r\n      <li>\r\n        <b>Linaza<\/b>\r\n      <\/li>\r\n    <\/ul>\r\n    <p>\r\n      Las semillas de lino son conocidas por su efecto adelgazante y sus \r\n      propiedades digestivas. Son muy ricos en omega 3 y \u00e1cidos grasos que \r\n      aceleran la descomposici\u00f3n de las grasas para quemar calor\u00edas.\r\n    <\/p>\r\n    <ul>\r\n      <li>\r\n        <b>Lentejas<\/b>\r\n      <\/li>\r\n    <\/ul>\r\n    <p>\r\n      Las lentejas tambi\u00e9n se encuentran entre los mejores alimentos para \r\n      adelgazar gracias a la presencia de prote\u00ednas y fibra soluble. Ayudan a \r\n      equilibrar los niveles de az\u00facar en la sangre, evitan los picos de \r\n      insulina, que suelen ser la causa del exceso de producci\u00f3n de grasa.\r\n    <\/p>\r\n    <ul>\r\n      <li>\r\n        <b>Ma\u00edz<\/b>\r\n      <\/li>\r\n    <\/ul>\r\n    <p>\r\n      Una mazorca de ma\u00edz contiene de media 83 calor\u00edas. Es rica en potasio y \r\n      tiamina, tambi\u00e9n contiene una gran cantidad de fibra y prote\u00ednas para \r\n      satisfacer el apetito.\r\n    <\/p>\r\n    <ul>\r\n      <li>\r\n        <b>Calabaza<\/b>\r\n      <\/li>\r\n    <\/ul>\r\n    <p>\r\n      La calabaza tiene pocas calor\u00edas, por otro lado, es rica en fibra, \r\n      vitaminas y minerales, contiene una gran cantidad de betacaroteno. Tiene \r\n      un efecto adelgazante muy eficaz.\r\n    <\/p>\r\n    <ul>\r\n      <li>\r\n        <b>Batata dulce<\/b>\r\n      <\/li>\r\n    <\/ul>\r\n    <p>\r\n      A menudo catalogada como patata, la batata es menos cal\u00f3rica, tambi\u00e9n es \r\n      baja en glucemia, pero rica en fibra y varios nutrientes. Permite una \r\n      buena digesti\u00f3n y favorece el efecto de saciedad.\r\n    <\/p>\r\n    <ul>\r\n      <li>\r\n        <b>Lim\u00f3n<\/b>\r\n      <\/li>\r\n    <\/ul>\r\n    <p>\r\n      El lim\u00f3n es excelente para quemar grasa y, adem\u00e1s, es bajo en calor\u00edas, \r\n      ayuda a descomponer los \u00e1cidos grasos. El zumo de lim\u00f3n tambi\u00e9n es un \r\n      desintoxicante.\r\n    <\/p>\r\n    <ul>\r\n      <li>\r\n        <b>Pi\u00f1a<\/b>\r\n      <\/li>\r\n    <\/ul>\r\n    <p>\r\n      La pi\u00f1a es un alimento adelgazante indiscutible. Ayuda a tener una buena \r\n      digesti\u00f3n y tambi\u00e9n favorece la quema de grasas. Es un supresor del \r\n      apetito y tiene un efecto drenante.\r\n    <\/p>\r\n    <ul>\r\n      <li>\r\n        <b>Manzana<\/b>\r\n      <\/li>\r\n    <\/ul>\r\n    <p>\r\n      Al ser un supresor del apetito y menos cal\u00f3rico, la manzana es un \r\n      excelente alimento para adelgazar, especialmente las manzanas verdes y \r\n      ligeramente \u00e1cidas.\r\n    <\/p>\r\n    <ul>\r\n      <li>\r\n        <b>Granada<\/b>\r\n      <\/li>\r\n    <\/ul>\r\n    <p>\r\n      La granada ayuda a quemar grasas y potencia el efecto saciante, es un \r\n      eficaz supresor del apetito para consumir en fruta o zumo.\r\n    <\/p>\r\n    <ul>\r\n      <li>\r\n        <b>La ciruela pasa<\/b>\r\n      <\/li>\r\n    <\/ul>\r\n    <p>\r\n      Ayuda a reforzar el efecto de saciedad y permite tener una buena \r\n      digesti\u00f3n, el zumo de ciruelas es un excelente adelgazante.\r\n    <\/p>\r\n    <ul>\r\n      <li>\r\n        <b>Ar\u00e1ndanos<br><\/b>\r\n      <\/li>\r\n    <\/ul>\r\n    <p>\r\n      Los ar\u00e1ndanos son bajos en carbohidratos y calor\u00edas, por otro lado, \r\n      contienen fibra y antioxidantes. Media taza de ar\u00e1ndanos contiene 25 \r\n      calor\u00edas.\r\n    <\/p>\r\n    <ul>\r\n      <li>\r\n        <b>La pera<\/b>\r\n      <\/li>\r\n    <\/ul>\r\n    <p>\r\n      La pera es rica en fibra y ayuda a estabilizar el sistema digestivo. La \r\n      pectina que contiene favorece la sensaci\u00f3n de saciedad.\r\n    <\/p>\r\n    <ul>\r\n      <li>\r\n        <b>Canela<\/b>\r\n      <\/li>\r\n    <\/ul>\r\n    <p>\r\n      La canela tiene innumerables propiedades y virtudes. Ayuda a estabilizar \r\n      los niveles de az\u00facar en sangre. El aldeh\u00eddo cin\u00e1mico que contiene es un \r\n      fuerte antioxidante. Genera una reacci\u00f3n qu\u00edmica que provoca calor en el \r\n      cuerpo y, as\u00ed, acelera el metabolismo.\r\n    <\/p>\r\n    <ul>\r\n      <li>\r\n        <b>Snad\u00eda<\/b>\r\n      <\/li>\r\n    <\/ul>\r\n    <p>\r\n      La sand\u00eda tambi\u00e9n es m\u00e1s baja en calor\u00edas y tiene un efecto \r\n      antioxidante. Est\u00e1 compuesta por un 92% de agua, lo que la convierte en \r\n      una fruta que quita la sed.\r\n    <\/p>\r\n    <h2>\r\n      PROTE\u00cdNAS\r\n    <\/h2>\r\n    <p>\r\n      Ideales y recomendadas tambi\u00e9n para las personas que quieren perder \r\n      peso, las prote\u00ednas son tambi\u00e9n esenciales para reducir la grasa y para \r\n      el desarrollo de los m\u00fasculos.\r\n    <\/p>\r\n    <ul>\r\n      <li>\r\n        <b>Carne magra<\/b>\r\n      <\/li>\r\n    <\/ul>\r\n    <p>\r\n      Las carnes magras como el pavo o el pollo son menos cal\u00f3ricas, por otro \r\n      lado, aportan muchas prote\u00ednas.\r\n    <\/p>\r\n    <ul>\r\n      <li>\r\n        <b>Avena<\/b>\r\n      <\/li>\r\n    <\/ul>\r\n    <p>\r\n      La avena contiene fibra que mejora la digesti\u00f3n y la sensaci\u00f3n de \r\n      saciedad, tambi\u00e9n ayuda a reducir los niveles de colesterol. La avena es \r\n      un buen desayuno energ\u00e9tico que se consume en copos o tortas.\r\n    <\/p>\r\n    <ul>\r\n      <li>\r\n        <b>Pescado<\/b>\r\n      <\/li>\r\n    <\/ul>\r\n    <p>\r\n      El at\u00fan es el pescado m\u00e1s rico en prote\u00ednas y m\u00e1s rico en Omega 3. Las \r\n      gambas tambi\u00e9n contienen prote\u00ednas y tienen menos calor\u00edas.\r\n    <\/p>\r\n    <ul>\r\n      <li>\r\n        <b>granos de ch\u00eda<\/b>\r\n      <\/li>\r\n    <\/ul>\r\n    <p>\r\n      Los granos de ch\u00eda son m\u00e1s bajos en calor\u00edas, con un bajo contenido de \r\n      az\u00facar en sangre, tienen un efecto saciante y favorecen la sensaci\u00f3n de \r\n      saciedad y regulan el apetito. Al ser muy ricos en prote\u00ednas, ayudan a \r\n      perder peso y favorecen el desarrollo muscular. Su contenido en fibra \r\n      tambi\u00e9n ayuda a tener una buena digesti\u00f3n.\r\n    <\/p>\r\n    <ul>\r\n      <li>\r\n        <b>Quesos blancos<\/b>\r\n      <\/li>\r\n    <\/ul>\r\n    <p>\r\n      Los quesos blancos tampoco son muy cal\u00f3ricos. Contienen muchas \r\n      prote\u00ednas, promueven el efecto de saciedad especialmente cuando se comen \r\n      en su estado natural. Es un supresor natural del apetito y ayudan al \r\n      buen funcionamiento del tr\u00e1nsito intestinal.\r\n    <\/p>\r\n    <h2>\r\n      Superalimentos\r\n    <\/h2>\r\n    <p>\r\n      Los superalimentos con resultados relevantes, son ideales para \r\n      complementar la dieta de adelgazamiento, incluyen alimentos,<b>plantas<\/b>, \r\n      especias, y el<b>konjac<\/b>.\r\n    <\/p>\r\n    <ul>\r\n      <li>\r\n        <b>T\u00e9 verde<\/b>\r\n      <\/li>\r\n    <\/ul>\r\n    <p>\r\n      El t\u00e9 verde tiene propiedades drenantes y diur\u00e9ticas muy relevantes, \r\n      tambi\u00e9n ayuda a destruir las toxinas del cuerpo, interviene en la \r\n      eliminaci\u00f3n de las grasas. La presencia de te\u00ednas que contiene disminuye \r\n      la absorci\u00f3n de grasas y az\u00facares por parte del organismo. Es un \r\n      suplemento ideal para tomar para un efecto desintoxicante y adelgazante \r\n      a largo plazo.\r\n    <\/p>\r\n    <ul>\r\n      <li>\r\n        <b>Esprirulina<\/b>\r\n      <\/li>\r\n    <\/ul>\r\n    <p>\r\n      La espirulina es muy eficaz para la p\u00e9rdida de peso o como refuerzo \r\n      deportivo. Es muy rico en prote\u00ednas, tambi\u00e9n es un verdadero supresor \r\n      natural del apetito y promueve el desarrollo muscular. La espirulina \r\n      tiene propiedades adelgazantes y es buena para la salud. Es el \r\n      complemento ideal para combinar estos.\r\n    <\/p>\r\n    <ul>\r\n      <li>\r\n        <b>La chlorella<\/b>\r\n      <\/li>\r\n    <\/ul>\r\n    <p>\r\n      Tambi\u00e9n es un supresor natural del apetito. Estabiliza los niveles de \r\n      colesterol y az\u00facar en sangre, tiene un efecto desintoxicante y \r\n      purificador.\r\n    <\/p>\r\n    <ul>\r\n      <li>\r\n        <b>Bayas de Goji<\/b>\r\n      <\/li>\r\n    <\/ul>\r\n    <p>\r\n      Ideal para perder peso, las bayas de goji regulan el apetito y los \r\n      niveles de az\u00facar y colesterol en sangre.\r\n    <\/p>\r\n    <ul>\r\n      <li>\r\n        <b>C\u00farcuma<\/b>\r\n      <\/li>\r\n    <\/ul>\r\n    <p>\r\n      Quema la grasa y reduce la grasa corporal y el colesterol malo, tambi\u00e9n \r\n      estabiliza la digesti\u00f3n.\r\n    <\/p>\t\t<\/div>\n\t\t\t\t<\/div>\n\t\t\t\t\t<\/div>\n\t\t<\/div>\n\t\t\t\t\t\t\t<\/div>\n\t\t<\/section>\n\t\t\t\t\t\t<\/div>\n\t\t\t\t\t<\/div>\n\t\t","protected":false},"excerpt":{"rendered":"<p>Muchas personas se interesan por los alimentos&nbsp;adelgazantes o recomendados para perder peso, como el konjac&nbsp;por&hellip;<\/p>\n","protected":false},"author":71,"featured_media":34189,"parent":3431,"menu_order":0,"comment_status":"closed","ping_status":"closed","template":"template_ES.php","meta":[],"_links":{"self":[{"href":"https:\/\/www.ericfavre.com\/lifestyle\/es\/wp-json\/wp\/v2\/pages\/5363"}],"collection":[{"href":"https:\/\/www.ericfavre.com\/lifestyle\/es\/wp-json\/wp\/v2\/pages"}],"about":[{"href":"https:\/\/www.ericfavre.com\/lifestyle\/es\/wp-json\/wp\/v2\/types\/page"}],"author":[{"embeddable":true,"href":"https:\/\/www.ericfavre.com\/lifestyle\/es\/wp-json\/wp\/v2\/users\/71"}],"replies":[{"embeddable":true,"href":"https:\/\/www.ericfavre.com\/lifestyle\/es\/wp-json\/wp\/v2\/comments?post=5363"}],"version-history":[{"count":7,"href":"https:\/\/www.ericfavre.com\/lifestyle\/es\/wp-json\/wp\/v2\/pages\/5363\/revisions"}],"predecessor-version":[{"id":35670,"href":"https:\/\/www.ericfavre.com\/lifestyle\/es\/wp-json\/wp\/v2\/pages\/5363\/revisions\/35670"}],"up":[{"embeddable":true,"href":"https:\/\/www.ericfavre.com\/lifestyle\/es\/wp-json\/wp\/v2\/pages\/3431"}],"wp:featuredmedia":[{"embeddable":true,"href":"https:\/\/www.ericfavre.com\/lifestyle\/es\/wp-json\/wp\/v2\/media\/34189"}],"wp:attachment":[{"href":"https:\/\/www.ericfavre.com\/lifestyle\/es\/wp-json\/wp\/v2\/media?parent=5363"}],"curies":[{"name":"wp","href":"https:\/\/api.w.org\/{rel}","templated":true}]}}