{"id":5461,"date":"2021-06-07T12:44:00","date_gmt":"2021-06-07T10:44:00","guid":{"rendered":"https:\/\/www.ericfavre.com\/lifestyle\/es\/?page_id=5461"},"modified":"2021-09-21T10:57:09","modified_gmt":"2021-09-21T08:57:09","slug":"el-konjac-un-efecto-que-corta-el-hambre","status":"publish","type":"page","link":"https:\/\/www.ericfavre.com\/lifestyle\/es\/bienvenida\/nutricion-deportiva\/todo-sobre-la-alimentacion-sana\/lista-de-alimentos-para-adelgazar\/el-konjac-un-efecto-que-corta-el-hambre\/","title":{"rendered":"EL KONJAC, UN EFECTO QUE CORTA EL HAMBRE"},"content":{"rendered":"\t\t<div data-elementor-type=\"wp-page\" data-elementor-id=\"5461\" class=\"elementor elementor-5461\" data-elementor-settings=\"[]\">\n\t\t\t\t\t\t\t<div class=\"elementor-section-wrap\">\n\t\t\t\t\t\t\t<section class=\"penci-section penci-disSticky penci-structure-10 elementor-section elementor-top-section elementor-element elementor-element-b1ea585 elementor-section-boxed elementor-section-height-default elementor-section-height-default\" data-id=\"b1ea585\" data-element_type=\"section\">\n\t\t\t\t\t\t<div class=\"elementor-container elementor-column-gap-default\">\n\t\t\t\t\t<div class=\"penci-ercol-100 penci-ercol-order-1 penci-sticky-ct  elementor-column elementor-col-100 elementor-top-column elementor-element elementor-element-0329a65\" data-id=\"0329a65\" data-element_type=\"column\">\n\t\t\t<div class=\"elementor-widget-wrap elementor-element-populated\">\n\t\t\t\t\t\t\t\t<div class=\"elementor-element elementor-element-7f32939 elementor-widget elementor-widget-html\" data-id=\"7f32939\" data-element_type=\"widget\" data-widget_type=\"html.default\">\n\t\t\t\t<div class=\"elementor-widget-container\">\n\t\t\t<p>\r\n      \r\n    <\/p>\r\n    <p>\r\n      El Konjac es perfecto para cortar el hambre. Es su principal componente, \r\n      la fibra llamada Glucomanano, la que le confiere sus reconocidas \r\n      cualidades :\r\n    <\/p>\r\n    <ul>\r\n      <li>\r\n        Efecto supresor del hambre\r\n      <\/li>\r\n      <li>\r\n        Regulador del colesterol y del az\u00facar en sangre.\r\n      <\/li>\r\n    <\/ul>\r\n    <h2>\r\n      \u00bfC\u00f3mo funciona?\r\n    <\/h2>\r\n    <p>\r\n      El efecto supresor del apetito se consigue hinchando el glucomanano en \r\n      el est\u00f3mago, siempre que el konjac se consuma siempre junto con una \r\n      cantidad suficiente de bebida. El gel resultante obstruye el est\u00f3mago.<br>Durante \r\n      el tr\u00e1nsito, esta masa gelificada capta ciertos az\u00facares del bolo \r\n      alimenticio, arrastr\u00e1ndolos en las heces sin que puedan ser asimilados. \r\n      De ah\u00ed su efecto regulador de los niveles de az\u00facar en sangre.\r\n    <\/p>\r\n    <p>\r\n      Tambi\u00e9n capta ciertas grasas del bolo alimenticio, reduciendo su \r\n      reabsorci\u00f3n por el intestino, este e un efecto regulador del colesterol \r\n      reconocido cient\u00edficamente.<br>Pero cuidado: la \u00fanica restricci\u00f3n que \r\n      sugiero es una posible sensibilidad a los sulfitos. Cada vez son m\u00e1s los \r\n      consumidores que sufren alergias o efectos cr\u00f3nicos. Por lo tanto, mi \r\n      consejo es dar preferencia los productos basados en KONJAC BIO, sin \r\n      SULFITOS.\r\n    <\/p>\r\n    .<br>\t\t<\/div>\n\t\t\t\t<\/div>\n\t\t\t\t\t<\/div>\n\t\t<\/div>\n\t\t\t\t\t\t\t<\/div>\n\t\t<\/section>\n\t\t\t\t\t\t<\/div>\n\t\t\t\t\t<\/div>\n\t\t","protected":false},"excerpt":{"rendered":"<p>El Konjac es perfecto para cortar el hambre. Es su principal componente, la fibra llamada&hellip;<\/p>\n","protected":false},"author":71,"featured_media":34203,"parent":5363,"menu_order":0,"comment_status":"closed","ping_status":"closed","template":"template_ES.php","meta":[],"_links":{"self":[{"href":"https:\/\/www.ericfavre.com\/lifestyle\/es\/wp-json\/wp\/v2\/pages\/5461"}],"collection":[{"href":"https:\/\/www.ericfavre.com\/lifestyle\/es\/wp-json\/wp\/v2\/pages"}],"about":[{"href":"https:\/\/www.ericfavre.com\/lifestyle\/es\/wp-json\/wp\/v2\/types\/page"}],"author":[{"embeddable":true,"href":"https:\/\/www.ericfavre.com\/lifestyle\/es\/wp-json\/wp\/v2\/users\/71"}],"replies":[{"embeddable":true,"href":"https:\/\/www.ericfavre.com\/lifestyle\/es\/wp-json\/wp\/v2\/comments?post=5461"}],"version-history":[{"count":6,"href":"https:\/\/www.ericfavre.com\/lifestyle\/es\/wp-json\/wp\/v2\/pages\/5461\/revisions"}],"predecessor-version":[{"id":5503,"href":"https:\/\/www.ericfavre.com\/lifestyle\/es\/wp-json\/wp\/v2\/pages\/5461\/revisions\/5503"}],"up":[{"embeddable":true,"href":"https:\/\/www.ericfavre.com\/lifestyle\/es\/wp-json\/wp\/v2\/pages\/5363"}],"wp:featuredmedia":[{"embeddable":true,"href":"https:\/\/www.ericfavre.com\/lifestyle\/es\/wp-json\/wp\/v2\/media\/34203"}],"wp:attachment":[{"href":"https:\/\/www.ericfavre.com\/lifestyle\/es\/wp-json\/wp\/v2\/media?parent=5461"}],"curies":[{"name":"wp","href":"https:\/\/api.w.org\/{rel}","templated":true}]}}