{"id":5510,"date":"2021-06-07T12:44:56","date_gmt":"2021-06-07T10:44:56","guid":{"rendered":"https:\/\/www.ericfavre.com\/lifestyle\/es\/?page_id=5510"},"modified":"2021-09-21T10:57:40","modified_gmt":"2021-09-21T08:57:40","slug":"tener-un-vientre-plano-con-planta","status":"publish","type":"page","link":"https:\/\/www.ericfavre.com\/lifestyle\/es\/bienvenida\/nutricion-deportiva\/todo-sobre-la-alimentacion-sana\/lista-de-alimentos-para-adelgazar\/tener-un-vientre-plano-con-planta\/","title":{"rendered":"TENER UN VIENTRE PLANO CON PLANTA"},"content":{"rendered":"\t\t<div data-elementor-type=\"wp-page\" data-elementor-id=\"5510\" class=\"elementor elementor-5510\" data-elementor-settings=\"[]\">\n\t\t\t\t\t\t\t<div class=\"elementor-section-wrap\">\n\t\t\t\t\t\t\t<section class=\"penci-section penci-disSticky penci-structure-10 elementor-section elementor-top-section elementor-element elementor-element-66e3aef elementor-section-boxed elementor-section-height-default elementor-section-height-default\" data-id=\"66e3aef\" data-element_type=\"section\">\n\t\t\t\t\t\t<div class=\"elementor-container elementor-column-gap-default\">\n\t\t\t\t\t<div class=\"penci-ercol-100 penci-ercol-order-1 penci-sticky-ct  elementor-column elementor-col-100 elementor-top-column elementor-element elementor-element-ea43f6a\" data-id=\"ea43f6a\" data-element_type=\"column\">\n\t\t\t<div class=\"elementor-widget-wrap elementor-element-populated\">\n\t\t\t\t\t\t\t\t<div class=\"elementor-element elementor-element-ebfb50c elementor-widget elementor-widget-html\" data-id=\"ebfb50c\" data-element_type=\"widget\" data-widget_type=\"html.default\">\n\t\t\t\t<div class=\"elementor-widget-container\">\n\t\t\t<p>\r\n      \u00bfUna barriga, demasiado grasa? Suele ser la preocupaci\u00f3n de mucha gente, \r\n      pero, \u00bfc\u00f3mo podemos remediarlo? Hay plantas que ayudan a perder barriga \r\n      y a volver a tener un vientre plano con una figura perfecta. Estas \r\n      plantas tienen propiedades quemagrasas y supresoras del apetito que \r\n      ayudan a dejar de picar. Un natur\u00f3pata da el secreto de las plantas que \r\n      ayudan a tener un vientre plano. A continuaci\u00f3n las plantas forman parte \r\n      de la<b>lista de alimentos para adelgazar con sus funciones para superar \r\n      la masa grasa :<\/b>\r\n    <\/p>\r\n    <h2>\r\n      Plantas que ayudan a quemar grasa\r\n    <\/h2>\r\n    <p>\r\n      Para acelerar el metabolismo b\u00e1sico y permitir el gasto de calor\u00edas, hay \r\n      que quemar grasa. Cuando la aceleraci\u00f3n del metabolismo b\u00e1sico aumenta, \r\n      el cuerpo gasta mucha energ\u00eda.\r\n    <\/p>\r\n    <p>\r\n      Aqu\u00ed hay una lista de algunas poderosas plantas naturales quemadoras de \r\n      grasa :\r\n    <\/p>\r\n    <ul>\r\n      <li>\r\n        Guaran\u00e1: es una fruta que contiene una alta dosis de cafe\u00edna, hasta \r\n        tres veces m\u00e1s que una semilla de caf\u00e9, tiene un efecto estimulante \r\n        muy potente, tambi\u00e9n act\u00faa como quemador de grasas y ayuda de forma \r\n        natural a aumentar el gasto cal\u00f3rico, no obstante, es necesario \r\n        vigilar que no lo consuman las personas que padecen hipertensi\u00f3n.\r\n      <\/li>\r\n    <\/ul>\r\n    <ul>\r\n      <li>\r\n        Caf\u00e9: la cafe\u00edna que contiene sirve como quemador de calor\u00edas y act\u00faa \r\n        en las tres horas siguientes a su consumo.\r\n      <\/li>\r\n    <\/ul>\r\n    <ul>\r\n      <li>\r\n        Fucus: es un alga que tambi\u00e9n desempe\u00f1a el papel de planta \r\n        adelgazante, ayuda a evitar el deseo de picar. Se puede comer con \r\n        ensaladas y sopas, tambi\u00e9n es posible utilizarlos para una mezcla con \r\n        pescado o sushi.\r\n      <\/li>\r\n    <\/ul>\r\n    <ul>\r\n      <li>\r\n        Canela: act\u00faa directamente sobre el az\u00facar en sangre y el colesterol, \r\n        ayuda a reducir los niveles de az\u00facar en sangre. La canela tambi\u00e9n \r\n        tiene un potente efecto como supresor del apetito, es ideal para \r\n        perder peso a largo plazo. Para preparar su consumo, a\u00f1ada una \r\n        cucharadita de canela al agua hervida d\u00e9jalo reposar y ya est\u00e1 listo \r\n        para beber. Es posible a\u00f1adir miel a la infusi\u00f3n, la canela tambi\u00e9n se \r\n        puede consumir con cereales o macedonia en el desayuno o en los \r\n        postres.\r\n      <\/li>\r\n    <\/ul>\r\n    <ul>\r\n      <li>\r\n        La alcachofa: es una excelente planta adelgazante y antioxidante que \r\n        tambi\u00e9n ayuda a desintoxicar el organismo. No es rica en calor\u00edas, ya \r\n        que 100 g de alcachofa s\u00f3lo contienen 43 calor\u00edas. La alcachofa no \r\n        s\u00f3lo ayuda a desintoxicar el cuerpo, tambi\u00e9n ayuda a eliminar las \r\n        grasas y a perder peso.\r\n      <\/li>\r\n    <\/ul>\r\n    <h2>\r\n      Infusiones que ayudan a evitar la hinchaz\u00f3n y a tener una buena digesti\u00f3n\r\n    <\/h2>\r\n    <ul>\r\n      <li>\r\n        Infusi\u00f3n de hinojo: el hinojo ayuda a estimular la digesti\u00f3n, tambi\u00e9n \r\n        ayuda a evitar la hinchaz\u00f3n del vientre, por lo que evita tener una \r\n        barriga hinchada, el consumo de granos de hinojo tiene muchas \r\n        ventajas. Para preparar la tisana, tome una taza de agua hirviendo y \r\n        a\u00f1ada granos de hinojo, a continuaci\u00f3n, deje la infusi\u00f3n, f\u00edltrela \r\n        despu\u00e9s de 15 minutos y beba la tisana de 1 a 3 veces al d\u00eda.\r\n      <\/li>\r\n    <\/ul>\r\n    <ul>\r\n      <li>\r\n        T\u00e9 de fresno: el fresno ayuda a evitar la retenci\u00f3n de l\u00edquidos, por \r\n        lo tanto, ayuda a reducir el tama\u00f1o de la celulitis y favorece la \r\n        p\u00e9rdida de peso, tambi\u00e9n ayuda a la digesti\u00f3n y evita la hinchaz\u00f3n del \r\n        est\u00f3mago. Para preparar la tisana, hierve agua y a\u00f1ade un pu\u00f1ado de \r\n        fresno, luego d\u00e9jalo infusionar, el fresno tambi\u00e9n est\u00e1 disponible en \r\n        forma de c\u00e1psulas.\r\n      <\/li>\r\n    <\/ul>\r\n    <ul>\r\n      <li>\r\n        T\u00e9 de hierbas de comino: es el t\u00e9 de hierbas m\u00e1s eficaz para quemar \r\n        grasa y tambi\u00e9n perder peso, quema la grasa muy r\u00e1pidamente y tambi\u00e9n \r\n        evita la hinchaz\u00f3n excesiva. Para su preparaci\u00f3n, se a\u00f1ade una \r\n        cucharadita de semillas de comino en agua hervida y se deja en \r\n        infusi\u00f3n durante 15 minutos. Beber de 1 a 3 veces al d\u00eda.\r\n      <\/li>\r\n    <\/ul>\r\n    <ul>\r\n      <li>\r\n        T\u00e9 de diente de le\u00f3n: La planta del diente de le\u00f3n tiene propiedades \r\n        drenantes y digestivas. Ya sea la ra\u00edz o las hojas, todas ayudan a \r\n        eliminar las toxinas, esta planta tambi\u00e9n evita la retenci\u00f3n de \r\n        l\u00edquidos y previene los problemas hep\u00e1ticos. Para preparar la tisana \r\n        con las hojas, vierta una cucharada de hojas de diente de le\u00f3n frescas \r\n        o secas en agua hervida y d\u00e9jela en infusi\u00f3n durante 15 minutos, de lo \r\n        contrario, para la tisana con la ra\u00edz, tome de 3 a 5 gramos de ra\u00edz \r\n        seca y vi\u00e9rtala en agua hervida y d\u00e9jela tambi\u00e9n durante 15 minutos. \r\n        Beber de 1 a 3 veces al d\u00eda, tambi\u00e9n existe en forma de c\u00e1psulas. \r\n        Tomar de 3 a 6 c\u00e1psulas al d\u00eda.\r\n      <\/li>\r\n    <\/ul>\r\n    <h2>\r\n      Plantas que ayudan a prevenir el estre\u00f1imiento\r\n    <\/h2>\r\n    <p>\r\n      Hay plantas que ayudan a evitar el estre\u00f1imiento y por tanto a prevenir \r\n      la hinchaz\u00f3n del vientre para tener o mantener un vientre plano.\r\n    <\/p>\r\n    <ul>\r\n      <li>\r\n        T\u00e9 de psilio: El psilio es una planta que tiene una mejor propiedad \r\n        como regulador del funcionamiento de los intestinos. Desempe\u00f1a un \r\n        papel de laxante muy eficaz, no tiene ning\u00fan efecto irritante sobre la \r\n        mucosa, ablanda los excrementos y facilita as\u00ed su tr\u00e1nsito. Para su \r\n        preparaci\u00f3n, vierta una cucharadita de psilio en agua hervida y \r\n        b\u00e9bala. Repetir 3 veces al d\u00eda.\r\n      <\/li>\r\n    <\/ul>\r\n    <ul>\r\n      <li>\r\n        Infusi\u00f3n de ra\u00edz de malvavisco: en caso de estre\u00f1imiento, la ra\u00edz de \r\n        malvavisco ayuda a evacuar f\u00e1cilmente las heces abland\u00e1ndolas gracias \r\n        a sus propiedades laxantes. Para su preparaci\u00f3n, a\u00f1ada una cucharadita \r\n        de ra\u00edz de malvavisco al agua hervida y d\u00e9jela en infusi\u00f3n durante 15 \r\n        minutos. Para beber 3 veces al d\u00eda.\r\n      <\/li>\r\n    <\/ul>\r\n    <h2>\r\n      Algas que tienen propiedades inhibidoras del apetito :\r\n    <\/h2>\r\n    <ul>\r\n      <li>\r\n        Sprirulina: tiene propiedades para aumentar la sensaci\u00f3n de saciedad, \r\n        estimular la evaluaci\u00f3n energ\u00e9tica y activar el metabolismo, por lo \r\n        tanto, ayuda a perder peso f\u00e1cilmente. Un m\u00e9dico naturista recomienda \r\n        tomar una tableta de espirulina s\u00f3lo 15 minutos antes de comer, de \r\n        esta manera, el efecto supresor del apetito actuar\u00e1 y as\u00ed se evitar\u00e1 \r\n        comer mucho.\r\n      <\/li>\r\n    <\/ul>\r\n    <ul>\r\n      <li>\r\n        Agar-agar: esta alga es conocida como un eficaz supresor del \r\n        apetito.Cuando se ingiere, el agar-agar se hincha en el est\u00f3mago y se \r\n        convierte en un gel despu\u00e9s. Es despu\u00e9s de que llega la sensaci\u00f3n de \r\n        saciedad, esto evita el picoteo y reduce el apetito, tambi\u00e9n est\u00e1 \r\n        disponible en polvo o en c\u00e1psulas. Se utiliza en productos \r\n        alimenticios para mezclar en sopas, salsas para darles un efecto \r\n        saciante.\r\n      <\/li>\r\n    <\/ul>\r\n    <ul>\r\n      <li>\r\n        El Konjac: tiene muchas virtudes. Es una planta que tiene un efecto \r\n        supresor del apetito, y ayuda a perder peso f\u00e1cilmente, tambi\u00e9n es un \r\n        desintoxicante. Ayuda a aliviar los dolores de est\u00f3mago y la \r\n        hinchaz\u00f3n, esta planta permite por tanto tener un vientre plano. Est\u00e1 \r\n        disponible en forma de fideos, c\u00e1psulas o polvo. Se pueden tomar de 1 \r\n        a 2 c\u00e1psulas o sobres con un gran vaso de agua, 3 minutos antes de \r\n        comer. Repetir una o dos veces al d\u00eda.\r\n      <\/li>\r\n    <\/ul>\r\n    <p>\r\n      Estas plantas tienen, por tanto, efectos supresores del apetito, \r\n      quemadores de grasa o digestivos. Ayudan a perder peso y a mantener un \r\n      vientre plano.\r\n    <\/p>\t\t<\/div>\n\t\t\t\t<\/div>\n\t\t\t\t\t<\/div>\n\t\t<\/div>\n\t\t\t\t\t\t\t<\/div>\n\t\t<\/section>\n\t\t\t\t\t\t<\/div>\n\t\t\t\t\t<\/div>\n\t\t","protected":false},"excerpt":{"rendered":"<p>\u00bfUna barriga, demasiado grasa? Suele ser la preocupaci\u00f3n de mucha gente, pero, \u00bfc\u00f3mo podemos remediarlo?&hellip;<\/p>\n","protected":false},"author":71,"featured_media":34210,"parent":5363,"menu_order":0,"comment_status":"closed","ping_status":"closed","template":"template_ES.php","meta":[],"_links":{"self":[{"href":"https:\/\/www.ericfavre.com\/lifestyle\/es\/wp-json\/wp\/v2\/pages\/5510"}],"collection":[{"href":"https:\/\/www.ericfavre.com\/lifestyle\/es\/wp-json\/wp\/v2\/pages"}],"about":[{"href":"https:\/\/www.ericfavre.com\/lifestyle\/es\/wp-json\/wp\/v2\/types\/page"}],"author":[{"embeddable":true,"href":"https:\/\/www.ericfavre.com\/lifestyle\/es\/wp-json\/wp\/v2\/users\/71"}],"replies":[{"embeddable":true,"href":"https:\/\/www.ericfavre.com\/lifestyle\/es\/wp-json\/wp\/v2\/comments?post=5510"}],"version-history":[{"count":9,"href":"https:\/\/www.ericfavre.com\/lifestyle\/es\/wp-json\/wp\/v2\/pages\/5510\/revisions"}],"predecessor-version":[{"id":5573,"href":"https:\/\/www.ericfavre.com\/lifestyle\/es\/wp-json\/wp\/v2\/pages\/5510\/revisions\/5573"}],"up":[{"embeddable":true,"href":"https:\/\/www.ericfavre.com\/lifestyle\/es\/wp-json\/wp\/v2\/pages\/5363"}],"wp:featuredmedia":[{"embeddable":true,"href":"https:\/\/www.ericfavre.com\/lifestyle\/es\/wp-json\/wp\/v2\/media\/34210"}],"wp:attachment":[{"href":"https:\/\/www.ericfavre.com\/lifestyle\/es\/wp-json\/wp\/v2\/media?parent=5510"}],"curies":[{"name":"wp","href":"https:\/\/api.w.org\/{rel}","templated":true}]}}