{"id":5580,"date":"2021-06-07T12:46:13","date_gmt":"2021-06-07T10:46:13","guid":{"rendered":"https:\/\/www.ericfavre.com\/lifestyle\/es\/?page_id=5580"},"modified":"2021-09-21T10:58:19","modified_gmt":"2021-09-21T08:58:19","slug":"los-mejores-alimentos-con-omega-3","status":"publish","type":"page","link":"https:\/\/www.ericfavre.com\/lifestyle\/es\/bienvenida\/nutricion-deportiva\/todo-sobre-la-alimentacion-sana\/los-mejores-alimentos-con-omega-3\/","title":{"rendered":"LOS MEJORES ALIMENTOS  CON OMEGA 3"},"content":{"rendered":"\t\t<div data-elementor-type=\"wp-page\" data-elementor-id=\"5580\" class=\"elementor elementor-5580\" data-elementor-settings=\"[]\">\n\t\t\t\t\t\t\t<div class=\"elementor-section-wrap\">\n\t\t\t\t\t\t\t<section class=\"penci-section penci-disSticky penci-structure-10 elementor-section elementor-top-section elementor-element elementor-element-4078de4 elementor-section-boxed elementor-section-height-default elementor-section-height-default\" data-id=\"4078de4\" data-element_type=\"section\">\n\t\t\t\t\t\t<div class=\"elementor-container elementor-column-gap-default\">\n\t\t\t\t\t<div class=\"penci-ercol-100 penci-ercol-order-1 penci-sticky-ct  elementor-column elementor-col-100 elementor-top-column elementor-element elementor-element-5759e8e\" data-id=\"5759e8e\" data-element_type=\"column\">\n\t\t\t<div class=\"elementor-widget-wrap elementor-element-populated\">\n\t\t\t\t\t\t\t\t<div class=\"elementor-element elementor-element-a882877 elementor-widget elementor-widget-html\" data-id=\"a882877\" data-element_type=\"widget\" data-widget_type=\"html.default\">\n\t\t\t\t<div class=\"elementor-widget-container\">\n\t\t\t<b>\u00bfQU\u00c9 SON LOS MEJORES ALIMENTOS&nbsp;&nbsp;CON OMEGA 3?<\/b>\r\n\r\n    <p>\r\n      La mayor\u00eda de las veces, los hombres no saben qu\u00e9 adem\u00e1s de las \r\n      vitaminas, su organismo necesita otros nutrientes como el Omega 3. En \r\n      esta situaci\u00f3n, los <b>alimentos<\/b>&nbsp;enriquecidos con Omega 3 son \r\n      importantes para beneficiarse de una dieta equilibrada, por esta raz\u00f3n, \r\n      aqu\u00ed hay una lista que confirma todos los alimentos que los contienen.\r\n    <\/p>\r\n    <h2>\r\n      \u00bfQu\u00e9 es exactamente el Omega 3?\r\n    <\/h2>\r\n    <p>\r\n      Uno de los principales constituyentes de los l\u00edpidos, el Omega 3 forma \r\n      parte de la familia de los \u00e1cidos grasos poliinsaturados. El Omega 3 se \r\n      presenta en diferentes categor\u00edas.\r\n    <\/p>\r\n    <ul>\r\n      <li>\r\n        El ALA o \u00c1cido Alfa-Linol\u00e9nico, tambi\u00e9n conocido como esencial es \r\n        importante para el organismo. El cuerpo es incapaz de producirlo de \r\n        forma natural.\r\n      <\/li>\r\n      <li>\r\n        EPA o \u00c1cido EicosaPentaenoico: el cuerpo humano tiene la capacidad de \r\n        sintetizarlo a trav\u00e9s del ALA, para equilibrar las tasas de \r\n        transformaci\u00f3n, es aconsejable consumir alimentos enriquecidos con EPA.\r\n      <\/li>\r\n      <li>\r\n        DHA o \u00c1cido DocosaHexanoico: al igual que el EPA, el DHA tambi\u00e9n se \r\n        forma a trav\u00e9s del ALA, a pesar de esto, sigue siendo esencial seguir \r\n        una dieta especial, adem\u00e1s, la conversi\u00f3n de ALL por el organismo es \r\n        inferior al 10%.\r\n      <\/li>\r\n    <\/ul>\r\n    <h2>\r\n      \u00bfPor qu\u00e9 elegir una buena raci\u00f3n de Omega 3 y Omega 6?\r\n    <\/h2>\r\n    <p>\r\n      Una vez m\u00e1s, tanto el Omega 3 como el Omega 6 son nutrientes, m\u00e1s \r\n      precisamente \u00e1cidos grasos que son esenciales para el organismo. \r\n      Desempe\u00f1an un papel de autorregulaci\u00f3n mutua, lo que significa que la \r\n      acci\u00f3n anticoagulante y vasodilatadora del Omega 3 y la acci\u00f3n \r\n      coagulante del Omega 6 dependen la una de la otra. Para el mantenimiento \r\n      del equilibrio en el organismo, la cantidad de Omega 3 y Omega 6 debe \r\n      ser necesariamente controlada.\r\n    <\/p>\r\n    <p>\r\n      Desgraciadamente, esta proporci\u00f3n suele estar desequilibrada, ya que el \r\n      organismo consume m\u00e1s Omega 6 que Omega 3. La dieta debe ser rica en \r\n      Omega 3 para que sea estable, con una raci\u00f3n equilibrada, el cuerpo \r\n      tendr\u00e1 varios beneficios, especialmente en lo que respecta a la \r\n      actividad card\u00edaca.\r\n    <\/p>\r\n    <h2>\r\n      Alimentos que contienen Omega 3\r\n    <\/h2>\r\n    <h3>\r\n      00010Alimentos de origen animal00011\r\n    <\/h3>\r\n    <p>\r\n      Para consumir alimentos enriquecidos con Omega 3, es necesario saber que \r\n      se encuentra en muchos alimentos. Estos en los alimentos de origen \r\n      animal, es posible encontrarlo en la siguiente lista :\r\n    <\/p>\r\n    <ul>\r\n      <li>\r\n        <u><b>aceite de h\u00edgado de bacalao<\/b><\/u>\r\n      <\/li>\r\n    <\/ul>\r\n    <p>\r\n      Uno de los alimentos de origen animal ricos en Omega 3 es el aceite de \r\n      h\u00edgado de bacalao, adem\u00e1s de su poder energ\u00e9tico, este aceite de h\u00edgado \r\n      de bacalao tambi\u00e9n contiene vitaminas D y A, proporciona al cuerpo las \r\n      ingestas diarias recomendadas de cada uno.\r\n    <\/p>\r\n    <ul>\r\n      <li>\r\n        <u><b>pescado graso<\/b><\/u>\r\n      <\/li>\r\n    <\/ul>\r\n    <p>\r\n      El pescado azul se distingue del magro y del blanco por la presencia de \r\n      Omega 3, los peces salvajes tienen m\u00e1s beneficios que los de \r\n      piscifactor\u00eda en lo que respecta a los metales pesados, por lo tanto, en \r\n      lo que respecta al pescado azul, es posible encontrar salm\u00f3n. Estos \r\n      \u00faltimos minimizan el riesgo de enfermedades card\u00edacas o de depresi\u00f3n, \r\n      por lo tanto, es esencial consumir m\u00e1s de 4.000 mg por porci\u00f3n de salm\u00f3n \r\n      para mantenerse saludable, tambi\u00e9n la caballa, peque\u00f1o pescado azul, \r\n      aporta Omega 3 adem\u00e1s de vitaminas B12 y selenio, para ello, 4100 mg \r\n      ser\u00e1n suficientes para tener una excelente salud. Las sardinas, el \r\n      pescado m\u00e1s reconocido del mundo, forman parte de los alimentos ricos en \r\n      Omega 3, adem\u00e1s de las vitaminas B12 y el selenio RDA, tambi\u00e9n contienen \r\n      Omega 3. En general, cada lata de sardinas constituye 2205 mg de Omega 3.\r\n    <\/p>\r\n    <p>\r\n      Tambi\u00e9n hay caviares, siguen siendo pescados grasos y pueden utilizarse \r\n      especialmente durante las grandes ceremonias, son ricos en Omega 3 pero \r\n      pobres en Omega 6, con una medida por cucharadita, es posible tener 1086 \r\n      mg de Omega 3. Los pescados grasos son innumerables, por eso a\u00fan \r\n      persisten las anchoas, se trata de peque\u00f1os pescados grasos que se \r\n      utilizan a menudo en los aderezos de las pizzas, las ensaladas y las \r\n      aceitunas, cada lata de anchoas contiene 951 mg de Omega 3, por \u00faltimo, \r\n      los arenques, que son pescados grasos de tama\u00f1o medio, siguen siendo un \r\n      alimento de origen animal enriquecido con Omega 3, tambi\u00e9n contienen \r\n      vitamina D y 100% de selenio, presentado a menudo como ahumado, cada \r\n      filete de arenque tiene 3181 mg de \u00e1cidos grasos.\r\n    <\/p>\r\n    <ul>\r\n      <li>\r\n        <u>00010Mariscos y mariscos00011<\/u>\r\n      <\/li>\r\n    <\/ul>\r\n    <p>\r\n      Adem\u00e1s de los alimentos de origen animal, los productos del mar \r\n      contienen Omega 3. Las ostras, por ejemplo, son un marisco que contiene \r\n      672 mg por cada 100 g de este tipo de \u00e1cidos grasos.Con un alto \r\n      contenido de zinc, tambi\u00e9n contienen cobre y vitamina B 12.\r\n    <\/p>\r\n    <p>\r\n      Los animales criados al aire libre, como las aves de lino, contienen \r\n      Omega 3, su carne es m\u00e1s rica en \u00e1cidos grasos que la de los animales \r\n      criados con t\u00e9cnicas modernas, para favorecer los alimentos enriquecidos \r\n      con \u00e1cidos grasos poliinsaturados, es preferible optar por los huevos de \r\n      gallinas alimentadas con semillas de lino.\r\n    <\/p>\r\n    <h3>\r\n      00010Alimentos de origen vegetal00011\r\n    <\/h3>\r\n    <p>\r\n      Los omegas 3 no s\u00f3lo se encuentran en los alimentos de origen animal, \r\n      tambi\u00e9n pueden encontrarse en alimentos de origen vegetal.\r\n    <\/p>\r\n    <ul>\r\n      <li>\r\n        <u><b>Aceite de colza<\/b><\/u>\r\n      <\/li>\r\n    <\/ul>\r\n    <p>\r\n      El aceite de colza tiene una proporci\u00f3n equilibrada en t\u00e9rminos de \r\n      cantidad de Omega 3 y Omega 6, tiene un sabor muy especial y tambi\u00e9n \r\n      puede mezclarse con otros tipos de aceite, como el de oliva.\r\n    <\/p>\r\n    <ul>\r\n      <li>\r\n        <u><b>Lino<\/b><\/u>\r\n      <\/li>\r\n    <\/ul>\r\n    <p>\r\n      Ya sea en forma de aceite o de semilla, el lino siempre est\u00e1 enriquecido \r\n      con Omega 3, es imposible conservarlo debido a su r\u00e1pida oxidaci\u00f3n, en \r\n      este caso, lo mejor es consumir las semillas simplemente integr\u00e1ndolas \r\n      en la dieta, adem\u00e1s, las semillas de lino est\u00e1n provistas de fibras y \r\n      vitamina E.\r\n    <\/p>\r\n    .\r\n\r\n    <ul>\r\n      <li>\r\n        <u><b>La semilla de ch\u00eda<\/b><\/u>\r\n      <\/li>\r\n    <\/ul>\r\n    <p>\r\n      Muy utilizadas por los vegetarianos y veganos, las semillas de ch\u00eda \r\n      contienen una enorme cantidad de Omega 3, este \u00e1cido graso, tambi\u00e9n \r\n      tienen minerales como prote\u00ednas, manganeso, f\u00f3sforo y calcio, as\u00ed como \r\n      ocho amino\u00e1cidos.\r\n    <\/p>\r\n    <ul>\r\n      <li>\r\n        <u><b>Frutos secos<\/b><\/u>\r\n      <\/li>\r\n    <\/ul>\r\n    <p>\r\n      Para los que les gustan las nueces, los pistachos, las almendras y las \r\n      avellanas, es importante saber que tambi\u00e9n contienen Omega 3, de hecho, \r\n      el aceite extra\u00eddo por este tipo de frutos secos contiene este \u00e1cido \r\n      graso.\r\n    <\/p>\r\n    <ul>\r\n      <li>\r\n        <b><u>Soja<\/u><\/b>\r\n      <\/li>\r\n    <\/ul>\r\n    <p>\r\n      Con fibra, prote\u00ednas vegetales, magnesio y potasio, la soja tambi\u00e9n \r\n      contiene vitaminas como la B9, la K y la riboflavina, eso no es todo, ya \r\n      que sigue teniendo un alto contenido en Omega 3 y Omega 6.\r\n    <\/p>\r\n    .\r\n\r\n    <ul>\r\n      <li>\r\n        <u><b>Verduras<\/b><\/u>\r\n      <\/li>\r\n    <\/ul>\r\n    <p>\r\n      Este tipo de alimentos a\u00fan contiene una cantidad de Omega 3. Este \u00faltimo \r\n      se encuentra especialmente en el aguacate, las espinacas, la lechuga, \r\n      las coles de Bruselas, los berros y los can\u00f3nigos.\r\n    <\/p>\r\n    <br>\t\t<\/div>\n\t\t\t\t<\/div>\n\t\t\t\t\t<\/div>\n\t\t<\/div>\n\t\t\t\t\t\t\t<\/div>\n\t\t<\/section>\n\t\t\t\t\t\t<\/div>\n\t\t\t\t\t<\/div>\n\t\t","protected":false},"excerpt":{"rendered":"<p>\u00bfQU\u00c9 SON LOS MEJORES ALIMENTOS&nbsp;&nbsp;CON OMEGA 3? La mayor\u00eda de las veces, los hombres no&hellip;<\/p>\n","protected":false},"author":71,"featured_media":34217,"parent":3431,"menu_order":0,"comment_status":"closed","ping_status":"closed","template":"template_ES.php","meta":[],"_links":{"self":[{"href":"https:\/\/www.ericfavre.com\/lifestyle\/es\/wp-json\/wp\/v2\/pages\/5580"}],"collection":[{"href":"https:\/\/www.ericfavre.com\/lifestyle\/es\/wp-json\/wp\/v2\/pages"}],"about":[{"href":"https:\/\/www.ericfavre.com\/lifestyle\/es\/wp-json\/wp\/v2\/types\/page"}],"author":[{"embeddable":true,"href":"https:\/\/www.ericfavre.com\/lifestyle\/es\/wp-json\/wp\/v2\/users\/71"}],"replies":[{"embeddable":true,"href":"https:\/\/www.ericfavre.com\/lifestyle\/es\/wp-json\/wp\/v2\/comments?post=5580"}],"version-history":[{"count":6,"href":"https:\/\/www.ericfavre.com\/lifestyle\/es\/wp-json\/wp\/v2\/pages\/5580\/revisions"}],"predecessor-version":[{"id":5622,"href":"https:\/\/www.ericfavre.com\/lifestyle\/es\/wp-json\/wp\/v2\/pages\/5580\/revisions\/5622"}],"up":[{"embeddable":true,"href":"https:\/\/www.ericfavre.com\/lifestyle\/es\/wp-json\/wp\/v2\/pages\/3431"}],"wp:featuredmedia":[{"embeddable":true,"href":"https:\/\/www.ericfavre.com\/lifestyle\/es\/wp-json\/wp\/v2\/media\/34217"}],"wp:attachment":[{"href":"https:\/\/www.ericfavre.com\/lifestyle\/es\/wp-json\/wp\/v2\/media?parent=5580"}],"curies":[{"name":"wp","href":"https:\/\/api.w.org\/{rel}","templated":true}]}}