{"id":5629,"date":"2021-06-07T12:47:21","date_gmt":"2021-06-07T10:47:21","guid":{"rendered":"https:\/\/www.ericfavre.com\/lifestyle\/es\/?page_id=5629"},"modified":"2021-09-22T09:36:18","modified_gmt":"2021-09-22T07:36:18","slug":"alimentacion-y-intolerancia-a-la-lactosa","status":"publish","type":"page","link":"https:\/\/www.ericfavre.com\/lifestyle\/es\/bienvenida\/nutricion-deportiva\/todo-sobre-la-alimentacion-sana\/alimentacion-y-intolerancia-a-la-lactosa\/","title":{"rendered":"ALIMENTACI\u00d3N Y INTOLERANCIA A LA LACTOSA"},"content":{"rendered":"\t\t<div data-elementor-type=\"wp-page\" data-elementor-id=\"5629\" class=\"elementor elementor-5629\" data-elementor-settings=\"[]\">\n\t\t\t\t\t\t\t<div class=\"elementor-section-wrap\">\n\t\t\t\t\t\t\t<section class=\"penci-section penci-disSticky penci-structure-10 elementor-section elementor-top-section elementor-element elementor-element-a02beed elementor-section-boxed elementor-section-height-default elementor-section-height-default\" data-id=\"a02beed\" data-element_type=\"section\">\n\t\t\t\t\t\t<div class=\"elementor-container elementor-column-gap-default\">\n\t\t\t\t\t<div class=\"penci-ercol-100 penci-ercol-order-1 penci-sticky-ct  elementor-column elementor-col-100 elementor-top-column elementor-element elementor-element-91dbc8a\" data-id=\"91dbc8a\" data-element_type=\"column\">\n\t\t\t<div class=\"elementor-widget-wrap elementor-element-populated\">\n\t\t\t\t\t\t\t\t<div class=\"elementor-element elementor-element-2d9bf03 elementor-widget elementor-widget-html\" data-id=\"2d9bf03\" data-element_type=\"widget\" data-widget_type=\"html.default\">\n\t\t\t\t<div class=\"elementor-widget-container\">\n\t\t\t<h2>\r\n      Los diferentes grupos de alimentos\r\n    <\/h2>\r\n    <p>\r\n      Los alimentos se clasifican en 5 grandes grupos seg\u00fan sus componentes \r\n      nutricionales y su funci\u00f3n en nuestro organismo.\r\n    <\/p>\r\n    <p>\r\n      Conocer estos grupos de alimentos es importante para variar y equilibrar \r\n      tus comidas y as\u00ed aportar lo que tus c\u00e9lulas necesitan.\r\n    <\/p>\r\n    <p>\r\n      He aqu\u00ed una breve descripci\u00f3n de esta clasificaci\u00f3n y consejos para \r\n      diversificar su alimentaci\u00f3n.\r\n    <\/p>\r\n    <h3>\r\n      Los grupos de alimentos act\u00faan como los &quot;ladrillos&quot; del cuerpo y tienen \r\n      un papel en la musculatura y la estructura \u00f3sea del cuerpo:\r\n    <\/h3>\r\n    <h4>\r\n      Carne, pescado y huevos\r\n    <\/h4>\r\n    <p>\r\n      Grupo que aporta amino\u00e1cidos esenciales, prote\u00ednas animales, rico en \r\n      vitaminas del grupo B, hierro, zinc, f\u00f3sforo, pero tambi\u00e9n en grasas. Es \r\n      importante variar las fuentes de prote\u00ednas durante las diferentes \r\n      comidas, y alternar la ingesta de prote\u00ednas entre ellas.\r\n    <\/p>\r\n    <p>\r\n      Empezar el d\u00eda con comidas ricas en prote\u00ednas estimular\u00e1 tu metabolismo, \r\n      te har\u00e1 sentir saciado y evitar\u00e1 el picoteo.\r\n    <\/p>\r\n    <p>\r\n      Por otro lado, por la noche, da m\u00e1s prioridad a las prote\u00ednas vegetales, \r\n      que son m\u00e1s f\u00e1cilmente asimilables por el sistema digestivo.\r\n    <\/p>\r\n    <h4>\r\n      Leche y productos l\u00e1cteos\r\n    <\/h4>\r\n    <p>\r\n      La leche, los quesos, los yogures y los productos l\u00e1cteos son ricos en \r\n      prote\u00ednas, tambi\u00e9n aportan vitaminas de los grupos A, B y D, calcio y \r\n      contienen grasas saturadas y poliinsaturadas. Su consumo ser\u00e1 importante \r\n      durante la adolescencia para la fortaleza de los huesos.\r\n    <\/p>\r\n    <h3>\r\n      Grupo de alimentos con un papel funcional gracias a su riqueza en \r\n      vitaminas, minerales y fibras:\r\n    <\/h3>\r\n    <h4>\r\n      Frutas y verduras\r\n    <\/h4>\r\n    <p>\r\n      Las frutas y las verduras son un grupo de alimentos llenos de minerales \r\n      y vitaminas, que garantizan el funcionamiento \u00f3ptimo de nuestro \r\n      metabolismo y, por lo tanto, deben consumirse en grandes cantidades en \r\n      cada comida.\r\n    <\/p>\r\n    <p>\r\n      Aportan poca energ\u00eda al organismo pero son una fuente esencial de agua \r\n      para la hidrataci\u00f3n de nuestras c\u00e9lulas. Son una fuente de vitamina C, \r\n      \u00e1cido f\u00f3lico y betacaroteno y protegen nuestro organismo.\r\n    <\/p>\r\n    <h3>\r\n      Grupos de alimentos con un papel energ\u00e9tico:\r\n    <\/h3>\r\n    <h4>\r\n      Cereales, almidones y legumbres\r\n    <\/h4>\r\n    <p>\r\n      La pasta, el arroz, pero tambi\u00e9n el pan, las patatas y las legumbres \r\n      (lentejas, jud\u00edas blancas) constituyen un grupo rico en hidratos de \r\n      carbono lentos que activan la energ\u00eda celular, pero tambi\u00e9n aportan \r\n      prote\u00ednas vegetales, fibras, vitaminas y minerales.\r\n    <\/p>\r\n    <h4>\r\n      Es importante comer este tipo de alimentos al menos una vez al d\u00eda.\r\n    <\/h4>\r\n    <p>\r\n      Este grupo de alimentos tiene especiales ventajas para los deportistas \r\n      de cara al entrenamiento. Comer arroz o pasta antes de una sesi\u00f3n \r\n      deportiva asegura un suministro gradual de carbohidratos lentos en el \r\n      torrente sangu\u00edneo y, por tanto, una liberaci\u00f3n constante de energ\u00eda.\r\n    <\/p>\r\n    <h4>\r\n      Grasas\r\n    <\/h4>\r\n    <p>\r\n      Este grupo, que incluye los l\u00edpidos (mantequilla, nata, aceites), \r\n      proporciona al organismo energ\u00eda de reserva y contiene vitaminas A, D, E \r\n      y K.\r\n    <\/p>\r\n    <p>\r\n      Hay que favorecer las grasas buenas llamadas \u00e1cidos grasos esenciales \r\n      poliinsaturados (aceites vegetales de oliva, colza, aguacates, frutos \r\n      secos) que contienen m\u00faltiples beneficios para el sistema \r\n      cardiovascular, combatiendo la inflamaci\u00f3n y limitando los aportes en \r\n      grasas saturadas de origen animal.\r\n    <\/p>\r\n    <h3>\r\n      Az\u00facar y agua\r\n    <\/h3>\r\n    <p>\r\n      Adem\u00e1s, existe el grupo de productos con un alto contenido en glucosa, \r\n      como la miel, las mermeladas, los caramelos, el chocolate y las bebidas \r\n      azucaradas, que no son esenciales para el funcionamiento del cuerpo \r\n      humano y deben consumirse raramente y en peque\u00f1as cantidades.\r\n    <\/p>\r\n    <p>\r\n      El grupo de bebidas incluye agua, t\u00e9, caf\u00e9 e infusiones. El agua pura es \r\n      la \u00fanica bebida esencial para nuestro organismo y debe estar presente en \r\n      cada comida y a lo largo del d\u00eda.\r\n    <\/p>\r\n    <p>\r\n      Por lo tanto, una buena dieta es sobre todo el respeto de un justo \r\n      equilibrio entre estas categor\u00edas.\r\n    <\/p>\r\n    <p>\r\n      Una comida completa debe obtener sus aportes de cada grupo, \u00a1su buena \r\n      salud depende de ello!\r\n    <\/p>\t\t<\/div>\n\t\t\t\t<\/div>\n\t\t\t\t\t<\/div>\n\t\t<\/div>\n\t\t\t\t\t\t\t<\/div>\n\t\t<\/section>\n\t\t\t\t\t\t<\/div>\n\t\t\t\t\t<\/div>\n\t\t","protected":false},"excerpt":{"rendered":"<p>Los diferentes grupos de alimentos Los alimentos se clasifican en 5 grandes grupos seg\u00fan sus&hellip;<\/p>\n","protected":false},"author":71,"featured_media":34252,"parent":3431,"menu_order":0,"comment_status":"closed","ping_status":"closed","template":"template_ES.php","meta":[],"_links":{"self":[{"href":"https:\/\/www.ericfavre.com\/lifestyle\/es\/wp-json\/wp\/v2\/pages\/5629"}],"collection":[{"href":"https:\/\/www.ericfavre.com\/lifestyle\/es\/wp-json\/wp\/v2\/pages"}],"about":[{"href":"https:\/\/www.ericfavre.com\/lifestyle\/es\/wp-json\/wp\/v2\/types\/page"}],"author":[{"embeddable":true,"href":"https:\/\/www.ericfavre.com\/lifestyle\/es\/wp-json\/wp\/v2\/users\/71"}],"replies":[{"embeddable":true,"href":"https:\/\/www.ericfavre.com\/lifestyle\/es\/wp-json\/wp\/v2\/comments?post=5629"}],"version-history":[{"count":10,"href":"https:\/\/www.ericfavre.com\/lifestyle\/es\/wp-json\/wp\/v2\/pages\/5629\/revisions"}],"predecessor-version":[{"id":15947,"href":"https:\/\/www.ericfavre.com\/lifestyle\/es\/wp-json\/wp\/v2\/pages\/5629\/revisions\/15947"}],"up":[{"embeddable":true,"href":"https:\/\/www.ericfavre.com\/lifestyle\/es\/wp-json\/wp\/v2\/pages\/3431"}],"wp:featuredmedia":[{"embeddable":true,"href":"https:\/\/www.ericfavre.com\/lifestyle\/es\/wp-json\/wp\/v2\/media\/34252"}],"wp:attachment":[{"href":"https:\/\/www.ericfavre.com\/lifestyle\/es\/wp-json\/wp\/v2\/media?parent=5629"}],"curies":[{"name":"wp","href":"https:\/\/api.w.org\/{rel}","templated":true}]}}