{"id":568,"date":"2021-06-01T19:57:35","date_gmt":"2021-06-01T17:57:35","guid":{"rendered":"https:\/\/www.ericfavre.com\/lifestyle\/es\/?page_id=568"},"modified":"2021-12-28T15:55:43","modified_gmt":"2021-12-28T14:55:43","slug":"aislado-proteina-rolls-royce-sin-lactosa","status":"publish","type":"page","link":"https:\/\/www.ericfavre.com\/lifestyle\/es\/bienvenida\/nutricion-deportiva\/complementos-alimenticios\/complementos-alimenticios-segun-sus-objetivos-deportivos\/suplementos-nutricionales-y-crecimiento-muscular\/proteina-en-polvo\/aislado-proteina-rolls-royce-sin-lactosa\/","title":{"rendered":"AISLADO, PROTEINA ROLLS ROYCE (SIN LACTOSA)"},"content":{"rendered":"\t\t<div data-elementor-type=\"wp-page\" data-elementor-id=\"568\" class=\"elementor elementor-568\" data-elementor-settings=\"[]\">\n\t\t\t\t\t\t\t<div class=\"elementor-section-wrap\">\n\t\t\t\t\t\t\t<section class=\"penci-section penci-disSticky penci-structure-10 elementor-section elementor-top-section elementor-element elementor-element-671b194 elementor-section-boxed elementor-section-height-default elementor-section-height-default\" data-id=\"671b194\" data-element_type=\"section\">\n\t\t\t\t\t\t<div class=\"elementor-container elementor-column-gap-default\">\n\t\t\t\t\t<div class=\"penci-ercol-100 penci-ercol-order-1 penci-sticky-ct  elementor-column elementor-col-100 elementor-top-column elementor-element elementor-element-bb0aa48\" data-id=\"bb0aa48\" data-element_type=\"column\">\n\t\t\t<div class=\"elementor-widget-wrap elementor-element-populated\">\n\t\t\t\t\t\t\t\t<div class=\"elementor-element elementor-element-1d5ec78 elementor-widget elementor-widget-html\" data-id=\"1d5ec78\" data-element_type=\"widget\" data-widget_type=\"html.default\">\n\t\t\t\t<div class=\"elementor-widget-container\">\n\t\t\t<p>\r\n      Las prote\u00ednas se extraen de 3 fuentes alimentarias: la leche, la soja y \r\n      el huevo.<br>La leche aporta case\u00edna y prote\u00edna de suero.<br>El huevo aporta \r\n      ovoalb\u00famina<br>La soja aporta prote\u00edna de soja\r\n    <\/p>\r\n    <p>\r\n      Cada prote\u00edna se caracteriza por su aminograma. Esto revela la \r\n      composici\u00f3n exacta de los 20 amino\u00e1cidos que componen los organismos \r\n      vivos. Algunos amino\u00e1cidos son m\u00e1s raros que otros, pero la prote\u00edna m\u00e1s \r\n      interesante es aquella cuyas proporciones se acercan m\u00e1s a las \r\n      necesidades del organismo humano.<br>En general, el suero de leche tiene \r\n      el mejor aminograma\r\n    <\/p>\r\n    <h2>\r\n      \u00bfC\u00d3MO SE OBTIENE?\r\n    <\/h2>\r\n    &nbsp;\r\n\r\n    <p>\r\n      Diferentes procesos permiten fabricar varios tipos de suero de \r\n      diferentes calidades. Estos procesos pueden ser mec\u00e1nicos o qu\u00edmicos, \r\n      pero todos tienen como objetivo aislar la prote\u00edna de los constituyentes \r\n      menos interesantes preservando sus fr\u00e1giles cualidades.\r\n    <\/p>\r\n    &nbsp;\r\n\r\n    <p>\r\n      Whey Isolate es la prote\u00edna de mayor calidad del mercado. La \r\n      microfiltraci\u00f3n permite obtener un contenido de prote\u00ednas mucho mayor \r\n      que con la filtraci\u00f3n simple, lo que da lugar a un suero concentrado.\r\n    <\/p>\r\n    &nbsp;\r\n\r\n    <p>\r\n      Este proceso de microfiltraci\u00f3n se denomina CFM por &quot;Cross Flow Micro \r\n      filtration&quot;.Re\u00fane un conjunto de procesos destinados a filtrar la \r\n      prote\u00edna del suero a partir de filtros cer\u00e1micos cada vez m\u00e1s finos para \r\n      eliminar al m\u00e1ximo los hidratos de carbono y los l\u00edpidos residuales.\r\n    <\/p>\r\n    &nbsp;\r\n\r\n    <p>\r\n      Este filtrado se realiza sin el uso de disolventes y a baja temperatura, \r\n      por lo que no hay degradaci\u00f3n de las prote\u00ednas, lo que hace del Aislado \r\n      de Suero la mejor prote\u00edna disponible.\r\n    <\/p>\r\n    <h2>\r\n      \u00bfCU\u00c1LES SON SUS CARACTER\u00cdSTICAS?\r\n    <\/h2>\r\n    &nbsp;\r\n\r\n    <p>\r\n      Las propiedades del aislado de suero de leche ya no est\u00e1n por demostrar \r\n      y muchos deportistas juzgan s\u00f3lo por \u00e9l.\r\n    <\/p>\r\n    &nbsp;\r\n\r\n    <p>\r\n      Tiene una potente acci\u00f3n anab\u00f3lica sobre el crecimiento del tejido \r\n      muscular. Actualmente es la prote\u00edna m\u00e1s pura y concentrada, ya que \r\n      contiene entre un 90% y un 95% de prote\u00ednas por cada 100 gramos de \r\n      extracto seco.\r\n    <\/p>\r\n    &nbsp;\r\n\r\n    <p>\r\n      Est\u00e1 desprovisto de l\u00edpidos e hidratos de carbono, lo que permite \r\n      utilizarlo tambi\u00e9n en periodos secos.<br>Con un excelente aminograma, los \r\n      p\u00e9ptidos pasan r\u00e1pidamente a la sangre y a los m\u00fasculos. Asociado a un \r\n      valor biol\u00f3gico superior a 120, la eficacia del aislado de suero de \r\n      leche es inigualable, haciendo que el desarrollo muscular sea \u00f3ptimo.\r\n    <\/p>\r\n    &nbsp;\r\n\r\n    <p>\r\n      Evita la retenci\u00f3n de agua subcut\u00e1nea. Es bajo en sodio, lo que lo \r\n      convierte en un activo indispensable en la piel seca.\r\n    <\/p>\r\n    &nbsp;\r\n\r\n    <p>\r\n      Tambi\u00e9n es bajo en lactosa, por lo que no provoca problemas digestivos \r\n      recurrentes. Se recomienda a las personas con un sistema digestivo \r\n      sensible o f\u00e1cilmente irritable.\r\n    <\/p>\r\n    <h2>\r\n      \u00bfCU\u00c1L ES SU ACCI\u00d3N SOBRE EL METABOLISMO?\r\n    <\/h2>\r\n    &nbsp;\r\n\r\n    <p>\r\n      El aislado de suero es apreciado por su r\u00e1pida absorci\u00f3n y velocidad de \r\n      asimilaci\u00f3n. Se toma todo su inter\u00e9s durante la ventana anab\u00f3lica \r\n      abierta justo despu\u00e9s del entrenamiento. Durante este periodo los \r\n      amino\u00e1cidos llegan m\u00e1s r\u00e1pido a las c\u00e9lulas musculares.\r\n    <\/p>\r\n    &nbsp;\r\n\r\n    <p>\r\n      El anabolismo es por lo tanto mucho m\u00e1s r\u00e1pido y en consecuencia el \r\n      catabolismo se ralentiza.<br>Aislado de suero de leche, es el seguro de \r\n      una excelente fuente de prote\u00ednas con difusi\u00f3n r\u00e1pida, muy eficaz para \r\n      desarrollar la masa muscular seca !\r\n    <\/p>\r\n    &nbsp;\r\n\r\n    <p>\r\n      Con muy poca lactosa, l\u00edpidos y carbohidratos es una prote\u00edna muy \u00fatil \r\n      durante una dieta para desarrollar y mantener una masa muscular seca de \r\n      calidad !\r\n    <\/p>\t\t<\/div>\n\t\t\t\t<\/div>\n\t\t\t\t\t<\/div>\n\t\t<\/div>\n\t\t\t\t\t\t\t<\/div>\n\t\t<\/section>\n\t\t\t\t\t\t<\/div>\n\t\t\t\t\t<\/div>\n\t\t","protected":false},"excerpt":{"rendered":"<p>Las prote\u00ednas se extraen de 3 fuentes alimentarias: la leche, la soja y el huevo.&hellip;<\/p>\n","protected":false},"author":71,"featured_media":33629,"parent":519,"menu_order":0,"comment_status":"closed","ping_status":"closed","template":"template_ES.php","meta":[],"_links":{"self":[{"href":"https:\/\/www.ericfavre.com\/lifestyle\/es\/wp-json\/wp\/v2\/pages\/568"}],"collection":[{"href":"https:\/\/www.ericfavre.com\/lifestyle\/es\/wp-json\/wp\/v2\/pages"}],"about":[{"href":"https:\/\/www.ericfavre.com\/lifestyle\/es\/wp-json\/wp\/v2\/types\/page"}],"author":[{"embeddable":true,"href":"https:\/\/www.ericfavre.com\/lifestyle\/es\/wp-json\/wp\/v2\/users\/71"}],"replies":[{"embeddable":true,"href":"https:\/\/www.ericfavre.com\/lifestyle\/es\/wp-json\/wp\/v2\/comments?post=568"}],"version-history":[{"count":6,"href":"https:\/\/www.ericfavre.com\/lifestyle\/es\/wp-json\/wp\/v2\/pages\/568\/revisions"}],"predecessor-version":[{"id":610,"href":"https:\/\/www.ericfavre.com\/lifestyle\/es\/wp-json\/wp\/v2\/pages\/568\/revisions\/610"}],"up":[{"embeddable":true,"href":"https:\/\/www.ericfavre.com\/lifestyle\/es\/wp-json\/wp\/v2\/pages\/519"}],"wp:featuredmedia":[{"embeddable":true,"href":"https:\/\/www.ericfavre.com\/lifestyle\/es\/wp-json\/wp\/v2\/media\/33629"}],"wp:attachment":[{"href":"https:\/\/www.ericfavre.com\/lifestyle\/es\/wp-json\/wp\/v2\/media?parent=568"}],"curies":[{"name":"wp","href":"https:\/\/api.w.org\/{rel}","templated":true}]}}