{"id":6217,"date":"2021-06-07T13:03:32","date_gmt":"2021-06-07T11:03:32","guid":{"rendered":"https:\/\/www.ericfavre.com\/lifestyle\/es\/?page_id=6217"},"modified":"2021-09-22T09:44:02","modified_gmt":"2021-09-22T07:44:02","slug":"el-veganismo-une-estilo-de-vida-positivo","status":"publish","type":"page","link":"https:\/\/www.ericfavre.com\/lifestyle\/es\/bienvenida\/nutricion-deportiva\/diferentes-tipos-de-dieta\/nutricion-vegana\/el-veganismo-une-estilo-de-vida-positivo\/","title":{"rendered":"EL VEGANISMO UNE ESTILO DE VIDA POSITIVO"},"content":{"rendered":"\t\t<div data-elementor-type=\"wp-page\" data-elementor-id=\"6217\" class=\"elementor elementor-6217\" data-elementor-settings=\"[]\">\n\t\t\t\t\t\t\t<div class=\"elementor-section-wrap\">\n\t\t\t\t\t\t\t<section class=\"penci-section penci-disSticky penci-structure-10 elementor-section elementor-top-section elementor-element elementor-element-abd7a70 elementor-section-boxed elementor-section-height-default elementor-section-height-default\" data-id=\"abd7a70\" data-element_type=\"section\">\n\t\t\t\t\t\t<div class=\"elementor-container elementor-column-gap-default\">\n\t\t\t\t\t<div class=\"penci-ercol-100 penci-ercol-order-1 penci-sticky-ct  elementor-column elementor-col-100 elementor-top-column elementor-element elementor-element-3ed1047\" data-id=\"3ed1047\" data-element_type=\"column\">\n\t\t\t<div class=\"elementor-widget-wrap elementor-element-populated\">\n\t\t\t\t\t\t\t\t<div class=\"elementor-element elementor-element-85f73a2 elementor-widget elementor-widget-html\" data-id=\"85f73a2\" data-element_type=\"widget\" data-widget_type=\"html.default\">\n\t\t\t\t<div class=\"elementor-widget-container\">\n\t\t\t<b>EL VEGANISMO UNE ESTILO DE VIDA POSITIVO &nbsp;<\/b>&nbsp;&nbsp;&nbsp;&nbsp;&nbsp;&nbsp;&nbsp;&nbsp;&nbsp;&nbsp;&nbsp;&nbsp;&nbsp;&nbsp;&nbsp;&nbsp;&nbsp;&nbsp;&nbsp;&nbsp;&nbsp;&nbsp;&nbsp;&nbsp;&nbsp;&nbsp;&nbsp;&nbsp;&nbsp;&nbsp;&nbsp;&nbsp;&nbsp;&nbsp;&nbsp;&nbsp;&nbsp;&nbsp;&nbsp;&nbsp;&nbsp;&nbsp;&nbsp;&nbsp;&nbsp;&nbsp;&nbsp;&nbsp;&nbsp;&nbsp;&nbsp;&nbsp;&nbsp;&nbsp;&nbsp;&nbsp;&nbsp;&nbsp;&nbsp;&nbsp;&nbsp;&nbsp;&nbsp;&nbsp;&nbsp;&nbsp;&nbsp;&nbsp;&nbsp;&nbsp;&nbsp;&nbsp;&nbsp;&nbsp;&nbsp;&nbsp;&nbsp;&nbsp;&nbsp;&nbsp;&nbsp;&nbsp;&nbsp;&nbsp;&nbsp;&nbsp;&nbsp;&nbsp;&nbsp;&nbsp;&nbsp;&nbsp;&nbsp;&nbsp;&nbsp;&nbsp;&nbsp;&nbsp;&nbsp;&nbsp;&nbsp;&nbsp;&nbsp;&nbsp;&nbsp;&nbsp;&nbsp;&nbsp;&nbsp;&nbsp;&nbsp;&nbsp;&nbsp;&nbsp;&nbsp;&nbsp;&nbsp;&nbsp;&nbsp;&nbsp;&nbsp;&nbsp;&nbsp;&nbsp;&nbsp;&nbsp;&nbsp;&nbsp;&nbsp;&nbsp;&nbsp;&nbsp;&nbsp;&nbsp;&nbsp;&nbsp;&nbsp;&nbsp;&nbsp;&nbsp;&nbsp;&nbsp;&nbsp;&nbsp;&nbsp;&nbsp;&nbsp;&nbsp;&nbsp;&nbsp;&nbsp;&nbsp;&nbsp;&nbsp;&nbsp;&nbsp;&nbsp;&nbsp;&nbsp;&nbsp;&nbsp;&nbsp;&nbsp;&nbsp;&nbsp;&nbsp;&nbsp;&nbsp;&nbsp;&nbsp;&nbsp;&nbsp;&nbsp;&nbsp;&nbsp;&nbsp;&nbsp;&nbsp;&nbsp;&nbsp;&nbsp;&nbsp;&nbsp;&nbsp;&nbsp;&nbsp;&nbsp;&nbsp;&nbsp;&nbsp;&nbsp;&nbsp;&nbsp;&nbsp;&nbsp;&nbsp;&nbsp;&nbsp;&nbsp;&nbsp;&nbsp;&nbsp;&nbsp;&nbsp;&nbsp;&nbsp;&nbsp;&nbsp;&nbsp;&nbsp;&nbsp;&nbsp;&nbsp;\r\n\r\n    <p>\r\n      Se calcula que hoy en d\u00eda hay m\u00e1s de 525 millones de personas en la \r\n      Tierra que no comen carne animal ni huevos, muchas de las cuales se \r\n      encuentran en la India, ya sea por razones nutricionales o por \r\n      convicci\u00f3n ecol\u00f3gica, la dieta vegana nunca ha sido tan popular! Le \r\n      damos las razones de su \u00e9xito...\r\n    <\/p>\r\n    <h2>\r\n      \u00bfPOR QU\u00c9 ADOPTAR EL ESTILO VEGANO?\r\n    <\/h2>\r\n    &nbsp;\r\n\r\n    <p>\r\n      Respeto a los animales\r\n    <\/p>\r\n    <p>\r\n      Los animales son objeto de experimentaci\u00f3n y explotaci\u00f3n masiva. Nos \r\n      proporcionan nuestras &quot;necesidades&quot; diarias de comida, comodidad y \r\n      entretenimiento.\r\n    <\/p>\r\n    &nbsp;\r\n\r\n    <p>\r\n      Respeto al medio ambiente\r\n    <\/p>\r\n    <p>\r\n      La industria c\u00e1rnica es una de las principales causas del calentamiento \r\n      global: produce m\u00e1s gases de efecto invernadero que todos los camiones, \r\n      coches, aviones y barcos del mundo juntos. La ganader\u00eda es tambi\u00e9n la \r\n      principal causa de la deforestaci\u00f3n en el mundo y de la disminuci\u00f3n de \r\n      las reservas de agua potable. &nbsp;\r\n    <\/p>\r\n    <p>\r\n      Preservar nuestra salud\r\n    <\/p>\r\n    <p>\r\n      El veganismo est\u00e1 hoy validado por numerosos estudios como la pr\u00e1ctica \r\n      alimentaria m\u00e1s saludable que se puede adoptar. Esta dieta es suficiente \r\n      en aporte energ\u00e9tico y completa en nutrientes esenciales.\r\n    <\/p>\r\n    &nbsp;\r\n\r\n    <p>\r\n      Estar unidos\r\n    <\/p>\r\n    <p>\r\n      El ganado consume enormes cantidades de granos y cereales: se considera \r\n      que para producir 1 kg de carne de vacuno se necesitan 16 kg de \r\n      cereales. Si todo el mundo se hiciera vegetariano, la Tierra podr\u00eda \r\n      alimentar f\u00e1cilmente a 15.000 millones de personas.\r\n    <\/p>\r\n    <h2>\r\n      \u00bfDIJISTE VEGANO?\r\n    <\/h2>\r\n    &nbsp;\r\n\r\n    <p>\r\n      El t\u00e9rmino franc\u00e9s &quot;v\u00e9ganisme&quot; proviene de la palabra inglesa &quot;veganism&quot; \r\n      que a su vez es un derivado de la palabra &quot;vegan&quot; para el modo de vida \r\n      vegano\r\n    <\/p>\r\n    &nbsp;\r\n\r\n    <p>\r\n      Definici\u00f3n oficial de la Sociedad Vegana:\r\n    <\/p>\r\n    <p>\r\n      &quot;El veganismo es una forma de vida que busca excluir, en la medida de lo \r\n      posible, cualquier forma de explotaci\u00f3n de los animales, ya sea para la \r\n      alimentaci\u00f3n, la vestimenta o cualquier otro fin.\u00bb\r\n    <\/p>\t\t<\/div>\n\t\t\t\t<\/div>\n\t\t\t\t\t<\/div>\n\t\t<\/div>\n\t\t\t\t\t\t\t<\/div>\n\t\t<\/section>\n\t\t\t\t\t\t<\/div>\n\t\t\t\t\t<\/div>\n\t\t","protected":false},"excerpt":{"rendered":"<p>EL VEGANISMO UNE ESTILO DE VIDA POSITIVO &nbsp;&nbsp;&nbsp;&nbsp;&nbsp;&nbsp;&nbsp;&nbsp;&nbsp;&nbsp;&nbsp;&nbsp;&nbsp;&nbsp;&nbsp;&nbsp;&nbsp;&nbsp;&nbsp;&nbsp;&nbsp;&nbsp;&nbsp;&nbsp;&nbsp;&nbsp;&nbsp;&nbsp;&nbsp;&nbsp;&nbsp;&nbsp;&nbsp;&nbsp;&nbsp;&nbsp;&nbsp;&nbsp;&nbsp;&nbsp;&nbsp;&nbsp;&nbsp;&nbsp;&nbsp;&nbsp;&nbsp;&nbsp;&nbsp;&nbsp;&nbsp;&nbsp;&nbsp;&nbsp;&nbsp;&nbsp;&nbsp;&nbsp;&nbsp;&nbsp;&nbsp;&nbsp;&nbsp;&nbsp;&nbsp;&nbsp;&nbsp;&nbsp;&nbsp;&nbsp;&nbsp;&nbsp;&nbsp;&nbsp;&nbsp;&nbsp;&nbsp;&nbsp;&nbsp;&nbsp;&nbsp;&nbsp;&nbsp;&nbsp;&nbsp;&nbsp;&nbsp;&nbsp;&nbsp;&nbsp;&nbsp;&nbsp;&nbsp;&nbsp;&nbsp;&nbsp;&nbsp;&nbsp;&nbsp;&nbsp;&nbsp;&nbsp;&nbsp;&nbsp;&nbsp;&nbsp;&nbsp;&nbsp;&nbsp;&nbsp;&nbsp;&nbsp;&nbsp;&nbsp;&nbsp;&nbsp;&nbsp;&nbsp;&nbsp;&nbsp;&nbsp;&nbsp;&nbsp;&nbsp;&nbsp;&nbsp;&nbsp;&nbsp;&nbsp;&nbsp;&nbsp;&nbsp;&nbsp;&nbsp;&nbsp;&nbsp;&nbsp;&nbsp;&nbsp;&nbsp;&nbsp;&nbsp;&nbsp;&nbsp;&nbsp;&nbsp;&nbsp;&nbsp;&nbsp;&nbsp;&nbsp;&nbsp;&nbsp;&nbsp;&nbsp;&nbsp;&nbsp;&nbsp;&nbsp;&nbsp;&nbsp;&nbsp;&nbsp;&nbsp;&nbsp;&nbsp;&nbsp;&nbsp;&nbsp;&nbsp;&nbsp;&nbsp;&nbsp;&nbsp;&nbsp;&nbsp;&nbsp;&nbsp;&nbsp;&nbsp;&nbsp;&nbsp;&nbsp;&nbsp;&nbsp;&nbsp;&nbsp;&nbsp;&nbsp;&nbsp;&nbsp;&nbsp;&nbsp;&nbsp;&nbsp;&nbsp;&nbsp;&nbsp;&nbsp;&nbsp;&nbsp;&nbsp;&nbsp;&nbsp;&nbsp;&nbsp;&nbsp;&nbsp;&nbsp;&nbsp;&nbsp;&nbsp;&nbsp;&nbsp; Se calcula que hoy en d\u00eda hay&hellip;<\/p>\n","protected":false},"author":71,"featured_media":34301,"parent":6070,"menu_order":0,"comment_status":"closed","ping_status":"closed","template":"template_ES.php","meta":[],"_links":{"self":[{"href":"https:\/\/www.ericfavre.com\/lifestyle\/es\/wp-json\/wp\/v2\/pages\/6217"}],"collection":[{"href":"https:\/\/www.ericfavre.com\/lifestyle\/es\/wp-json\/wp\/v2\/pages"}],"about":[{"href":"https:\/\/www.ericfavre.com\/lifestyle\/es\/wp-json\/wp\/v2\/types\/page"}],"author":[{"embeddable":true,"href":"https:\/\/www.ericfavre.com\/lifestyle\/es\/wp-json\/wp\/v2\/users\/71"}],"replies":[{"embeddable":true,"href":"https:\/\/www.ericfavre.com\/lifestyle\/es\/wp-json\/wp\/v2\/comments?post=6217"}],"version-history":[{"count":6,"href":"https:\/\/www.ericfavre.com\/lifestyle\/es\/wp-json\/wp\/v2\/pages\/6217\/revisions"}],"predecessor-version":[{"id":6259,"href":"https:\/\/www.ericfavre.com\/lifestyle\/es\/wp-json\/wp\/v2\/pages\/6217\/revisions\/6259"}],"up":[{"embeddable":true,"href":"https:\/\/www.ericfavre.com\/lifestyle\/es\/wp-json\/wp\/v2\/pages\/6070"}],"wp:featuredmedia":[{"embeddable":true,"href":"https:\/\/www.ericfavre.com\/lifestyle\/es\/wp-json\/wp\/v2\/media\/34301"}],"wp:attachment":[{"href":"https:\/\/www.ericfavre.com\/lifestyle\/es\/wp-json\/wp\/v2\/media?parent=6217"}],"curies":[{"name":"wp","href":"https:\/\/api.w.org\/{rel}","templated":true}]}}