{"id":7540,"date":"2021-06-07T13:32:12","date_gmt":"2021-06-07T11:32:12","guid":{"rendered":"https:\/\/www.ericfavre.com\/lifestyle\/es\/?page_id=7540"},"modified":"2021-09-22T10:08:30","modified_gmt":"2021-09-22T08:08:30","slug":"hidratacion-para-el-rendimiento-en-el-culturismo","status":"publish","type":"page","link":"https:\/\/www.ericfavre.com\/lifestyle\/es\/bienvenida\/nutricion-deportiva\/nutrientes\/hidratarse\/hidratacion-para-el-rendimiento-en-el-culturismo\/","title":{"rendered":"HIDRATACION PARA EL RENDIMIENTO EN EL CULTURISMO"},"content":{"rendered":"\t\t<div data-elementor-type=\"wp-page\" data-elementor-id=\"7540\" class=\"elementor elementor-7540\" data-elementor-settings=\"[]\">\n\t\t\t\t\t\t\t<div class=\"elementor-section-wrap\">\n\t\t\t\t\t\t\t<section class=\"penci-section penci-disSticky penci-structure-10 elementor-section elementor-top-section elementor-element elementor-element-4319602 elementor-section-boxed elementor-section-height-default elementor-section-height-default\" data-id=\"4319602\" data-element_type=\"section\">\n\t\t\t\t\t\t<div class=\"elementor-container elementor-column-gap-default\">\n\t\t\t\t\t<div class=\"penci-ercol-100 penci-ercol-order-1 penci-sticky-ct  elementor-column elementor-col-100 elementor-top-column elementor-element elementor-element-f54ea45\" data-id=\"f54ea45\" data-element_type=\"column\">\n\t\t\t<div class=\"elementor-widget-wrap elementor-element-populated\">\n\t\t\t\t\t\t\t\t<div class=\"elementor-element elementor-element-88e77e7 elementor-widget elementor-widget-html\" data-id=\"88e77e7\" data-element_type=\"widget\" data-widget_type=\"html.default\">\n\t\t\t\t<div class=\"elementor-widget-container\">\n\t\t\t<p>\r\n      <b>La hidrataci\u00f3n<\/b>&nbsp;es un par\u00e1metro determinante para el rendimiento, \r\n      especialmente en la disciplina del culturismo.\r\n    <\/p>\r\n    <h2>\r\n      \u00bfPor qu\u00e9 es importante mantenerse hidratado?\r\n    <\/h2>\r\n    &nbsp;\r\n\r\n    <p>\r\n      Cuanto m\u00e1s sostenido es el esfuerzo muscular, m\u00e1s calor genera nuestro \r\n      cuerpo, que es evacuado por la transpiraci\u00f3n. Entonces, es posible que \r\n      un atleta transpire de 1 a 3 litros por hora, lo que provoca una \r\n      deshidrataci\u00f3n con repercusiones perjudiciales para la resistencia y el \r\n      rendimiento. De hecho, esta p\u00e9rdida de agua provoca la aparici\u00f3n de la \r\n      fatiga y tambi\u00e9n prolonga el tiempo necesario para la recuperaci\u00f3n.\r\n    <\/p>\r\n    &nbsp;\r\n\r\n    <p>\r\n      El sudor no s\u00f3lo est\u00e1 compuesto de agua, sino tambi\u00e9n de sodio. \r\n      Tendremos que compensar esta p\u00e9rdida de sodio, que es esencial para la \r\n      contracci\u00f3n muscular. En efecto, el sodio participa en el impulso \r\n      nervioso que desencadena las contracciones musculares.\r\n    <\/p>\r\n    <p>\r\n      Como puede ver, la hidrataci\u00f3n es esencial.\r\n    <\/p>\r\n    &nbsp;\r\n\r\n    <p>\r\n      \u00a1No esperes a tener la sensaci\u00f3n de sed para hidratarte! S\u00f3lo aparece \r\n      una vez que ha comenzado la deshidrataci\u00f3n.\r\n    <\/p>\r\n    <h2>\r\n      Para la hidrataci\u00f3n, \u00a1elige la bebida isot\u00f3nica!\r\n    <\/h2>\r\n    &nbsp;\r\n\r\n    <p>\r\n      El inter\u00e9s de esta bebida es m\u00faltiple. Limita el aumento de la \r\n      temperatura corporal, retrasa la fatiga y proporciona combustible a los \r\n      m\u00fasculos. En efecto, como bebida, frenar\u00e1 todos los efectos de la \r\n      deshidrataci\u00f3n, pero tambi\u00e9n aportar\u00e1 energ\u00eda gracias a los hidratos de \r\n      carbono que contiene, siendo \u00e9stos nuestra primera fuente de combustible.\r\n    <\/p>\r\n    &nbsp;\r\n\r\n    <p>\r\n      Para una hidrataci\u00f3n \u00f3ptima, le recomendamos que consuma bebidas \r\n      isot\u00f3nicas TOTAL ENERGY ERIC FAVRE\u00ae SPORT durante todo el esfuerzo. \r\n      Aportan az\u00facares de r\u00e1pida disponibilidad (sacarosa y dextrosa) y \r\n      az\u00facares de asimilaci\u00f3n m\u00e1s lenta (maltodextrina) para satisfacer sus \r\n      necesidades energ\u00e9ticas. Aumentan la resistencia y retrasan la aparici\u00f3n \r\n      de la fatiga.\r\n    <\/p>\r\n    &nbsp;\r\n\r\n    <p>\r\n      Tambi\u00e9n son una fuente de vitaminas y minerales (sodio, potasio y \r\n      vitamina B1).El plus de las bebidas TOTAL ENERGY ERIC FAVRE\u00ae SPORT es el \r\n      complejo GBIOL\u00ae, una combinaci\u00f3n exclusiva de ginseng, jalea real e \r\n      inulina para optimizar la asimilaci\u00f3n.\r\n    <\/p>\r\n    <ul>\r\n      <li>\r\n        3 fuentes de hidratos de carbono\r\n      <\/li>\r\n      <li>\r\n        Remineralizaci\u00f3n\r\n      <\/li>\r\n      <li>\r\n        GBiol\u00ae: Cofactor de asimilaci\u00f3n\r\n      <\/li>\r\n      <li>\r\n        Antes \/ Durante \/ Despu\u00e9s del esfuerzo\r\n      <\/li>\r\n    <\/ul>\r\n    <p>\r\n      Total Energy - Bote de 800g de polvo para diluir - 2 sabores: Naranja o \r\n      Menta\r\n    <\/p>\t\t<\/div>\n\t\t\t\t<\/div>\n\t\t\t\t\t<\/div>\n\t\t<\/div>\n\t\t\t\t\t\t\t<\/div>\n\t\t<\/section>\n\t\t\t\t\t\t<\/div>\n\t\t\t\t\t<\/div>\n\t\t","protected":false},"excerpt":{"rendered":"<p>La hidrataci\u00f3n&nbsp;es un par\u00e1metro determinante para el rendimiento, especialmente en la disciplina del culturismo. \u00bfPor&hellip;<\/p>\n","protected":false},"author":71,"featured_media":34497,"parent":7344,"menu_order":0,"comment_status":"closed","ping_status":"closed","template":"template_ES.php","meta":[],"_links":{"self":[{"href":"https:\/\/www.ericfavre.com\/lifestyle\/es\/wp-json\/wp\/v2\/pages\/7540"}],"collection":[{"href":"https:\/\/www.ericfavre.com\/lifestyle\/es\/wp-json\/wp\/v2\/pages"}],"about":[{"href":"https:\/\/www.ericfavre.com\/lifestyle\/es\/wp-json\/wp\/v2\/types\/page"}],"author":[{"embeddable":true,"href":"https:\/\/www.ericfavre.com\/lifestyle\/es\/wp-json\/wp\/v2\/users\/71"}],"replies":[{"embeddable":true,"href":"https:\/\/www.ericfavre.com\/lifestyle\/es\/wp-json\/wp\/v2\/comments?post=7540"}],"version-history":[{"count":6,"href":"https:\/\/www.ericfavre.com\/lifestyle\/es\/wp-json\/wp\/v2\/pages\/7540\/revisions"}],"predecessor-version":[{"id":7582,"href":"https:\/\/www.ericfavre.com\/lifestyle\/es\/wp-json\/wp\/v2\/pages\/7540\/revisions\/7582"}],"up":[{"embeddable":true,"href":"https:\/\/www.ericfavre.com\/lifestyle\/es\/wp-json\/wp\/v2\/pages\/7344"}],"wp:featuredmedia":[{"embeddable":true,"href":"https:\/\/www.ericfavre.com\/lifestyle\/es\/wp-json\/wp\/v2\/media\/34497"}],"wp:attachment":[{"href":"https:\/\/www.ericfavre.com\/lifestyle\/es\/wp-json\/wp\/v2\/media?parent=7540"}],"curies":[{"name":"wp","href":"https:\/\/api.w.org\/{rel}","templated":true}]}}