{"id":764,"date":"2021-06-01T20:02:44","date_gmt":"2021-06-01T18:02:44","guid":{"rendered":"https:\/\/www.ericfavre.com\/lifestyle\/es\/?page_id=764"},"modified":"2021-12-28T15:57:22","modified_gmt":"2021-12-28T14:57:22","slug":"todo-sobre-la-caseina","status":"publish","type":"page","link":"https:\/\/www.ericfavre.com\/lifestyle\/es\/bienvenida\/nutricion-deportiva\/complementos-alimenticios\/complementos-alimenticios-segun-sus-objetivos-deportivos\/suplementos-nutricionales-y-crecimiento-muscular\/proteina-en-polvo\/todo-sobre-la-caseina\/","title":{"rendered":"TODO SOBRE LA CASE\u00cdNA"},"content":{"rendered":"\t\t<div data-elementor-type=\"wp-page\" data-elementor-id=\"764\" class=\"elementor elementor-764\" data-elementor-settings=\"[]\">\n\t\t\t\t\t\t\t<div class=\"elementor-section-wrap\">\n\t\t\t\t\t\t\t<section class=\"penci-section penci-disSticky penci-structure-10 elementor-section elementor-top-section elementor-element elementor-element-30e899d elementor-section-boxed elementor-section-height-default elementor-section-height-default\" data-id=\"30e899d\" data-element_type=\"section\">\n\t\t\t\t\t\t<div class=\"elementor-container elementor-column-gap-default\">\n\t\t\t\t\t<div class=\"penci-ercol-100 penci-ercol-order-1 penci-sticky-ct  elementor-column elementor-col-100 elementor-top-column elementor-element elementor-element-19e1944\" data-id=\"19e1944\" data-element_type=\"column\">\n\t\t\t<div class=\"elementor-widget-wrap elementor-element-populated\">\n\t\t\t\t\t\t\t\t<div class=\"elementor-element elementor-element-4675ecd elementor-widget elementor-widget-html\" data-id=\"4675ecd\" data-element_type=\"widget\" data-widget_type=\"html.default\">\n\t\t\t\t<div class=\"elementor-widget-container\">\n\t\t\t<p>\r\n      Para equilibrar su dieta y ponerse en forma, hay muchos suplementos \r\n      diet\u00e9ticos disponibles. La case\u00edna, por ejemplo, es necesaria para que \r\n      el cuerpo digiera los alimentos lentamente. Para saber m\u00e1s, aqu\u00ed tienes \r\n      informaci\u00f3n interesante sobre este complemento alimenticio que aporta \r\n      prote\u00ednas.&nbsp;&nbsp;\r\n    <\/p>\r\n    <h2>\r\n      \u00bfQu\u00e9 es la case\u00edna?\r\n    <\/h2>\r\n    <p>\r\n      La case\u00edna es simplemente una prote\u00edna de la leche que el cuerpo digiere \r\n      lentamente. Algunas personas lo toman como suplemento diet\u00e9tico. Cuando \r\n      se toma, desempe\u00f1a la funci\u00f3n de liberar amino\u00e1cidos en el cuerpo, por \r\n      eso la mayor\u00eda de la gente lo toma antes de acostarse. Permite una buena \r\n      recuperaci\u00f3n y minimiza la destrucci\u00f3n de la masa muscular durante el \r\n      sue\u00f1o. Seg\u00fan las investigaciones cient\u00edficas, la case\u00edna tambi\u00e9n ayuda a \r\n      aumentar el crecimiento y la fuerza muscular.\r\n    <\/p>\r\n    <h2>\r\n      \u00bfCu\u00e1les son los componentes de la case\u00edna?\r\n    <\/h2>\r\n    <p>\r\n      La case\u00edna contiene dos categor\u00edas de prote\u00ednas: Case\u00edna y suero. En \r\n      este suplemento diet\u00e9tico, la case\u00edna ocupa el 80% de la dosis, mientras \r\n      que el 20% pertenece al suero de leche o suero. Durante la \r\n      transformaci\u00f3n de la leche en queso, estos dos componentes se separan. \r\n      Las case\u00ednas se agrupan en el fondo de la cuajada cuando la leche se \r\n      cuaja con cuajo, mientras que el suero se acumula en la parte l\u00edquida de \r\n      la parte superior.\r\n    <\/p>\r\n    <p>\r\n      Estos dos componentes no tienen el mismo modo de funcionamiento. Las \r\n      prote\u00ednas de la case\u00edna se asimilan lentamente, mientras que las del \r\n      suero se asimilan r\u00e1pidament, esta es la principal diferencia entre \r\n      estos dos componentes. La case\u00edna es una prote\u00edna completa, aporta la \r\n      mayor\u00eda de los amino\u00e1cidos esenciales para el crecimiento y la \r\n      reparaci\u00f3n del organismo, tambi\u00e9n contiene prote\u00ednas \u00fanicas y \r\n      bioactivas. Estos ofrecen beneficios para la salud.\r\n    <\/p>\r\n    <p>\r\n      La case\u00edna se presenta en dos formas principales: la case\u00edna micelar es \r\n      la m\u00e1s elegida por su capacidad de digesti\u00f3n lenta, y el hidrolizado que \r\n      es predigerido y asimilado r\u00e1pidamente.\r\n    <\/p>\r\n    <h2>\r\n      \u00bfQu\u00e9 son los caseinatos?\r\n    <\/h2>\r\n    <p>\r\n      Elaborado a partir de leche desnatada y con propiedades \u00e1cidas, el \r\n      caseinato tambi\u00e9n se trata con un \u00e1lcali, normalmente en forma de \r\n      hidr\u00f3xido de sodio o de calcio. La case\u00edna micelar conserva la \r\n      estructura de las micelas de case\u00edna mediante ultra o microfiltraci\u00f3n, \r\n      por eso ser\u00e1 menos soluble y bastante bueno comparado con el caseinato.\r\n    <\/p>\r\n    <p>\r\n      Obs\u00e9rvese que 30 g de case\u00edna en polvo tienen 22 g de prote\u00ednas, 1 g de \r\n      grasas y 3 g de hidratos de carbono. La case\u00edna tambi\u00e9n puede ser una \r\n      fuente de varios micronutrientes, como el calcio. S\u00f3lo los componentes \r\n      exactos dependen de la marca.\r\n    <\/p>\r\n    <h2>\r\n      Para tomar case\u00edna, \u00bfpor qu\u00e9 razones?\r\n    <\/h2>\r\n    <p>\r\n      Debido a su lenta tasa de absorci\u00f3n en el intestino, la case\u00edna es \r\n      reconocida como una prote\u00edna de liberaci\u00f3n sostenida. Su propiedad \r\n      proporciona los amino\u00e1cidos necesarios y duraderos a las c\u00e9lulas, de \r\n      hecho, ayudar\u00e1 a las c\u00e9lulas durante el anabolismo y el catabolismo.\r\n    <\/p>\r\n    <h2>\r\n      \u00bfCu\u00e1les son los beneficios de la case\u00edna?\r\n    <\/h2>\r\n    <p>\r\n      Dada la informaci\u00f3n anterior, la case\u00edna tiene muchos efectos positivos.\r\n    <\/p>\r\n    <h3>\r\n      Agarre muscular\r\n    <\/h3>\r\n    <p>\r\n      La case\u00edna desempe\u00f1a un papel indispensable en los m\u00fasculos, por ello, \r\n      los atletas y culturistas lo toman desde hace mucho tiempo. Tiene los \r\n      amino\u00e1cidos esenciales para el funcionamiento del organismo, tambi\u00e9n \r\n      contiene una alta dosis de leucina y el amino\u00e1cido responsable de la \r\n      s\u00edntesis de las prote\u00ednas musculares.\r\n    <\/p>\r\n    <p>\r\n      Seg\u00fan los an\u00e1lisis realizados tambi\u00e9n por los investigadores, se \r\n      confirma que la case\u00edna es mejor en el crecimiento muscular, adem\u00e1s, \r\n      permite perder la grasa de las personas con sobrepeso. Debe tomarse \r\n      mientras se sigue un tipo de entrenamiento con pesas, tambi\u00e9n se ha \r\n      comprobado que la toma del complemento alimenticio case\u00edna shaker \r\n      aumenta la masa muscular en las personas que practican el entrenamiento \r\n      con pesas.\r\n    <\/p>\r\n    <h3>\r\n      Supresi\u00f3n de la saciedad y p\u00e9rdida de peso\r\n    <\/h3>\r\n    <p>\r\n      Hay que tener en cuenta que la toma de suplementos proteicos, \r\n      especialmente de case\u00edna, ayuda a minimizar el apetito y los deseos de \r\n      picar. Para beneficiarse m\u00e1s, es preferible elegir los suplementos de \r\n      prote\u00ednas en polvo, de este modo, le permitir\u00e1 tener menos ganas de \r\n      comer algunas cosas. Las prote\u00ednas tienen consecuencias saciantes por su \r\n      poder de eliminar el ansia de az\u00facar.Adem\u00e1s, aumenta el metabolismo \r\n      durante el sue\u00f1o.\r\n    <\/p>\r\n    <h3>\r\n      Protecci\u00f3n de los dientes\r\n    <\/h3>\r\n    <p>\r\n      Una vez m\u00e1s, la case\u00edna es de gran importancia para la salud del \r\n      organismo. Protege los dientes fr\u00e1giles o con problemas de esmalte, para \r\n      evitar la corrosi\u00f3n de los dientes, es mejor tomar case\u00edna, por ejemplo, \r\n      es importante tomar case\u00edna en lugar de beber zumo de frutas.\r\n    <\/p>\r\n    <h2>\r\n      \u00bfCu\u00e1ndo tomar case\u00edna?\r\n    <\/h2>\r\n    <p>\r\n      Como cualquier otro tipo de suplemento diet\u00e9tico, la case\u00edna tambi\u00e9n \r\n      debe tomarse en el momento adecuado. En general, es necesario tomarlo \r\n      antes de acostarse para desarrollar la musculatura, es durante la noche \r\n      que la tasa de s\u00edntesis de prote\u00ednas ser\u00e1 limitada.\r\n    <\/p>\r\n    <p>\r\n      Este tiempo principal para tomar esta prote\u00edna aumentar\u00e1 la masa \r\n      muscular y la fuerza del cuerpo. Basta con aportar 40 g de prote\u00ednas \r\n      para que el ritmo de s\u00edntesis proteica sea fuerte durante la noche, \r\n      adem\u00e1s, puede tomarse como sustituto ocasional de una comida.\r\n    <\/p>\r\n    <h2>\r\n      C\u00f3mo aumentar sus beneficios\r\n    <\/h2>\r\n    <p>\r\n      Es esencial saber que tomar case\u00edna a lo largo de un programa deportivo \r\n      es m\u00e1s ventajoso, en este caso, la ingesta de hidrolizado de case\u00edna o \r\n      suero de leche es crucial, de hecho, la mayor\u00eda de la gente lo toma \r\n      antes de acostarse.Debe combinarse con yogur o reques\u00f3n.\r\n    <\/p>\r\n    <h2>\r\n      Case\u00edna o suero de leche, \u00bfqu\u00e9 elegir?\r\n    <\/h2>\r\n    <p>\r\n      Seg\u00fan la informaci\u00f3n anterior, no hay raz\u00f3n para elegir entre estos dos \r\n      suplementos. Lo mejor es combinarlos, la combinaci\u00f3n de estos tipos de \r\n      prote\u00ednas es m\u00e1s eficaz que la toma de case\u00edna sola. Esta combinaci\u00f3n \r\n      permite que el cuerpo construya m\u00fasculo de manera eficiente y r\u00e1pida.\r\n    <\/p>\t\t<\/div>\n\t\t\t\t<\/div>\n\t\t\t\t\t<\/div>\n\t\t<\/div>\n\t\t\t\t\t\t\t<\/div>\n\t\t<\/section>\n\t\t\t\t\t\t<\/div>\n\t\t\t\t\t<\/div>\n\t\t","protected":false},"excerpt":{"rendered":"<p>Para equilibrar su dieta y ponerse en forma, hay muchos suplementos diet\u00e9ticos disponibles. La case\u00edna,&hellip;<\/p>\n","protected":false},"author":71,"featured_media":33657,"parent":519,"menu_order":0,"comment_status":"closed","ping_status":"closed","template":"template_ES.php","meta":[],"_links":{"self":[{"href":"https:\/\/www.ericfavre.com\/lifestyle\/es\/wp-json\/wp\/v2\/pages\/764"}],"collection":[{"href":"https:\/\/www.ericfavre.com\/lifestyle\/es\/wp-json\/wp\/v2\/pages"}],"about":[{"href":"https:\/\/www.ericfavre.com\/lifestyle\/es\/wp-json\/wp\/v2\/types\/page"}],"author":[{"embeddable":true,"href":"https:\/\/www.ericfavre.com\/lifestyle\/es\/wp-json\/wp\/v2\/users\/71"}],"replies":[{"embeddable":true,"href":"https:\/\/www.ericfavre.com\/lifestyle\/es\/wp-json\/wp\/v2\/comments?post=764"}],"version-history":[{"count":6,"href":"https:\/\/www.ericfavre.com\/lifestyle\/es\/wp-json\/wp\/v2\/pages\/764\/revisions"}],"predecessor-version":[{"id":806,"href":"https:\/\/www.ericfavre.com\/lifestyle\/es\/wp-json\/wp\/v2\/pages\/764\/revisions\/806"}],"up":[{"embeddable":true,"href":"https:\/\/www.ericfavre.com\/lifestyle\/es\/wp-json\/wp\/v2\/pages\/519"}],"wp:featuredmedia":[{"embeddable":true,"href":"https:\/\/www.ericfavre.com\/lifestyle\/es\/wp-json\/wp\/v2\/media\/33657"}],"wp:attachment":[{"href":"https:\/\/www.ericfavre.com\/lifestyle\/es\/wp-json\/wp\/v2\/media?parent=764"}],"curies":[{"name":"wp","href":"https:\/\/api.w.org\/{rel}","templated":true}]}}