{"id":8772,"date":"2021-06-07T14:09:17","date_gmt":"2021-06-07T12:09:17","guid":{"rendered":"https:\/\/www.ericfavre.com\/lifestyle\/es\/?page_id=8772"},"modified":"2021-09-22T11:06:36","modified_gmt":"2021-09-22T09:06:36","slug":"dipeptidos","status":"publish","type":"page","link":"https:\/\/www.ericfavre.com\/lifestyle\/es\/bienvenida\/nutricion-deportiva\/nutrientes\/zoom-sobre-macronutrientes-y-micronutrientes\/macronutrientes\/proteinas\/dipeptidos\/","title":{"rendered":"DIP\u00c9PTIDOS"},"content":{"rendered":"\t\t<div data-elementor-type=\"wp-page\" data-elementor-id=\"8772\" class=\"elementor elementor-8772\" data-elementor-settings=\"[]\">\n\t\t\t\t\t\t\t<div class=\"elementor-section-wrap\">\n\t\t\t\t\t\t\t<section class=\"penci-section penci-disSticky penci-structure-10 elementor-section elementor-top-section elementor-element elementor-element-4bab4d4 elementor-section-boxed elementor-section-height-default elementor-section-height-default\" data-id=\"4bab4d4\" data-element_type=\"section\">\n\t\t\t\t\t\t<div class=\"elementor-container elementor-column-gap-default\">\n\t\t\t\t\t<div class=\"penci-ercol-100 penci-ercol-order-1 penci-sticky-ct  elementor-column elementor-col-100 elementor-top-column elementor-element elementor-element-00b97f8\" data-id=\"00b97f8\" data-element_type=\"column\">\n\t\t\t<div class=\"elementor-widget-wrap elementor-element-populated\">\n\t\t\t\t\t\t\t\t<div class=\"elementor-element elementor-element-0776009 elementor-widget elementor-widget-html\" data-id=\"0776009\" data-element_type=\"widget\" data-widget_type=\"html.default\">\n\t\t\t\t<div class=\"elementor-widget-container\">\n\t\t\t<p>\r\n      Las prote\u00ednas que consumimos en nuestra dieta est\u00e1n formadas por cadenas \r\n      muy largas de amino\u00e1cidos: los polip\u00e9ptidos. Estas prote\u00ednas \r\n      alimentarias son digeridas y transformadas en elementos m\u00e1s simples, \r\n      polip\u00e9ptidos de cadenas m\u00e1s cortas, luego dip\u00e9ptidos y amino\u00e1cidos que \r\n      se distribuir\u00e1n por todo el organismo seg\u00fan las necesidades y \r\n      requerimientos.<br>Estos amino\u00e1cidos se combinar\u00e1n de nuevo y se agrupar\u00e1n \r\n      para formar m\u00fasculos, cromosomas, anticuerpos, receptores, pero tambi\u00e9n \r\n      neurotransmisores y ciertas hormonas (hormonas pept\u00eddicas).\r\n    <\/p>\r\n    <h2>\r\n      \u00bfQU\u00c9 ES UN DIP\u00c9PTIDO?\r\n    <\/h2>\r\n    <p>\r\n      Es una mol\u00e9cula, formada por dos amino\u00e1cidos, ensamblados por un enlace \r\n      pept\u00eddico, por lo que puede percibirse desde dos \u00e1ngulos diferentes, el \r\n      de cada amino\u00e1cido que lo constituye y como un dip\u00e9ptido en s\u00ed mismo. \r\n      Esto significa que los dip\u00e9ptidos pueden tener funciones verdaderamente \r\n      \u00fanicas* que no se encuentran en los amino\u00e1cidos que los componen, por \r\n      ejemplo, muchos dip\u00e9ptidos son mucho m\u00e1s solubles que los amino\u00e1cidos \r\n      individuales que los componen.\r\n    <\/p>\r\n    <p>\r\n      Una propiedad particularmente importante a tener en cuenta es que los \r\n      dip\u00e9ptidos se ponen a disposici\u00f3n del organismo mucho m\u00e1s r\u00e1pidamente \r\n      que los amino\u00e1cidos porque su asimilaci\u00f3n implica un mecanismo \r\n      diferente, adem\u00e1s, activan las c\u00e9lulas G del est\u00f3mago, que estimulan la \r\n      secreci\u00f3n de gastrina (enzima digestiva).\r\n    <\/p>\r\n    <p>\r\n      BIAMINOEE\u00ae, un concentrado de dip\u00e9ptidos de calidad plasm\u00e1tica, \r\n      permitir\u00e1 por lo tanto una asimilaci\u00f3n muy r\u00e1pida (15 a 20 minutos) \r\n      aportando los 22 amino\u00e1cidos necesarios para el organismo. Es importante \r\n      subrayar que los 22 amino\u00e1cidos est\u00e1n presentes en proporciones ideales \r\n      para el ser humano. La presencia simult\u00e1nea de todos los amino\u00e1cidos \r\n      esenciales es esencial, ya que si uno de ellos est\u00e1 en peque\u00f1as \r\n      cantidades (a veces incluso ausente), se convierte en un factor \r\n      limitante al reducir la s\u00edntesis proteica de los dem\u00e1s, aunque est\u00e9n en \r\n      exceso.BIAMINo\u00e9E\u00ae permite, por su rapidez de asimilaci\u00f3n, su precisi\u00f3n \r\n      gracias a un aporte completo en proporciones ideales de todos los \r\n      amino\u00e1cidos en forma de p\u00e9ptidos, aportar los elementos esenciales a la \r\n      hipertrofia muscular y optimizar la recuperaci\u00f3n.\r\n    <\/p>\r\n    <p>\r\n      La adici\u00f3n de hierro hemo desempe\u00f1ar\u00e1 un papel fundamental en la \r\n      potenciaci\u00f3n de estos beneficios.\r\n    <\/p>\r\n    <p>\r\n      <i>** Los investigadores tambi\u00e9n han descubierto que algunos dip\u00e9ptidos \r\n      tienen beneficios para la salud al combatir la hipertensi\u00f3n arterial, \r\n      otros tienen propiedades antitumorales y otros promueven la \r\n      proliferaci\u00f3n de linfocitos (sistema inmunol\u00f3gico).<\/i>\r\n    <\/p>\r\n    <h2>\r\n      Nota\r\n    <\/h2>\r\n    <p>\r\n      Hay muchos dip\u00e9ptidos en el cuerpo, como la carnosina \r\n      (beta-alanil-L-histidina) y la anserina (beta-alanil-N-metil histidina), \r\n      que se encuentran en grandes cantidades en los m\u00fasculos y el cerebro.\r\n    <\/p>\r\n    <h2>\r\n      EQUIVALENCIA DEL CONTENIDO DE AMINO\u00c1CIDOS EN FORMA DE DIP\u00c9PTIDO\r\n    <\/h2>\r\n    <p>\r\n      1 DOSIS DIARIA DE BIAMINOEE\u00ae- CANIBAL - 4 C\u00c1PSULAS 22 AAD* + HIERRO \r\n      HEM\u00cdNICO\r\n    <\/p>\r\n    \u00a1\r\n\r\n    <p>\r\n      = 2kg DE CARNE COCIDA! Las grasas y las toxinas se reducen 18 AAD + \r\n      HEMINICAL IRON\r\n    <\/p>\r\n    <p>\r\n      = VARIOS KILOS DE SUERO DE LECHE SEG\u00daN LA CALIDAD\r\n    <\/p>\r\n    <p>\r\n      * Amino\u00e1cidos Dip\u00e9ptidos\r\n    <\/p>\t\t<\/div>\n\t\t\t\t<\/div>\n\t\t\t\t\t<\/div>\n\t\t<\/div>\n\t\t\t\t\t\t\t<\/div>\n\t\t<\/section>\n\t\t\t\t\t\t<\/div>\n\t\t\t\t\t<\/div>\n\t\t","protected":false},"excerpt":{"rendered":"<p>Las prote\u00ednas que consumimos en nuestra dieta est\u00e1n formadas por cadenas muy largas de amino\u00e1cidos:&hellip;<\/p>\n","protected":false},"author":71,"featured_media":34952,"parent":8681,"menu_order":0,"comment_status":"closed","ping_status":"closed","template":"template_ES.php","meta":[],"_links":{"self":[{"href":"https:\/\/www.ericfavre.com\/lifestyle\/es\/wp-json\/wp\/v2\/pages\/8772"}],"collection":[{"href":"https:\/\/www.ericfavre.com\/lifestyle\/es\/wp-json\/wp\/v2\/pages"}],"about":[{"href":"https:\/\/www.ericfavre.com\/lifestyle\/es\/wp-json\/wp\/v2\/types\/page"}],"author":[{"embeddable":true,"href":"https:\/\/www.ericfavre.com\/lifestyle\/es\/wp-json\/wp\/v2\/users\/71"}],"replies":[{"embeddable":true,"href":"https:\/\/www.ericfavre.com\/lifestyle\/es\/wp-json\/wp\/v2\/comments?post=8772"}],"version-history":[{"count":6,"href":"https:\/\/www.ericfavre.com\/lifestyle\/es\/wp-json\/wp\/v2\/pages\/8772\/revisions"}],"predecessor-version":[{"id":8814,"href":"https:\/\/www.ericfavre.com\/lifestyle\/es\/wp-json\/wp\/v2\/pages\/8772\/revisions\/8814"}],"up":[{"embeddable":true,"href":"https:\/\/www.ericfavre.com\/lifestyle\/es\/wp-json\/wp\/v2\/pages\/8681"}],"wp:featuredmedia":[{"embeddable":true,"href":"https:\/\/www.ericfavre.com\/lifestyle\/es\/wp-json\/wp\/v2\/media\/34952"}],"wp:attachment":[{"href":"https:\/\/www.ericfavre.com\/lifestyle\/es\/wp-json\/wp\/v2\/media?parent=8772"}],"curies":[{"name":"wp","href":"https:\/\/api.w.org\/{rel}","templated":true}]}}