{"id":8821,"date":"2021-06-07T14:10:20","date_gmt":"2021-06-07T12:10:20","guid":{"rendered":"https:\/\/www.ericfavre.com\/lifestyle\/es\/?page_id=8821"},"modified":"2021-09-22T11:07:31","modified_gmt":"2021-09-22T09:07:31","slug":"innovacion-en-dipeptidos","status":"publish","type":"page","link":"https:\/\/www.ericfavre.com\/lifestyle\/es\/bienvenida\/nutricion-deportiva\/nutrientes\/zoom-sobre-macronutrientes-y-micronutrientes\/macronutrientes\/proteinas\/innovacion-en-dipeptidos\/","title":{"rendered":"INNOVACI\u00d3N EN DIP\u00c9PTIDOS."},"content":{"rendered":"\t\t<div data-elementor-type=\"wp-page\" data-elementor-id=\"8821\" class=\"elementor elementor-8821\" data-elementor-settings=\"[]\">\n\t\t\t\t\t\t\t<div class=\"elementor-section-wrap\">\n\t\t\t\t\t\t\t<section class=\"penci-section penci-disSticky penci-structure-10 elementor-section elementor-top-section elementor-element elementor-element-ed5edb1 elementor-section-boxed elementor-section-height-default elementor-section-height-default\" data-id=\"ed5edb1\" data-element_type=\"section\">\n\t\t\t\t\t\t<div class=\"elementor-container elementor-column-gap-default\">\n\t\t\t\t\t<div class=\"penci-ercol-100 penci-ercol-order-1 penci-sticky-ct  elementor-column elementor-col-100 elementor-top-column elementor-element elementor-element-f5262d9\" data-id=\"f5262d9\" data-element_type=\"column\">\n\t\t\t<div class=\"elementor-widget-wrap elementor-element-populated\">\n\t\t\t\t\t\t\t\t<div class=\"elementor-element elementor-element-8652693 elementor-widget elementor-widget-html\" data-id=\"8652693\" data-element_type=\"widget\" data-widget_type=\"html.default\">\n\t\t\t\t<div class=\"elementor-widget-container\">\n\t\t\t<p>\r\n      El hombre necesita <b>prote\u00ednas<\/b>&nbsp;para asegurar su crecimiento y el \r\n      mantenimiento de sus c\u00e9lulas, Como no tiene m\u00e1s reservas de prote\u00ednas \r\n      que el m\u00fasculo, debe comer prote\u00ednas regularmente.\r\n    <\/p>\r\n    <h2>\r\n      Amino\u00e1cidos, p\u00e9ptidos y prote\u00ednas\r\n    <\/h2>\r\n    <p>\r\n      Los amino\u00e1cidos son los componentes b\u00e1sicos de las prote\u00ednas. Una \r\n      prote\u00edna es una larga cadena de amino\u00e1cidos. Los p\u00e9ptidos, por su parte, \r\n      son un conjunto de cadenas cortas de amino\u00e1cidos.\r\n    <\/p>\r\n    <p>\r\n      Despu\u00e9s de ser consumidas, las prote\u00ednas son cortadas por nuestras \r\n      enzimas en el intestino para dar polip\u00e9ptidos y p\u00e9ptidos que luego ser\u00e1n \r\n      absorbidos. Los p\u00e9ptidos son trozos de prote\u00ednas hidrolizadas, es decir, \r\n      predigeridas. La digesti\u00f3n es mucho m\u00e1s r\u00e1pida ya que se elimina el paso \r\n      de corte enzim\u00e1tico, por lo tanto, los p\u00e9ptidos son absorbidos \r\n      directamente por el cuerpo, la asimilaci\u00f3n es m\u00e1s completa y eficiente, \r\n      una fase crucial en la recuperaci\u00f3n del atleta.\r\n    <\/p>\r\n    <p>\r\n      Los p\u00e9ptidos tambi\u00e9n pueden clasificarse seg\u00fan el n\u00famero de amino\u00e1cidos:\r\n    <\/p>\r\n    <ul>\r\n      <li>\r\n        Dip\u00e9ptidos: contienen dos amino\u00e1cidos\r\n      <\/li>\r\n      <li>\r\n        Trip\u00e9ptidos: contienen tres amino\u00e1cidos\r\n      <\/li>\r\n      <li>\r\n        Polip\u00e9ptidos: contienen m\u00e1s de un amino\u00e1cido\r\n      <\/li>\r\n    <\/ul>\r\n    <h2>\r\n      PROPIEDADES\r\n    <\/h2>\r\n    <p>\r\n      Hoy en d\u00eda, hay muchos &quot;rumores&quot; en torno a los p\u00e9ptidos en el mundo del \r\n      fitness y el culturismo. Se recomiendan varios p\u00e9ptidos para quemar \r\n      grasa, aumentar la masa muscular y mejorar el rendimiento deportivo.\r\n    <\/p>\r\n    <p>\r\n      Los estudios ya han demostrado que los p\u00e9ptidos estimulan la s\u00edntesis de \r\n      prote\u00ednas en los m\u00fasculos y son a\u00fan m\u00e1s digeribles, por lo que pueden \r\n      tomarse durante el entrenamiento deportivo intenso sin problemas \r\n      digestivos.\r\n    <\/p>\r\n    <p>\r\n      Los p\u00e9ptidos son, por tanto, una revoluci\u00f3n en el mundo del deporte, una \r\n      investigaci\u00f3n que tuvo \u00e9xito hace pocos a\u00f1os y que empieza a abrirse \r\n      camino gracias a los revolucionarios efectos que aportan.\r\n    <\/p>\r\n    <p>\r\n      Se trata de una nueva generaci\u00f3n de productos estimulantes y m\u00e1s all\u00e1 de \r\n      ser una alternativa a los esteroides anab\u00f3licos, es un producto del \r\n      futuro y las prestaciones est\u00e1n ah\u00ed.\r\n    <\/p>\t\t<\/div>\n\t\t\t\t<\/div>\n\t\t\t\t\t<\/div>\n\t\t<\/div>\n\t\t\t\t\t\t\t<\/div>\n\t\t<\/section>\n\t\t\t\t\t\t<\/div>\n\t\t\t\t\t<\/div>\n\t\t","protected":false},"excerpt":{"rendered":"<p>El hombre necesita prote\u00ednas&nbsp;para asegurar su crecimiento y el mantenimiento de sus c\u00e9lulas, Como no&hellip;<\/p>\n","protected":false},"author":71,"featured_media":34966,"parent":8681,"menu_order":0,"comment_status":"closed","ping_status":"closed","template":"template_ES.php","meta":[],"_links":{"self":[{"href":"https:\/\/www.ericfavre.com\/lifestyle\/es\/wp-json\/wp\/v2\/pages\/8821"}],"collection":[{"href":"https:\/\/www.ericfavre.com\/lifestyle\/es\/wp-json\/wp\/v2\/pages"}],"about":[{"href":"https:\/\/www.ericfavre.com\/lifestyle\/es\/wp-json\/wp\/v2\/types\/page"}],"author":[{"embeddable":true,"href":"https:\/\/www.ericfavre.com\/lifestyle\/es\/wp-json\/wp\/v2\/users\/71"}],"replies":[{"embeddable":true,"href":"https:\/\/www.ericfavre.com\/lifestyle\/es\/wp-json\/wp\/v2\/comments?post=8821"}],"version-history":[{"count":6,"href":"https:\/\/www.ericfavre.com\/lifestyle\/es\/wp-json\/wp\/v2\/pages\/8821\/revisions"}],"predecessor-version":[{"id":8863,"href":"https:\/\/www.ericfavre.com\/lifestyle\/es\/wp-json\/wp\/v2\/pages\/8821\/revisions\/8863"}],"up":[{"embeddable":true,"href":"https:\/\/www.ericfavre.com\/lifestyle\/es\/wp-json\/wp\/v2\/pages\/8681"}],"wp:featuredmedia":[{"embeddable":true,"href":"https:\/\/www.ericfavre.com\/lifestyle\/es\/wp-json\/wp\/v2\/media\/34966"}],"wp:attachment":[{"href":"https:\/\/www.ericfavre.com\/lifestyle\/es\/wp-json\/wp\/v2\/media?parent=8821"}],"curies":[{"name":"wp","href":"https:\/\/api.w.org\/{rel}","templated":true}]}}