{"id":9262,"date":"2021-06-07T14:18:19","date_gmt":"2021-06-07T12:18:19","guid":{"rendered":"https:\/\/www.ericfavre.com\/lifestyle\/es\/?page_id=9262"},"modified":"2021-09-22T11:19:45","modified_gmt":"2021-09-22T09:19:45","slug":"triptofano","status":"publish","type":"page","link":"https:\/\/www.ericfavre.com\/lifestyle\/es\/bienvenida\/nutricion-deportiva\/nutrientes\/zoom-sobre-macronutrientes-y-micronutrientes\/macronutrientes\/proteinas\/aminoacidos\/lista-de-aminoacidos\/triptofano\/","title":{"rendered":"TRIPT\u00d3FANO"},"content":{"rendered":"\t\t<div data-elementor-type=\"wp-page\" data-elementor-id=\"9262\" class=\"elementor elementor-9262\" data-elementor-settings=\"[]\">\n\t\t\t\t\t\t\t<div class=\"elementor-section-wrap\">\n\t\t\t\t\t\t\t<section class=\"penci-section penci-disSticky penci-structure-10 elementor-section elementor-top-section elementor-element elementor-element-65d8b9e elementor-section-boxed elementor-section-height-default elementor-section-height-default\" data-id=\"65d8b9e\" data-element_type=\"section\">\n\t\t\t\t\t\t<div class=\"elementor-container elementor-column-gap-default\">\n\t\t\t\t\t<div class=\"penci-ercol-100 penci-ercol-order-1 penci-sticky-ct  elementor-column elementor-col-100 elementor-top-column elementor-element elementor-element-644c8cc\" data-id=\"644c8cc\" data-element_type=\"column\">\n\t\t\t<div class=\"elementor-widget-wrap elementor-element-populated\">\n\t\t\t\t\t\t\t\t<div class=\"elementor-element elementor-element-fb7d35f elementor-widget elementor-widget-html\" data-id=\"fb7d35f\" data-element_type=\"widget\" data-widget_type=\"html.default\">\n\t\t\t\t<div class=\"elementor-widget-container\">\n\t\t\t<p>\r\n      El tript\u00f3fano es uno de los siete amino\u00e1cidos esenciales, es decir, debe \r\n      ser aportado por la alimentaci\u00f3n porque nuestro organismo no sabe \r\n      sintetizarlo. Se trata de un <b>amino\u00e1cido arom\u00e1tico<\/b>&nbsp;(como la \r\n      fenilalanina y la tirosina) que es a la vez raro (1% de los amino\u00e1cidos \r\n      presentes en las prote\u00ednas) y muy fr\u00e1gil.\r\n    <\/p>\r\n    <p>\r\n      Precursor de la serotonina, la melatonina y la niacina (vitamina B3), el \r\n      tript\u00f3fano es un agente calmante, antidepresivo e inductor del sue\u00f1o.\r\n    <\/p>\r\n    <p>\r\n      Descubierto en 1901, se ha utilizado durante muchos a\u00f1os para combatir \r\n      la depresi\u00f3n, favorecer la p\u00e9rdida de peso y el sue\u00f1o.\r\n    <\/p>\r\n    <p>\r\n      En lo que respecta a la p\u00e9rdida de peso, se sabe que el estr\u00e9s puede \r\n      llevar a algunas personas a consumir grandes cantidades de hidratos de \r\n      carbono que provocan una sensaci\u00f3n moment\u00e1nea de bienestar, pero que \r\n      desgraciadamente aumentan la ingesta de calor\u00edas y favorecen el \r\n      almacenamiento de grasas. Tomar tript\u00f3fano o 5-HTP (5-hidroxitript\u00f3fano) \r\n      puede mejorar el estado psicol\u00f3gico y evitar el sobrepeso.\r\n    <\/p>\r\n    <p>\r\n      El tript\u00f3fano estimula la liberaci\u00f3n de la hormona del crecimiento y \r\n      ayuda a la formaci\u00f3n de linfocitos esenciales para el sistema \r\n      inmunitario.\r\n    <\/p>\r\n    <p>\r\n      Los BCAA y otros amino\u00e1cidos arom\u00e1ticos (tirosina y fenilalanina) \r\n      compiten con el tript\u00f3fano en la entrada al cerebro.\r\n    <\/p>\r\n    <h2>\r\n      SEROTONINA\r\n    <\/h2>\r\n    &nbsp;\r\n\r\n    <p>\r\n      Amina presente en la mayor\u00eda de los tejidos del cuerpo, act\u00faa como \r\n      mediador qu\u00edmico. Desempe\u00f1a un papel fundamental en m\u00faltiples funciones, \r\n      especialmente en el control del apetito y del estado de \u00e1nimo, as\u00ed como \r\n      en la depresi\u00f3n y la ansiedad.\r\n    <\/p>\r\n    <p>\r\n      En el cerebro, el tript\u00f3fano se transforma tras su hidroxilaci\u00f3n en \r\n      5-HTP (5-Hidroxitript\u00f3fano) para dar serotonina.\r\n    <\/p>\r\n    <h2>\r\n      TRIPT\u00d3FANO: EL RETORNO\r\n    <\/h2>\r\n    &nbsp;&nbsp;En Estados Unidos, en 1989 el tript\u00f3fano fue implicado en una epidemia \r\n    de una nueva enfermedad: el s\u00edndrome de eosinofilia-mialgia. Esta \r\n    enfermedad caus\u00f3 la muerte de 37 personas y dej\u00f3 discapacitadas a m\u00e1s de \r\n    mil. La empresa japonesa Showa Denko, responsable de la comercializaci\u00f3n \r\n    de este complemento alimenticio producido mediante la manipulaci\u00f3n \r\n    gen\u00e9tica de una bacteria, y a ra\u00edz de una mala filtraci\u00f3n que dej\u00f3 pasar \r\n    un contaminante, es en efecto la verdadera causa de lo que ha llevado \r\n    durante unos quince a\u00f1os al desarrollo de un nuevo producto, Showa Denko.\r\n\r\n    <p>\r\n      a\u00f1os despu\u00e9s de la prohibici\u00f3n del tript\u00f3fano como suplemento \r\n      diet\u00e9tico...No podemos ignorar el hecho de que esta prohibici\u00f3n se \r\n      produjo al mismo tiempo que el lanzamiento del Prozac...as\u00ed que...\r\n    <\/p>\r\n    <p>\r\n      <em>Ahora se sabe que el tript\u00f3fano no puede estar implicado en el \r\n      s\u00edndrome de eosinofilia-mialgia y que era un metabolito t\u00f3xico.<\/em>\r\n    <\/p>\t\t<\/div>\n\t\t\t\t<\/div>\n\t\t\t\t\t<\/div>\n\t\t<\/div>\n\t\t\t\t\t\t\t<\/div>\n\t\t<\/section>\n\t\t\t\t\t\t<\/div>\n\t\t\t\t\t<\/div>\n\t\t","protected":false},"excerpt":{"rendered":"<p>El tript\u00f3fano es uno de los siete amino\u00e1cidos esenciales, es decir, debe ser aportado por&hellip;<\/p>\n","protected":false},"author":71,"featured_media":35106,"parent":9213,"menu_order":0,"comment_status":"closed","ping_status":"closed","template":"template_ES.php","meta":[],"_links":{"self":[{"href":"https:\/\/www.ericfavre.com\/lifestyle\/es\/wp-json\/wp\/v2\/pages\/9262"}],"collection":[{"href":"https:\/\/www.ericfavre.com\/lifestyle\/es\/wp-json\/wp\/v2\/pages"}],"about":[{"href":"https:\/\/www.ericfavre.com\/lifestyle\/es\/wp-json\/wp\/v2\/types\/page"}],"author":[{"embeddable":true,"href":"https:\/\/www.ericfavre.com\/lifestyle\/es\/wp-json\/wp\/v2\/users\/71"}],"replies":[{"embeddable":true,"href":"https:\/\/www.ericfavre.com\/lifestyle\/es\/wp-json\/wp\/v2\/comments?post=9262"}],"version-history":[{"count":6,"href":"https:\/\/www.ericfavre.com\/lifestyle\/es\/wp-json\/wp\/v2\/pages\/9262\/revisions"}],"predecessor-version":[{"id":9304,"href":"https:\/\/www.ericfavre.com\/lifestyle\/es\/wp-json\/wp\/v2\/pages\/9262\/revisions\/9304"}],"up":[{"embeddable":true,"href":"https:\/\/www.ericfavre.com\/lifestyle\/es\/wp-json\/wp\/v2\/pages\/9213"}],"wp:featuredmedia":[{"embeddable":true,"href":"https:\/\/www.ericfavre.com\/lifestyle\/es\/wp-json\/wp\/v2\/media\/35106"}],"wp:attachment":[{"href":"https:\/\/www.ericfavre.com\/lifestyle\/es\/wp-json\/wp\/v2\/media?parent=9262"}],"curies":[{"name":"wp","href":"https:\/\/api.w.org\/{rel}","templated":true}]}}