{"id":9528,"date":"2021-06-07T14:25:34","date_gmt":"2021-06-07T12:25:34","guid":{"rendered":"https:\/\/www.ericfavre.com\/lifestyle\/es\/?page_id=9528"},"modified":"2021-09-22T11:22:48","modified_gmt":"2021-09-22T09:22:48","slug":"la-arginina","status":"publish","type":"page","link":"https:\/\/www.ericfavre.com\/lifestyle\/es\/bienvenida\/nutricion-deportiva\/nutrientes\/zoom-sobre-macronutrientes-y-micronutrientes\/macronutrientes\/proteinas\/aminoacidos\/lista-de-aminoacidos\/la-arginina\/","title":{"rendered":"LA ARGININA"},"content":{"rendered":"\t\t<div data-elementor-type=\"wp-page\" data-elementor-id=\"9528\" class=\"elementor elementor-9528\" data-elementor-settings=\"[]\">\n\t\t\t\t\t\t\t<div class=\"elementor-section-wrap\">\n\t\t\t\t\t\t\t<section class=\"penci-section penci-disSticky penci-structure-10 elementor-section elementor-top-section elementor-element elementor-element-4cf849c elementor-section-boxed elementor-section-height-default elementor-section-height-default\" data-id=\"4cf849c\" data-element_type=\"section\">\n\t\t\t\t\t\t<div class=\"elementor-container elementor-column-gap-default\">\n\t\t\t\t\t<div class=\"penci-ercol-100 penci-ercol-order-1 penci-sticky-ct  elementor-column elementor-col-100 elementor-top-column elementor-element elementor-element-0f2d109\" data-id=\"0f2d109\" data-element_type=\"column\">\n\t\t\t<div class=\"elementor-widget-wrap elementor-element-populated\">\n\t\t\t\t\t\t\t\t<div class=\"elementor-element elementor-element-67cd784 elementor-widget elementor-widget-html\" data-id=\"67cd784\" data-element_type=\"widget\" data-widget_type=\"html.default\">\n\t\t\t\t<div class=\"elementor-widget-container\">\n\t\t\t<p>\r\n      La arginina es un amino\u00e1cido 0semiesencial que se encuentra en muchos \r\n      complementos alimenticios dedicados al culturismo.\r\n    <\/p>\r\n    <p>\r\n      \u00bfPero para qu\u00e9 sirve la arginina?\r\n    <\/p>\r\n    <h2>\r\n      La arginina es un amino\u00e1cido b\u00e1sico semi-esencial*.\r\n    <\/h2>\r\n    <p>\r\n      Esto significa que un organismo adulto puede sintetizarlo normalmente \r\n      seg\u00fan sus necesidades, pero que puede ser necesario un aporte externo \r\n      debido a ciertas carencias o tras un traumatismo importante. Este \r\n      amino\u00e1cido representa alrededor del 7% de los amino\u00e1cidos de las \r\n      prote\u00ednas de nuestro cuerpo, es el precursor del fosfato de creatina y \r\n      participa en el metabolismo del ciclo de la urea.\r\n    <\/p>\r\n    <p>\r\n      El mon\u00f3xido de nitr\u00f3geno u \u00f3xido n\u00edtrico (NO) es sintetizado \r\n      naturalmente por el organismo a partir de arginina y ox\u00edgeno por las \r\n      enzimas NOS (\u00f3xido n\u00edtrico sintetasas). Este \u00f3xido n\u00edtrico relaja los \r\n      vasos sangu\u00edneos y regula su flexibilidad, lo que mejora la circulaci\u00f3n \r\n      y reduce la presi\u00f3n arterial.\r\n    <\/p>\r\n    <p>\r\n      Como han puesto de relieve los descubrimientos del Dr.L.Ignarro, Premio \r\n      Nobel de Medicina (1998), la arginina, en combinaci\u00f3n con el \u00e1cido \r\n      f\u00f3lico, proporciona una protecci\u00f3n eficaz contra las enfermedades del \r\n      coraz\u00f3n. Se puede asociar su acci\u00f3n sobre el crecimiento del cabello. El \r\n      \u00f3xido n\u00edtrico, potente vasodilatador, al abrir los canales de potasio \r\n      (en la c\u00e9lula) estimular\u00e1 la irrigaci\u00f3n de sus ra\u00edces, por lo tanto, la \r\n      arginina tiene muchos beneficios.\r\n    <\/p>\r\n    <h2>\r\n      La arginina reduce la resistencia a la insulina y aumenta la tolerancia \r\n      a la glucosa.\r\n    <\/h2>\r\n    <p>\r\n      Estimula la formaci\u00f3n de col\u00e1geno y el crecimiento de los osteoblastos \r\n      que est\u00e1n en el origen del desarrollo de la masa \u00f3sea (lo que puede ser \r\n      una ventaja en la lucha contra la osteoporosis), asociado a la ornitina \r\n      y a la glutamina, por su acci\u00f3n com\u00fan de desintoxicaci\u00f3n, favorecer\u00e1 el \r\n      sue\u00f1o. Por \u00faltimo, como precursor biol\u00f3gico del \u00f3xido n\u00edtrico, la \r\n      arginina reduce los niveles de colesterol. Estas son algunas razones \r\n      para tomar arginina.\r\n    <\/p>\r\n    <p>\r\n      <em>*Los amino\u00e1cidos b\u00e1sicos son la arginina, la lisina y la histidina a \r\n      los que se puede asociar la ornitina.<\/em>\r\n    <\/p>\r\n    <h2>\r\n      Fuentes alimentarias de arginina\r\n    <\/h2>\r\n    <p>\r\n      Carne roja, Aves de corral, Pescado, Legumbres, Avena, Arroz integral, \r\n      Productos l\u00e1cteos, Frutos secos, Avellanas.\r\n    <\/p>\t\t<\/div>\n\t\t\t\t<\/div>\n\t\t\t\t\t<\/div>\n\t\t<\/div>\n\t\t\t\t\t\t\t<\/div>\n\t\t<\/section>\n\t\t\t\t\t\t<\/div>\n\t\t\t\t\t<\/div>\n\t\t","protected":false},"excerpt":{"rendered":"<p>La arginina es un amino\u00e1cido 0semiesencial que se encuentra en muchos complementos alimenticios dedicados al&hellip;<\/p>\n","protected":false},"author":71,"featured_media":35141,"parent":9213,"menu_order":0,"comment_status":"closed","ping_status":"closed","template":"template_ES.php","meta":[],"_links":{"self":[{"href":"https:\/\/www.ericfavre.com\/lifestyle\/es\/wp-json\/wp\/v2\/pages\/9528"}],"collection":[{"href":"https:\/\/www.ericfavre.com\/lifestyle\/es\/wp-json\/wp\/v2\/pages"}],"about":[{"href":"https:\/\/www.ericfavre.com\/lifestyle\/es\/wp-json\/wp\/v2\/types\/page"}],"author":[{"embeddable":true,"href":"https:\/\/www.ericfavre.com\/lifestyle\/es\/wp-json\/wp\/v2\/users\/71"}],"replies":[{"embeddable":true,"href":"https:\/\/www.ericfavre.com\/lifestyle\/es\/wp-json\/wp\/v2\/comments?post=9528"}],"version-history":[{"count":6,"href":"https:\/\/www.ericfavre.com\/lifestyle\/es\/wp-json\/wp\/v2\/pages\/9528\/revisions"}],"predecessor-version":[{"id":9570,"href":"https:\/\/www.ericfavre.com\/lifestyle\/es\/wp-json\/wp\/v2\/pages\/9528\/revisions\/9570"}],"up":[{"embeddable":true,"href":"https:\/\/www.ericfavre.com\/lifestyle\/es\/wp-json\/wp\/v2\/pages\/9213"}],"wp:featuredmedia":[{"embeddable":true,"href":"https:\/\/www.ericfavre.com\/lifestyle\/es\/wp-json\/wp\/v2\/media\/35141"}],"wp:attachment":[{"href":"https:\/\/www.ericfavre.com\/lifestyle\/es\/wp-json\/wp\/v2\/media?parent=9528"}],"curies":[{"name":"wp","href":"https:\/\/api.w.org\/{rel}","templated":true}]}}