{"id":9724,"date":"2021-06-07T14:28:47","date_gmt":"2021-06-07T12:28:47","guid":{"rendered":"https:\/\/www.ericfavre.com\/lifestyle\/es\/?page_id=9724"},"modified":"2021-09-22T11:25:13","modified_gmt":"2021-09-22T09:25:13","slug":"taurina","status":"publish","type":"page","link":"https:\/\/www.ericfavre.com\/lifestyle\/es\/bienvenida\/nutricion-deportiva\/nutrientes\/zoom-sobre-macronutrientes-y-micronutrientes\/macronutrientes\/proteinas\/aminoacidos\/lista-de-aminoacidos\/taurina\/","title":{"rendered":"TAURINA"},"content":{"rendered":"\t\t<div data-elementor-type=\"wp-page\" data-elementor-id=\"9724\" class=\"elementor elementor-9724\" data-elementor-settings=\"[]\">\n\t\t\t\t\t\t\t<div class=\"elementor-section-wrap\">\n\t\t\t\t\t\t\t<section class=\"penci-section penci-disSticky penci-structure-10 elementor-section elementor-top-section elementor-element elementor-element-2ef7b49 elementor-section-boxed elementor-section-height-default elementor-section-height-default\" data-id=\"2ef7b49\" data-element_type=\"section\">\n\t\t\t\t\t\t<div class=\"elementor-container elementor-column-gap-default\">\n\t\t\t\t\t<div class=\"penci-ercol-100 penci-ercol-order-1 penci-sticky-ct  elementor-column elementor-col-100 elementor-top-column elementor-element elementor-element-e51b617\" data-id=\"e51b617\" data-element_type=\"column\">\n\t\t\t<div class=\"elementor-widget-wrap elementor-element-populated\">\n\t\t\t\t\t\t\t\t<div class=\"elementor-element elementor-element-2da043c elementor-widget elementor-widget-html\" data-id=\"2da043c\" data-element_type=\"widget\" data-widget_type=\"html.default\">\n\t\t\t\t<div class=\"elementor-widget-container\">\n\t\t\t<p>\r\n      \r\n    <\/p>\r\n    <p>\r\n      Descubierto en 1827 en la bilis de toro por dos investigadores \r\n      austriacos F.Tiedermann y L.Gmelin, desempe\u00f1a un papel importante en el \r\n      cerebro (neurotransmisor) y en otros tejidos el\u00e9ctricamente excitables \r\n      (coraz\u00f3n, m\u00fasculos, ves\u00edcula, retina, sistema vascular). Se encuentra en \r\n      grandes cantidades en el cerebro (bulbo olfativo e hipocampo), el \r\n      coraz\u00f3n, los m\u00fasculos y la retina.\r\n    <\/p>\r\n    <p>\r\n      Tambi\u00e9n interviene en la digesti\u00f3n de los l\u00edpidos aumentando el \r\n      metabolismo hep\u00e1tico de las grasas. Estimula la formaci\u00f3n de taurocolato \r\n      (\u00e1cido biliar) que aumenta la excreci\u00f3n de colesterol por la bilis.\r\n    <\/p>\r\n    <h2>\r\n      EFECTOS PRINCIPALES\r\n    <\/h2>\r\n    <ul>\r\n      <li>\r\n        Protege la retina\r\n      <\/li>\r\n      <li>\r\n        Control de la degeneraci\u00f3n macular y otras enfermedades oculares graves\r\n      <\/li>\r\n      <li>\r\n        Fortalece el m\u00fasculo card\u00edaco (contractilidad)\r\n      <\/li>\r\n      <li>\r\n        Disminuye la presi\u00f3n arterial\r\n      <\/li>\r\n      <li>\r\n        Antiarr\u00edtmico\r\n      <\/li>\r\n      <li>\r\n        Fortalece la funci\u00f3n de desintoxicaci\u00f3n del h\u00edgado\r\n      <\/li>\r\n      <li>\r\n        Ayuda a la eliminaci\u00f3n del colesterol\r\n      <\/li>\r\n      <li>\r\n        Esencial para la absorci\u00f3n de grasas\r\n      <\/li>\r\n      <li>\r\n        Antioxidante\r\n      <\/li>\r\n      <li>\r\n        Tranquilizador\r\n      <\/li>\r\n      <li>\r\n        Efecto epil\u00e9ptico\r\n      <\/li>\r\n      <li>\r\n        Disminuye la acumulaci\u00f3n de \u00e1cido l\u00e1ctico\r\n      <\/li>\r\n      <li>\r\n        Mejora la movilidad del esperma\r\n      <\/li>\r\n    <\/ul>\r\n    <h2>\r\n      ELEMENTOS COACTIVOS Y METAB\u00d3LICAMENTE \u00daTILES\r\n    <\/h2>\r\n    <p>\r\n      Minerales: Zinc - Manganeso\r\n    <\/p>\r\n    <p>\r\n      Vitaminas: B6 - A\r\n    <\/p>\r\n    <p>\r\n      Amino\u00e1cidos: Ciste\u00edna\r\n    <\/p>\r\n    <p>\r\n      AGPI (\u00c1cidos grasos poliinsaturados): DHA o \u00e1cido cerv\u00f3nico - EPA \r\n      (\u00e1cido eicosapentaenoico).\r\n    <\/p>\r\n    <h2>\r\n      EXCESO\r\n    <\/h2>\r\n    <p>\r\n      Riesgos de \u00falceras al estimular la secreci\u00f3n de \u00e1cidos g\u00e1stricos y, en \r\n      particular, al aumentar el efecto ulcerog\u00e9nico de la aspirina.\r\n    <\/p>\r\n    <h2>\r\n      FUENTES DE ALIMENTACI\u00d3N\r\n    <\/h2>\r\n    <p>\r\n      Carne roja, huevos, leche y productos l\u00e1cteos, algas, setas, ostras, \r\n      pescado.\r\n    <\/p>\t\t<\/div>\n\t\t\t\t<\/div>\n\t\t\t\t\t<\/div>\n\t\t<\/div>\n\t\t\t\t\t\t\t<\/div>\n\t\t<\/section>\n\t\t\t\t\t\t<\/div>\n\t\t\t\t\t<\/div>\n\t\t","protected":false},"excerpt":{"rendered":"<p>Descubierto en 1827 en la bilis de toro por dos investigadores austriacos F.Tiedermann y L.Gmelin,&hellip;<\/p>\n","protected":false},"author":71,"featured_media":35169,"parent":9213,"menu_order":0,"comment_status":"closed","ping_status":"closed","template":"template_ES.php","meta":[],"_links":{"self":[{"href":"https:\/\/www.ericfavre.com\/lifestyle\/es\/wp-json\/wp\/v2\/pages\/9724"}],"collection":[{"href":"https:\/\/www.ericfavre.com\/lifestyle\/es\/wp-json\/wp\/v2\/pages"}],"about":[{"href":"https:\/\/www.ericfavre.com\/lifestyle\/es\/wp-json\/wp\/v2\/types\/page"}],"author":[{"embeddable":true,"href":"https:\/\/www.ericfavre.com\/lifestyle\/es\/wp-json\/wp\/v2\/users\/71"}],"replies":[{"embeddable":true,"href":"https:\/\/www.ericfavre.com\/lifestyle\/es\/wp-json\/wp\/v2\/comments?post=9724"}],"version-history":[{"count":6,"href":"https:\/\/www.ericfavre.com\/lifestyle\/es\/wp-json\/wp\/v2\/pages\/9724\/revisions"}],"predecessor-version":[{"id":9766,"href":"https:\/\/www.ericfavre.com\/lifestyle\/es\/wp-json\/wp\/v2\/pages\/9724\/revisions\/9766"}],"up":[{"embeddable":true,"href":"https:\/\/www.ericfavre.com\/lifestyle\/es\/wp-json\/wp\/v2\/pages\/9213"}],"wp:featuredmedia":[{"embeddable":true,"href":"https:\/\/www.ericfavre.com\/lifestyle\/es\/wp-json\/wp\/v2\/media\/35169"}],"wp:attachment":[{"href":"https:\/\/www.ericfavre.com\/lifestyle\/es\/wp-json\/wp\/v2\/media?parent=9724"}],"curies":[{"name":"wp","href":"https:\/\/api.w.org\/{rel}","templated":true}]}}