{"id":9773,"date":"2021-06-07T14:29:33","date_gmt":"2021-06-07T12:29:33","guid":{"rendered":"https:\/\/www.ericfavre.com\/lifestyle\/es\/?page_id=9773"},"modified":"2021-09-22T11:25:51","modified_gmt":"2021-09-22T09:25:51","slug":"lisina","status":"publish","type":"page","link":"https:\/\/www.ericfavre.com\/lifestyle\/es\/bienvenida\/nutricion-deportiva\/nutrientes\/zoom-sobre-macronutrientes-y-micronutrientes\/macronutrientes\/proteinas\/aminoacidos\/lista-de-aminoacidos\/lisina\/","title":{"rendered":"LISINA"},"content":{"rendered":"\t\t<div data-elementor-type=\"wp-page\" data-elementor-id=\"9773\" class=\"elementor elementor-9773\" data-elementor-settings=\"[]\">\n\t\t\t\t\t\t\t<div class=\"elementor-section-wrap\">\n\t\t\t\t\t\t\t<section class=\"penci-section penci-disSticky penci-structure-10 elementor-section elementor-top-section elementor-element elementor-element-aeb03cd elementor-section-boxed elementor-section-height-default elementor-section-height-default\" data-id=\"aeb03cd\" data-element_type=\"section\">\n\t\t\t\t\t\t<div class=\"elementor-container elementor-column-gap-default\">\n\t\t\t\t\t<div class=\"penci-ercol-100 penci-ercol-order-1 penci-sticky-ct  elementor-column elementor-col-100 elementor-top-column elementor-element elementor-element-7669a28\" data-id=\"7669a28\" data-element_type=\"column\">\n\t\t\t<div class=\"elementor-widget-wrap elementor-element-populated\">\n\t\t\t\t\t\t\t\t<div class=\"elementor-element elementor-element-9eaab08 elementor-widget elementor-widget-html\" data-id=\"9eaab08\" data-element_type=\"widget\" data-widget_type=\"html.default\">\n\t\t\t\t<div class=\"elementor-widget-container\">\n\t\t\t<p>\r\n      La lisina es un amino\u00e1cido b\u00e1sico que se aisl\u00f3 por primera vez en 1889 a \r\n      partir de la case\u00edna.\u2028Es uno de los 9 amino\u00e1cidos esenciales, es decir, \r\n      nuestro cuerpo no puede sintetizarlo, por lo que debe ser aportado por \r\n      la dieta. Est\u00e1 contenido en grandes cantidades en los m\u00fasculos y \r\n      representa alrededor del 8% de los amino\u00e1cidos de las prote\u00ednas de \r\n      nuestro cuerpo.\r\n    <\/p>\r\n    <h2>\r\n      FONCTIONS BIOLOGIQUES\r\n    <\/h2>\r\n    &nbsp;\r\n\r\n    <ul>\r\n      <li>\r\n        Contribuye al crecimiento \u00f3seo y combate la osteoporosis\r\n      <\/li>\r\n      <li>\r\n        Contribuye a la formaci\u00f3n de col\u00e1geno con la ayuda de la vitamina C\r\n      <\/li>\r\n      <li>\r\n        Participa en el metabolismo de los hidratos de carbono\r\n      <\/li>\r\n      <li>\r\n        Aumenta la absorci\u00f3n de grasas (precursor de la carnitina)\r\n      <\/li>\r\n      <li>\r\n        Det\u00f3xico (plomo y metales pesados en los ancianos)\r\n      <\/li>\r\n      <li>\r\n        Aumenta el sistema inmunol\u00f3gico\r\n      <\/li>\r\n      <li>\r\n        Se utiliza para tratar el herpes labial\r\n      <\/li>\r\n      <li>\r\n        Precursor de la citrulina\r\n      <\/li>\r\n    <\/ul>\r\n    <h2>\r\n      CONTRIBUCIONES RECOMENDADAS\r\n    <\/h2>\r\n    &nbsp;\r\n\r\n    <p>\r\n      Entre 500mg y 3gr\/d\u00eda.(M\u00e1s generalmente 1gr\/d)&nbsp;&nbsp;En caso de estr\u00e9s o de \r\n      entrenamiento intensivo* se puede aumentar la dosis sin superar los \r\n      10gr\/d, ya que de lo contrario pueden aparecer efectos secundarios como \r\n      n\u00e1useas, c\u00f3licos o diarrea.\u2028(Se pueden recomendar dosis de 3gr\/d para \r\n      deportistas en fase de entrenamiento intensivo)**(Se pueden recomendar \r\n      dosis de 3gr\/d para deportistas en fase de entrenamiento intensivo)\r\n    <\/p>\r\n    <h2>\r\n      REMARK\r\n    <\/h2>\r\n    &nbsp;\r\n\r\n    <p>\r\n      <em>Cerca de la arginina que utiliza las mismas v\u00edas metab\u00f3licas de \r\n      asimilaci\u00f3n, estos dos amino\u00e1cidos compiten entre s\u00ed.(La ornitina, pero \r\n      sobre todo la arginina, agotan la lisina en el cerebro).Competencia \r\n      tambi\u00e9n con el cobre que degrada la lisina.<\/em>\r\n    <\/p>\r\n    <h2>\r\n      ELEMENTOS COACTIVOS Y METAB\u00d3LICAMENTE \u00daTILES\r\n    <\/h2>\r\n    &nbsp;\r\n\r\n    <ul>\r\n      <li>\r\n        Vitaminas: B2 - B3 - B6 - B9 - C -A - E\r\n      <\/li>\r\n      <li>\r\n        Minerales: Selenio - Hierro - Zinc - Manganeso\r\n      <\/li>\r\n      <li>\r\n        \u00c1cido glut\u00e1mico\r\n      <\/li>\r\n      <li>\r\n        Hiperlisinemia (enfermedad gen\u00e9tica muy rara)\r\n      <\/li>\r\n      <li>\r\n        Riesgos de nefrotoxicidad con ciertos antibi\u00f3ticos\r\n      <\/li>\r\n      <li>\r\n        \r\n      <\/li>\r\n    <\/ul>\r\n    <h2>\r\n      CONTRA-INDICACI\u00d3N\r\n    <\/h2>\r\n    &nbsp;\r\n\r\n    <p>\r\n      Hiperlisinemia (enfermedad gen\u00e9tica muy rara)\r\n    <\/p>\r\n    <p>\r\n      Riesgos de nefrotoxicidad con ciertos antibi\u00f3ticos\r\n    <\/p>\t\t<\/div>\n\t\t\t\t<\/div>\n\t\t\t\t\t<\/div>\n\t\t<\/div>\n\t\t\t\t\t\t\t<\/div>\n\t\t<\/section>\n\t\t\t\t\t\t<\/div>\n\t\t\t\t\t<\/div>\n\t\t","protected":false},"excerpt":{"rendered":"<p>La lisina es un amino\u00e1cido b\u00e1sico que se aisl\u00f3 por primera vez en 1889 a&hellip;<\/p>\n","protected":false},"author":71,"featured_media":35176,"parent":9213,"menu_order":0,"comment_status":"closed","ping_status":"closed","template":"template_ES.php","meta":[],"_links":{"self":[{"href":"https:\/\/www.ericfavre.com\/lifestyle\/es\/wp-json\/wp\/v2\/pages\/9773"}],"collection":[{"href":"https:\/\/www.ericfavre.com\/lifestyle\/es\/wp-json\/wp\/v2\/pages"}],"about":[{"href":"https:\/\/www.ericfavre.com\/lifestyle\/es\/wp-json\/wp\/v2\/types\/page"}],"author":[{"embeddable":true,"href":"https:\/\/www.ericfavre.com\/lifestyle\/es\/wp-json\/wp\/v2\/users\/71"}],"replies":[{"embeddable":true,"href":"https:\/\/www.ericfavre.com\/lifestyle\/es\/wp-json\/wp\/v2\/comments?post=9773"}],"version-history":[{"count":6,"href":"https:\/\/www.ericfavre.com\/lifestyle\/es\/wp-json\/wp\/v2\/pages\/9773\/revisions"}],"predecessor-version":[{"id":9815,"href":"https:\/\/www.ericfavre.com\/lifestyle\/es\/wp-json\/wp\/v2\/pages\/9773\/revisions\/9815"}],"up":[{"embeddable":true,"href":"https:\/\/www.ericfavre.com\/lifestyle\/es\/wp-json\/wp\/v2\/pages\/9213"}],"wp:featuredmedia":[{"embeddable":true,"href":"https:\/\/www.ericfavre.com\/lifestyle\/es\/wp-json\/wp\/v2\/media\/35176"}],"wp:attachment":[{"href":"https:\/\/www.ericfavre.com\/lifestyle\/es\/wp-json\/wp\/v2\/media?parent=9773"}],"curies":[{"name":"wp","href":"https:\/\/api.w.org\/{rel}","templated":true}]}}