{"id":9822,"date":"2021-06-07T14:30:15","date_gmt":"2021-06-07T12:30:15","guid":{"rendered":"https:\/\/www.ericfavre.com\/lifestyle\/es\/?page_id=9822"},"modified":"2021-09-22T11:26:30","modified_gmt":"2021-09-22T09:26:30","slug":"treonina","status":"publish","type":"page","link":"https:\/\/www.ericfavre.com\/lifestyle\/es\/bienvenida\/nutricion-deportiva\/nutrientes\/zoom-sobre-macronutrientes-y-micronutrientes\/macronutrientes\/proteinas\/aminoacidos\/lista-de-aminoacidos\/treonina\/","title":{"rendered":"TREONINA"},"content":{"rendered":"\t\t<div data-elementor-type=\"wp-page\" data-elementor-id=\"9822\" class=\"elementor elementor-9822\" data-elementor-settings=\"[]\">\n\t\t\t\t\t\t\t<div class=\"elementor-section-wrap\">\n\t\t\t\t\t\t\t<section class=\"penci-section penci-disSticky penci-structure-10 elementor-section elementor-top-section elementor-element elementor-element-46d59e7 elementor-section-boxed elementor-section-height-default elementor-section-height-default\" data-id=\"46d59e7\" data-element_type=\"section\">\n\t\t\t\t\t\t<div class=\"elementor-container elementor-column-gap-default\">\n\t\t\t\t\t<div class=\"penci-ercol-100 penci-ercol-order-1 penci-sticky-ct  elementor-column elementor-col-100 elementor-top-column elementor-element elementor-element-ec76e65\" data-id=\"ec76e65\" data-element_type=\"column\">\n\t\t\t<div class=\"elementor-widget-wrap elementor-element-populated\">\n\t\t\t\t\t\t\t\t<div class=\"elementor-element elementor-element-089a474 elementor-widget elementor-widget-html\" data-id=\"089a474\" data-element_type=\"widget\" data-widget_type=\"html.default\">\n\t\t\t\t<div class=\"elementor-widget-container\">\n\t\t\t<p>\r\n      La treonina es un<b>a mino\u00e1cido<\/b>&nbsp;esencial, que no puede ser sintetizado \r\n      por el organismo y que, por tanto, debe ser aportado por la \r\n      alimentaci\u00f3n. Es un nutriente clave para el intestino y la funci\u00f3n \r\n      inmunitaria, se encuentra en altas concentraciones en el coraz\u00f3n, los \r\n      m\u00fasculos esquel\u00e9ticos y el sistema nervioso central.\r\n    <\/p>\r\n    <h2>\r\n      \r\n    <\/h2>\r\n    <ul>\r\n      <li>\r\n        Esencial para el buen funcionamiento del intestino\r\n      <\/li>\r\n      <li>\r\n        Participa en la formaci\u00f3n de col\u00e1geno, elastina y esmalte dental\r\n      <\/li>\r\n      <li>\r\n        Precursor de glicina, serina y glucosa\r\n      <\/li>\r\n      <li>\r\n        Formaci\u00f3n de anticuerpos\r\n      <\/li>\r\n      <li>\r\n        Necesario para mantener el equilibrio proteico del organismo\r\n      <\/li>\r\n      <li>\r\n        Necesario para el mantenimiento de las funciones normales del sistema \r\n        nervioso central, el sistema cardiovascular, el h\u00edgado y el sistema \r\n        inmunitario (Inmunoestimulante: timo, celular, inmunoglobulinas y \r\n        anticuerpos)\r\n      <\/li>\r\n      <li>\r\n        Previene la acumulaci\u00f3n de grasa en el h\u00edgado\r\n      <\/li>\r\n    <\/ul>\r\n    <h2>\r\n      NECESIDADES\r\n    <\/h2>\r\n    <p>\r\n      Las necesidades se estiman entre 500 y 1500 mg al d\u00eda\r\n    <\/p>\r\n    <h2>\r\n      ELEMENTOS COACTIVOS\r\n    <\/h2>\r\n    <ul>\r\n      <li>\r\n        Minerales: Cinc, cobre, selenio\r\n      <\/li>\r\n      <li>\r\n        Vitaminas: C, A, E, B9\r\n      <\/li>\r\n      <li>\r\n        Amino\u00e1cidos: Glicina, alanina, \u00e1cido asp\u00e1rtico, histidina\r\n      <\/li>\r\n      <li>\r\n        \u00c1cido graso poliinsaturado: Omega-3\r\n      <\/li>\r\n    <\/ul>\r\n    <h2>\r\n      USOS TERAP\u00c9UTICOS\r\n    <\/h2>\r\n    <ul>\r\n      <li>\r\n        Antiinflamatorio en la artritis reumatoide (asociado con la histidina, \r\n        el cobre y los omega 3)\r\n      <\/li>\r\n      <li>\r\n        Se utiliza en el control de las crisis epil\u00e9pticas\r\n      <\/li>\r\n      <li>\r\n        Efecto antidepresivo\r\n      <\/li>\r\n    <\/ul>\r\n    <h2>\r\n      FUENTES DE ALIMENTACI\u00d3N\r\n    <\/h2>\r\n    <ul>\r\n      <li>\r\n        Carne y aves\r\n      <\/li>\r\n      <li>\r\n        Huevos\r\n      <\/li>\r\n      <li>\r\n        Productos l\u00e1cteos\r\n      <\/li>\r\n      <li>\r\n        Lentes\r\n      <\/li>\r\n      <li>\r\n        Setas\r\n      <\/li>\r\n      <li>\r\n        Germen de trigo\r\n      <\/li>\r\n      <li>\r\n        Frutos de c\u00e1scara, habas, semillas de s\u00e9samo\r\n      <\/li>\r\n      <li>\r\n        Semillas\r\n      <\/li>\r\n    <\/ul>\t\t<\/div>\n\t\t\t\t<\/div>\n\t\t\t\t\t<\/div>\n\t\t<\/div>\n\t\t\t\t\t\t\t<\/div>\n\t\t<\/section>\n\t\t\t\t\t\t<\/div>\n\t\t\t\t\t<\/div>\n\t\t","protected":false},"excerpt":{"rendered":"<p>La treonina es una mino\u00e1cido&nbsp;esencial, que no puede ser sintetizado por el organismo y que,&hellip;<\/p>\n","protected":false},"author":71,"featured_media":35183,"parent":9213,"menu_order":0,"comment_status":"closed","ping_status":"closed","template":"template_ES.php","meta":[],"_links":{"self":[{"href":"https:\/\/www.ericfavre.com\/lifestyle\/es\/wp-json\/wp\/v2\/pages\/9822"}],"collection":[{"href":"https:\/\/www.ericfavre.com\/lifestyle\/es\/wp-json\/wp\/v2\/pages"}],"about":[{"href":"https:\/\/www.ericfavre.com\/lifestyle\/es\/wp-json\/wp\/v2\/types\/page"}],"author":[{"embeddable":true,"href":"https:\/\/www.ericfavre.com\/lifestyle\/es\/wp-json\/wp\/v2\/users\/71"}],"replies":[{"embeddable":true,"href":"https:\/\/www.ericfavre.com\/lifestyle\/es\/wp-json\/wp\/v2\/comments?post=9822"}],"version-history":[{"count":6,"href":"https:\/\/www.ericfavre.com\/lifestyle\/es\/wp-json\/wp\/v2\/pages\/9822\/revisions"}],"predecessor-version":[{"id":9864,"href":"https:\/\/www.ericfavre.com\/lifestyle\/es\/wp-json\/wp\/v2\/pages\/9822\/revisions\/9864"}],"up":[{"embeddable":true,"href":"https:\/\/www.ericfavre.com\/lifestyle\/es\/wp-json\/wp\/v2\/pages\/9213"}],"wp:featuredmedia":[{"embeddable":true,"href":"https:\/\/www.ericfavre.com\/lifestyle\/es\/wp-json\/wp\/v2\/media\/35183"}],"wp:attachment":[{"href":"https:\/\/www.ericfavre.com\/lifestyle\/es\/wp-json\/wp\/v2\/media?parent=9822"}],"curies":[{"name":"wp","href":"https:\/\/api.w.org\/{rel}","templated":true}]}}