{"id":9871,"date":"2021-06-07T14:31:34","date_gmt":"2021-06-07T12:31:34","guid":{"rendered":"https:\/\/www.ericfavre.com\/lifestyle\/es\/?page_id=9871"},"modified":"2021-09-22T11:27:44","modified_gmt":"2021-09-22T09:27:44","slug":"la-valine","status":"publish","type":"page","link":"https:\/\/www.ericfavre.com\/lifestyle\/es\/bienvenida\/nutricion-deportiva\/nutrientes\/zoom-sobre-macronutrientes-y-micronutrientes\/macronutrientes\/proteinas\/aminoacidos\/lista-de-aminoacidos\/la-valine\/","title":{"rendered":"La Valine"},"content":{"rendered":"\t\t<div data-elementor-type=\"wp-page\" data-elementor-id=\"9871\" class=\"elementor elementor-9871\" data-elementor-settings=\"[]\">\n\t\t\t\t\t\t\t<div class=\"elementor-section-wrap\">\n\t\t\t\t\t\t\t<section class=\"penci-section penci-disSticky penci-structure-10 elementor-section elementor-top-section elementor-element elementor-element-b3a966c elementor-section-boxed elementor-section-height-default elementor-section-height-default\" data-id=\"b3a966c\" data-element_type=\"section\">\n\t\t\t\t\t\t<div class=\"elementor-container elementor-column-gap-default\">\n\t\t\t\t\t<div class=\"penci-ercol-100 penci-ercol-order-1 penci-sticky-ct  elementor-column elementor-col-100 elementor-top-column elementor-element elementor-element-b666f18\" data-id=\"b666f18\" data-element_type=\"column\">\n\t\t\t<div class=\"elementor-widget-wrap elementor-element-populated\">\n\t\t\t\t\t\t\t\t<div class=\"elementor-element elementor-element-57e2f6a elementor-widget elementor-widget-html\" data-id=\"57e2f6a\" data-element_type=\"widget\" data-widget_type=\"html.default\">\n\t\t\t\t<div class=\"elementor-widget-container\">\n\t\t\t<p class=\"MsoNormal\">\r\n      LA VALINE\r\n    <\/p>\r\n    <p class=\"MsoNormal\">\r\n      \r\n      &nbsp;\r\n    <\/p>\r\n    <p class=\"MsoNormal\" style=\"margin-bottom: 12.0pt;text-align: justify\">\r\n      <b><font face=\"Times,serif\">La VALINE est un acide amin\u00e9 dit \u00e0 chaine ramifi\u00e9e (avec la LEUCINE \r\n      ET L'ISOLEUCINE elle fait partie des BCAA). C'est un acide amin\u00e9 \r\n      essentiel, il ne peut donc pas \u00eatre synth\u00e9tis\u00e9 par l'organisme et doit \r\n      donc obligatoirement \u00eatre apport\u00e9 par notre alimentation. Il repr\u00e9sente \r\n      environ 5% des acides amin\u00e9s des prot\u00e9ines de notre corps. <\/font><\/b><font face=\"Times,serif\"><\/font>\r\n    <\/p>\r\n    <p class=\"MsoNormal\" style=\"text-align: justify\">\r\n      <font face=\"Times,serif\">\r\n      &nbsp;<\/font>\r\n    <\/p>\r\n    <p class=\"MsoNormal\" style=\"margin-bottom: 12.0pt;text-align: justify\">\r\n      <b><font face=\"Times,serif\">SON R\u00d4LE : <\/font><\/b><font face=\"Times,serif\"><\/font>\r\n    <\/p>\r\n    <p class=\"MsoNormal\" style=\"margin-top: 0cm;margin-right: 0cm;margin-bottom: 16.0pt;margin-left: 36.0pt;text-align: justify;text-indent: -36.0pt\">\r\n      <font face=\"Times,serif\">\u2022<\/font><font face=\"Times New Roman\">&nbsp;&nbsp;&nbsp; <\/font><b><font face=\"Times,serif\">Comme les autres BCAA, la Valine est \r\n      activement capt\u00e9e par le tissu musculaire auquel elle fournit de \r\n      l'\u00e9nergie. \u2028<\/font><\/b>\r\n    <\/p>\r\n    <p class=\"MsoNormal\" style=\"margin-top: 0cm;margin-right: 0cm;margin-bottom: 16.0pt;margin-left: 36.0pt;text-align: justify;text-indent: -36.0pt\">\r\n      <font face=\"Times,serif\">\u2022<\/font><font face=\"Times New Roman\">&nbsp;&nbsp;&nbsp; <\/font><b><font face=\"Times,serif\">Elle stimule la croissance musculaire \r\n      (anabolisme). \u2028<\/font><\/b>\r\n    <\/p>\r\n    <p class=\"MsoNormal\" style=\"margin-top: 0cm;margin-right: 0cm;margin-bottom: 16.0pt;margin-left: 36.0pt;text-align: justify;text-indent: -36.0pt\">\r\n      <font face=\"Times,serif\">\u2022<\/font><font face=\"Times New Roman\">&nbsp;&nbsp;&nbsp; <\/font><b><font face=\"Times,serif\">C'est un r\u00e9gulateur du syst\u00e8me \r\n      immunitaire \u2028<\/font><\/b>\r\n    <\/p>\r\n    <p class=\"MsoNormal\" style=\"margin-top: 0cm;margin-right: 0cm;margin-bottom: 16.0pt;margin-left: 36.0pt;text-align: justify;text-indent: -36.0pt\">\r\n      <font face=\"Times,serif\">\u2022<\/font><font face=\"Times New Roman\">&nbsp;&nbsp;&nbsp; <\/font><b><font face=\"Times,serif\">Stimule le syst\u00e8me nerveux. Une \r\n      carence peut affecter la my\u00e9line qui recouvre les nerfs. \u2028<\/font><\/b>\r\n    <\/p>\r\n    <p class=\"MsoNormal\" style=\"margin-top: 0cm;margin-right: 0cm;margin-bottom: 16.0pt;margin-left: 36.0pt;text-align: justify;text-indent: -36.0pt\">\r\n      <font face=\"Times,serif\">\u2022<\/font><font face=\"Times New Roman\">&nbsp;&nbsp;&nbsp; <\/font><b><font face=\"Times,serif\">Am\u00e9liore la r\u00e9cup\u00e9ration et la \r\n      r\u00e9paration des tissus. \u2028<\/font><\/b>\r\n    <\/p>\r\n    <p class=\"MsoNormal\" style=\"margin-top: 0cm;margin-right: 0cm;margin-bottom: 16.0pt;margin-left: 36.0pt;text-align: justify;text-indent: -36.0pt\">\r\n      <font face=\"Times,serif\">\u2022<\/font><font face=\"Times New Roman\">&nbsp;&nbsp;&nbsp; <\/font><b><font face=\"Times,serif\">Favorise la vivacit\u00e9 mentale et la \r\n      coordination musculaire \u2028<\/font><\/b>\r\n    <\/p>\r\n    <p class=\"MsoNormal\" style=\"margin-top: 0cm;margin-right: 0cm;margin-bottom: 16.0pt;margin-left: 36.0pt;text-align: justify;text-indent: -36.0pt\">\r\n      <font face=\"Times,serif\">\u2022<\/font><font face=\"Times New Roman\">&nbsp;&nbsp;&nbsp; <\/font><b><font face=\"Times,serif\">Favorise le sommeil \u2028<\/font><\/b>\r\n    <\/p>\r\n    <p class=\"MsoNormal\" style=\"margin-top: 0cm;margin-right: 0cm;margin-bottom: 16.0pt;margin-left: 36.0pt;text-align: justify;text-indent: -36.0pt\">\r\n      <font face=\"Times,serif\">\u2022<\/font><font face=\"Times New Roman\">&nbsp;&nbsp;&nbsp; <\/font><b><font face=\"Times,serif\">Stimulerait la production d'hormone de \r\n      croissance \u2028<\/font><\/b>\r\n    <\/p>\r\n    <p class=\"MsoNormal\" style=\"margin-bottom: 12.0pt;text-align: justify\">\r\n      <b><font face=\"Times,serif\">&gt; BESOINS : <\/font><\/b><font face=\"Times,serif\"><\/font>\r\n    <\/p>\r\n    <p class=\"MsoNormal\" style=\"margin-bottom: 12.0pt;text-align: justify\">\r\n      <font face=\"Times,serif\">Les besoins se situent entre 1 et 20g jour, au del\u00e0 la Valine devient \r\n      toxique et peut provoquer des hallucinations ou des fourmillement au \r\n      niveau de la peau. <\/font>\r\n    <\/p>\r\n    <p class=\"MsoNormal\" style=\"margin-bottom: 12.0pt;text-align: justify\">\r\n      <b><font face=\"Times,serif\">&gt; \u00c9L\u00c9MENTS COACTIFS : <\/font><\/b><font face=\"Times,serif\"><\/font>\r\n    <\/p>\r\n    <p class=\"MsoNormal\" style=\"margin-top: 0cm;margin-right: 0cm;margin-bottom: 16.0pt;margin-left: 36.0pt;text-align: justify;text-indent: -36.0pt\">\r\n      <font face=\"Times,serif\">\u2022<\/font><font face=\"Times New Roman\">&nbsp;&nbsp;&nbsp; <\/font><b><font face=\"Times,serif\">Min\u00e9raux : <\/font><\/b><font face=\"Times,serif\">Cuivre et magn\u00e9sium \r\n      \u2028<\/font>\r\n    <\/p>\r\n    <p class=\"MsoNormal\" style=\"margin-top: 0cm;margin-right: 0cm;margin-bottom: 16.0pt;margin-left: 36.0pt;text-align: justify;text-indent: -36.0pt\">\r\n      <font face=\"Times,serif\">\u2022<\/font><font face=\"Times New Roman\">&nbsp;&nbsp;&nbsp; <\/font><b><font face=\"Times,serif\">Vitamines : <\/font><\/b><font face=\"Times,serif\">B1, B2 et B6 \u2028<\/font>\r\n    <\/p>\r\n    <p class=\"MsoNormal\" style=\"margin-top: 0cm;margin-right: 0cm;margin-bottom: 16.0pt;margin-left: 36.0pt;text-align: justify;text-indent: -36.0pt\">\r\n      <font face=\"Times,serif\">\u2022<\/font><font face=\"Times New Roman\">&nbsp;&nbsp;&nbsp; <\/font><b><font face=\"Times,serif\">Acides amin\u00e9s : <\/font><\/b><font face=\"Times,serif\">Leucine, \r\n      Isoleucine et Glutamine <\/font>\r\n    <\/p>\r\n    <p class=\"MsoNormal\" style=\"margin-bottom: 16.0pt;text-align: justify\">\r\n      <font face=\"Times,serif\">\u2028<b>&gt;UTILISATIONS TH\u00c9RAPEUTIQUES <\/b>: \u2028<\/font>\r\n    <\/p>\r\n    <p class=\"MsoNormal\" style=\"margin-top: 0cm;margin-right: 0cm;margin-bottom: 16.0pt;margin-left: 36.0pt;text-align: justify;text-indent: -36.0pt\">\r\n      <font face=\"Times,serif\">\u2022<\/font><font face=\"Times New Roman\">&nbsp;&nbsp;&nbsp; <\/font><font face=\"Times,serif\">Anti-stress \u2028<\/font>\r\n    <\/p>\r\n    <p class=\"MsoNormal\" style=\"margin-top: 0cm;margin-right: 0cm;margin-bottom: 16.0pt;margin-left: 36.0pt;text-align: justify;text-indent: -36.0pt\">\r\n      <font face=\"Times,serif\">\u2022<\/font><font face=\"Times New Roman\">&nbsp;&nbsp;&nbsp; <\/font><font face=\"Times,serif\">Contribue au traitement des maladies du \r\n      foie et de la \u2028v\u00e9sicule biliaire. Elle stimule la r\u00e9g\u00e9n\u00e9ration du tissu \r\n      h\u00e9patique <\/font>\r\n    <\/p>\r\n    <p class=\"MsoNormal\" style=\"margin-bottom: 16.0pt;text-align: justify\">\r\n      <font face=\"Times,serif\">SOURCES ALIMENTAIRES <\/font>\r\n    <\/p>\r\n    <p class=\"MsoNormal\" style=\"margin-bottom: 16.0pt;text-align: justify\">\r\n      <b><font face=\"Times,serif\">Fromage blanc &amp; Produits laitiers Champignons Viande, poissons &amp; \r\n      volaille \u0152ufs\u2028Graines de soja &amp; arachide Riz\u2028<\/font><\/b><font face=\"Times,serif\"><\/font>\r\n    <\/p>\r\n    <p class=\"MsoNormal\" style=\"text-align: justify\">\r\n      \r\n      &nbsp;\r\n    <\/p>\t\t<\/div>\n\t\t\t\t<\/div>\n\t\t\t\t\t<\/div>\n\t\t<\/div>\n\t\t\t\t\t\t\t<\/div>\n\t\t<\/section>\n\t\t\t\t\t\t<\/div>\n\t\t\t\t\t<\/div>\n\t\t","protected":false},"excerpt":{"rendered":"<p>LA VALINE &nbsp; La VALINE est un acide amin\u00e9 dit \u00e0 chaine ramifi\u00e9e (avec la&hellip;<\/p>\n","protected":false},"author":71,"featured_media":35078,"parent":9213,"menu_order":0,"comment_status":"closed","ping_status":"closed","template":"template_ES.php","meta":[],"_links":{"self":[{"href":"https:\/\/www.ericfavre.com\/lifestyle\/es\/wp-json\/wp\/v2\/pages\/9871"}],"collection":[{"href":"https:\/\/www.ericfavre.com\/lifestyle\/es\/wp-json\/wp\/v2\/pages"}],"about":[{"href":"https:\/\/www.ericfavre.com\/lifestyle\/es\/wp-json\/wp\/v2\/types\/page"}],"author":[{"embeddable":true,"href":"https:\/\/www.ericfavre.com\/lifestyle\/es\/wp-json\/wp\/v2\/users\/71"}],"replies":[{"embeddable":true,"href":"https:\/\/www.ericfavre.com\/lifestyle\/es\/wp-json\/wp\/v2\/comments?post=9871"}],"version-history":[{"count":9,"href":"https:\/\/www.ericfavre.com\/lifestyle\/es\/wp-json\/wp\/v2\/pages\/9871\/revisions"}],"predecessor-version":[{"id":9934,"href":"https:\/\/www.ericfavre.com\/lifestyle\/es\/wp-json\/wp\/v2\/pages\/9871\/revisions\/9934"}],"up":[{"embeddable":true,"href":"https:\/\/www.ericfavre.com\/lifestyle\/es\/wp-json\/wp\/v2\/pages\/9213"}],"wp:featuredmedia":[{"embeddable":true,"href":"https:\/\/www.ericfavre.com\/lifestyle\/es\/wp-json\/wp\/v2\/media\/35078"}],"wp:attachment":[{"href":"https:\/\/www.ericfavre.com\/lifestyle\/es\/wp-json\/wp\/v2\/media?parent=9871"}],"curies":[{"name":"wp","href":"https:\/\/api.w.org\/{rel}","templated":true}]}}