{"id":108789,"date":"2025-05-14T18:35:41","date_gmt":"2025-05-14T16:35:41","guid":{"rendered":"https:\/\/www.ericfavre.com\/lifestyle\/?page_id=108789"},"modified":"2025-05-14T18:35:42","modified_gmt":"2025-05-14T16:35:42","slug":"guide-du-collagene-pour-les-sportifs","status":"publish","type":"page","link":"https:\/\/www.ericfavre.com\/lifestyle\/guide-du-collagene-pour-les-sportifs\/","title":{"rendered":"Guide du collag\u00e8ne pour les sportifs"},"content":{"rendered":"\n<div class=\"topical-map\">\n<h2>\ud83d\udcd8 Guide expert : Collag\u00e8ne pour la sant\u00e9 et le sport<\/h2>\n\n<!-- Introduction Box -->\n<div class=\"box\">\n<h3 class=\"box-title\">\ud83c\udfc1 Introduction<\/h3>\n<ul class=\"box-list\">\n  <li><a href=\"https:\/\/www.ericfavre.com\/lifestyle\/collagene-sante-sport-guide-expert\/\">Collag\u00e8ne pour la sant\u00e9 et le sport &#8211; Guide expert<\/a><\/li>\n<\/ul>\n<\/div>\n\n<!-- Fondements biochimiques Box -->\n<div class=\"box\">\n<h3 class=\"box-title\">\ud83d\udd2c Fondements biochimiques du collag\u00e8ne<\/h3>\n<ul class=\"box-list\">\n  <li><a href=\"https:\/\/www.ericfavre.com\/lifestyle\/fondements-biochimiques-collagene\/\">Fondements biochimiques du collag\u00e8ne<\/a>\n    <ul>\n      <li><a href=\"https:\/\/www.ericfavre.com\/lifestyle\/structure-formation-physiologique-collagene\/\">Structure et r\u00f4le physiologique du collag\u00e8ne<\/a>\n        <ul>\n          <li><a href=\"https:\/\/www.ericfavre.com\/lifestyle\/collagene-definition-composition\/\">D\u00e9finition et composition<\/a><\/li>\n          <li><a href=\"https:\/\/www.ericfavre.com\/lifestyle\/28-types-collagene-i-ii-iii-iv\/\">Les 28 types de collag\u00e8ne<\/a>\n            <ul>\n              <li><a href=\"https:\/\/www.ericfavre.com\/lifestyle\/collagene-type-i-peau-os-tendons\/\">Collag\u00e8ne de type I<\/a><\/li>\n              <li><a href=\"https:\/\/www.ericfavre.com\/lifestyle\/collagene-type-ii-cartilage-articulaire\/\">Collag\u00e8ne de type II<\/a><\/li>\n            <\/ul>\n          <\/li>\n        <\/ul>\n      <\/li>\n      <li><a href=\"https:\/\/www.ericfavre.com\/lifestyle\/synthese-naturelle-collagene-declin-age\/\">Synth\u00e8se naturelle et d\u00e9clin avec l&#8217;\u00e2ge<\/a>\n        <ul>\n          <li><a href=\"https:\/\/www.ericfavre.com\/lifestyle\/processus-production-collagene\/\">Production par les fibroblastes<\/a><\/li>\n          <li><a href=\"https:\/\/www.ericfavre.com\/lifestyle\/perte-annuelle-collagene-consquences\/\">Perte annuelle apr\u00e8s 30 ans<\/a><\/li>\n        <\/ul>\n      <\/li>\n    <\/ul>\n  <\/li>\n<\/ul>\n<\/div>\n\n<!-- Bienfaits pour la sant\u00e9 Box -->\n<div class=\"box\">\n<h3 class=\"box-title\">\ud83d\udcaa Bienfaits du collag\u00e8ne pour la sant\u00e9<\/h3>\n<ul class=\"box-list\">\n  <li><a href=\"https:\/\/www.ericfavre.com\/lifestyle\/bienfaits-collagene-sante-globale\/\">Sant\u00e9 globale<\/a><\/li>\n  <li><a href=\"https:\/\/www.ericfavre.com\/lifestyle\/collagene-sante-cutanee-anti-age\/\">Sant\u00e9 cutan\u00e9e et anti-\u00e2ge<\/a>\n    <ul>\n      <li><a href=\"https:\/\/www.ericfavre.com\/lifestyle\/role-collagene-fermete-peau-prevention-rides\/\">Fermet\u00e9 de la peau<\/a><\/li>\n      <li><a href=\"https:\/\/www.ericfavre.com\/lifestyle\/collagene-comparaison-efficacite\/\">Cr\u00e8me vs suppl\u00e9ment<\/a><\/li>\n    <\/ul>\n  <\/li>\n  <li><a href=\"https:\/\/www.ericfavre.com\/lifestyle\/collagene-articulations-tendons\/\">Articulations et tendons<\/a>\n    <ul>\n      <li><a href=\"https:\/\/www.ericfavre.com\/lifestyle\/prevention-arthrose-reparation-cartilagineuse-collagene\/\">Pr\u00e9vention de l&#8217;arthrose<\/a><\/li>\n      <li><a href=\"https:\/\/www.ericfavre.com\/lifestyle\/collagene-renforcement-tendons-sportifs\/\">Tendons des sportifs<\/a><\/li>\n    <\/ul>\n  <\/li>\n  <li><a href=\"https:\/\/www.ericfavre.com\/lifestyle\/collagene-sante-digestive-vasculaire\/\">Sant\u00e9 digestive et vasculaire<\/a>\n    <ul>\n      <li><a href=\"https:\/\/www.ericfavre.com\/lifestyle\/role-collagene-integrite-muqueuse-intestinale\/\">Muqueuse intestinale<\/a><\/li>\n      <li><a href=\"https:\/\/www.ericfavre.com\/lifestyle\/collagene-elasticite-parois-vasculaires\/\">Parois vasculaires<\/a><\/li>\n    <\/ul>\n  <\/li>\n<\/ul>\n<\/div>\n\n<!-- Sport et performance Box -->\n<div class=\"box\">\n<h3 class=\"box-title\">\ud83c\udfc3 Collag\u00e8ne et performance sportive<\/h3>\n<ul class=\"box-list\">\n  <li><a href=\"https:\/\/www.ericfavre.com\/lifestyle\/collagene-performance-recuperation-sportive\/\">Performance et r\u00e9cup\u00e9ration<\/a>\n    <ul>\n      <li><a href=\"https:\/\/www.ericfavre.com\/lifestyle\/action-collagene-tissus-musculaires\/\">Tissus musculaires<\/a><\/li>\n      <li><a href=\"https:\/\/www.ericfavre.com\/lifestyle\/collagene-matrice-extracellulaire-regeneration-musculaire\/\">R\u00e9g\u00e9n\u00e9ration musculaire<\/a><\/li>\n      <li><a href=\"https:\/\/www.ericfavre.com\/lifestyle\/collagene-stimulation-angiogenese-post-effort\/\">Angiogen\u00e8se post-effort<\/a><\/li>\n    <\/ul>\n  <\/li>\n  <li><a href=\"https:\/\/www.ericfavre.com\/lifestyle\/collagene-prevention-blesse-athletes\/\">Pr\u00e9vention des blessures<\/a>\n    <ul>\n      <li><a href=\"https:\/\/www.ericfavre.com\/lifestyle\/collagene-renforcement-structures-tendineuses\/\">Structures tendineuses<\/a><\/li>\n      <li><a href=\"https:\/\/www.ericfavre.com\/lifestyle\/collagene-reduction-micro-lesions-musculaires\/\">Micro-l\u00e9sions musculaires<\/a><\/li>\n    <\/ul>\n  <\/li>\n  <li><a href=\"https:\/\/www.ericfavre.com\/lifestyle\/protocoles-utilisation-collagene\/\">Protocoles d&#8217;utilisation<\/a>\n    <ul>\n      <li><a href=\"https:\/\/www.ericfavre.com\/lifestyle\/dosage-optimal-collagene-sports-endurance-force\/\">Endurance vs force<\/a><\/li>\n      <li><a href=\"https:\/\/www.ericfavre.com\/lifestyle\/collagene-synergie-vitamine-c-acide-hyaluronique\/\">Synergie : Vitamine C &amp; Acide hyaluronique<\/a><\/li>\n    <\/ul>\n  <\/li>\n<\/ul>\n<\/div>\n\n<!-- Choisir son collag\u00e8ne Box -->\n<div class=\"box\">\n<h3 class=\"box-title\">\ud83e\uddea Choisir son collag\u00e8ne<\/h3>\n<ul class=\"box-list\">\n  <li><a href=\"https:\/\/www.ericfavre.com\/lifestyle\/criteres-choix-supplements-collagene\/\">Crit\u00e8res de choix<\/a>\n    <ul>\n      <li><a href=\"https:\/\/www.ericfavre.com\/lifestyle\/sources-types-collagene\/\">Sources et types<\/a>\n        <ul>\n          <li><a href=\"https:\/\/www.ericfavre.com\/lifestyle\/collagene-marin-bovin-biodisponibilite-securite\/\">Marin vs bovin<\/a><\/li>\n          <li><a href=\"https:\/\/www.ericfavre.com\/lifestyle\/collagene-hydrolyse-peptides-poids-moleculaire-ideal\/\">Hydrolys\u00e9 vs peptides<\/a><\/li>\n        <\/ul>\n      <\/li>\n      <li><a href=\"https:\/\/www.ericfavre.com\/lifestyle\/facteurs-cles-efficacite-collagene\/\">Facteurs d&#8217;efficacit\u00e9<\/a>\n        <ul>\n          <li><a href=\"https:\/\/www.ericfavre.com\/lifestyle\/importance-poids-moleculaire-collagene\/\">Poids mol\u00e9culaire<\/a><\/li>\n          <li><a href=\"https:\/\/www.ericfavre.com\/lifestyle\/purete-supplements-collagene-metaux-lourds\/\">Puret\u00e9 et s\u00e9curit\u00e9<\/a><\/li>\n        <\/ul>\n      <\/li>\n      <li><a href=\"https:\/\/www.ericfavre.com\/lifestyle\/dosage-temporalite-absorption-collagene\/\">Dosage et temporalit\u00e9<\/a>\n        <ul>\n          <li><a href=\"https:\/\/www.ericfavre.com\/lifestyle\/schemas-posologiques-collagene\/\">Sch\u00e9mas posologiques<\/a><\/li>\n          <li><a href=\"https:\/\/www.ericfavre.com\/lifestyle\/moment-optimal-collagene\/\">Moment optimal<\/a><\/li>\n        <\/ul>\n      <\/li>\n    <\/ul>\n  <\/li>\n<\/ul>\n<\/div>\n\n<!-- Controverses et comparatifs Box -->\n<div class=\"box\">\n<h3 class=\"box-title\">\u2753 Controverses &amp; comparatifs<\/h3>\n<ul class=\"box-list\">\n  <li><a href=\"https:\/\/www.ericfavre.com\/lifestyle\/questions-controverse-mythes-collagene\/\">Questions fr\u00e9quentes et mythes<\/a>\n    <ul>\n      <li><a href=\"https:\/\/www.ericfavre.com\/lifestyle\/collagene-efficacite-reelle-argument-marketing\/\">Efficacit\u00e9 r\u00e9elle ?<\/a><\/li>\n      <li><a href=\"https:\/\/www.ericfavre.com\/lifestyle\/etudes-cliniques-collagene\/\">\u00c9tudes cliniques 2020\u20132024<\/a><\/li>\n      <li><a href=\"https:\/\/www.ericfavre.com\/lifestyle\/mythe-absorption-intestinale-collagene\/\">Mythe de l\u2019absorption<\/a><\/li>\n    <\/ul>\n  <\/li>\n  <li><a href=\"https:\/\/www.ericfavre.com\/lifestyle\/securite-collagene-effets-secondaires\/\">S\u00e9curit\u00e9 et effets secondaires<\/a>\n    <ul>\n      <li><a href=\"https:\/\/www.ericfavre.com\/lifestyle\/collagene-risques-allergiques-poisson-oeuf\/\">Risques allergiques<\/a><\/li>\n      <li><a href=\"https:\/\/www.ericfavre.com\/lifestyle\/interactions-collagene-medicaments\/\">Interactions m\u00e9dicamenteuses<\/a><\/li>\n    <\/ul>\n  <\/li>\n  <li><a href=\"https:\/\/www.ericfavre.com\/lifestyle\/collagene-vs-autres-supplements\/\">Comparaison avec d&#8217;autres suppl\u00e9ments<\/a>\n    <ul>\n      <li><a href=\"https:\/\/www.ericfavre.com\/lifestyle\/collagene-whey-proteine-complementarite-usages\/\">Whey prot\u00e9ine<\/a><\/li>\n      <li><a href=\"https:\/\/www.ericfavre.com\/lifestyle\/collagene-ains-gestion-tendinites\/\">AINS et tendinites<\/a><\/li>\n    <\/ul>\n  <\/li>\n<\/ul>\n<\/div>\n\n<!-- Tendances &amp; pratiques Box -->\n<div class=\"box\">\n<h3 class=\"box-title\">\ud83d\udcc8 Innovations &amp; pratiques<\/h3>\n<ul class=\"box-list\">\n  <li><a href=\"https:\/\/www.ericfavre.com\/lifestyle\/innovations-tendances-marche-collagene\/\">Tendances du march\u00e9<\/a>\n    <ul>\n      <li><a href=\"https:\/\/www.ericfavre.com\/lifestyle\/nouvelles-formes-galeniques-collagene\/\">Formes gal\u00e9niques<\/a><\/li>\n      <li><a href=\"https:\/\/www.ericfavre.com\/lifestyle\/collagene-liquide-poudre-avantages-pratiques\/\">Liquide vs poudre<\/a><\/li>\n      <li><a href=\"https:\/\/www.ericfavre.com\/lifestyle\/technologies-hydrolyse-avancees-collagene\/\">Hydrolyse avanc\u00e9e<\/a><\/li>\n    <\/ul>\n  <\/li>\n  <li><a href=\"https:\/\/www.ericfavre.com\/lifestyle\/formules-collagene\/\">Formules combin\u00e9es<\/a>\n    <ul>\n      <li><a href=\"https:\/\/www.ericfavre.com\/lifestyle\/collagene-enrichi-acide-hyaluronique\/\">Avec acide hyaluronique<\/a><\/li>\n      <li><a href=\"https:\/\/www.ericfavre.com\/lifestyle\/collagene-probiotiques-specifiques\/\">Avec probiotiques<\/a><\/li>\n    <\/ul>\n  <\/li>\n  <li><a href=\"https:\/\/www.ericfavre.com\/lifestyle\/collagene-durable-enjeux-ethiques\/\">Collag\u00e8ne durable<\/a>\n    <ul>\n      <li><a href=\"https:\/\/www.ericfavre.com\/lifestyle\/sourcing-ecoresponsable-collagene\/\">Sourcing \u00e9coresponsable<\/a><\/li>\n      <li><a href=\"https:\/\/www.ericfavre.com\/lifestyle\/alternatives-vegetales-collagene\/\">Alternatives v\u00e9g\u00e9tales<\/a><\/li>\n    <\/ul>\n  <\/li>\n<\/ul>\n<\/div>\n\n<!-- Guide pratique Box -->\n<div class=\"box\">\n<h3 class=\"box-title\">\ud83e\udded Guide pratique d\u2019utilisation<\/h3>\n<ul class=\"box-list\">\n  <li><a href=\"https:\/\/www.ericfavre.com\/lifestyle\/guide-pratique-utilisation-collagene\/\">Utilisation au quotidien<\/a>\n    <ul>\n      <li><a href=\"https:\/\/www.ericfavre.com\/lifestyle\/cycle-supplementation-collagene\/\">Cycle de suppl\u00e9mentation<\/a><\/li>\n      <li><a href=\"https:\/\/www.ericfavre.com\/lifestyle\/duree-minimale-cure-collagene-effets-visibles\/\">Dur\u00e9e minimale de cure<\/a><\/li>\n      <li><a href=\"https:\/\/www.ericfavre.com\/lifestyle\/protocoles-charge-entretien-collagene\/\">Protocoles de charge<\/a><\/li>\n    <\/ul>\n  <\/li>\n  <li><a href=\"https:\/\/www.ericfavre.com\/lifestyle\/alimentation-production-naturelle-collagene\/\">Alimentation et production naturelle<\/a>\n    <ul>\n      <li><a href=\"https:\/\/www.ericfavre.com\/lifestyle\/aliments-stimulant-production-endogene-collagene\/\">Aliments stimulateurs<\/a><\/li>\n      <li><a href=\"https:\/\/www.ericfavre.com\/lifestyle\/cuisson-degradation-collagene\/\">Cuisson et d\u00e9gradation<\/a><\/li>\n    <\/ul>\n  <\/li>\n  <li><a href=\"https:\/\/www.ericfavre.com\/lifestyle\/suivi-personnalisation-usage-collagene\/\">Suivi et personnalisation<\/a>\n    <ul>\n      <li><a href=\"https:\/\/www.ericfavre.com\/lifestyle\/marqueurs-biologiques-efficacite-collagene\/\">Marqueurs biologiques<\/a><\/li>\n      <li><a href=\"https:\/\/www.ericfavre.com\/lifestyle\/adaptation-collagene-reponses-individuelles\/\">R\u00e9ponses individuelles<\/a><\/li>\n    <\/ul>\n  <\/li>\n<\/ul>\n<\/div>\n<\/div>\n","protected":false},"excerpt":{"rendered":"<p>\ud83d\udcd8 Guide expert : Collag\u00e8ne pour la sant\u00e9 et le sport \ud83c\udfc1 Introduction Collag\u00e8ne pour&hellip;<\/p>\n","protected":false},"author":64,"featured_media":0,"parent":0,"menu_order":0,"comment_status":"closed","ping_status":"closed","template":"","meta":[],"_links":{"self":[{"href":"https:\/\/www.ericfavre.com\/lifestyle\/wp-json\/wp\/v2\/pages\/108789"}],"collection":[{"href":"https:\/\/www.ericfavre.com\/lifestyle\/wp-json\/wp\/v2\/pages"}],"about":[{"href":"https:\/\/www.ericfavre.com\/lifestyle\/wp-json\/wp\/v2\/types\/page"}],"author":[{"embeddable":true,"href":"https:\/\/www.ericfavre.com\/lifestyle\/wp-json\/wp\/v2\/users\/64"}],"replies":[{"embeddable":true,"href":"https:\/\/www.ericfavre.com\/lifestyle\/wp-json\/wp\/v2\/comments?post=108789"}],"version-history":[{"count":1,"href":"https:\/\/www.ericfavre.com\/lifestyle\/wp-json\/wp\/v2\/pages\/108789\/revisions"}],"predecessor-version":[{"id":108791,"href":"https:\/\/www.ericfavre.com\/lifestyle\/wp-json\/wp\/v2\/pages\/108789\/revisions\/108791"}],"wp:attachment":[{"href":"https:\/\/www.ericfavre.com\/lifestyle\/wp-json\/wp\/v2\/media?parent=108789"}],"curies":[{"name":"wp","href":"https:\/\/api.w.org\/{rel}","templated":true}]}}