{"id":109055,"date":"2025-05-15T10:32:32","date_gmt":"2025-05-15T08:32:32","guid":{"rendered":"https:\/\/www.ericfavre.com\/lifestyle\/?page_id=109055"},"modified":"2025-05-15T10:32:32","modified_gmt":"2025-05-15T08:32:32","slug":"guide-de-la-creatine","status":"publish","type":"page","link":"https:\/\/www.ericfavre.com\/lifestyle\/guide-de-la-creatine\/","title":{"rendered":"Guide de la Cr\u00e9atine"},"content":{"rendered":"\n<div class=\"topical-map\">\n<h2>\ud83d\udcd8 Guide expert : Cr\u00e9atine pour les sportifs<\/h2>\n\n<!-- Introduction Box -->\n<div class=\"box\">\n<h3 class=\"box-title\">\ud83c\udfc1 Introduction<\/h3>\n<ul class=\"box-list\">\n  <li><a href=\"https:\/\/www.ericfavre.com\/lifestyle\/creatine-sportifs-guide-expert\/\">Cr\u00e9atine pour les sportifs &#8211; Guide expert<\/a><\/li>\n<\/ul>\n<\/div>\n\n<!-- Fondements biochimiques Box -->\n<div class=\"box\">\n<h3 class=\"box-title\">\ud83d\udd2c Fondements biochimiques de la cr\u00e9atine<\/h3>\n<ul class=\"box-list\">\n  <li><a href=\"https:\/\/www.ericfavre.com\/lifestyle\/fondements-biochimiques-creatine\/\">Fondements biochimiques<\/a>\n    <ul>\n      <li><a href=\"https:\/\/www.ericfavre.com\/lifestyle\/structure-metabolisme-creatine\/\">Structure et m\u00e9tabolisme<\/a>\n        <ul>\n          <li><a href=\"https:\/\/www.ericfavre.com\/lifestyle\/creatine-synthese-naturelle-sources-alimentaires\/\">Synth\u00e8se naturelle &amp; sources<\/a><\/li>\n          <li><a href=\"https:\/\/www.ericfavre.com\/lifestyle\/mecanisme-atp-phosphocreatine-regeneration-energetique-musculaire\/\">M\u00e9canisme ATP-phosphocr\u00e9atine<\/a>\n            <ul>\n              <li><a href=\"https:\/\/www.ericfavre.com\/lifestyle\/role-kinases-transfert-phosphate-creatine\/\">R\u00f4le des kinases<\/a><\/li>\n              <li><a href=\"https:\/\/www.ericfavre.com\/lifestyle\/capacite-tampon-creatine-effort-explosif\/\">Capacit\u00e9 tampon<\/a><\/li>\n            <\/ul>\n          <\/li>\n        <\/ul>\n      <\/li>\n      <li><a href=\"https:\/\/www.ericfavre.com\/lifestyle\/distribution-corporelle-creatine\/\">Distribution corporelle<\/a>\n        <ul>\n          <li><a href=\"https:\/\/www.ericfavre.com\/lifestyle\/stockage-musculaire-cerebral-creatine\/\">Stockage musculaire &amp; c\u00e9r\u00e9bral<\/a><\/li>\n          <li><a href=\"https:\/\/www.ericfavre.com\/lifestyle\/variation-reserves-creatine-fibres-musculaires\/\">Variation selon les fibres<\/a><\/li>\n        <\/ul>\n      <\/li>\n    <\/ul>\n  <\/li>\n<\/ul>\n<\/div>\n\n<!-- Performances sportives Box -->\n<div class=\"box\">\n<h3 class=\"box-title\">\ud83d\udcaa Performances sportives et cr\u00e9atine<\/h3>\n<ul class=\"box-list\">\n  <li><a href=\"https:\/\/www.ericfavre.com\/lifestyle\/impacts-creatine-performance-sportive\/\">Impacts g\u00e9n\u00e9raux<\/a><\/li>\n  <li><a href=\"https:\/\/www.ericfavre.com\/lifestyle\/sports-force-puissance-creatine\/\">Sports de force<\/a>\n    <ul>\n      <li><a href=\"https:\/\/www.ericfavre.com\/lifestyle\/gain-force-maximal-volume-entrainement-creatine\/\">Force maximale &amp; volume<\/a><\/li>\n      <li><a href=\"https:\/\/www.ericfavre.com\/lifestyle\/effets-creatine-croissance-musculaire\/\">Hypertrophie vs hyperplasie<\/a><\/li>\n    <\/ul>\n  <\/li>\n  <li><a href=\"https:\/\/www.ericfavre.com\/lifestyle\/sports-endurance-creatine\/\">Sports d&#8217;endurance<\/a>\n    <ul>\n      <li><a href=\"https:\/\/www.ericfavre.com\/lifestyle\/creatine-amelioration-sprints-finaux-reprises-intensite\/\">Sprints finaux &amp; intensit\u00e9<\/a><\/li>\n      <li><a href=\"https:\/\/www.ericfavre.com\/lifestyle\/optimisation-entrainements-hiit-creatine\/\">Optimisation des HIIT<\/a><\/li>\n    <\/ul>\n  <\/li>\n  <li><a href=\"https:\/\/www.ericfavre.com\/lifestyle\/sports-collectifs-creatine\/\">Sports collectifs<\/a>\n    <ul>\n      <li><a href=\"https:\/\/www.ericfavre.com\/lifestyle\/recuperation-efforts-intermittents-creatine\/\">R\u00e9cup\u00e9ration intermittente<\/a><\/li>\n      <li><a href=\"https:\/\/www.ericfavre.com\/lifestyle\/creatine-prevention-crampes-sports-stop-go\/\">Pr\u00e9vention des crampes<\/a><\/li>\n    <\/ul>\n  <\/li>\n<\/ul>\n<\/div>\n\n<!-- Suppl\u00e9mentation Box -->\n<div class=\"box\">\n<h3 class=\"box-title\">\ud83d\udce6 Suppl\u00e9mentation en cr\u00e9atine<\/h3>\n<ul class=\"box-list\">\n  <li><a href=\"https:\/\/www.ericfavre.com\/lifestyle\/protocoles-supplementation-creatine\/\">Protocoles<\/a>\n    <ul>\n      <li><a href=\"https:\/\/www.ericfavre.com\/lifestyle\/dosage-optimal-creatine\/\">Dosage optimal<\/a>\n        <ul>\n          <li><a href=\"https:\/\/www.ericfavre.com\/lifestyle\/creatine-phase-charge-mythes-realites\/\">Phase de charge<\/a><\/li>\n          <li><a href=\"https:\/\/www.ericfavre.com\/lifestyle\/creatine-dose-entretien-adaptation-individuelle\/\">Dose d&#8217;entretien<\/a><\/li>\n        <\/ul>\n      <\/li>\n      <li><a href=\"https:\/\/www.ericfavre.com\/lifestyle\/timing-absorption-creatine\/\">Timing d&#8217;absorption<\/a>\n        <ul>\n          <li><a href=\"https:\/\/www.ericfavre.com\/lifestyle\/creatine-peri-entrainement-repas\/\">P\u00e9ri-entra\u00eenement vs repas<\/a><\/li>\n          <li><a href=\"https:\/\/www.ericfavre.com\/lifestyle\/synergie-creatine-glucides-proteines\/\">Synergie nutritionnelle<\/a><\/li>\n        <\/ul>\n      <\/li>\n      <li><a href=\"https:\/\/www.ericfavre.com\/lifestyle\/cycles-duree-prise-creatine\/\">Cycles &amp; dur\u00e9e<\/a>\n        <ul>\n          <li><a href=\"https:\/\/www.ericfavre.com\/lifestyle\/supplementation-continue-periodisation-creatine\/\">Continue vs p\u00e9riodisation<\/a><\/li>\n          <li><a href=\"https:\/\/www.ericfavre.com\/lifestyle\/desensibilisation-transporteurs-creatine\/\">D\u00e9sensibilisation ?<\/a><\/li>\n        <\/ul>\n      <\/li>\n    <\/ul>\n  <\/li>\n<\/ul>\n<\/div>\n\n<!-- Formes et qualit\u00e9 Box -->\n<div class=\"box\">\n<h3 class=\"box-title\">\ud83e\uddea Formes et qualit\u00e9 des suppl\u00e9ments<\/h3>\n<ul class=\"box-list\">\n  <li><a href=\"https:\/\/www.ericfavre.com\/lifestyle\/formes-qualite-supplements-creatine\/\">Types de cr\u00e9atine<\/a>\n    <ul>\n      <li><a href=\"https:\/\/www.ericfavre.com\/lifestyle\/creatine-monohydrate\/\">Monohydrate<\/a>\n        <ul>\n          <li><a href=\"https:\/\/www.ericfavre.com\/lifestyle\/purete-creapure-norme-pharmaceutique\/\">Puret\u00e9 Creapure\u00ae<\/a><\/li>\n          <li><a href=\"https:\/\/www.ericfavre.com\/lifestyle\/micronisation-creatine-solubilite-amelioree\/\">Micronisation<\/a><\/li>\n        <\/ul>\n      <\/li>\n      <li><a href=\"https:\/\/www.ericfavre.com\/lifestyle\/alternatives-innovantes-creatine\/\">Alternatives innovantes<\/a>\n        <ul>\n          <li><a href=\"https:\/\/www.ericfavre.com\/lifestyle\/creatine-hcl-absorption-digestive-dosage-reduit\/\">Cr\u00e9atine HCl<\/a><\/li>\n          <li><a href=\"https:\/\/www.ericfavre.com\/lifestyle\/kre-alkalyn-creatine\/\">Kre-Alkalyn\u00ae<\/a><\/li>\n        <\/ul>\n      <\/li>\n      <li><a href=\"https:\/\/www.ericfavre.com\/lifestyle\/combinaisons-synergiques-creatine\/\">Combinaisons synergiques<\/a>\n        <ul>\n          <li><a href=\"https:\/\/www.ericfavre.com\/lifestyle\/creatine-beta-alanine-effet-tampon\/\">+ B\u00eata-alanine<\/a><\/li>\n          <li><a href=\"https:\/\/www.ericfavre.com\/lifestyle\/creatine-citrulline-perfusion-sanguine-optimisee\/\">+ Citrulline<\/a><\/li>\n        <\/ul>\n      <\/li>\n    <\/ul>\n  <\/li>\n<\/ul>\n<\/div>\n\n<!-- Effets secondaires et mythes Box -->\n<div class=\"box\">\n<h3 class=\"box-title\">\u2757 Effets secondaires &amp; mythes<\/h3>\n<ul class=\"box-list\">\n  <li><a href=\"https:\/\/www.ericfavre.com\/lifestyle\/gestion-effets-secondaires-creatine\/\">Effets secondaires<\/a>\n    <ul>\n      <li><a href=\"https:\/\/www.ericfavre.com\/lifestyle\/retention-hydrique-creatine\/\">R\u00e9tention hydrique<\/a>\n        <ul>\n          <li><a href=\"https:\/\/www.ericfavre.com\/lifestyle\/strategies-limiter-gain-poids-creatine\/\">Limiter le gain de poids<\/a><\/li>\n          <li><a href=\"https:\/\/www.ericfavre.com\/lifestyle\/impact-creatine-sports-categories-poids\/\">Impact en sports \u00e0 poids<\/a><\/li>\n        <\/ul>\n      <\/li>\n      <li><a href=\"https:\/\/www.ericfavre.com\/lifestyle\/troubles-digestifs-creatine\/\">Troubles digestifs<\/a>\n        <ul>\n          <li><a href=\"https:\/\/www.ericfavre.com\/lifestyle\/causes-ballonnements-creatine\/\">Ballonnements<\/a><\/li>\n          <li><a href=\"https:\/\/www.ericfavre.com\/lifestyle\/formes-tamponnees-creatine-absorption-etalree\/\">Formes tamponn\u00e9es<\/a><\/li>\n        <\/ul>\n      <\/li>\n    <\/ul>\n  <\/li>\n  <li><a href=\"https:\/\/www.ericfavre.com\/lifestyle\/mythes-tenaces-creatine\/\">Mythes tenaces<\/a>\n    <ul>\n      <li><a href=\"https:\/\/www.ericfavre.com\/lifestyle\/creatine-insuffisance-renale\/\">Insuffisance r\u00e9nale ?<\/a><\/li>\n      <li><a href=\"https:\/\/www.ericfavre.com\/lifestyle\/creatine-alop-ecie-lien-genetique-facteurs-confondants\/\">Alop\u00e9cie ?<\/a><\/li>\n    <\/ul>\n  <\/li>\n<\/ul>\n<\/div>\n\n<!-- Adaptation &amp; innovations Box -->\n<div class=\"box\">\n<h3 class=\"box-title\">\ud83c\udfcb\ufe0f Adaptation &amp; innovations<\/h3>\n<ul class=\"box-list\">\n  <li><a href=\"https:\/\/www.ericfavre.com\/lifestyle\/creatine-adaptation-sportive\/\">Adaptation sportive<\/a>\n    <ul>\n      <li><a href=\"https:\/\/www.ericfavre.com\/lifestyle\/force-athletique-creatine\/\">Force athl\u00e9tique<\/a><\/li>\n      <li><a href=\"https:\/\/www.ericfavre.com\/lifestyle\/sports-combat-creatine\/\">Sports de combat<\/a><\/li>\n      <li><a href=\"https:\/\/www.ericfavre.com\/lifestyle\/creatine-athletes-feminines\/\">Athl\u00e8tes f\u00e9minines<\/a><\/li>\n    <\/ul>\n  <\/li>\n  <li><a href=\"https:\/\/www.ericfavre.com\/lifestyle\/innovations-recherche-creatine\/\">Innovations &amp; recherches<\/a>\n    <ul>\n      <li><a href=\"https:\/\/www.ericfavre.com\/lifestyle\/avancees-recentes-creatine\/\">Avanc\u00e9es 2020\u20132025<\/a><\/li>\n      <li><a href=\"https:\/\/www.ericfavre.com\/lifestyle\/creatine-liposomale-biodisponibilite\/\">Cr\u00e9atine liposomale<\/a><\/li>\n      <li><a href=\"https:\/\/www.ericfavre.com\/lifestyle\/creatine-applications-recuperation-cerebrale\/\">R\u00e9cup\u00e9ration c\u00e9r\u00e9brale<\/a><\/li>\n    <\/ul>\n  <\/li>\n  <li><a href=\"https:\/\/www.ericfavre.com\/lifestyle\/futur-supplementation-creatine\/\">Futur de la suppl\u00e9mentation<\/a>\n    <ul>\n      <li><a href=\"https:\/\/www.ericfavre.com\/lifestyle\/creatine-personnalisation-genetique\/\">Personnalisation g\u00e9n\u00e9tique<\/a><\/li>\n      <li><a href=\"https:\/\/www.ericfavre.com\/lifestyle\/creatine-nootropiques\/\">Cr\u00e9atine &amp; nootropiques<\/a><\/li>\n    <\/ul>\n  <\/li>\n<\/ul>\n<\/div>\n\n<!-- Questions pratiques Box -->\n<div class=\"box\">\n<h3 class=\"box-title\">\ud83e\udded Questions pratiques<\/h3>\n<ul class=\"box-list\">\n  <li><a href=\"https:\/\/www.ericfavre.com\/lifestyle\/questions-pratiques-creatine\/\">Questions fr\u00e9quentes<\/a>\n    <ul>\n      <li><a href=\"https:\/\/www.ericfavre.com\/lifestyle\/compatibilite-alimentaire-creatine\/\">Compatibilit\u00e9 alimentaire<\/a><\/li>\n      <li><a href=\"https:\/\/www.ericfavre.com\/lifestyle\/creatine-regime-vegetarien-vegan\/\">V\u00e9g\u00e9tarien \/ V\u00e9gan<\/a><\/li>\n      <li><a href=\"https:\/\/www.ericfavre.com\/lifestyle\/interaction-cafeine-creatine\/\">Interaction caf\u00e9ine<\/a><\/li>\n    <\/ul>\n  <\/li>\n  <li><a href=\"https:\/\/www.ericfavre.com\/lifestyle\/voyage-competition-creatine\/\">Voyage &amp; comp\u00e9tition<\/a>\n    <ul>\n      <li><a href=\"https:\/\/www.ericfavre.com\/lifestyle\/transport-creatine-avion-formes-pratiques\/\">Transport en avion<\/a><\/li>\n      <li><a href=\"https:\/\/www.ericfavre.com\/lifestyle\/creatine-conformite-reglementations-antidopage\/\">Conformit\u00e9 antidopage<\/a><\/li>\n    <\/ul>\n  <\/li>\n<\/ul>\n<\/div>\n<\/div>\n\n","protected":false},"excerpt":{"rendered":"<p>\ud83d\udcd8 Guide expert : Cr\u00e9atine pour les sportifs \ud83c\udfc1 Introduction Cr\u00e9atine pour les sportifs &#8211;&hellip;<\/p>\n","protected":false},"author":64,"featured_media":0,"parent":0,"menu_order":0,"comment_status":"closed","ping_status":"closed","template":"","meta":[],"_links":{"self":[{"href":"https:\/\/www.ericfavre.com\/lifestyle\/wp-json\/wp\/v2\/pages\/109055"}],"collection":[{"href":"https:\/\/www.ericfavre.com\/lifestyle\/wp-json\/wp\/v2\/pages"}],"about":[{"href":"https:\/\/www.ericfavre.com\/lifestyle\/wp-json\/wp\/v2\/types\/page"}],"author":[{"embeddable":true,"href":"https:\/\/www.ericfavre.com\/lifestyle\/wp-json\/wp\/v2\/users\/64"}],"replies":[{"embeddable":true,"href":"https:\/\/www.ericfavre.com\/lifestyle\/wp-json\/wp\/v2\/comments?post=109055"}],"version-history":[{"count":1,"href":"https:\/\/www.ericfavre.com\/lifestyle\/wp-json\/wp\/v2\/pages\/109055\/revisions"}],"predecessor-version":[{"id":109056,"href":"https:\/\/www.ericfavre.com\/lifestyle\/wp-json\/wp\/v2\/pages\/109055\/revisions\/109056"}],"wp:attachment":[{"href":"https:\/\/www.ericfavre.com\/lifestyle\/wp-json\/wp\/v2\/media?parent=109055"}],"curies":[{"name":"wp","href":"https:\/\/api.w.org\/{rel}","templated":true}]}}