{"id":58983,"date":"2020-11-12T10:18:54","date_gmt":"2020-11-12T09:18:54","guid":{"rendered":"https:\/\/www.ericfavre.com\/lifestyle\/?page_id=58983"},"modified":"2021-04-15T06:30:35","modified_gmt":"2021-04-15T04:30:35","slug":"guide-bruleur-de-graisse","status":"publish","type":"page","link":"https:\/\/www.ericfavre.com\/lifestyle\/guide-bruleur-de-graisse\/","title":{"rendered":"Guide Br\u00fbleur de Graisse"},"content":{"rendered":"\t\t<div data-elementor-type=\"wp-page\" data-elementor-id=\"58983\" class=\"elementor elementor-58983\" data-elementor-settings=\"[]\">\n\t\t\t\t\t\t\t<div class=\"elementor-section-wrap\">\n\t\t\t\t\t\t\t<section class=\"penci-section penci-disSticky penci-structure-10 elementor-section elementor-top-section elementor-element elementor-element-548923dc elementor-section-content-middle elementor-section-boxed elementor-section-height-default elementor-section-height-default\" data-id=\"548923dc\" data-element_type=\"section\">\n\t\t\t\t\t\t<div class=\"elementor-container elementor-column-gap-no\">\n\t\t\t\t\t<div class=\"penci-ercol-100 penci-ercol-order-1 penci-sticky-ct  elementor-column elementor-col-100 elementor-top-column elementor-element elementor-element-468f8c1c\" data-id=\"468f8c1c\" data-element_type=\"column\">\n\t\t\t<div class=\"elementor-widget-wrap elementor-element-populated\">\n\t\t\t\t\t\t\t\t<div class=\"elementor-element elementor-element-44787d9 elementor-widget elementor-widget-image\" data-id=\"44787d9\" data-element_type=\"widget\" data-widget_type=\"image.default\">\n\t\t\t\t<div class=\"elementor-widget-container\">\n\t\t\t\t\t\t\t\t\t\t\t\t\t\t\t\t<a href=\"https:\/\/www.ericfavre.com\">\n\t\t\t\t\t\t\t<img width=\"300\" height=\"96\" src=\"https:\/\/www.ericfavre.com\/lifestyle\/wp-content\/uploads\/2020\/02\/logo-new-EF-300x96.png\" class=\"attachment-medium size-medium\" alt=\"\" loading=\"lazy\" srcset=\"https:\/\/www.ericfavre.com\/lifestyle\/wp-content\/uploads\/2020\/02\/logo-new-EF-300x96.png 300w, https:\/\/www.ericfavre.com\/lifestyle\/wp-content\/uploads\/2020\/02\/logo-new-EF.png 389w\" sizes=\"(max-width: 300px) 100vw, 300px\" \/>\t\t\t\t\t\t\t\t<\/a>\n\t\t\t\t\t\t\t\t\t\t\t\t\t\t\t<\/div>\n\t\t\t\t<\/div>\n\t\t\t\t\t<\/div>\n\t\t<\/div>\n\t\t\t\t\t\t\t<\/div>\n\t\t<\/section>\n\t\t\t\t<section class=\"penci-section penci-disSticky penci-structure-10 elementor-section elementor-top-section elementor-element elementor-element-169f2bbb elementor-section-boxed elementor-section-height-default elementor-section-height-default\" data-id=\"169f2bbb\" data-element_type=\"section\" data-settings=\"{&quot;background_background&quot;:&quot;classic&quot;}\">\n\t\t\t\t\t\t<div class=\"elementor-container elementor-column-gap-default\">\n\t\t\t\t\t<div class=\"penci-ercol-100 penci-ercol-order-1 penci-sticky-ct  elementor-column elementor-col-100 elementor-top-column elementor-element elementor-element-42f99505\" data-id=\"42f99505\" data-element_type=\"column\">\n\t\t\t<div class=\"elementor-widget-wrap elementor-element-populated\">\n\t\t\t\t\t\t\t\t<section class=\"penci-section penci-disSticky penci-structure-10 elementor-section elementor-inner-section elementor-element elementor-element-6889bc48 elementor-section-boxed elementor-section-height-default elementor-section-height-default\" data-id=\"6889bc48\" data-element_type=\"section\">\n\t\t\t\t\t\t<div class=\"elementor-container elementor-column-gap-default\">\n\t\t\t\t\t<div class=\"penci-ercol-100 penci-ercol-order-1 penci-sticky-ct  elementor-column elementor-col-100 elementor-inner-column elementor-element elementor-element-562377c6\" data-id=\"562377c6\" data-element_type=\"column\">\n\t\t\t<div class=\"elementor-widget-wrap elementor-element-populated\">\n\t\t\t\t\t\t\t\t<div class=\"elementor-element elementor-element-4ccf67d0 elementor-absolute elementor-widget elementor-widget-text-editor\" data-id=\"4ccf67d0\" data-element_type=\"widget\" data-settings=\"{&quot;_position&quot;:&quot;absolute&quot;}\" data-widget_type=\"text-editor.default\">\n\t\t\t\t<div class=\"elementor-widget-container\">\n\t\t\t\t\t\t\t\t<p>Notre mini guide <span style=\"color: #bd2929\">Br\u00fbleur de Graisse<\/span><\/p>\t\t\t\t\t\t<\/div>\n\t\t\t\t<\/div>\n\t\t\t\t<div class=\"elementor-element elementor-element-3e7c5c08 elementor-widget elementor-widget-spacer\" data-id=\"3e7c5c08\" data-element_type=\"widget\" data-widget_type=\"spacer.default\">\n\t\t\t\t<div class=\"elementor-widget-container\">\n\t\t\t\t\t<div class=\"elementor-spacer\">\n\t\t\t<div class=\"elementor-spacer-inner\"><\/div>\n\t\t<\/div>\n\t\t\t\t<\/div>\n\t\t\t\t<\/div>\n\t\t\t\t\t<\/div>\n\t\t<\/div>\n\t\t\t\t\t\t\t<\/div>\n\t\t<\/section>\n\t\t\t\t<div class=\"elementor-element elementor-element-abdf2cc elementor-widget elementor-widget-image\" data-id=\"abdf2cc\" data-element_type=\"widget\" data-widget_type=\"image.default\">\n\t\t\t\t<div class=\"elementor-widget-container\">\n\t\t\t\t\t\t\t\t\t\t\t\t\t\t\t<img width=\"628\" height=\"461\" src=\"https:\/\/www.ericfavre.com\/lifestyle\/wp-content\/uploads\/2021\/01\/Capture1.png\" class=\"attachment-medium_large size-medium_large\" alt=\"\" loading=\"lazy\" srcset=\"https:\/\/www.ericfavre.com\/lifestyle\/wp-content\/uploads\/2021\/01\/Capture1.png 628w, https:\/\/www.ericfavre.com\/lifestyle\/wp-content\/uploads\/2021\/01\/Capture1-300x220.png 300w, https:\/\/www.ericfavre.com\/lifestyle\/wp-content\/uploads\/2021\/01\/Capture1-585x429.png 585w\" sizes=\"(max-width: 628px) 100vw, 628px\" \/>\t\t\t\t\t\t\t\t\t\t\t\t\t\t\t<\/div>\n\t\t\t\t<\/div>\n\t\t\t\t<section class=\"penci-section penci-disSticky penci-structure-30 elementor-section elementor-inner-section elementor-element elementor-element-4cfef264 elementor-section-boxed elementor-section-height-default elementor-section-height-default\" data-id=\"4cfef264\" data-element_type=\"section\">\n\t\t\t\t\t\t<div class=\"elementor-container elementor-column-gap-default\">\n\t\t\t\t\t<div class=\"penci-ercol-33 penci-ercol-order-1 penci-sticky-sb penci-sidebarSC elementor-column elementor-col-33 elementor-inner-column elementor-element elementor-element-16f40e13\" data-id=\"16f40e13\" data-element_type=\"column\">\n\t\t\t<div class=\"elementor-widget-wrap elementor-element-populated\">\n\t\t\t\t\t\t\t\t<div class=\"elementor-element elementor-element-76b4ad21 elementor-align-justify elementor-widget elementor-widget-button\" data-id=\"76b4ad21\" data-element_type=\"widget\" data-widget_type=\"button.default\">\n\t\t\t\t<div class=\"elementor-widget-container\">\n\t\t\t\t\t<div class=\"elementor-button-wrapper\">\n\t\t\t<a href=\"https:\/\/www.ericfavre.com\/lifestyle\/bruleur-de-graisse-avis-est-ce-que-ca-marche-vraiment\/\" class=\"elementor-button-link elementor-button elementor-size-sm\" role=\"button\">\n\t\t\t\t\t\t<span class=\"elementor-button-content-wrapper\">\n\t\t\t\t\t\t<span class=\"elementor-button-icon elementor-align-icon-right\">\n\t\t\t\t<i aria-hidden=\"true\" class=\"fas fa-angle-right\"><\/i>\t\t\t<\/span>\n\t\t\t\t\t\t<span class=\"elementor-button-text\">Br\u00fbleur de Graisse Avis<\/span>\n\t\t<\/span>\n\t\t\t\t\t<\/a>\n\t\t<\/div>\n\t\t\t\t<\/div>\n\t\t\t\t<\/div>\n\t\t\t\t\t<\/div>\n\t\t<\/div>\n\t\t\t\t<div class=\"penci-ercol-33 penci-ercol-order-2 penci-sticky-sb penci-sidebarSC elementor-column elementor-col-33 elementor-inner-column elementor-element elementor-element-4c8805ae\" data-id=\"4c8805ae\" data-element_type=\"column\">\n\t\t\t<div class=\"elementor-widget-wrap elementor-element-populated\">\n\t\t\t\t\t\t\t\t<div class=\"elementor-element elementor-element-4f08f80a elementor-align-justify elementor-widget elementor-widget-button\" data-id=\"4f08f80a\" data-element_type=\"widget\" data-widget_type=\"button.default\">\n\t\t\t\t<div class=\"elementor-widget-container\">\n\t\t\t\t\t<div class=\"elementor-button-wrapper\">\n\t\t\t<a href=\"https:\/\/www.ericfavre.com\/lifestyle\/top-5-des-meilleurs-bruleurs-de-graisse-naturels\/\" class=\"elementor-button-link elementor-button elementor-size-sm\" role=\"button\">\n\t\t\t\t\t\t<span class=\"elementor-button-content-wrapper\">\n\t\t\t\t\t\t<span class=\"elementor-button-icon elementor-align-icon-right\">\n\t\t\t\t<i aria-hidden=\"true\" class=\"fas fa-angle-right\"><\/i>\t\t\t<\/span>\n\t\t\t\t\t\t<span class=\"elementor-button-text\">Top 5 Aliments Br\u00fbleurs de Graisse<\/span>\n\t\t<\/span>\n\t\t\t\t\t<\/a>\n\t\t<\/div>\n\t\t\t\t<\/div>\n\t\t\t\t<\/div>\n\t\t\t\t\t<\/div>\n\t\t<\/div>\n\t\t\t\t<div class=\"penci-ercol-33 penci-ercol-order-3 penci-sticky-sb penci-sidebarSC elementor-column elementor-col-33 elementor-inner-column elementor-element elementor-element-2a8d3372\" data-id=\"2a8d3372\" data-element_type=\"column\">\n\t\t\t<div class=\"elementor-widget-wrap elementor-element-populated\">\n\t\t\t\t\t\t\t\t<div class=\"elementor-element elementor-element-7f3476a4 elementor-align-justify elementor-widget elementor-widget-button\" data-id=\"7f3476a4\" data-element_type=\"widget\" data-widget_type=\"button.default\">\n\t\t\t\t<div class=\"elementor-widget-container\">\n\t\t\t\t\t<div class=\"elementor-button-wrapper\">\n\t\t\t<a href=\"https:\/\/www.ericfavre.com\/lifestyle\/7-astuces-pour-ameliorer-lefficacite-du-bruleur-de-graisse\/\" class=\"elementor-button-link elementor-button elementor-size-sm\" role=\"button\">\n\t\t\t\t\t\t<span class=\"elementor-button-content-wrapper\">\n\t\t\t\t\t\t<span class=\"elementor-button-icon elementor-align-icon-right\">\n\t\t\t\t<i aria-hidden=\"true\" class=\"fas fa-angle-right\"><\/i>\t\t\t<\/span>\n\t\t\t\t\t\t<span class=\"elementor-button-text\">Booster Efficacit\u00e9 du Br\u00fbleur de Graisse<\/span>\n\t\t<\/span>\n\t\t\t\t\t<\/a>\n\t\t<\/div>\n\t\t\t\t<\/div>\n\t\t\t\t<\/div>\n\t\t\t\t\t<\/div>\n\t\t<\/div>\n\t\t\t\t\t\t\t<\/div>\n\t\t<\/section>\n\t\t\t\t<section class=\"penci-section penci-disSticky penci-structure-30 elementor-section elementor-inner-section elementor-element elementor-element-e41b2f4 elementor-section-boxed elementor-section-height-default elementor-section-height-default\" data-id=\"e41b2f4\" data-element_type=\"section\">\n\t\t\t\t\t\t<div class=\"elementor-container elementor-column-gap-default\">\n\t\t\t\t\t<div class=\"penci-ercol-33 penci-ercol-order-1 penci-sticky-sb penci-sidebarSC elementor-column elementor-col-33 elementor-inner-column elementor-element elementor-element-dc81fdf\" data-id=\"dc81fdf\" data-element_type=\"column\">\n\t\t\t<div class=\"elementor-widget-wrap elementor-element-populated\">\n\t\t\t\t\t\t\t\t<div class=\"elementor-element elementor-element-e1c5a7b elementor-align-justify elementor-widget elementor-widget-button\" data-id=\"e1c5a7b\" data-element_type=\"widget\" data-widget_type=\"button.default\">\n\t\t\t\t<div class=\"elementor-widget-container\">\n\t\t\t\t\t<div class=\"elementor-button-wrapper\">\n\t\t\t<a href=\"https:\/\/www.ericfavre.com\/lifestyle\/les-meilleurs-bruleurs-de-graisse-pour-une-perte-de-poids-durable\/\" class=\"elementor-button-link elementor-button elementor-size-sm\" role=\"button\">\n\t\t\t\t\t\t<span class=\"elementor-button-content-wrapper\">\n\t\t\t\t\t\t<span class=\"elementor-button-icon elementor-align-icon-right\">\n\t\t\t\t<i aria-hidden=\"true\" class=\"fas fa-angle-right\"><\/i>\t\t\t<\/span>\n\t\t\t\t\t\t<span class=\"elementor-button-text\">Meilleurs Br\u00fbleurs de Graisse<\/span>\n\t\t<\/span>\n\t\t\t\t\t<\/a>\n\t\t<\/div>\n\t\t\t\t<\/div>\n\t\t\t\t<\/div>\n\t\t\t\t\t<\/div>\n\t\t<\/div>\n\t\t\t\t<div class=\"penci-ercol-33 penci-ercol-order-2 penci-sticky-sb penci-sidebarSC elementor-column elementor-col-33 elementor-inner-column elementor-element elementor-element-04d5d8b\" data-id=\"04d5d8b\" data-element_type=\"column\">\n\t\t\t<div class=\"elementor-widget-wrap elementor-element-populated\">\n\t\t\t\t\t\t\t\t<div class=\"elementor-element elementor-element-97d48d5 elementor-align-justify elementor-widget elementor-widget-button\" data-id=\"97d48d5\" data-element_type=\"widget\" data-widget_type=\"button.default\">\n\t\t\t\t<div class=\"elementor-widget-container\">\n\t\t\t\t\t<div class=\"elementor-button-wrapper\">\n\t\t\t<a href=\"https:\/\/www.ericfavre.com\/lifestyle\/controle-de-lefficacite-dun-bruleur-de-graisse\/\" class=\"elementor-button-link elementor-button elementor-size-sm\" role=\"button\">\n\t\t\t\t\t\t<span class=\"elementor-button-content-wrapper\">\n\t\t\t\t\t\t<span class=\"elementor-button-icon elementor-align-icon-right\">\n\t\t\t\t<i aria-hidden=\"true\" class=\"fas fa-angle-right\"><\/i>\t\t\t<\/span>\n\t\t\t\t\t\t<span class=\"elementor-button-text\">Contr\u00f4le Efficacit\u00e9 du Br\u00fbleur<\/span>\n\t\t<\/span>\n\t\t\t\t\t<\/a>\n\t\t<\/div>\n\t\t\t\t<\/div>\n\t\t\t\t<\/div>\n\t\t\t\t\t<\/div>\n\t\t<\/div>\n\t\t\t\t<div class=\"penci-ercol-33 penci-ercol-order-3 penci-sticky-sb penci-sidebarSC elementor-column elementor-col-33 elementor-inner-column elementor-element elementor-element-445bb7a\" data-id=\"445bb7a\" data-element_type=\"column\">\n\t\t\t<div class=\"elementor-widget-wrap elementor-element-populated\">\n\t\t\t\t\t\t\t\t<div class=\"elementor-element elementor-element-2c40cff elementor-align-justify elementor-widget elementor-widget-button\" data-id=\"2c40cff\" data-element_type=\"widget\" data-widget_type=\"button.default\">\n\t\t\t\t<div class=\"elementor-widget-container\">\n\t\t\t\t\t<div class=\"elementor-button-wrapper\">\n\t\t\t<a href=\"https:\/\/www.ericfavre.com\/lifestyle\/quel-bruleur-de-graisse-choisir\/\" class=\"elementor-button-link elementor-button elementor-size-sm\" role=\"button\">\n\t\t\t\t\t\t<span class=\"elementor-button-content-wrapper\">\n\t\t\t\t\t\t<span class=\"elementor-button-icon elementor-align-icon-right\">\n\t\t\t\t<i aria-hidden=\"true\" class=\"fas fa-angle-right\"><\/i>\t\t\t<\/span>\n\t\t\t\t\t\t<span class=\"elementor-button-text\">Quel Br\u00fbleur de Graisse Choisir ?<\/span>\n\t\t<\/span>\n\t\t\t\t\t<\/a>\n\t\t<\/div>\n\t\t\t\t<\/div>\n\t\t\t\t<\/div>\n\t\t\t\t\t<\/div>\n\t\t<\/div>\n\t\t\t\t\t\t\t<\/div>\n\t\t<\/section>\n\t\t\t\t<section class=\"penci-section penci-disSticky penci-structure-30 elementor-section elementor-inner-section elementor-element elementor-element-3d26705 elementor-section-boxed elementor-section-height-default elementor-section-height-default\" data-id=\"3d26705\" data-element_type=\"section\">\n\t\t\t\t\t\t<div class=\"elementor-container elementor-column-gap-default\">\n\t\t\t\t\t<div class=\"penci-ercol-33 penci-ercol-order-1 penci-sticky-sb penci-sidebarSC elementor-column elementor-col-33 elementor-inner-column elementor-element elementor-element-ea9e34e\" data-id=\"ea9e34e\" data-element_type=\"column\">\n\t\t\t<div class=\"elementor-widget-wrap elementor-element-populated\">\n\t\t\t\t\t\t\t\t<div class=\"elementor-element elementor-element-5950b51 elementor-align-justify elementor-widget elementor-widget-button\" data-id=\"5950b51\" data-element_type=\"widget\" data-widget_type=\"button.default\">\n\t\t\t\t<div class=\"elementor-widget-container\">\n\t\t\t\t\t<div class=\"elementor-button-wrapper\">\n\t\t\t<a href=\"https:\/\/www.ericfavre.com\/lifestyle\/bruleurs-de-graisse-comment-ca-marche\/\" class=\"elementor-button-link elementor-button elementor-size-sm\" role=\"button\">\n\t\t\t\t\t\t<span class=\"elementor-button-content-wrapper\">\n\t\t\t\t\t\t<span class=\"elementor-button-icon elementor-align-icon-right\">\n\t\t\t\t<i aria-hidden=\"true\" class=\"fas fa-angle-right\"><\/i>\t\t\t<\/span>\n\t\t\t\t\t\t<span class=\"elementor-button-text\">Fonctionnement Br\u00fbleur de Graisse<\/span>\n\t\t<\/span>\n\t\t\t\t\t<\/a>\n\t\t<\/div>\n\t\t\t\t<\/div>\n\t\t\t\t<\/div>\n\t\t\t\t\t<\/div>\n\t\t<\/div>\n\t\t\t\t<div class=\"penci-ercol-33 penci-ercol-order-2 penci-sticky-sb penci-sidebarSC elementor-column elementor-col-33 elementor-inner-column elementor-element elementor-element-b8bcb61\" data-id=\"b8bcb61\" data-element_type=\"column\">\n\t\t\t<div class=\"elementor-widget-wrap elementor-element-populated\">\n\t\t\t\t\t\t\t\t<div class=\"elementor-element elementor-element-212b658 elementor-align-justify elementor-widget elementor-widget-button\" data-id=\"212b658\" data-element_type=\"widget\" data-widget_type=\"button.default\">\n\t\t\t\t<div class=\"elementor-widget-container\">\n\t\t\t\t\t<div class=\"elementor-button-wrapper\">\n\t\t\t<a href=\"https:\/\/www.ericfavre.com\/lifestyle\/differents-types-de-bruleurs-de-graisse\/\" class=\"elementor-button-link elementor-button elementor-size-sm\" role=\"button\">\n\t\t\t\t\t\t<span class=\"elementor-button-content-wrapper\">\n\t\t\t\t\t\t<span class=\"elementor-button-icon elementor-align-icon-right\">\n\t\t\t\t<i aria-hidden=\"true\" class=\"fas fa-angle-right\"><\/i>\t\t\t<\/span>\n\t\t\t\t\t\t<span class=\"elementor-button-text\">Les Diff\u00e9rents Br\u00fbleurs<\/span>\n\t\t<\/span>\n\t\t\t\t\t<\/a>\n\t\t<\/div>\n\t\t\t\t<\/div>\n\t\t\t\t<\/div>\n\t\t\t\t\t<\/div>\n\t\t<\/div>\n\t\t\t\t<div class=\"penci-ercol-33 penci-ercol-order-3 penci-sticky-sb penci-sidebarSC elementor-column elementor-col-33 elementor-inner-column elementor-element elementor-element-d7729e9\" data-id=\"d7729e9\" data-element_type=\"column\">\n\t\t\t<div class=\"elementor-widget-wrap elementor-element-populated\">\n\t\t\t\t\t\t\t\t<div class=\"elementor-element elementor-element-7bfc451 elementor-align-justify elementor-widget elementor-widget-button\" data-id=\"7bfc451\" data-element_type=\"widget\" data-widget_type=\"button.default\">\n\t\t\t\t<div class=\"elementor-widget-container\">\n\t\t\t\t\t<div class=\"elementor-button-wrapper\">\n\t\t\t<a href=\"https:\/\/www.ericfavre.com\/lifestyle\/association-whey-bruleur-de-graisse\/\" class=\"elementor-button-link elementor-button elementor-size-sm\" role=\"button\">\n\t\t\t\t\t\t<span class=\"elementor-button-content-wrapper\">\n\t\t\t\t\t\t<span class=\"elementor-button-icon elementor-align-icon-right\">\n\t\t\t\t<i aria-hidden=\"true\" class=\"fas fa-angle-right\"><\/i>\t\t\t<\/span>\n\t\t\t\t\t\t<span class=\"elementor-button-text\">Association Br\u00fbleur et Whey<\/span>\n\t\t<\/span>\n\t\t\t\t\t<\/a>\n\t\t<\/div>\n\t\t\t\t<\/div>\n\t\t\t\t<\/div>\n\t\t\t\t\t<\/div>\n\t\t<\/div>\n\t\t\t\t\t\t\t<\/div>\n\t\t<\/section>\n\t\t\t\t<section class=\"penci-section penci-disSticky penci-structure-20 elementor-section elementor-inner-section elementor-element elementor-element-2895a13 elementor-section-boxed elementor-section-height-default elementor-section-height-default\" data-id=\"2895a13\" data-element_type=\"section\">\n\t\t\t\t\t\t<div class=\"elementor-container elementor-column-gap-default\">\n\t\t\t\t\t<div class=\"penci-ercol-50 penci-ercol-order-1 penci-sticky-ct  elementor-column elementor-col-50 elementor-inner-column elementor-element elementor-element-627434b\" data-id=\"627434b\" data-element_type=\"column\">\n\t\t\t<div class=\"elementor-widget-wrap elementor-element-populated\">\n\t\t\t\t\t\t\t\t<div class=\"elementor-element elementor-element-3c049ee elementor-align-justify elementor-widget elementor-widget-button\" data-id=\"3c049ee\" data-element_type=\"widget\" data-widget_type=\"button.default\">\n\t\t\t\t<div class=\"elementor-widget-container\">\n\t\t\t\t\t<div class=\"elementor-button-wrapper\">\n\t\t\t<a href=\"https:\/\/www.ericfavre.com\/lifestyle\/comment-choisir-bruleur-de-graisse\/\" class=\"elementor-button-link elementor-button elementor-size-sm\" role=\"button\">\n\t\t\t\t\t\t<span class=\"elementor-button-content-wrapper\">\n\t\t\t\t\t\t<span class=\"elementor-button-icon elementor-align-icon-right\">\n\t\t\t\t<i aria-hidden=\"true\" class=\"fas fa-angle-right\"><\/i>\t\t\t<\/span>\n\t\t\t\t\t\t<span class=\"elementor-button-text\">Objectifs et Br\u00fbleur de Graisse<\/span>\n\t\t<\/span>\n\t\t\t\t\t<\/a>\n\t\t<\/div>\n\t\t\t\t<\/div>\n\t\t\t\t<\/div>\n\t\t\t\t\t<\/div>\n\t\t<\/div>\n\t\t\t\t<div class=\"penci-ercol-50 penci-ercol-order-2 penci-sticky-ct  elementor-column elementor-col-50 elementor-inner-column elementor-element elementor-element-8a5367a\" data-id=\"8a5367a\" data-element_type=\"column\">\n\t\t\t<div class=\"elementor-widget-wrap elementor-element-populated\">\n\t\t\t\t\t\t\t\t<div class=\"elementor-element elementor-element-15ed514 elementor-align-justify elementor-widget elementor-widget-button\" data-id=\"15ed514\" data-element_type=\"widget\" data-widget_type=\"button.default\">\n\t\t\t\t<div class=\"elementor-widget-container\">\n\t\t\t\t\t<div class=\"elementor-button-wrapper\">\n\t\t\t<a href=\"https:\/\/www.ericfavre.com\/lifestyle\/bruleur-de-graisse-cest-quoi\/\" class=\"elementor-button-link elementor-button elementor-size-sm\" role=\"button\">\n\t\t\t\t\t\t<span class=\"elementor-button-content-wrapper\">\n\t\t\t\t\t\t<span class=\"elementor-button-icon elementor-align-icon-right\">\n\t\t\t\t<i aria-hidden=\"true\" class=\"fas fa-angle-right\"><\/i>\t\t\t<\/span>\n\t\t\t\t\t\t<span class=\"elementor-button-text\">Br\u00fbleur de Graisse : C'est quoi ?<\/span>\n\t\t<\/span>\n\t\t\t\t\t<\/a>\n\t\t<\/div>\n\t\t\t\t<\/div>\n\t\t\t\t<\/div>\n\t\t\t\t\t<\/div>\n\t\t<\/div>\n\t\t\t\t\t\t\t<\/div>\n\t\t<\/section>\n\t\t\t\t\t<\/div>\n\t\t<\/div>\n\t\t\t\t\t\t\t<\/div>\n\t\t<\/section>\n\t\t\t\t<section class=\"penci-section penci-disSticky penci-structure-10 elementor-section elementor-top-section elementor-element elementor-element-46ac505 elementor-section-boxed elementor-section-height-default elementor-section-height-default\" data-id=\"46ac505\" data-element_type=\"section\">\n\t\t\t\t\t\t<div class=\"elementor-container elementor-column-gap-default\">\n\t\t\t\t\t<div class=\"penci-ercol-100 penci-ercol-order-1 penci-sticky-ct  elementor-column elementor-col-100 elementor-top-column elementor-element elementor-element-0d3d661\" data-id=\"0d3d661\" data-element_type=\"column\">\n\t\t\t<div class=\"elementor-widget-wrap elementor-element-populated\">\n\t\t\t\t\t\t\t\t<div class=\"elementor-element elementor-element-b36d7bf elementor-widget elementor-widget-EricFavre_Slide\" data-id=\"b36d7bf\" data-element_type=\"widget\" data-widget_type=\"EricFavre_Slide.default\">\n\t\t\t\t<div class=\"elementor-widget-container\">\n\t\t\t \r\n\t\t<div class=\"acmp_slide\" style=\"text-align: center;\" id=\"product_inject\">\r\n\t\t\t\t\t\t<div class=\"product_slide\" style=\"\">\r\n\t\t\t\t\t<img class=\"qcdoff\" data-qcdoff=\"aHR0cHM6Ly93d3cuZXJpY2ZhdnJlLmNvbS9mcl9mci9icnVsZXVycy1kZS1ncmFpc3Nlcy9icnVsZXVyLWRlLWdyYWlzc2UtaXJvbi11bHRyYS1mYXQtYnVybmVyLW5hdHVyZWwtbmF0dXJlbC1wLTE4OS1vLTExODguaHRt\" src=\"https:\/\/cdn.ericfavre.com\/products_images\/prod_189\/d_eric-favre-sport-nutrition-expert-efspiburn-bruleur-de-graisse-iron-ultra-fat-burner-naturel-iron-seul-9359-39.jpg\" alt=\"\" class=\"\">\r\n\t\t\t\t\t<div class=\"acmp_titre\">\r\n\t\t\t\t\t\t<span class=\"qcdoff\" data-qcdoff=\"aHR0cHM6Ly93d3cuZXJpY2ZhdnJlLmNvbS9mcl9mci9icnVsZXVycy1kZS1ncmFpc3Nlcy9icnVsZXVyLWRlLWdyYWlzc2UtaXJvbi11bHRyYS1mYXQtYnVybmVyLW5hdHVyZWwtbmF0dXJlbC1wLTE4OS1vLTExODguaHRt\" title=\"Br\u00fbleur De Graisse Iron Ultra Fat Burner\">\r\n\t\t\t\t\t\t\tBr\u00fbleur De Graisse Iron Ultra Fat Burner\t\t\t\t\t\t<\/span>\r\n\t\t\t\t\t<\/div>\r\n\t\t\t\t\t<!--<div class=\"marque\">Eric Favre Nutrition Expert<\/div>-->\r\n\t\t\t\t\t\t\t\t\t\t<div class=\"description_offre\"> Formule br&ucirc;le-graisse exclusive Biamino&eacute;e&reg; : 22 acides amin&eacute;s pour silhouette sculpt&eacute;e.<\/div>\r\n\t\t\t\t\t\t\t\t\t\t<span class=\"prix\">49.90 \u20ac<\/span>\r\n\t\t\t\t\t        \t\t\t\t\t<div style=\"margin-top: 20px;height: 45px;\">\r\n\t\t\t\t\t\t<span class=\"qcdoff CTA_BTN\" data-qcdoff=\"aHR0cHM6Ly93d3cuZXJpY2ZhdnJlLmNvbS9mcl9mci9icnVsZXVycy1kZS1ncmFpc3Nlcy9icnVsZXVyLWRlLWdyYWlzc2UtaXJvbi11bHRyYS1mYXQtYnVybmVyLW5hdHVyZWwtbmF0dXJlbC1wLTE4OS1vLTExODguaHRt\" title=\"\">Voir le produit<\/span>\r\n\t\t\t\t\t<\/div>\r\n\t\t\t\t<\/div>\r\n\r\n\t\t\t\t\t\t\t<\/div>\r\n\t\t\t\t\t<\/div>\n\t\t\t\t<\/div>\n\t\t\t\t\t<\/div>\n\t\t<\/div>\n\t\t\t\t\t\t\t<\/div>\n\t\t<\/section>\n\t\t\t\t\t\t<\/div>\n\t\t\t\t\t<\/div>\n\t\t","protected":false},"excerpt":{"rendered":"<p>Notre mini guide Br\u00fbleur de Graisse Br\u00fbleur de Graisse Avis Top 5 Aliments Br\u00fbleurs de&hellip;<\/p>\n","protected":false},"author":16,"featured_media":0,"parent":0,"menu_order":0,"comment_status":"closed","ping_status":"closed","template":"elementor_canvas","meta":[],"_links":{"self":[{"href":"https:\/\/www.ericfavre.com\/lifestyle\/wp-json\/wp\/v2\/pages\/58983"}],"collection":[{"href":"https:\/\/www.ericfavre.com\/lifestyle\/wp-json\/wp\/v2\/pages"}],"about":[{"href":"https:\/\/www.ericfavre.com\/lifestyle\/wp-json\/wp\/v2\/types\/page"}],"author":[{"embeddable":true,"href":"https:\/\/www.ericfavre.com\/lifestyle\/wp-json\/wp\/v2\/users\/16"}],"replies":[{"embeddable":true,"href":"https:\/\/www.ericfavre.com\/lifestyle\/wp-json\/wp\/v2\/comments?post=58983"}],"version-history":[{"count":4,"href":"https:\/\/www.ericfavre.com\/lifestyle\/wp-json\/wp\/v2\/pages\/58983\/revisions"}],"predecessor-version":[{"id":90147,"href":"https:\/\/www.ericfavre.com\/lifestyle\/wp-json\/wp\/v2\/pages\/58983\/revisions\/90147"}],"wp:attachment":[{"href":"https:\/\/www.ericfavre.com\/lifestyle\/wp-json\/wp\/v2\/media?parent=58983"}],"curies":[{"name":"wp","href":"https:\/\/api.w.org\/{rel}","templated":true}]}}